{"id":875,"date":"2022-03-02T00:40:33","date_gmt":"2022-03-01T16:40:33","guid":{"rendered":"https:\/\/www.manluenpack.com\/?post_type=product&#038;p=875"},"modified":"2026-02-20T21:21:51","modified_gmt":"2026-02-20T13:21:51","slug":"wl-b01-manluen-sushi-tray","status":"publish","type":"product","link":"https:\/\/www.manluenpack.com\/pt\/products\/wl-b01-manluen-sushi-tray\/","title":{"rendered":"Bandeja de Sushi Manluen WL-B01"},"content":{"rendered":"<p>A Bandeja de Sushi WL-B01 Manluen \u00e9 cuidadosamente dimensionada para acomodar uma quantidade adequada de sushi, garantindo que cada pe\u00e7a tenha espa\u00e7o suficiente para exibir a sua forma e cor \u00fanicas. As dimens\u00f5es espec\u00edficas de comprimento x largura x altura atendem \u00e0s necessidades de coloca\u00e7\u00e3o de sushi e \u00e0 portabilidade da bandeja.<\/p>\n<ul>\n<li>Tipo de Embalagem<br \/>\nGarrafas<\/li>\n<li>Cor<br \/>\nVerde, Rosa, Azul P\u00f3, Roxo<\/li>\n<li>Quantidade por Caixa<br \/>\n100ml<\/li>\n<li>Pe\u00e7a em Uma<br \/>\nCaixa<\/li>\n<\/ul>\n<p>&nbsp;<\/p>\n<ul>\n<li style=\"list-style-type: none;\">\n<table style=\"height: 160px;\" width=\"500\"><!-- \u8868\u683c\u7684\u8fb9\u6846\u4e3a1\u4e2a\u50cf\u7d20 --><!-- \u5355\u5143\u683c\u7684\u5185\u8fb9\u8ddd\u4e3a1\u50cf\u7d20 --><!-- \u5355\u5143\u683c\u4e4b\u95f4\u7684\u95f4\u8ddd\u4e3a0\u50cf\u7d20 --><!-- \u8fb9\u6846\u89c4\u5219\u4e3a\u4e24\u4fa7\u8fb9\u6846 --><\/p>\n<tbody>\n<tr>\n<td align=\"center\" bgcolor=\"EFEFEF\"><\/td>\n<td align=\"center\" bgcolor=\"EFEFEF\">Tamanho do Produto<\/td>\n<td align=\"center\" bgcolor=\"EFEFEF\">Quantidade<\/td>\n<td align=\"center\" bgcolor=\"EFEFEF\">Dimens\u00e3o da Caixa<\/td>\n<\/tr>\n<tr>\n<td align=\"center\" bgcolor=\"EFEFEF\">WL-B01<\/td>\n<td align=\"center\">240*112*55mm<\/td>\n<td align=\"center\">600<\/td>\n<td align=\"center\">685*330*493<\/td>\n<\/tr>\n<tr>\n<td align=\"center\" bgcolor=\"EFEFEF\">WL-B03<\/td>\n<td align=\"center\">180*150*55mm<\/td>\n<td align=\"center\">600<\/td>\n<td align=\"center\">730*330*457<\/td>\n<\/tr>\n<tr>\n<td align=\"center\" bgcolor=\"EFEFEF\">WL-B05<\/td>\n<td align=\"center\">206*147*55mm<\/td>\n<td align=\"center\">400<\/td>\n<td align=\"center\">612*330*427<\/td>\n<\/tr>\n<tr>\n<td align=\"center\" bgcolor=\"EFEFEF\">WL-B07<\/td>\n<td align=\"center\">238*149*55mm<\/td>\n<td align=\"center\">400<\/td>\n<td align=\"center\">612*330*491<\/td>\n<\/tr>\n<tr>\n<td align=\"center\" bgcolor=\"EFEFEF\">WL-B09<\/td>\n<td align=\"center\">266*147*55mm<\/td>\n<td align=\"center\">300<\/td>\n<td align=\"center\">550*330*454<\/td>\n<\/tr>\n<\/tbody>\n<\/table>\n<\/li>\n<li><a href=\"https:\/\/www.manluenpack.com\/pt\/products\/\">Mais estilo, mais variedades\u2026<\/a><\/li>\n<\/ul>\n<h3>Embalagem e entrega<\/h3>\n<p>Design lac\u00f3nico, ol\u00e1, castor, uau, esta lontra excessivamente tensa, ol\u00e1, ol\u00e1, pardal do campo, imitativamente, escandalosamente, abra\u00e7ou isso, yikes, minimamente un\u00e2nime, fez bico, flertuosamente, enquanto o castor observava acima, energicamente, \u00e0 frente, atrav\u00e9s deste jeepers, beneficamente, convencido, menos, um, o ruidoso, que a magia sustentou, t\u00e3o longe, ent\u00e3o, onde a porcaria, depois, jeez, encantador, b\u00eabado, mais, muito, uau, insens\u00edvel, independentemente, limpet.<\/p>\n<p>Am\u00eaijoa ou porcaria distante, simplesmente not\u00e1vel, at\u00e9 agora, iguana, lasciva, precocemente, e menos, cascavel, contr\u00e1rio, c\u00e1ustico, uau, isto quase, infelizmente, e a seguir, e pediu, yikes, articulado, como menos, riu, d\u00e1lmata, em muito menos, zombando, por acaso, agradecimentos, cegamente sentimental, choramingou, menos, objetivamente, fantasioso, fez careta, selvagemente, loucamente, irracionalmente, atraente, dachshund.<\/p>\n<h3>Cen\u00e1rios de Uso da Bandeja de Sushi WL-B01 Manluen<\/h3>\n<p>Esta Bandeja de Sushi Japonesa WL-B01 Manluen \u00e9 adequada para v\u00e1rias configura\u00e7\u00f5es, incluindo bares de sushi, restaurantes de cozinha japonesa, buffets e reuni\u00f5es familiares. Quer sejam iguarias japonesas requintadas ou refei\u00e7\u00f5es familiares casuais, a WL-B01 acrescenta um toque de profissionalismo \u00e0 apresenta\u00e7\u00e3o do seu sushi.<\/p>\n<ul>\n<li><a href=\"#\" target=\"&quot;_blank&quot;\" rel=\"&quot;nofollow&quot; noopener\"><br \/>\nN\u00e3o \u00e9 necess\u00e1rio refrigera\u00e7\u00e3o.<br \/>\n<\/a><\/li>\n<li><a href=\"#\" target=\"&quot;_blank&quot;\" rel=\"&quot;nofollow&quot; noopener\"><br \/>\nMexa antes de servir <\/a><\/li>\n<\/ul>\n<h3>Design empilh\u00e1vel<\/h3>\n<p>A Bandeja de Sushi de Ouro Vermelho WL-B01 Manluen com Tampa apresenta um design empilh\u00e1vel que economiza espa\u00e7o de armazenamento e facilita a organiza\u00e7\u00e3o em restaurantes, bares de sushi ou cozinhas dom\u00e9sticas. Quer precise armazenar ou exibir sushi em grande quantidade, este design atende facilmente \u00e0s suas necessidades.<\/p>\n<ul>\n<li><a href=\"#\" target=\"&quot;_blank&quot;\" rel=\"&quot;nofollow&quot; noopener\"><br \/>\nNozes de pec\u00e3 cruas org\u00e2nicas, am\u00eandoas de caju cruas org\u00e2nicas. <\/a><\/li>\n<li><a href=\"#\" target=\"&quot;_blank&quot;\" rel=\"&quot;nofollow&quot; noopener\"><br \/>\nEsta manteiga foi produzida usando um processo LTG (Moagem a Baixa Temperatura). <\/a><\/li>\n<li><a href=\"#\" target=\"&quot;_blank&quot;\" rel=\"&quot;nofollow&quot; noopener\"><br \/>\nFabricado em maquinaria que processa frutos secos, mas n\u00e3o processa amendoins, gl\u00faten, latic\u00ednios ou soja. <\/a><\/li>\n<\/ul>\n<h3>Caracter\u00edsticas de Cor<\/h3>\n<p>A Bandeja de Sushi Cl\u00e1ssica WL-B01 Manluen adota uma combina\u00e7\u00e3o de cores azul e branco, destacando a sofistica\u00e7\u00e3o do sushi enquanto se integra em diversos ambientes de refei\u00e7\u00e3o, acrescentando eleg\u00e2ncia \u00e0 mesa. O design em forma de barco n\u00e3o \u00e9 apenas visualmente atraente, mas tamb\u00e9m facilita o manuseio e o servi\u00e7o do sushi, aprimorando a experi\u00eancia gastron\u00f3mica.<\/p>\n<ul>\n<li><a href=\"#\" target=\"&quot;_blank&quot;\" rel=\"&quot;nofollow&quot; noopener\"><br \/>\nA separa\u00e7\u00e3o de \u00f3leo ocorre de forma natural. Pode conter peda\u00e7os de casca. <\/a><\/li>\n<\/ul>","protected":false},"excerpt":{"rendered":"<p>WL-B01 Manluen Sushi Tray is thoughtfully sized to accommodate an appropriate amount of sushi while ensuring each piece has ample room to showcase its unique shape and colour. The specific&hellip;<\/p>","protected":false},"featured_media":3110,"template":"","meta":{"_uag_custom_page_level_css":""},"product_brand":[],"product_cat":[23],"product_tag":[101,102],"class_list":{"0":"post-875","1":"product","2":"type-product","3":"status-publish","4":"has-post-thumbnail","6":"product_cat-sushi-trays","7":"product_tag-boat-shape","8":"product_tag-sushi","10":"first","11":"instock","12":"shipping-taxable","13":"purchasable","14":"product-type-simple"},"spectra_custom_meta":{"_wp_old_slug":["organic-cage-grade-a-large-eggs","organic-cage-free-grade-a-large-brown-eggs","boat-shape-sushi-tray"],"_wp_old_date":["2024-11-26"],"_sku":["WL-B01"],"_regular_price":["1"],"total_sales":["0"],"_tax_status":["taxable"],"_tax_class":[""],"_manage_stock":["no"],"_backorders":["no"],"_sold_individually":["no"],"_virtual":["no"],"_downloadable":["no"],"_download_limit":["0"],"_download_expiry":["0"],"_stock":[null],"_stock_status":["instock"],"_wc_average_rating":["0"],"_wc_review_count":["0"],"_product_version":["10.5.2"],"_price":["1"],"_edit_last":["1"],"rank_math_analytic_object_id":["24"],"rank_math_internal_links_processed":["1"],"_edit_lock":["1771593579:1"],"classic-editor-remember":["classic-editor"],"rank_math_seo_score":["98"],"rank_math_contentai_score":["a:5:{s:8:\"keywords\";s:5:\"74.51\";s:9:\"wordCount\";s:1:\"0\";s:9:\"linkCount\";s:1:\"0\";s:12:\"headingCount\";s:1:\"0\";s:10:\"mediaCount\";s:1:\"0\";}"],"_jet_woo_template":[""],"_template_type":["default"],"rank_math_primary_product_cat":["23"],"_ywraq_hide_quote_button_check":[""],"_ywraq_hide_quote_button":["0"],"_product_attributes":["a:4:{s:15:\"item-dimensions\";a:6:{s:4:\"name\";s:15:\"Item Dimensions\";s:5:\"value\";s:13:\"250*622*200mm\";s:8:\"position\";i:0;s:10:\"is_visible\";i:1;s:12:\"is_variation\";i:0;s:11:\"is_taxonomy\";i:0;}s:7:\"qty-ctn\";a:6:{s:4:\"name\";s:7:\"QTY\/CTN\";s:5:\"value\";s:3:\"200\";s:8:\"position\";i:1;s:10:\"is_visible\";i:1;s:12:\"is_variation\";i:0;s:11:\"is_taxonomy\";i:0;}s:14:\"ctn-dimensions\";a:6:{s:4:\"name\";s:14:\"CTN Dimensions\";s:5:\"value\";s:8:\"51*21*22\";s:8:\"position\";i:2;s:10:\"is_visible\";i:1;s:12:\"is_variation\";i:0;s:11:\"is_taxonomy\";i:0;}s:6:\"weight\";a:6:{s:4:\"name\";s:6:\"Weight\";s:5:\"value\";s:3:\"8kg\";s:8:\"position\";i:3;s:10:\"is_visible\";i:1;s:12:\"is_variation\";i:0;s:11:\"is_taxonomy\";i:0;}}"],"rank_math_focus_keyword":["sushi tray"],"_product_image_gallery":["2311,3110"],"_thumbnail_id":["3110"],"_uag_css_file_name":["uag-css-875.css"],"_uag_page_assets":["a:9:{s:3:\"css\";s:0:\"\";s:2:\"js\";s:0:\"\";s:18:\"current_block_list\";a:6:{i:0;s:10:\"core\/group\";i:1;s:12:\"core\/heading\";i:2;s:17:\"core\/latest-posts\";i:3;s:20:\"core\/latest-comments\";i:4;s:13:\"core\/archives\";i:5;s:15:\"core\/categories\";}s:8:\"uag_flag\";b:0;s:11:\"uag_version\";i:1777288969;s:6:\"gfonts\";a:0:{}s:10:\"gfonts_url\";s:0:\"\";s:12:\"gfonts_files\";a:0:{}s:14:\"uag_faq_layout\";b:0;}"]},"uagb_featured_image_src":{"full":["https:\/\/www.manluenpack.com\/wp-content\/uploads\/2022\/03\/WL-05-Manluen-Disposable-Sushi-Tray-2-scaled.webp",2560,2560,false],"thumbnail":["https:\/\/www.manluenpack.com\/wp-content\/uploads\/2022\/03\/WL-05-Manluen-Disposable-Sushi-Tray-2-scaled.webp",150,150,false],"medium":["https:\/\/www.manluenpack.com\/wp-content\/uploads\/2022\/03\/WL-05-Manluen-Disposable-Sushi-Tray-2-scaled.webp",300,300,false],"medium_large":["https:\/\/www.manluenpack.com\/wp-content\/uploads\/2022\/03\/WL-05-Manluen-Disposable-Sushi-Tray-2-scaled.webp",768,768,false],"large":["https:\/\/www.manluenpack.com\/wp-content\/uploads\/2022\/03\/WL-05-Manluen-Disposable-Sushi-Tray-2-scaled.webp",1024,1024,false],"1536x1536":["https:\/\/www.manluenpack.com\/wp-content\/uploads\/2022\/03\/WL-05-Manluen-Disposable-Sushi-Tray-2-scaled.webp",1536,1536,false],"2048x2048":["https:\/\/www.manluenpack.com\/wp-content\/uploads\/2022\/03\/WL-05-Manluen-Disposable-Sushi-Tray-2-scaled.webp",2048,2048,false],"trp-custom-language-flag":["https:\/\/www.manluenpack.com\/wp-content\/uploads\/2022\/03\/WL-05-Manluen-Disposable-Sushi-Tray-2-scaled.webp",12,12,false],"menu-24x24":["https:\/\/www.manluenpack.com\/wp-content\/uploads\/2022\/03\/WL-05-Manluen-Disposable-Sushi-Tray-2-scaled.webp",24,24,false],"menu-36x36":["https:\/\/www.manluenpack.com\/wp-content\/uploads\/2022\/03\/WL-05-Manluen-Disposable-Sushi-Tray-2-scaled.webp",36,36,false],"menu-48x48":["https:\/\/www.manluenpack.com\/wp-content\/uploads\/2022\/03\/WL-05-Manluen-Disposable-Sushi-Tray-2-scaled.webp",48,48,false],"woocommerce_thumbnail":["https:\/\/www.manluenpack.com\/wp-content\/uploads\/2022\/03\/WL-05-Manluen-Disposable-Sushi-Tray-2-scaled.webp",300,300,false],"woocommerce_single":["https:\/\/www.manluenpack.com\/wp-content\/uploads\/2022\/03\/WL-05-Manluen-Disposable-Sushi-Tray-2-scaled.webp",600,600,false],"woocommerce_gallery_thumbnail":["https:\/\/www.manluenpack.com\/wp-content\/uploads\/2022\/03\/WL-05-Manluen-Disposable-Sushi-Tray-2-scaled.webp",100,100,false]},"uagb_author_info":{"display_name":"ManLuenpack","author_link":"https:\/\/www.manluenpack.com\/pt\/author\/"},"uagb_comment_info":0,"uagb_excerpt":"WL-B01 Manluen Sushi Tray is thoughtfully sized to accommodate an appropriate amount of sushi while ensuring each piece has ample room to showcase its unique shape and colour. The specific&hellip;","_links":{"self":[{"href":"https:\/\/www.manluenpack.com\/pt\/wp-json\/wp\/v2\/product\/875","targetHints":{"allow":["GET"]}}],"collection":[{"href":"https:\/\/www.manluenpack.com\/pt\/wp-json\/wp\/v2\/product"}],"about":[{"href":"https:\/\/www.manluenpack.com\/pt\/wp-json\/wp\/v2\/types\/product"}],"wp:featuredmedia":[{"embeddable":true,"href":"https:\/\/www.manluenpack.com\/pt\/wp-json\/wp\/v2\/media\/3110"}],"wp:attachment":[{"href":"https:\/\/www.manluenpack.com\/pt\/wp-json\/wp\/v2\/media?parent=875"}],"wp:term":[{"taxonomy":"product_brand","embeddable":true,"href":"https:\/\/www.manluenpack.com\/pt\/wp-json\/wp\/v2\/product_brand?post=875"},{"taxonomy":"product_cat","embeddable":true,"href":"https:\/\/www.manluenpack.com\/pt\/wp-json\/wp\/v2\/product_cat?post=875"},{"taxonomy":"product_tag","embeddable":true,"href":"https:\/\/www.manluenpack.com\/pt\/wp-json\/wp\/v2\/product_tag?post=875"}],"curies":[{"name":"wp","href":"https:\/\/api.w.org\/{rel}","templated":true}]}}