{"id":4486,"date":"2025-12-22T14:09:37","date_gmt":"2025-12-22T06:09:37","guid":{"rendered":"https:\/\/www.manluenpack.com\/?post_type=product&#038;p=4486"},"modified":"2026-02-25T22:48:38","modified_gmt":"2026-02-25T14:48:38","slug":"manluen-high-quality-aluminum-foil-containers","status":"publish","type":"product","link":"https:\/\/www.manluenpack.com\/pt\/products\/manluen-high-quality-aluminum-foil-containers\/","title":{"rendered":"Recipientes de Alum\u00ednio de Alta Qualidade Manluen"},"content":{"rendered":"<p>Este recipiente de folha de alum\u00ednio apresenta um design pr\u00e1tico \u00e0 prova de vazamentos, tornando-o perfeito para refei\u00e7\u00f5es de por\u00e7\u00e3o \u00fanica e reduzindo a preocupa\u00e7\u00e3o com a lavagem de loi\u00e7a. Leve e port\u00e1til, \u00e9 adequado para alimentos quentes e frios, preservando o sabor original para uma experi\u00eancia de refei\u00e7\u00e3o conveniente e agrad\u00e1vel.<\/p>\n<ul>\n<li>Tipo de Embalagem<br \/>\nCaixa<\/li>\n<li>Cor<br \/>\nPrata<\/li>\n<li>Capacidade<br \/>\n510 ml<\/li>\n<li>Quantidade por Caixa<br \/>\n1000 pe\u00e7as<\/li>\n<li>Material<br \/>\nTampa: PS\/PET  Base: Folha de Alum\u00ednio<\/li>\n<li>Fabricante<br \/>\n\u00c1rea de Desenvolvimento Xilian, Jinsha, Nanhai, Cidade de Foshan, Prov\u00edncia de Guangdong, China. ManluenPack<\/li>\n<\/ul>\n<p>&nbsp;<\/p>\n<table>\n<tbody>\n<tr>\n<td width=\"189\">\n<p style=\"text-align: center;\">N\u00famero do Item<\/p>\n<\/td>\n<td style=\"text-align: center;\" width=\"189\">Tamanho (mm)<\/td>\n<td width=\"189\">\n<p style=\"text-align: center;\">Pe\u00e7as\/Caixa<\/p>\n<\/td>\n<\/tr>\n<tr>\n<td width=\"189\">\n<p style=\"text-align: center;\">WL-C5<\/p>\n<\/td>\n<td style=\"text-align: center;\" width=\"189\">120*100*45<\/td>\n<td width=\"189\">\n<p style=\"text-align: center;\">1000<\/p>\n<\/td>\n<\/tr>\n<tr>\n<td width=\"189\">\n<p style=\"text-align: center;\">WL-C10<\/p>\n<\/td>\n<td style=\"text-align: center;\" width=\"189\">150*115*50<\/td>\n<td style=\"text-align: center;\" width=\"189\">1000<\/td>\n<\/tr>\n<tr>\n<td width=\"189\">\n<p style=\"text-align: center;\">WL-1711<\/p>\n<\/td>\n<td style=\"text-align: center;\" width=\"189\">170*115*35<\/td>\n<td width=\"189\">\n<p style=\"text-align: center;\">1000<\/p>\n<\/td>\n<\/tr>\n<tr>\n<td width=\"189\">\n<p style=\"text-align: center;\">WL-2650<\/p>\n<\/td>\n<td style=\"text-align: center;\" width=\"189\">168*138*45<\/td>\n<td width=\"189\">\n<p style=\"text-align: center;\">1000<\/p>\n<\/td>\n<\/tr>\n<tr>\n<td width=\"189\">\n<p style=\"text-align: center;\">WL-1650<\/p>\n<\/td>\n<td style=\"text-align: center;\" width=\"189\">200*110*45<\/td>\n<td width=\"189\">\n<p style=\"text-align: center;\">1000<\/p>\n<\/td>\n<\/tr>\n<tr>\n<td width=\"189\">\n<p style=\"text-align: center;\">WL-2114<\/p>\n<\/td>\n<td style=\"text-align: center;\" width=\"189\">212*142*45<\/td>\n<td width=\"189\">\n<p style=\"text-align: center;\">1000<\/p>\n<\/td>\n<\/tr>\n<tr>\n<td style=\"text-align: center;\" width=\"189\">WL-2216<\/td>\n<td style=\"text-align: center;\" width=\"189\">225*155*50<\/td>\n<td width=\"189\">\n<p style=\"text-align: center;\">1000<\/p>\n<\/td>\n<\/tr>\n<\/tbody>\n<\/table>\n<p>&nbsp;<\/p>\n<p>&nbsp;<\/p>\n<h2><strong><b>Embalagem e entrega<\/b><\/strong><\/h2>\n<p>Este recipiente de papel de alum\u00ednio \u00e9 feito de papel de alum\u00ednio de grau aliment\u00edcio. A embalagem selada individual padr\u00e3o previne a contamina\u00e7\u00e3o cruzada, e a caixa de cart\u00e3o ondulado refor\u00e7ado apresenta uma rotulagem clara do produto. Podemos personalizar tamanhos de recipientes e solu\u00e7\u00f5es de impress\u00e3o para embalagens para atender \u00e0s necessidades do cliente, e empregar m\u00e9todos log\u00edsticos \u00e0 prova de choque e controlados por temperatura para garantir servi\u00e7os de entrega seguros e eficientes para clientes de catering, panifica\u00e7\u00e3o e retalho.<\/p>\n<p>&nbsp;<\/p>\n<h2><strong><b>Materiais de alta qualidade de grau aliment\u00edcio<\/b><\/strong><\/h2>\n<p>Estes recipientes de papel de alum\u00ednio s\u00e3o feitos de papel de alum\u00ednio de alta qualidade de grau aliment\u00edcio, um material ecol\u00f3gico e recicl\u00e1vel. Todos os materiais de papel de alum\u00ednio passam por rigorosas triagens e testes autorizados para atender aos padr\u00f5es internacionais de seguran\u00e7a alimentar.<\/p>\n<p>&nbsp;<\/p>\n<h2><strong><b>Vantagens do design ergon\u00f3mico<\/b><\/strong><\/h2>\n<p>Al\u00e9m disso, a sua forma ergon\u00f3mica contornada permite uma pega e transporte f\u00e1ceis. As bordas refor\u00e7adas e curvadas evitam arranh\u00f5es nas m\u00e3os e garantem uma manipula\u00e7\u00e3o segura. A base elevada anti-fugas permite uma coloca\u00e7\u00e3o est\u00e1vel mesmo com alimentos l\u00edquidos.<\/p>\n<h2><strong><b>Cen\u00e1rios de uso<\/b><\/strong><\/h2>\n<p>Esta caixa de papel de alum\u00ednio leve \u00e9 empilh\u00e1vel e f\u00e1cil de armazenar, encaixando-se facilmente em mochilas, coolers de piquenique ou bolsas de escrit\u00f3rio. \u00c9 perfeita para campismo ao ar livre, panifica\u00e7\u00e3o dom\u00e9stica, takeout e churrascos caseiros, podendo tamb\u00e9m ser usada como recipiente para sobras ou loi\u00e7a para takeout.<\/p>\n<p>&nbsp;<\/p>\n<h2><strong><b>Resistente a altas temperaturas e recicl\u00e1vel<\/b><\/strong><\/h2>\n<p>Adaptando-se a cen\u00e1rios de congela\u00e7\u00e3o e cozedura. Embora seja projetada para uso \u00fanico, a sua constru\u00e7\u00e3o de papel de alum\u00ednio refor\u00e7ado garante excelente resist\u00eancia \u00e0 deforma\u00e7\u00e3o sob uso normal. Encorajamos os utilizadores conscientes do ambiente a recicl\u00e1-la de forma respons\u00e1vel ap\u00f3s uma limpeza simples de res\u00edduos de alimentos.<\/p>","protected":false},"excerpt":{"rendered":"<p>Este recipiente de folha de alum\u00ednio apresenta um design pr\u00e1tico \u00e0 prova de vazamentos, tornando-o perfeito para refei\u00e7\u00f5es de por\u00e7\u00e3o \u00fanica e reduzindo a preocupa\u00e7\u00e3o com a lavagem de loi\u00e7a. Leve e port\u00e1til, \u00e9 adequado para alimentos quentes e frios, preservando o sabor original para uma experi\u00eancia de refei\u00e7\u00e3o conveniente e agrad\u00e1vel.<\/p>","protected":false},"featured_media":4517,"template":"","meta":{"_uag_custom_page_level_css":""},"product_brand":[],"product_cat":[412],"product_tag":[],"class_list":{"0":"post-4486","1":"product","2":"type-product","3":"status-publish","4":"has-post-thumbnail","6":"product_cat-aluminum-foil-box","8":"first","9":"instock","10":"shipping-taxable","11":"purchasable","12":"product-type-simple"},"spectra_custom_meta":{"classic-editor-remember":["classic-editor"],"_edit_lock":["1772031076:1"],"_edit_last":["1"],"rank_math_internal_links_processed":["1"],"rank_math_seo_score":["82"],"rank_math_contentai_score":["a:5:{s:8:\"keywords\";s:5:\"74.51\";s:9:\"wordCount\";s:1:\"0\";s:9:\"linkCount\";s:1:\"0\";s:12:\"headingCount\";s:1:\"0\";s:10:\"mediaCount\";s:1:\"0\";}"],"rank_math_focus_keyword":["Aluminum Foil Containers"],"rank_math_description":["Manluen High Quality Aluminum Foil Containers"],"rank_math_title":["Manluen High Quality Aluminum Foil Containers"],"rank_math_primary_product_cat":["412"],"_sku":["WL-1650"],"total_sales":["0"],"_tax_status":["taxable"],"_tax_class":[""],"_manage_stock":["no"],"_backorders":["no"],"_sold_individually":["no"],"_virtual":["no"],"_downloadable":["no"],"_download_limit":["-1"],"_download_expiry":["-1"],"_stock":[null],"_stock_status":["instock"],"_wc_average_rating":["0"],"_wc_review_count":["0"],"_product_version":["10.5.2"],"_product_image_gallery":["4499,4500,4501,4502,4503,4504"],"_jet_woo_template":[""],"_template_type":["default"],"_ywraq_hide_quote_button_check":[""],"_ywraq_hide_quote_button":["0"],"_thumbnail_id":["4517"],"rank_math_robots":["a:1:{i:0;s:5:\"index\";}"],"wpiudacb_disable_add_to_cart":["remove_button"],"wpiudacb_inqure_us_link":[""],"_regular_price":["1"],"_price":["1"],"_uag_css_file_name":["uag-css-4486.css"],"_uag_page_assets":["a:9:{s:3:\"css\";s:263:\".uag-blocks-common-selector{z-index:var(--z-index-desktop) !important}@media (max-width: 976px){.uag-blocks-common-selector{z-index:var(--z-index-tablet) !important}}@media (max-width: 767px){.uag-blocks-common-selector{z-index:var(--z-index-mobile) !important}}\n\";s:2:\"js\";s:0:\"\";s:18:\"current_block_list\";a:6:{i:0;s:10:\"core\/group\";i:1;s:12:\"core\/heading\";i:2;s:17:\"core\/latest-posts\";i:3;s:20:\"core\/latest-comments\";i:4;s:13:\"core\/archives\";i:5;s:15:\"core\/categories\";}s:8:\"uag_flag\";b:0;s:11:\"uag_version\";i:1777198930;s:6:\"gfonts\";a:0:{}s:10:\"gfonts_url\";s:0:\"\";s:12:\"gfonts_files\";a:0:{}s:14:\"uag_faq_layout\";b:0;}"]},"uagb_featured_image_src":{"full":["https:\/\/www.manluenpack.com\/wp-content\/uploads\/2025\/12\/WL-1650-manluen-aluminum-foil-and-cooking-1.jpg",1200,1200,false],"thumbnail":["https:\/\/www.manluenpack.com\/wp-content\/uploads\/2025\/12\/WL-1650-manluen-aluminum-foil-and-cooking-1.jpg",150,150,false],"medium":["https:\/\/www.manluenpack.com\/wp-content\/uploads\/2025\/12\/WL-1650-manluen-aluminum-foil-and-cooking-1.jpg",300,300,false],"medium_large":["https:\/\/www.manluenpack.com\/wp-content\/uploads\/2025\/12\/WL-1650-manluen-aluminum-foil-and-cooking-1.jpg",768,768,false],"large":["https:\/\/www.manluenpack.com\/wp-content\/uploads\/2025\/12\/WL-1650-manluen-aluminum-foil-and-cooking-1.jpg",1024,1024,false],"1536x1536":["https:\/\/www.manluenpack.com\/wp-content\/uploads\/2025\/12\/WL-1650-manluen-aluminum-foil-and-cooking-1.jpg",1200,1200,false],"2048x2048":["https:\/\/www.manluenpack.com\/wp-content\/uploads\/2025\/12\/WL-1650-manluen-aluminum-foil-and-cooking-1.jpg",1200,1200,false],"trp-custom-language-flag":["https:\/\/www.manluenpack.com\/wp-content\/uploads\/2025\/12\/WL-1650-manluen-aluminum-foil-and-cooking-1.jpg",12,12,false],"menu-24x24":["https:\/\/www.manluenpack.com\/wp-content\/uploads\/2025\/12\/WL-1650-manluen-aluminum-foil-and-cooking-1.jpg",24,24,false],"menu-36x36":["https:\/\/www.manluenpack.com\/wp-content\/uploads\/2025\/12\/WL-1650-manluen-aluminum-foil-and-cooking-1.jpg",36,36,false],"menu-48x48":["https:\/\/www.manluenpack.com\/wp-content\/uploads\/2025\/12\/WL-1650-manluen-aluminum-foil-and-cooking-1.jpg",48,48,false],"woocommerce_thumbnail":["https:\/\/www.manluenpack.com\/wp-content\/uploads\/2025\/12\/WL-1650-manluen-aluminum-foil-and-cooking-1.jpg",300,300,false],"woocommerce_single":["https:\/\/www.manluenpack.com\/wp-content\/uploads\/2025\/12\/WL-1650-manluen-aluminum-foil-and-cooking-1.jpg",600,600,false],"woocommerce_gallery_thumbnail":["https:\/\/www.manluenpack.com\/wp-content\/uploads\/2025\/12\/WL-1650-manluen-aluminum-foil-and-cooking-1.jpg",100,100,false]},"uagb_author_info":{"display_name":"ManLuenpack","author_link":"https:\/\/www.manluenpack.com\/pt\/author\/"},"uagb_comment_info":0,"uagb_excerpt":"This aluminum foil container features a practical leak-proof design, making it perfect for holding single-serving meals and reducing the hassle of washing dishes. Lightweight and portable, it's suitable for both hot and cold foods, locking in the original flavor for a convenient and enjoyable dining experience.","_links":{"self":[{"href":"https:\/\/www.manluenpack.com\/pt\/wp-json\/wp\/v2\/product\/4486","targetHints":{"allow":["GET"]}}],"collection":[{"href":"https:\/\/www.manluenpack.com\/pt\/wp-json\/wp\/v2\/product"}],"about":[{"href":"https:\/\/www.manluenpack.com\/pt\/wp-json\/wp\/v2\/types\/product"}],"wp:featuredmedia":[{"embeddable":true,"href":"https:\/\/www.manluenpack.com\/pt\/wp-json\/wp\/v2\/media\/4517"}],"wp:attachment":[{"href":"https:\/\/www.manluenpack.com\/pt\/wp-json\/wp\/v2\/media?parent=4486"}],"wp:term":[{"taxonomy":"product_brand","embeddable":true,"href":"https:\/\/www.manluenpack.com\/pt\/wp-json\/wp\/v2\/product_brand?post=4486"},{"taxonomy":"product_cat","embeddable":true,"href":"https:\/\/www.manluenpack.com\/pt\/wp-json\/wp\/v2\/product_cat?post=4486"},{"taxonomy":"product_tag","embeddable":true,"href":"https:\/\/www.manluenpack.com\/pt\/wp-json\/wp\/v2\/product_tag?post=4486"}],"curies":[{"name":"wp","href":"https:\/\/api.w.org\/{rel}","templated":true}]}}