{"id":4478,"date":"2025-12-16T13:42:43","date_gmt":"2025-12-16T05:42:43","guid":{"rendered":"https:\/\/www.manluenpack.com\/?post_type=product&#038;p=4478"},"modified":"2026-02-25T22:56:48","modified_gmt":"2026-02-25T14:56:48","slug":"hot-sale-best-quality-disposable-paper-cups","status":"publish","type":"product","link":"https:\/\/www.manluenpack.com\/pt\/products\/hot-sale-best-quality-disposable-paper-cups\/","title":{"rendered":"Copos de Papel Descart\u00e1veis de Melhor Qualidade em Venda Quente"},"content":{"rendered":"<p>Este copo de papel foi concebido com uma estrutura pr\u00e1tica de isolamento t\u00e9rmico e \u00e0 prova de fugas, tornando-o ideal para bebidas de uma s\u00f3 por\u00e7\u00e3o, como caf\u00e9, ch\u00e1, sumo e leite, eliminando o inc\u00f3modo de lavar copos. Leve e f\u00e1cil de transportar, \u00e9 adequado para bebidas quentes e frias, mantendo eficazmente o sabor e a temperatura originais da bebida, proporcionando uma experi\u00eancia de consumo conveniente e agrad\u00e1vel.<\/p>\n<ul>\n<li>Tipo de Embalagem<br \/>\nCaixa<\/li>\n<li>Cor<br \/>\nBranco<\/li>\n<li>Quantidade por Caixa<br \/>\n1000 pe\u00e7as<\/li>\n<li>Material<br \/>\nTampa: PS\/PET Base: Papel<\/li>\n<li>Fabricante<br \/>\nZona de Desenvolvimento Xilian, Jinsha, Nanhai, Cidade de Foshan, Prov\u00edncia de Guangdong, China.<\/li>\n<\/ul>\n<p>&nbsp;<\/p>\n<table>\n<tbody>\n<tr>\n<td width=\"142\">\n<p style=\"text-align: center;\">N\u00famero do Item<\/p>\n<\/td>\n<td style=\"text-align: center;\" width=\"142\">Tamanho (mm)<\/td>\n<td style=\"text-align: center;\" width=\"142\">Capacidade<\/td>\n<td width=\"142\">\n<p style=\"text-align: center;\">Pe\u00e7as\/Caixa<\/p>\n<\/td>\n<\/tr>\n<tr>\n<td width=\"142\">\n<p style=\"text-align: center;\">WL-8oz<\/p>\n<\/td>\n<td style=\"text-align: center;\" width=\"142\">89*58*82<\/td>\n<td style=\"text-align: center;\" width=\"142\">300 ML<\/td>\n<td width=\"142\">\n<p style=\"text-align: center;\">1000<\/p>\n<\/td>\n<\/tr>\n<tr>\n<td width=\"142\">\n<p style=\"text-align: center;\">WL-10oz<\/p>\n<\/td>\n<td style=\"text-align: center;\" width=\"142\">89*58*92<\/td>\n<td style=\"text-align: center;\" width=\"142\">350 ML<\/td>\n<td width=\"142\">\n<p style=\"text-align: center;\">1000<\/p>\n<\/td>\n<\/tr>\n<tr>\n<td style=\"text-align: center;\" width=\"142\">WL-12oz<\/td>\n<td style=\"text-align: center;\" width=\"142\">89*60*112<\/td>\n<td style=\"text-align: center;\" width=\"142\">400 ML<\/td>\n<td width=\"142\">\n<p style=\"text-align: center;\">1000<\/p>\n<\/td>\n<\/tr>\n<tr>\n<td width=\"142\">\n<p style=\"text-align: center;\">WL-16oz<\/p>\n<\/td>\n<td style=\"text-align: center;\" width=\"142\">89*60*135<\/td>\n<td style=\"text-align: center;\" width=\"142\">500 ML<\/td>\n<td width=\"142\">\n<p style=\"text-align: center;\">1000<\/p>\n<\/td>\n<\/tr>\n<\/tbody>\n<\/table>\n<h4><\/h4>\n<p>&nbsp;<\/p>\n<h2><strong>Embalagem e entrega<\/strong><\/h2>\n<p>Este copo de papel \u00e9 feito de papel de grau alimentar. A embalagem selada individual padr\u00e3o previne a contamina\u00e7\u00e3o cruzada, e a caixa de cart\u00e3o ondulado refor\u00e7ada apresenta uma rotulagem clara do produto, incluindo capacidade, faixa de temperatura aplic\u00e1vel e informa\u00e7\u00f5es de certifica\u00e7\u00e3o de seguran\u00e7a. Slogans promocionais para atender \u00e0s necessidades do cliente e m\u00e9todos log\u00edsticos anti-compress\u00e3o e \u00e0 prova de humidade para garantir servi\u00e7os de entrega seguros e eficientes para clientes de catering, bebidas, retalho e organiza\u00e7\u00e3o de eventos.<\/p>\n<p>&nbsp;<\/p>\n<h2><strong>Materiais de alta qualidade de grau aliment\u00edcio<\/strong><\/h2>\n<p>Estes copos de papel s\u00e3o feitos de polpa de madeira virgem de alta qualidade de grau alimentar e revestimento de PE seguro para alimentos, com materiais degrad\u00e1veis opcionais, como amido de milho, para necessidades ecol\u00f3gicas. Todas as mat\u00e9rias-primas passam por uma rigorosa triagem e testes autorizados, cumprindo os padr\u00f5es nacionais de seguran\u00e7a alimentar, como GB\/T 27590-2022, garantindo que n\u00e3o sejam libertadas subst\u00e2ncias nocivas mesmo em contacto com bebidas quentes, oferecendo uma garantia de seguran\u00e7a fi\u00e1vel para uso em contacto com alimentos.<\/p>\n<h2><strong>Vantagens do design ergon\u00f3mico<\/strong><\/h2>\n<p>Al\u00e9m disso, a sua estrutura ergon\u00f3mica com cintura contornada permite uma pega e transporte f\u00e1ceis. As bocas do copo refor\u00e7adas e curvadas evitam arranh\u00f5es nas m\u00e3os e garantem uma manipula\u00e7\u00e3o segura. A parede do copo refor\u00e7ada e a tecnologia de soldadura ultrass\u00f3nica sem costura aumentam o desempenho \u00e0 prova de fugas, enquanto a base refor\u00e7ada garante uma coloca\u00e7\u00e3o est\u00e1vel mesmo quando preenchida com bebidas de alta capacidade. Modelos com isolamento t\u00e9rmico de dupla camada tamb\u00e9m est\u00e3o dispon\u00edveis para evitar queimaduras por bebidas quentes.<\/p>\n<p>&nbsp;<\/p>\n<h2><strong>Cen\u00e1rios de uso<\/strong><\/h2>\n<p>Este copo de papel leve \u00e9 empilh\u00e1vel e f\u00e1cil de armazenar, encaixando-se facilmente em m\u00e1quinas de venda autom\u00e1tica, arm\u00e1rios de escrit\u00f3rio, cestas de piquenique ou sacos de takeout. \u00c9 perfeito para caf\u00e9s, lojas de pequeno-almo\u00e7o, rece\u00e7\u00f5es de escrit\u00f3rio, campismo ao ar livre, reuni\u00f5es familiares e eventos de exposi\u00e7\u00e3o, podendo tamb\u00e9m ser utilizado como loi\u00e7a descart\u00e1vel para bebidas para levar, sopas quentes, leite e bebidas frias como sumo e ch\u00e1 gelado.<\/p>\n<h2><strong>Resistente \u00e0 temperatura e ecol\u00f3gico<\/strong><\/h2>\n<p>Adapt\u00e1vel a cen\u00e1rios de bebidas quentes e frias, com resist\u00eancia ao calor at\u00e9 95\u2103 para modelos espec\u00edficos para bebidas quentes e boa resist\u00eancia a baixas temperaturas para bebidas frias. Embora concebido para uso \u00fanico, a sua parede refor\u00e7ada garante excelente resist\u00eancia \u00e0 deforma\u00e7\u00e3o sob uso normal. Encorajamos os utilizadores conscientes do ambiente a recicl\u00e1-lo de forma respons\u00e1vel ap\u00f3s uma limpeza simples de res\u00edduos de bebida, e a nossa s\u00e9rie de copos de papel degrad\u00e1veis pode decompor-se naturalmente em ambientes adequados, reduzindo o impacto ambiental.<\/p>","protected":false},"excerpt":{"rendered":"<p>This paper cup is designed with a practical heat-insulating and leak-proof structure, making it ideal for holding single-serving beverages such as coffee, tea, juice, and milk and eliminating the trouble&hellip;<\/p>","protected":false},"featured_media":4519,"template":"","meta":{"_uag_custom_page_level_css":""},"product_brand":[],"product_cat":[124],"product_tag":[],"class_list":{"0":"post-4478","1":"product","2":"type-product","3":"status-publish","4":"has-post-thumbnail","6":"product_cat-cups","8":"first","9":"instock","10":"shipping-taxable","11":"purchasable","12":"product-type-simple"},"spectra_custom_meta":{"rank_math_internal_links_processed":["1","1"],"_sku":["WL-10oz"],"total_sales":["0"],"_tax_status":["taxable"],"_tax_class":[""],"_manage_stock":["no"],"_backorders":["no"],"_sold_individually":["no"],"_virtual":["no"],"_downloadable":["no"],"_product_image_gallery":["4520,4522,4523,4524,4521"],"_download_limit":["-1"],"_download_expiry":["-1"],"_thumbnail_id":["4519"],"_stock":[null],"_stock_status":["instock"],"_wc_average_rating":["0"],"_wc_review_count":["0"],"_product_version":["10.5.2"],"classic-editor-remember":["classic-editor"],"rank_math_seo_score":["77"],"rank_math_contentai_score":["a:5:{s:8:\"keywords\";s:5:\"74.51\";s:9:\"wordCount\";s:1:\"0\";s:9:\"linkCount\";s:1:\"0\";s:12:\"headingCount\";s:1:\"0\";s:10:\"mediaCount\";s:1:\"0\";}"],"_jet_woo_template":[""],"_template_type":["default"],"rank_math_primary_product_cat":["124"],"_ywraq_hide_quote_button_check":[""],"_ywraq_hide_quote_button":["0"],"_edit_lock":["1772031563:1"],"_edit_last":["1"],"rank_math_focus_keyword":["Paper Cups"],"rank_math_description":["Hot Sale Best Quality Disposable Paper Cups"],"rank_math_title":["Hot Sale Best Quality Disposable Paper Cups"],"wpiudacb_disable_add_to_cart":["remove_button"],"wpiudacb_inqure_us_link":[""],"_regular_price":["1"],"_price":["1"],"_uag_css_file_name":["uag-css-4478.css"],"_uag_page_assets":["a:9:{s:3:\"css\";s:0:\"\";s:2:\"js\";s:0:\"\";s:18:\"current_block_list\";a:6:{i:0;s:10:\"core\/group\";i:1;s:12:\"core\/heading\";i:2;s:17:\"core\/latest-posts\";i:3;s:20:\"core\/latest-comments\";i:4;s:13:\"core\/archives\";i:5;s:15:\"core\/categories\";}s:8:\"uag_flag\";b:0;s:11:\"uag_version\";i:1777291281;s:6:\"gfonts\";a:0:{}s:10:\"gfonts_url\";s:0:\"\";s:12:\"gfonts_files\";a:0:{}s:14:\"uag_faq_layout\";b:0;}"]},"uagb_featured_image_src":{"full":["https:\/\/www.manluenpack.com\/wp-content\/uploads\/2025\/12\/WL-10oz-manluen-paper-cup-1.jpg",1200,1200,false],"thumbnail":["https:\/\/www.manluenpack.com\/wp-content\/uploads\/2025\/12\/WL-10oz-manluen-paper-cup-1.jpg",150,150,false],"medium":["https:\/\/www.manluenpack.com\/wp-content\/uploads\/2025\/12\/WL-10oz-manluen-paper-cup-1.jpg",300,300,false],"medium_large":["https:\/\/www.manluenpack.com\/wp-content\/uploads\/2025\/12\/WL-10oz-manluen-paper-cup-1.jpg",768,768,false],"large":["https:\/\/www.manluenpack.com\/wp-content\/uploads\/2025\/12\/WL-10oz-manluen-paper-cup-1.jpg",1024,1024,false],"1536x1536":["https:\/\/www.manluenpack.com\/wp-content\/uploads\/2025\/12\/WL-10oz-manluen-paper-cup-1.jpg",1200,1200,false],"2048x2048":["https:\/\/www.manluenpack.com\/wp-content\/uploads\/2025\/12\/WL-10oz-manluen-paper-cup-1.jpg",1200,1200,false],"trp-custom-language-flag":["https:\/\/www.manluenpack.com\/wp-content\/uploads\/2025\/12\/WL-10oz-manluen-paper-cup-1.jpg",12,12,false],"menu-24x24":["https:\/\/www.manluenpack.com\/wp-content\/uploads\/2025\/12\/WL-10oz-manluen-paper-cup-1.jpg",24,24,false],"menu-36x36":["https:\/\/www.manluenpack.com\/wp-content\/uploads\/2025\/12\/WL-10oz-manluen-paper-cup-1.jpg",36,36,false],"menu-48x48":["https:\/\/www.manluenpack.com\/wp-content\/uploads\/2025\/12\/WL-10oz-manluen-paper-cup-1.jpg",48,48,false],"woocommerce_thumbnail":["https:\/\/www.manluenpack.com\/wp-content\/uploads\/2025\/12\/WL-10oz-manluen-paper-cup-1.jpg",300,300,false],"woocommerce_single":["https:\/\/www.manluenpack.com\/wp-content\/uploads\/2025\/12\/WL-10oz-manluen-paper-cup-1.jpg",600,600,false],"woocommerce_gallery_thumbnail":["https:\/\/www.manluenpack.com\/wp-content\/uploads\/2025\/12\/WL-10oz-manluen-paper-cup-1.jpg",100,100,false]},"uagb_author_info":{"display_name":"ManLuenpack","author_link":"https:\/\/www.manluenpack.com\/pt\/author\/"},"uagb_comment_info":0,"uagb_excerpt":"This paper cup is designed with a practical heat-insulating and leak-proof structure, making it ideal for holding single-serving beverages such as coffee, tea, juice, and milk and eliminating the trouble&hellip;","_links":{"self":[{"href":"https:\/\/www.manluenpack.com\/pt\/wp-json\/wp\/v2\/product\/4478","targetHints":{"allow":["GET"]}}],"collection":[{"href":"https:\/\/www.manluenpack.com\/pt\/wp-json\/wp\/v2\/product"}],"about":[{"href":"https:\/\/www.manluenpack.com\/pt\/wp-json\/wp\/v2\/types\/product"}],"wp:featuredmedia":[{"embeddable":true,"href":"https:\/\/www.manluenpack.com\/pt\/wp-json\/wp\/v2\/media\/4519"}],"wp:attachment":[{"href":"https:\/\/www.manluenpack.com\/pt\/wp-json\/wp\/v2\/media?parent=4478"}],"wp:term":[{"taxonomy":"product_brand","embeddable":true,"href":"https:\/\/www.manluenpack.com\/pt\/wp-json\/wp\/v2\/product_brand?post=4478"},{"taxonomy":"product_cat","embeddable":true,"href":"https:\/\/www.manluenpack.com\/pt\/wp-json\/wp\/v2\/product_cat?post=4478"},{"taxonomy":"product_tag","embeddable":true,"href":"https:\/\/www.manluenpack.com\/pt\/wp-json\/wp\/v2\/product_tag?post=4478"}],"curies":[{"name":"wp","href":"https:\/\/api.w.org\/{rel}","templated":true}]}}