{"id":3886,"date":"2025-08-19T16:14:04","date_gmt":"2025-08-19T08:14:04","guid":{"rendered":"https:\/\/www.manluenpack.com\/?post_type=product&#038;p=3886"},"modified":"2025-08-19T16:22:48","modified_gmt":"2025-08-19T08:22:48","slug":"wl-026-manluen-plastic-cake-containers","status":"publish","type":"product","link":"https:\/\/www.manluenpack.com\/pt\/products\/wl-026-manluen-plastic-cake-containers\/","title":{"rendered":"Recipientes de Bolo de Pl\u00e1stico Manluen WL-026"},"content":{"rendered":"<p>Este recipiente de pl\u00e1stico para bolos de 9 polegadas WL-026 oferece a melhor capacidade e tamanho, sendo especialmente desenhado para bolos de tamanho padr\u00e3o. Sua profundidade moderada acomoda perfeitamente bolos redondos e quadrados de 9 polegadas, mantendo a qualidade da apar\u00eancia e facilitando a partilha.<\/p>\n<ul>\n<li>Tipo de Embalagem<br \/>\nCaixa de cart\u00e3o<\/li>\n<li>Cor<br \/>\nPreto &amp; Transparente<\/li>\n<li>Quantidade por palete<br \/>\n200 conjuntos<\/li>\n<li>Material<br \/>\nTampa: PET Base: PP<\/li>\n<\/ul>\n<h3><strong><b>Embalagem e entrega<\/b><\/strong><\/h3>\n<p>Cada recipiente WL-026 \u00e9 individualmente embrulhado numa bolsa de PP de grau aliment\u00edcio \u00e0 prova de p\u00f3, com uma camada interm\u00e9dia de cart\u00e3o de favo de mel para prote\u00e7\u00e3o contra compress\u00e3o durante o transporte. A caixa de transporte apresenta uma estrutura de cart\u00e3o ondulado de parede dupla refor\u00e7ada e aviso de press\u00e3o\/humidade. Em conformidade com os padr\u00f5es log\u00edsticos globais, todas as entregas incluem certifica\u00e7\u00f5es de seguran\u00e7a alimentar para garantir a qualidade de ponta a ponta.<\/p>\n<h3><strong><b>Cen\u00e1rios de uso<\/b><\/strong><\/h3>\n<p>Como embalagem dedicada para bolos, pode proteger o conte\u00fado de contamina\u00e7\u00f5es, ao mesmo tempo que melhora o apelo visual. Perfeito para anivers\u00e1rios, casamentos, eventos empresariais, reuni\u00f5es familiares e aplica\u00e7\u00f5es comerciais\u2014combinando portabilidade com uma apar\u00eancia elegante.<\/p>\n<h3><strong><b>Vantagens do Design \u00a0<\/b><\/strong><\/h3>\n<p>Op\u00e7\u00f5es de formas multifuncionais: Adaptar-se a diferentes requisitos de estilo<\/p>\n<p>Refor\u00e7ar a base: Estabilizar o peso do bolo durante o transporte<\/p>\n<p>Estrutura resistente a impactos: Previne danos causados pelo movimento<\/p>\n<p>Clareza \u00f3ptica e preserva\u00e7\u00e3o<\/p>\n<p>O material cristalino exibe uma decora\u00e7\u00e3o de bolo atraente, enquanto a tampa selada mant\u00e9m o melhor n\u00edvel de frescura e humidade.<\/p>\n<h3><strong><b>Materiais de grau aliment\u00edcio superiores<\/b><\/strong><\/h3>\n<p>Feito de materiais PP\/PET de alta qualidade, \u00e9 inodoro, n\u00e3o t\u00f3xico e amigo do ambiente. Os componentes de PP oferecem resist\u00eancia confi\u00e1vel ao calor\/frio e estabilidade qu\u00edmica, garantindo seguran\u00e7a alimentar em temperaturas extremas.<\/p>\n<h3><strong><b>Dur\u00e1vel &amp; Recicl\u00e1vel<\/b><\/strong><\/h3>\n<p>Embora seja descart\u00e1vel, a sua estrutura robusta pode suportar o manuseio di\u00e1rio. Totalmente recicl\u00e1vel para apoiar a iniciativa de sustentabilidade ambiental.<\/p>","protected":false},"excerpt":{"rendered":"<p>This 9-inch WL-026 manluen plastic cake Containers\u200b the best capacity and size and is specially designed for standard-sized cakes. Its moderate depth perfectly accommodates both round and square 9-inch cakes&hellip;<\/p>","protected":false},"featured_media":3880,"template":"","meta":{"_uag_custom_page_level_css":""},"product_brand":[],"product_cat":[128],"product_tag":[140],"class_list":{"0":"post-3886","1":"product","2":"type-product","3":"status-publish","4":"has-post-thumbnail","6":"product_cat-cake-containers","7":"product_tag-cake-container","9":"first","10":"instock","11":"shipping-taxable","12":"purchasable","13":"product-type-simple"},"spectra_custom_meta":{"rank_math_internal_links_processed":["1","1","1","1","1","1","1","1","1","1","1","1","1","1","1","1","1","1","1","1","1","1","1","1","1","1","1","1","1","1","1","1","1","1","1","1","1","1","1","1","1","1","1","1","1","1","1","1","1","1","1","1","1","1","1","1","1","1","1","1","1","1","1","1","1","1","1","1","1","1","1","1","1","1","1","1","1","1","1","1","1","1","1","1","1","1","1","1","1"],"_sku":["WL-026"],"_regular_price":["1"],"total_sales":["0"],"_tax_status":["taxable"],"_tax_class":[""],"_manage_stock":["no"],"_backorders":["no"],"_sold_individually":["no"],"_virtual":["no"],"_downloadable":["no"],"_product_image_gallery":["3881,3883,3882,3884"],"_download_limit":["0"],"_download_expiry":["0"],"_thumbnail_id":["3880"],"_stock":[null],"_stock_status":["instock"],"_wc_average_rating":["0"],"_wc_review_count":["0"],"_product_attributes":["a:2:{s:9:\"item-size\";a:6:{s:4:\"name\";s:9:\"Item Size\";s:5:\"value\";s:7:\"?*?*?mm\";s:8:\"position\";i:0;s:10:\"is_visible\";i:1;s:12:\"is_variation\";i:0;s:11:\"is_taxonomy\";i:0;}s:7:\"qty-ctn\";a:6:{s:4:\"name\";s:7:\"QTY\/CTN\";s:5:\"value\";s:1:\"?\";s:8:\"position\";i:1;s:10:\"is_visible\";i:1;s:12:\"is_variation\";i:0;s:11:\"is_taxonomy\";i:0;}}"],"_product_version":["9.4.2"],"_price":["1"],"_wp_old_date":["2024-11-26"],"rank_math_analytic_object_id":["24"],"classic-editor-remember":["classic-editor"],"rank_math_seo_score":["53"],"rank_math_contentai_score":["a:5:{s:8:\"keywords\";s:5:\"74.51\";s:9:\"wordCount\";s:1:\"0\";s:9:\"linkCount\";s:1:\"0\";s:12:\"headingCount\";s:1:\"0\";s:10:\"mediaCount\";s:1:\"0\";}"],"_jet_woo_template":[""],"_template_type":["default"],"rank_math_primary_product_cat":["128"],"_ywraq_hide_quote_button_check":[""],"_ywraq_hide_quote_button":["0"],"_edit_lock":["1759823241:1"],"_edit_last":["1"],"rank_math_focus_keyword":["Plastic Cake Containers\u200b"],"rank_math_title":["WL-026 Manluen Plastic Cake Containers\u200b"],"rank_math_description":["WL-026 Manluen Plastic Cake Containers\u200b"],"_uag_css_file_name":["uag-css-3886.css"],"_uag_page_assets":["a:9:{s:3:\"css\";s:0:\"\";s:2:\"js\";s:0:\"\";s:18:\"current_block_list\";a:6:{i:0;s:10:\"core\/group\";i:1;s:12:\"core\/heading\";i:2;s:17:\"core\/latest-posts\";i:3;s:20:\"core\/latest-comments\";i:4;s:13:\"core\/archives\";i:5;s:15:\"core\/categories\";}s:8:\"uag_flag\";b:0;s:11:\"uag_version\";i:1777303133;s:6:\"gfonts\";a:0:{}s:10:\"gfonts_url\";s:0:\"\";s:12:\"gfonts_files\";a:0:{}s:14:\"uag_faq_layout\";b:0;}"]},"uagb_featured_image_src":{"full":["https:\/\/www.manluenpack.com\/wp-content\/uploads\/2025\/08\/WL-026-manluen-plastic-cake-containers\u200b.jpeg",1200,1200,false],"thumbnail":["https:\/\/www.manluenpack.com\/wp-content\/uploads\/2025\/08\/WL-026-manluen-plastic-cake-containers\u200b.jpeg",150,150,false],"medium":["https:\/\/www.manluenpack.com\/wp-content\/uploads\/2025\/08\/WL-026-manluen-plastic-cake-containers\u200b.jpeg",300,300,false],"medium_large":["https:\/\/www.manluenpack.com\/wp-content\/uploads\/2025\/08\/WL-026-manluen-plastic-cake-containers\u200b.jpeg",768,768,false],"large":["https:\/\/www.manluenpack.com\/wp-content\/uploads\/2025\/08\/WL-026-manluen-plastic-cake-containers\u200b.jpeg",1024,1024,false],"1536x1536":["https:\/\/www.manluenpack.com\/wp-content\/uploads\/2025\/08\/WL-026-manluen-plastic-cake-containers\u200b.jpeg",1200,1200,false],"2048x2048":["https:\/\/www.manluenpack.com\/wp-content\/uploads\/2025\/08\/WL-026-manluen-plastic-cake-containers\u200b.jpeg",1200,1200,false],"trp-custom-language-flag":["https:\/\/www.manluenpack.com\/wp-content\/uploads\/2025\/08\/WL-026-manluen-plastic-cake-containers\u200b.jpeg",12,12,false],"menu-24x24":["https:\/\/www.manluenpack.com\/wp-content\/uploads\/2025\/08\/WL-026-manluen-plastic-cake-containers\u200b.jpeg",24,24,false],"menu-36x36":["https:\/\/www.manluenpack.com\/wp-content\/uploads\/2025\/08\/WL-026-manluen-plastic-cake-containers\u200b.jpeg",36,36,false],"menu-48x48":["https:\/\/www.manluenpack.com\/wp-content\/uploads\/2025\/08\/WL-026-manluen-plastic-cake-containers\u200b.jpeg",48,48,false],"woocommerce_thumbnail":["https:\/\/www.manluenpack.com\/wp-content\/uploads\/2025\/08\/WL-026-manluen-plastic-cake-containers\u200b.jpeg",300,300,false],"woocommerce_single":["https:\/\/www.manluenpack.com\/wp-content\/uploads\/2025\/08\/WL-026-manluen-plastic-cake-containers\u200b.jpeg",600,600,false],"woocommerce_gallery_thumbnail":["https:\/\/www.manluenpack.com\/wp-content\/uploads\/2025\/08\/WL-026-manluen-plastic-cake-containers\u200b.jpeg",100,100,false]},"uagb_author_info":{"display_name":"ManLuenpack","author_link":"https:\/\/www.manluenpack.com\/pt\/author\/"},"uagb_comment_info":0,"uagb_excerpt":"This 9-inch WL-026 manluen plastic cake Containers\u200b the best capacity and size and is specially designed for standard-sized cakes. Its moderate depth perfectly accommodates both round and square 9-inch cakes&hellip;","_links":{"self":[{"href":"https:\/\/www.manluenpack.com\/pt\/wp-json\/wp\/v2\/product\/3886","targetHints":{"allow":["GET"]}}],"collection":[{"href":"https:\/\/www.manluenpack.com\/pt\/wp-json\/wp\/v2\/product"}],"about":[{"href":"https:\/\/www.manluenpack.com\/pt\/wp-json\/wp\/v2\/types\/product"}],"wp:featuredmedia":[{"embeddable":true,"href":"https:\/\/www.manluenpack.com\/pt\/wp-json\/wp\/v2\/media\/3880"}],"wp:attachment":[{"href":"https:\/\/www.manluenpack.com\/pt\/wp-json\/wp\/v2\/media?parent=3886"}],"wp:term":[{"taxonomy":"product_brand","embeddable":true,"href":"https:\/\/www.manluenpack.com\/pt\/wp-json\/wp\/v2\/product_brand?post=3886"},{"taxonomy":"product_cat","embeddable":true,"href":"https:\/\/www.manluenpack.com\/pt\/wp-json\/wp\/v2\/product_cat?post=3886"},{"taxonomy":"product_tag","embeddable":true,"href":"https:\/\/www.manluenpack.com\/pt\/wp-json\/wp\/v2\/product_tag?post=3886"}],"curies":[{"name":"wp","href":"https:\/\/api.w.org\/{rel}","templated":true}]}}