{"id":3266,"date":"2025-07-02T13:54:31","date_gmt":"2025-07-02T05:54:31","guid":{"rendered":"https:\/\/www.manluenpack.com\/?post_type=product&#038;p=3266"},"modified":"2025-07-10T16:02:58","modified_gmt":"2025-07-10T08:02:58","slug":"wl-b07-manluen-sushi-box","status":"publish","type":"product","link":"https:\/\/www.manluenpack.com\/pt\/products\/wl-b07-manluen-sushi-box\/","title":{"rendered":"Caixa de Sushi WL-B07 Manluen"},"content":{"rendered":"<p>A Bandeja de Sushi WL-B07 Manluen, com o seu design \u00fanico de tamanho 238*149*55 mm, combina habilmente est\u00e9tica tradicional e moderna. O seu contorno suave, em forma de barco, \u00e9 elegante e espa\u00e7oso, com uma capacidade moderada, perfeita para dispor sushi, sashimi e snacks de forma layered e refinada. Fabricada com materiais naturais, oferece uma textura quente e durabilidade leve, sendo uma escolha ideal para a apresenta\u00e7\u00e3o de cozinha japonesa, acrescentando beleza natural e art\u00edstica a qualquer mesa de jantar.<\/p>\n<ul>\n<li>Tipo de Embalagem<br \/>\nCaixa de cart\u00e3o<\/li>\n<li>Cor<br \/>\nPreto<\/li>\n<li>Quantidade por Caixa<br \/>\n400 conjuntos<\/li>\n<li>Material<br \/>\nTampa: OPS, Base: PS<\/li>\n<li>Especifica\u00e7\u00f5es de Embalagem<br \/>\n0,099 metros c\u00fabicos<\/li>\n<\/ul>\n<p>&nbsp;<\/p>\n<ul>\n<li style=\"list-style-type: none;\">\n<table style=\"height: 160px;\" width=\"500\"><!-- \u8868\u683c\u7684\u8fb9\u6846\u4e3a1\u4e2a\u50cf\u7d20 --><!-- \u5355\u5143\u683c\u7684\u5185\u8fb9\u8ddd\u4e3a1\u50cf\u7d20 --><!-- \u5355\u5143\u683c\u4e4b\u95f4\u7684\u95f4\u8ddd\u4e3a0\u50cf\u7d20 --><!-- \u8fb9\u6846\u89c4\u5219\u4e3a\u4e24\u4fa7\u8fb9\u6846 --><\/p>\n<tbody>\n<tr>\n<td align=\"center\" bgcolor=\"EFEFEF\"><\/td>\n<td align=\"center\" bgcolor=\"EFEFEF\">Tamanho do Produto<\/td>\n<td align=\"center\" bgcolor=\"EFEFEF\">Quantidade<\/td>\n<td align=\"center\" bgcolor=\"EFEFEF\">Dimens\u00e3o da Caixa<\/td>\n<\/tr>\n<tr>\n<td align=\"center\" bgcolor=\"EFEFEF\">WL-B01<\/td>\n<td align=\"center\">240*112*55mm<\/td>\n<td align=\"center\">600<\/td>\n<td align=\"center\">685*330*493<\/td>\n<\/tr>\n<tr>\n<td align=\"center\" bgcolor=\"EFEFEF\">WL-B03<\/td>\n<td align=\"center\">180*150*55mm<\/td>\n<td align=\"center\">600<\/td>\n<td align=\"center\">730*330*457<\/td>\n<\/tr>\n<tr>\n<td align=\"center\" bgcolor=\"EFEFEF\">WL-B05<\/td>\n<td align=\"center\">206*147*55mm<\/td>\n<td align=\"center\">400<\/td>\n<td align=\"center\">612*330*427<\/td>\n<\/tr>\n<tr>\n<td align=\"center\" bgcolor=\"EFEFEF\">WL-B07<\/td>\n<td align=\"center\">238*149*55mm<\/td>\n<td align=\"center\">400<\/td>\n<td align=\"center\">612*330*491<\/td>\n<\/tr>\n<tr>\n<td align=\"center\" bgcolor=\"EFEFEF\">WL-B09<\/td>\n<td align=\"center\">266*147*55mm<\/td>\n<td align=\"center\">300<\/td>\n<td align=\"center\">550*330*454<\/td>\n<\/tr>\n<\/tbody>\n<\/table>\n<\/li>\n<li><a href=\"https:\/\/www.manluenpack.com\/pt\/products\/\">Mais estilo, mais estilos\u2026<\/a><\/li>\n<\/ul>\n<h3><strong><b>Embalagem e entrega<\/b><\/strong><\/h3>\n<p>A Bandeja de Sushi Cl\u00e1ssica WL-B07 Manluen em forma de barco \u00e9 embalada num design simples, resistente e ecol\u00f3gico, garantindo que o produto chegue intacto e sem danos durante o transporte. A caixa exterior \u00e9 minimalista e elegante, refletindo a sua qualidade premium. O nosso servi\u00e7o de entrega \u00e9 eficiente e confi\u00e1vel, prometendo entregar esta pe\u00e7a cl\u00e1ssica o mais r\u00e1pido poss\u00edvel, tornando cada desembrulho um momento de antecipa\u00e7\u00e3o e confian\u00e7a.<\/p>\n<h3><strong><b>Cen\u00e1rios de uso<\/b><\/strong><strong><b>\u00a0\u00a0<\/b><\/strong><\/h3>\n<p>Quer seja para uma apresenta\u00e7\u00e3o requintada em restaurantes japoneses de alta qualidade ou momentos calorosos durante encontros familiares, a Bandeja de Sushi Vermelha Ouro WL-B07 Manluen encaixa-se perfeitamente em qualquer ambiente. O seu design elegante e tamanho pr\u00e1tico real\u00e7am a beleza layered do sushi, sashimi ou snacks, tornando-a adequada para refei\u00e7\u00f5es di\u00e1rias, festas festivas ou celebra\u00e7\u00f5es comerciais. Com cada uso, acrescenta um toque art\u00edstico natural e refinado \u00e0 mesa de jantar.<\/p>\n<h3><strong><b>Design empilh\u00e1vel <\/b><\/strong><\/h3>\n<p>A Bandeja de Sushi por Atacado WL-B07 Manluen \u00e9 feita com materiais de alta qualidade e apresenta um design empilh\u00e1vel inteligente que n\u00e3o s\u00f3 economiza espa\u00e7o e facilita o armazenamento, mas tamb\u00e9m garante estabilidade e seguran\u00e7a ao empilhar. Esta vantagem de design mant\u00e9m-na organizada e arrumada em cozinhas organizadas ou \u00e1reas de exibi\u00e7\u00e3o compactas, al\u00e9m de melhorar a efici\u00eancia e a est\u00e9tica do espa\u00e7o.<\/p>\n<h3><strong><b>\u00c0 prova de vazamentos e Dur\u00e1vel <\/b><\/strong><\/h3>\n<p>A Caixa de Sushi Retangular WL-B07 Manluen \u00e9 projetada com uma tampa e base ajustadas de forma apertada para garantir desempenho \u00e0 prova de vazamentos, tornando-a adequada para servir alimentos com molho. O seu material resistente protege o conte\u00fado contra danos durante o transporte, garantindo que a comida permane\u00e7a intacta e segura.<\/p>","protected":false},"excerpt":{"rendered":"<p>The WL-B07 Manluen Sushi Box, with its unique 238*149*55 mm size design, skillfully blends traditional and modern aesthetics. Its smooth, boat-shaped contour is elegant and spacious, with a moderate capacity&hellip;<\/p>","protected":false},"featured_media":2593,"template":"","meta":{"_uag_custom_page_level_css":""},"product_brand":[],"product_cat":[23],"product_tag":[212],"class_list":{"0":"post-3266","1":"product","2":"type-product","3":"status-publish","4":"has-post-thumbnail","6":"product_cat-sushi-trays","7":"product_tag-sushi-tray","9":"first","10":"instock","11":"shipping-taxable","12":"purchasable","13":"product-type-simple"},"spectra_custom_meta":{"rank_math_internal_links_processed":["1","1","1","1","1","1","1","1","1","1","1","1","1","1","1","1","1","1","1","1","1","1","1","1","1","1","1","1","1","1","1","1","1","1","1","1","1","1","1","1","1","1","1","1","1","1","1","1","1","1","1","1","1","1","1","1","1","1","1","1","1","1","1","1","1","1","1","1","1","1","1","1","1","1","1","1","1","1","1","1","1","1","1","1","1","1","1","1","1","1","1","1","1","1","1","1","1","1"],"_sku":["WL-B07-MAPLE"],"_regular_price":["1"],"total_sales":["0"],"_tax_status":["taxable"],"_tax_class":[""],"_manage_stock":["no"],"_backorders":["no"],"_sold_individually":["no"],"_virtual":["no"],"_downloadable":["no"],"_product_image_gallery":["2595"],"_download_limit":["0"],"_download_expiry":["0"],"_thumbnail_id":["2593"],"_stock":[null],"_stock_status":["instock"],"_wc_average_rating":["0"],"_wc_review_count":["0"],"_product_attributes":["a:2:{s:9:\"item-size\";a:6:{s:4:\"name\";s:9:\"Item Size\";s:5:\"value\";s:7:\"?*?*?mm\";s:8:\"position\";i:0;s:10:\"is_visible\";i:1;s:12:\"is_variation\";i:0;s:11:\"is_taxonomy\";i:0;}s:7:\"qty-ctn\";a:6:{s:4:\"name\";s:7:\"QTY\/CTN\";s:5:\"value\";s:1:\"?\";s:8:\"position\";i:1;s:10:\"is_visible\";i:1;s:12:\"is_variation\";i:0;s:11:\"is_taxonomy\";i:0;}}"],"_product_version":["9.4.2"],"_price":["1"],"_wp_old_date":["2024-11-26"],"rank_math_analytic_object_id":["24"],"classic-editor-remember":["classic-editor"],"rank_math_seo_score":["73"],"rank_math_contentai_score":["a:5:{s:8:\"keywords\";s:5:\"74.51\";s:9:\"wordCount\";s:1:\"0\";s:9:\"linkCount\";s:1:\"0\";s:12:\"headingCount\";s:1:\"0\";s:10:\"mediaCount\";s:1:\"0\";}"],"_jet_woo_template":[""],"_template_type":["default"],"rank_math_primary_product_cat":["23"],"_ywraq_hide_quote_button_check":[""],"_ywraq_hide_quote_button":["0"],"rank_math_focus_keyword":["Sushi Box"],"_edit_lock":["1772031865:1"],"_edit_last":["1"],"_wp_old_slug":["wl-b07-manluen-sushi-tray-2"],"_uag_css_file_name":["uag-css-3266.css"],"_uag_page_assets":["a:9:{s:3:\"css\";s:263:\".uag-blocks-common-selector{z-index:var(--z-index-desktop) !important}@media (max-width: 976px){.uag-blocks-common-selector{z-index:var(--z-index-tablet) !important}}@media (max-width: 767px){.uag-blocks-common-selector{z-index:var(--z-index-mobile) !important}}\n\";s:2:\"js\";s:0:\"\";s:18:\"current_block_list\";a:6:{i:0;s:10:\"core\/group\";i:1;s:12:\"core\/heading\";i:2;s:17:\"core\/latest-posts\";i:3;s:20:\"core\/latest-comments\";i:4;s:13:\"core\/archives\";i:5;s:15:\"core\/categories\";}s:8:\"uag_flag\";b:0;s:11:\"uag_version\";i:1777197956;s:6:\"gfonts\";a:0:{}s:10:\"gfonts_url\";s:0:\"\";s:12:\"gfonts_files\";a:0:{}s:14:\"uag_faq_layout\";b:0;}"]},"uagb_featured_image_src":{"full":["https:\/\/www.manluenpack.com\/wp-content\/uploads\/2025\/05\/WL-B07-manluen-rectangular-sushi-tray-with-lid.webp",1000,1000,false],"thumbnail":["https:\/\/www.manluenpack.com\/wp-content\/uploads\/2025\/05\/WL-B07-manluen-rectangular-sushi-tray-with-lid.webp",150,150,false],"medium":["https:\/\/www.manluenpack.com\/wp-content\/uploads\/2025\/05\/WL-B07-manluen-rectangular-sushi-tray-with-lid.webp",300,300,false],"medium_large":["https:\/\/www.manluenpack.com\/wp-content\/uploads\/2025\/05\/WL-B07-manluen-rectangular-sushi-tray-with-lid.webp",768,768,false],"large":["https:\/\/www.manluenpack.com\/wp-content\/uploads\/2025\/05\/WL-B07-manluen-rectangular-sushi-tray-with-lid.webp",1000,1000,false],"1536x1536":["https:\/\/www.manluenpack.com\/wp-content\/uploads\/2025\/05\/WL-B07-manluen-rectangular-sushi-tray-with-lid.webp",1000,1000,false],"2048x2048":["https:\/\/www.manluenpack.com\/wp-content\/uploads\/2025\/05\/WL-B07-manluen-rectangular-sushi-tray-with-lid.webp",1000,1000,false],"trp-custom-language-flag":["https:\/\/www.manluenpack.com\/wp-content\/uploads\/2025\/05\/WL-B07-manluen-rectangular-sushi-tray-with-lid.webp",12,12,false],"menu-24x24":["https:\/\/www.manluenpack.com\/wp-content\/uploads\/2025\/05\/WL-B07-manluen-rectangular-sushi-tray-with-lid.webp",24,24,false],"menu-36x36":["https:\/\/www.manluenpack.com\/wp-content\/uploads\/2025\/05\/WL-B07-manluen-rectangular-sushi-tray-with-lid.webp",36,36,false],"menu-48x48":["https:\/\/www.manluenpack.com\/wp-content\/uploads\/2025\/05\/WL-B07-manluen-rectangular-sushi-tray-with-lid.webp",48,48,false],"woocommerce_thumbnail":["https:\/\/www.manluenpack.com\/wp-content\/uploads\/2025\/05\/WL-B07-manluen-rectangular-sushi-tray-with-lid.webp",300,300,false],"woocommerce_single":["https:\/\/www.manluenpack.com\/wp-content\/uploads\/2025\/05\/WL-B07-manluen-rectangular-sushi-tray-with-lid.webp",600,600,false],"woocommerce_gallery_thumbnail":["https:\/\/www.manluenpack.com\/wp-content\/uploads\/2025\/05\/WL-B07-manluen-rectangular-sushi-tray-with-lid.webp",100,100,false]},"uagb_author_info":{"display_name":"ManLuenpack","author_link":"https:\/\/www.manluenpack.com\/pt\/author\/"},"uagb_comment_info":0,"uagb_excerpt":"The WL-B07 Manluen Sushi Box, with its unique 238*149*55 mm size design, skillfully blends traditional and modern aesthetics. Its smooth, boat-shaped contour is elegant and spacious, with a moderate capacity&hellip;","_links":{"self":[{"href":"https:\/\/www.manluenpack.com\/pt\/wp-json\/wp\/v2\/product\/3266","targetHints":{"allow":["GET"]}}],"collection":[{"href":"https:\/\/www.manluenpack.com\/pt\/wp-json\/wp\/v2\/product"}],"about":[{"href":"https:\/\/www.manluenpack.com\/pt\/wp-json\/wp\/v2\/types\/product"}],"wp:featuredmedia":[{"embeddable":true,"href":"https:\/\/www.manluenpack.com\/pt\/wp-json\/wp\/v2\/media\/2593"}],"wp:attachment":[{"href":"https:\/\/www.manluenpack.com\/pt\/wp-json\/wp\/v2\/media?parent=3266"}],"wp:term":[{"taxonomy":"product_brand","embeddable":true,"href":"https:\/\/www.manluenpack.com\/pt\/wp-json\/wp\/v2\/product_brand?post=3266"},{"taxonomy":"product_cat","embeddable":true,"href":"https:\/\/www.manluenpack.com\/pt\/wp-json\/wp\/v2\/product_cat?post=3266"},{"taxonomy":"product_tag","embeddable":true,"href":"https:\/\/www.manluenpack.com\/pt\/wp-json\/wp\/v2\/product_tag?post=3266"}],"curies":[{"name":"wp","href":"https:\/\/api.w.org\/{rel}","templated":true}]}}