{"id":3264,"date":"2025-07-02T13:50:54","date_gmt":"2025-07-02T05:50:54","guid":{"rendered":"https:\/\/www.manluenpack.com\/?post_type=product&#038;p=3264"},"modified":"2026-02-28T22:50:30","modified_gmt":"2026-02-28T14:50:30","slug":"wl-11-manluen-gold-sushi-box","status":"publish","type":"product","link":"https:\/\/www.manluenpack.com\/pt\/products\/wl-11-manluen-gold-sushi-box\/","title":{"rendered":"Caixa de Sushi de Ouro WL-11 Manluen"},"content":{"rendered":"<p>A caixa de Sushi de Ouro WL-11 Manluen apresenta um design \u00fanico de 260*188*45 mm, oferecendo espa\u00e7o amplo para arranjo e uma experi\u00eancia visual elegante. Feita com materiais de alta qualidade e ecol\u00f3gicos, \u00e9 leve, dur\u00e1vel e segura, atendendo perfeitamente \u00e0s necessidades refinadas da culin\u00e1ria japonesa. Seja para real\u00e7ar a beleza dos pratos ou para atender a necessidades pr\u00e1ticas, o WL-11 combina design cl\u00e1ssico e desempenho excecional, infundindo arte e qualidade em cada cria\u00e7\u00e3o de sushi.<\/p>\n<ul>\n<li>Embalagem<br \/>\nEmbalagem em cart\u00e3o<\/li>\n<li>Cor<br \/>\nPreto<\/li>\n<li>Quantidade por palete<br \/>\n200 conjuntos<\/li>\n<li>Material<br \/>\nTampa: OPS\/PET; Base: PS\/PP<\/li>\n<li>Especifica\u00e7\u00f5es de Embalagem<br \/>\n0,08 metros c\u00fabicos<\/li>\n<\/ul>\n<p>&nbsp;<\/p>\n<ul>\n<li style=\"list-style-type: none;\">\n<table style=\"height: 160px;\" width=\"500\"><!-- \u8868\u683c\u7684\u8fb9\u6846\u4e3a1\u4e2a\u50cf\u7d20 --><!-- \u5355\u5143\u683c\u7684\u5185\u8fb9\u8ddd\u4e3a1\u50cf\u7d20 --><!-- \u5355\u5143\u683c\u4e4b\u95f4\u7684\u95f4\u8ddd\u4e3a0\u50cf\u7d20 --><!-- \u8fb9\u6846\u89c4\u5219\u4e3a\u4e24\u4fa7\u8fb9\u6846 --><\/p>\n<tbody>\n<tr>\n<td align=\"center\" bgcolor=\"EFEFEF\"><\/td>\n<td align=\"center\" bgcolor=\"EFEFEF\">Tamanho do Produto<\/td>\n<td align=\"center\" bgcolor=\"EFEFEF\">Quantidade<\/td>\n<td align=\"center\" bgcolor=\"EFEFEF\">Dimens\u00e3o da Caixa<\/td>\n<\/tr>\n<tr>\n<td align=\"center\" bgcolor=\"EFEFEF\"><a href=\"https:\/\/www.manluenpack.com\/pt\/Products\/wl-0-1-manluen-sushi-tray\/\">WL-0.1<\/a><\/td>\n<td align=\"center\">111*101*45mm<\/td>\n<td align=\"center\">800<\/td>\n<td align=\"center\">462*330*442<\/td>\n<\/tr>\n<tr>\n<td align=\"center\" bgcolor=\"EFEFEF\">WL-00<\/td>\n<td align=\"center\">142*82*45mm<\/td>\n<td align=\"center\">600<\/td>\n<td align=\"center\">353*315*448<\/td>\n<\/tr>\n<tr>\n<td align=\"center\" bgcolor=\"EFEFEF\">WL-0,6<\/td>\n<td align=\"center\">167*92*45mm<\/td>\n<td align=\"center\">600<\/td>\n<td align=\"center\">525*325*400<\/td>\n<\/tr>\n<tr>\n<td align=\"center\" bgcolor=\"EFEFEF\">WL-01<\/td>\n<td align=\"center\">226*96*45mm<\/td>\n<td align=\"center\">400<\/td>\n<td align=\"center\">470*320*385<\/td>\n<\/tr>\n<tr>\n<td align=\"center\" bgcolor=\"EFEFEF\">WL-03<\/td>\n<td align=\"center\">168*118*45mm<\/td>\n<td align=\"center\">400<\/td>\n<td align=\"center\">505*305*365<\/td>\n<\/tr>\n<tr>\n<td align=\"center\" bgcolor=\"EFEFEF\">WL-05<\/td>\n<td align=\"center\">188*132*45mm<\/td>\n<td align=\"center\">400<\/td>\n<td align=\"center\">555*300*395<\/td>\n<\/tr>\n<tr>\n<td align=\"center\" bgcolor=\"EFEFEF\">WL-07<\/td>\n<td align=\"center\">219*139*45mm<\/td>\n<td align=\"center\">400<\/td>\n<td align=\"center\">580*310*455<\/td>\n<\/tr>\n<tr>\n<td align=\"center\" bgcolor=\"EFEFEF\">WL-09<\/td>\n<td align=\"center\">241*148*45mm<\/td>\n<td align=\"center\">300<\/td>\n<td align=\"center\">500*325*460<\/td>\n<\/tr>\n<tr>\n<td align=\"center\" bgcolor=\"EFEFEF\">WL-11<\/td>\n<td align=\"center\">260*188*45mm<\/td>\n<td align=\"center\">200<\/td>\n<td align=\"center\">540*360*395<\/td>\n<\/tr>\n<\/tbody>\n<\/table>\n<\/li>\n<\/ul>\n<h3><strong><b>Embalagem e entrega<\/b><\/strong><\/h3>\n<p>A embalagem da Caixa de Sushi Cl\u00e1ssica de Pl\u00e1stico WL-11 Manluen personifica a simplicidade e a eleg\u00e2ncia, utilizando materiais ecol\u00f3gicos e um design robusto para garantir a seguran\u00e7a durante o transporte. Cada produto \u00e9 meticulosamente protegido e entregue de forma organizada, refletindo profissionalismo e cuidado. Seja para compras a granel ou entregas de um \u00fanico item, a Caixa de Sushi Dourada WL-11 Manluen oferece uma solu\u00e7\u00e3o de embalagem refinada, proporcionando uma experi\u00eancia de desembalagem conveniente e confi\u00e1vel que demonstra a sua qualidade cl\u00e1ssica desde o primeiro olhar.<\/p>\n<h3><strong><b>Cen\u00e1rios de uso<\/b><\/strong><\/h3>\n<p>A Caixa de Sushi para Levar WL-11 Manluen integra design elegante e funcionalidade pr\u00e1tica em v\u00e1rios cen\u00e1rios. O seu formato cl\u00e1ssico e design estrutural espec\u00edfico n\u00e3o s\u00f3 real\u00e7am o apelo visual dos pratos, como tamb\u00e9m permitem que cada cria\u00e7\u00e3o de sushi brilhe em diferentes ambientes, adicionando uma sensa\u00e7\u00e3o de cerim\u00f3nia e sofistica\u00e7\u00e3o \u00e0 experi\u00eancia gastron\u00f3mica.<\/p>\n<ul>\n<li>Empratamento Requintado para Restaurantes de Alta Qualidade<\/li>\n<li>Apresenta\u00e7\u00e3o Art\u00edstica para Banquetes e Eventos<\/li>\n<li>Uso Di\u00e1rio para Encontros Familiares<\/li>\n<li>Exibi\u00e7\u00e3o de Destaque para Celebra\u00e7\u00f5es Festivas<\/li>\n<li>Escolha Elegante para Almo\u00e7os de Escrit\u00f3rio<\/li>\n<\/ul>\n<h3><strong><b>Design empilh\u00e1vel<\/b><\/strong><\/h3>\n<p>A Caixa de Sushi Retangular WL-11 Manluen apresenta um design empilh\u00e1vel que combina praticidade e est\u00e9tica. As suas dimens\u00f5es precisas e estrutura robusta garantem um empilhamento multicamadas est\u00e1vel e ordenado, economizando significativamente espa\u00e7o de armazenamento e transporte. Seja para prepara\u00e7\u00e3o em restaurantes ou exibi\u00e7\u00f5es em eventos, este design inteligente aumenta a efici\u00eancia, mantendo uma apar\u00eancia limpa e elegante, adicionando conveni\u00eancia e praticidade \u00e0 cozinha japonesa cl\u00e1ssica.<\/p>","protected":false},"excerpt":{"rendered":"<p>The WL-11 Manluen Gold Sushi Box features a unique 260*188*45 mm design, offering ample space for arrangement and an elegant visual experience. Made from high-quality, eco-friendly materials, it is lightweight,&hellip;<\/p>","protected":false},"featured_media":0,"template":"","meta":{"_uag_custom_page_level_css":""},"product_brand":[],"product_cat":[23],"product_tag":[138,102],"class_list":{"0":"post-3264","1":"product","2":"type-product","3":"status-publish","5":"product_cat-sushi-trays","6":"product_tag-gold","7":"product_tag-sushi","9":"first","10":"instock","11":"shipping-taxable","12":"purchasable","13":"product-type-simple"},"spectra_custom_meta":{"rank_math_internal_links_processed":["1","1","1","1","1","1","1","1"],"_sku":["WL-11-GOLD"],"_regular_price":["1"],"total_sales":["0"],"_tax_status":["taxable"],"_tax_class":[""],"_manage_stock":["no"],"_backorders":["no"],"_sold_individually":["no"],"_virtual":["no"],"_downloadable":["no"],"_product_image_gallery":[""],"_download_limit":["0"],"_download_expiry":["0"],"_stock":[null],"_stock_status":["instock"],"_wc_average_rating":["0"],"_wc_review_count":["0"],"_product_attributes":["a:2:{s:9:\"item-size\";a:6:{s:4:\"name\";s:9:\"Item Size\";s:5:\"value\";s:12:\"260*188*45mm\";s:8:\"position\";i:0;s:10:\"is_visible\";i:1;s:12:\"is_variation\";i:0;s:11:\"is_taxonomy\";i:0;}s:7:\"qty-ctn\";a:6:{s:4:\"name\";s:7:\"QTY\/CTN\";s:5:\"value\";s:3:\"200\";s:8:\"position\";i:1;s:10:\"is_visible\";i:1;s:12:\"is_variation\";i:0;s:11:\"is_taxonomy\";i:0;}}"],"_product_version":["10.5.2"],"_price":["1"],"_wp_old_date":["2024-11-26"],"rank_math_analytic_object_id":["24"],"classic-editor-remember":["classic-editor"],"rank_math_seo_score":["86"],"rank_math_contentai_score":["a:5:{s:8:\"keywords\";s:5:\"74.51\";s:9:\"wordCount\";s:1:\"0\";s:9:\"linkCount\";s:1:\"0\";s:12:\"headingCount\";s:1:\"0\";s:10:\"mediaCount\";s:1:\"0\";}"],"_jet_woo_template":[""],"_template_type":["default"],"rank_math_primary_product_cat":["23"],"_ywraq_hide_quote_button_check":[""],"_ywraq_hide_quote_button":["0"],"rank_math_focus_keyword":["Sushi Box"],"_edit_lock":["1772290244:1"],"_edit_last":["1"],"wpiudacb_disable_add_to_cart":["remove_button"],"wpiudacb_inqure_us_link":[""],"_uag_css_file_name":["uag-css-3264.css"],"_uag_page_assets":["a:9:{s:3:\"css\";s:0:\"\";s:2:\"js\";s:0:\"\";s:18:\"current_block_list\";a:6:{i:0;s:10:\"core\/group\";i:1;s:12:\"core\/heading\";i:2;s:17:\"core\/latest-posts\";i:3;s:20:\"core\/latest-comments\";i:4;s:13:\"core\/archives\";i:5;s:15:\"core\/categories\";}s:8:\"uag_flag\";b:0;s:11:\"uag_version\";i:1777284091;s:6:\"gfonts\";a:0:{}s:10:\"gfonts_url\";s:0:\"\";s:12:\"gfonts_files\";a:0:{}s:14:\"uag_faq_layout\";b:0;}"]},"uagb_featured_image_src":{"full":false,"thumbnail":false,"medium":false,"medium_large":false,"large":false,"1536x1536":false,"2048x2048":false,"trp-custom-language-flag":false,"menu-24x24":false,"menu-36x36":false,"menu-48x48":false,"woocommerce_thumbnail":false,"woocommerce_single":false,"woocommerce_gallery_thumbnail":false},"uagb_author_info":{"display_name":"ManLuenpack","author_link":"https:\/\/www.manluenpack.com\/pt\/author\/"},"uagb_comment_info":0,"uagb_excerpt":"The WL-11 Manluen Gold Sushi Box features a unique 260*188*45 mm design, offering ample space for arrangement and an elegant visual experience. Made from high-quality, eco-friendly materials, it is lightweight,&hellip;","_links":{"self":[{"href":"https:\/\/www.manluenpack.com\/pt\/wp-json\/wp\/v2\/product\/3264","targetHints":{"allow":["GET"]}}],"collection":[{"href":"https:\/\/www.manluenpack.com\/pt\/wp-json\/wp\/v2\/product"}],"about":[{"href":"https:\/\/www.manluenpack.com\/pt\/wp-json\/wp\/v2\/types\/product"}],"wp:attachment":[{"href":"https:\/\/www.manluenpack.com\/pt\/wp-json\/wp\/v2\/media?parent=3264"}],"wp:term":[{"taxonomy":"product_brand","embeddable":true,"href":"https:\/\/www.manluenpack.com\/pt\/wp-json\/wp\/v2\/product_brand?post=3264"},{"taxonomy":"product_cat","embeddable":true,"href":"https:\/\/www.manluenpack.com\/pt\/wp-json\/wp\/v2\/product_cat?post=3264"},{"taxonomy":"product_tag","embeddable":true,"href":"https:\/\/www.manluenpack.com\/pt\/wp-json\/wp\/v2\/product_tag?post=3264"}],"curies":[{"name":"wp","href":"https:\/\/api.w.org\/{rel}","templated":true}]}}