{"id":3139,"date":"2025-07-01T10:32:10","date_gmt":"2025-07-01T02:32:10","guid":{"rendered":"https:\/\/www.manluenpack.com\/?post_type=product&#038;p=3139"},"modified":"2025-07-08T08:25:36","modified_gmt":"2025-07-08T00:25:36","slug":"wl-p93-manluen-9x9-3-compartments-clamshell-to-go-containers","status":"publish","type":"product","link":"https:\/\/www.manluenpack.com\/pt\/products\/wl-p93-manluen-9x9-3-compartments-clamshell-to-go-containers\/","title":{"rendered":"WL-P93 Manluen 9X9\u2033 Recipientes de clamshell de 3 compartimentos para levar"},"content":{"rendered":"<p>Os recipientes de transporte com fecho de molusco de 3 compartimentos WL-P93 Manluen 9X9\u2033 apresentam um design \u00fanico de 230*230*75 mm, proporcionando espa\u00e7o suficiente para acomodar refei\u00e7\u00f5es variadas com facilidade. A disposi\u00e7\u00e3o de tr\u00eas compartimentos garante uma separa\u00e7\u00e3o cient\u00edfica dos pratos, evitando a transfer\u00eancia de sabores enquanto atende \u00e0 necessidade de combina\u00e7\u00f5es variadas. Fabricados com materiais ecol\u00f3gicos e seguros para a sa\u00fade, combinam durabilidade \u00e0 prova de fugas com embalagem eficiente, tornando-se a combina\u00e7\u00e3o perfeita de funcionalidade e qualidade na hora de comer.<\/p>\n<ul>\n<li>Tipo de Embalagem<br \/>\nCaixa de cart\u00e3o<\/li>\n<li>Cor<br \/>\nBranco<\/li>\n<li>Quantidade por Caixa<br \/>\n150 conjuntos<\/li>\n<li>Material<br \/>\nBase: PP<\/li>\n<\/ul>\n<ul>\n<li style=\"list-style-type: none;\">\n<table style=\"height: 160px;\" width=\"500\"><!-- \u8868\u683c\u7684\u8fb9\u6846\u4e3a1\u4e2a\u50cf\u7d20 --><!-- \u5355\u5143\u683c\u7684\u5185\u8fb9\u8ddd\u4e3a1\u50cf\u7d20 --><!-- \u5355\u5143\u683c\u4e4b\u95f4\u7684\u95f4\u8ddd\u4e3a0\u50cf\u7d20 --><!-- \u8fb9\u6846\u89c4\u5219\u4e3a\u4e24\u4fa7\u8fb9\u6846 --><\/p>\n<tbody>\n<tr>\n<td align=\"center\" bgcolor=\"EFEFEF\"><\/td>\n<td align=\"center\" bgcolor=\"EFEFEF\">Tamanho do Produto<\/td>\n<td align=\"center\" bgcolor=\"EFEFEF\">Quantidade<\/td>\n<td align=\"center\" bgcolor=\"EFEFEF\">Dimens\u00e3o da Caixa<\/td>\n<\/tr>\n<tr>\n<td align=\"center\" bgcolor=\"EFEFEF\">WL-P61<\/td>\n<td align=\"center\">150*150*70mm<\/td>\n<td align=\"center\">250<\/td>\n<td align=\"center\">470*310*320<\/td>\n<\/tr>\n<tr>\n<td align=\"center\" bgcolor=\"EFEFEF\">WL-P81<\/td>\n<td align=\"center\">200*200*75mm<\/td>\n<td align=\"center\">150<\/td>\n<td align=\"center\">430*285*430<\/td>\n<\/tr>\n<tr>\n<td align=\"center\" bgcolor=\"EFEFEF\">WL-P83<\/td>\n<td align=\"center\">200*200*75mm<\/td>\n<td align=\"center\">150<\/td>\n<td align=\"center\">430*285*430<\/td>\n<\/tr>\n<tr>\n<td align=\"center\" bgcolor=\"EFEFEF\">WL-P91<\/td>\n<td align=\"center\">230*230*75mm<\/td>\n<td align=\"center\">150<\/td>\n<td align=\"center\">460*285*470<\/td>\n<\/tr>\n<tr>\n<td align=\"center\" bgcolor=\"EFEFEF\">WL-P93<\/td>\n<td align=\"center\">230*230*75mm<\/td>\n<td align=\"center\">150<\/td>\n<td align=\"center\">460*285*470<\/td>\n<\/tr>\n<tr>\n<td align=\"center\" bgcolor=\"EFEFEF\">WL-P96<\/td>\n<td align=\"center\">220*150*75mm<\/td>\n<td align=\"center\">200<\/td>\n<td align=\"center\">380*310*470<\/td>\n<\/tr>\n<\/tbody>\n<\/table>\n<\/li>\n<li><a href=\"https:\/\/www.manluenpack.com\/pt\/products\/\">Mais estilo, mais estilos\u2026<\/a><\/li>\n<\/ul>\n<h3><strong><b>Embalagem e entrega<\/b><\/strong><\/h3>\n<p>Os recipientes descart\u00e1veis de transporte com fecho de molusco WL-P93 Manluen 9X9\u2033 com 3 compartimentos v\u00eam embalados em embalagens compactas e ecol\u00f3gicas para garantir limpeza e organiza\u00e7\u00e3o durante o transporte. Cada produto \u00e9 empilhado com precis\u00e3o para economizar espa\u00e7o e simplificar o armazenamento, permitindo uma entrega eficiente e sem complica\u00e7\u00f5es. Desde a produ\u00e7\u00e3o at\u00e9 a chegada, cada detalhe \u00e9 cuidadosamente gerido para garantir qualidade, oferecendo tranquilidade a cada uso \u2014 onde sustentabilidade encontra praticidade.<\/p>\n<h3><strong><b>Cen\u00e1rios de uso<\/b><\/strong><strong><b>\u00a0\u00a0<\/b><\/strong><strong><b>\u00a0<\/b><\/strong><\/h3>\n<p>Perfeito para diversos ambientes de refei\u00e7\u00e3o, os recipientes de transporte biodegrad\u00e1veis de cana-de-a\u00e7\u00facar com 3 compartimentos WL-P93 Manluen 9X9\u2033 acomodam facilmente refei\u00e7\u00f5es chinesas, caixas bento, saladas leves e mais. O seu design de tr\u00eas compartimentos atende a combina\u00e7\u00f5es variadas de pratos, enquanto a capacidade generosa \u00e9 ideal para refei\u00e7\u00f5es mais substanciais. \u00c0 prova de fugas e dur\u00e1vel, \u00e9 perfeito para embalagens para consumo no local, entregas de comida ou refei\u00e7\u00f5es ao ar livre \u2014 elevando cada refei\u00e7\u00e3o com fiabilidade e qualidade.<\/p>\n<h3><strong><b>Design empilh\u00e1vel<\/b><\/strong><strong><b>\u00a0<\/b><\/strong><\/h3>\n<p>Os recipientes de molusco branco anti-embaciamento com 3 compartimentos WL-P93 Manluen 9X9\u2033 apresentam um design empilh\u00e1vel que otimiza de forma inteligente o espa\u00e7o de armazenamento e melhora a efici\u00eancia no transporte ou na exibi\u00e7\u00e3o. A sua estrutura de camadas est\u00e1vel garante empilhamento seguro sem tombar, facilitando a gest\u00e3o de invent\u00e1rio para empresas. Este design simples, mas funcional, n\u00e3o s\u00f3 melhora o fluxo de trabalho, como tamb\u00e9m incorpora a harmonia entre sustentabilidade e ordem, acrescentando conveni\u00eancia e sofistica\u00e7\u00e3o a cada uso.<\/p>\n<h3><strong><b>\u00c0 prova de fugas, selados e dur\u00e1veis <\/b><\/strong><\/h3>\n<p>Com uma veda\u00e7\u00e3o \u00e0 prova de fugas de precis\u00e3o engenheirada, a lancheira com 3 compartimentos WL-P93 Manluen 9X9\u2033 para levar leva evita eficazmente derrames. O seu material resistente ao calor e robusto suporta press\u00e3o, garantindo a seguran\u00e7a de todos os tipos de refei\u00e7\u00f5es desde a embalagem at\u00e9 \u00e0 entrega. Combinando ecologia com praticidade, assegura que cada prato chegue intacto, mantendo uma qualidade consistente.<\/p>\n<p><a href=\"https:\/\/www.google.com\/search?q=manluenpack\" target=\"_blank\" rel=\"noopener\">Mais informa\u00e7\u00f5es\u2026<\/a><\/p>","protected":false},"excerpt":{"rendered":"<p>WL-P93 Manluen 9X9&#8243; 3-Compartments Clamshell To Go Containers feature a unique 230*230*75 mm design, providing ample space to effortlessly accommodate diverse meals. The three-compartment layout ensures scientific separation of dishes,&hellip;<\/p>","protected":false},"featured_media":3250,"template":"","meta":{"_uag_custom_page_level_css":""},"product_brand":[],"product_cat":[21],"product_tag":[130,132,133],"class_list":{"0":"post-3139","1":"product","2":"type-product","3":"status-publish","4":"has-post-thumbnail","6":"product_cat-clamshell-containers","7":"product_tag-clamshell-container","8":"product_tag-to-go-container","9":"product_tag-white","11":"first","12":"instock","13":"shipping-taxable","14":"purchasable","15":"product-type-simple"},"spectra_custom_meta":{"rank_math_internal_links_processed":["1","1","1","1","1","1","1","1","1","1","1","1","1","1","1","1","1","1","1","1","1","1","1","1","1","1","1","1","1","1","1","1","1","1","1","1","1","1","1","1","1","1","1","1","1","1","1","1","1","1","1","1"],"_sku":["WL-P93"],"_regular_price":["1"],"total_sales":["0"],"_tax_status":["taxable"],"_tax_class":[""],"_manage_stock":["no"],"_backorders":["no"],"_sold_individually":["no"],"_virtual":["no"],"_downloadable":["no"],"_product_image_gallery":["3176,3180,3179,3177,3178"],"_download_limit":["0"],"_download_expiry":["0"],"_thumbnail_id":["3250"],"_stock":[null],"_stock_status":["instock"],"_wc_average_rating":["0"],"_wc_review_count":["0"],"_product_attributes":["a:2:{s:9:\"item-size\";a:6:{s:4:\"name\";s:9:\"Item Size\";s:5:\"value\";s:12:\"230*230*75mm\";s:8:\"position\";i:0;s:10:\"is_visible\";i:1;s:12:\"is_variation\";i:0;s:11:\"is_taxonomy\";i:0;}s:7:\"qty-ctn\";a:6:{s:4:\"name\";s:7:\"QTY\/CTN\";s:5:\"value\";s:3:\"150\";s:8:\"position\";i:1;s:10:\"is_visible\";i:1;s:12:\"is_variation\";i:0;s:11:\"is_taxonomy\";i:0;}}"],"_product_version":["9.4.2"],"_price":["1"],"_wp_old_date":["2024-11-26"],"rank_math_analytic_object_id":["24"],"classic-editor-remember":["classic-editor"],"rank_math_seo_score":["64"],"rank_math_contentai_score":["a:5:{s:8:\"keywords\";s:5:\"74.51\";s:9:\"wordCount\";s:1:\"0\";s:9:\"linkCount\";s:1:\"0\";s:12:\"headingCount\";s:1:\"0\";s:10:\"mediaCount\";s:1:\"0\";}"],"_jet_woo_template":[""],"_template_type":["default"],"rank_math_primary_product_cat":["21"],"_ywraq_hide_quote_button_check":[""],"_ywraq_hide_quote_button":["0"],"_edit_lock":["1751934390:1"],"_edit_last":["1"],"rank_math_focus_keyword":["To Go Containers"],"_wp_old_slug":["wl-p93-manluen-clamshell-container"],"_uag_css_file_name":["uag-css-3139.css"],"_uag_page_assets":["a:9:{s:3:\"css\";s:263:\".uag-blocks-common-selector{z-index:var(--z-index-desktop) !important}@media (max-width: 976px){.uag-blocks-common-selector{z-index:var(--z-index-tablet) !important}}@media (max-width: 767px){.uag-blocks-common-selector{z-index:var(--z-index-mobile) !important}}\n\";s:2:\"js\";s:0:\"\";s:18:\"current_block_list\";a:6:{i:0;s:10:\"core\/group\";i:1;s:12:\"core\/heading\";i:2;s:17:\"core\/latest-posts\";i:3;s:20:\"core\/latest-comments\";i:4;s:13:\"core\/archives\";i:5;s:15:\"core\/categories\";}s:8:\"uag_flag\";b:0;s:11:\"uag_version\";i:1777284853;s:6:\"gfonts\";a:0:{}s:10:\"gfonts_url\";s:0:\"\";s:12:\"gfonts_files\";a:0:{}s:14:\"uag_faq_layout\";b:0;}"]},"uagb_featured_image_src":{"full":["https:\/\/www.manluenpack.com\/wp-content\/uploads\/2025\/04\/WL-P93-manluen-3-compartment-to-go-clamshell-containers-scaled.webp",2560,1707,false],"thumbnail":["https:\/\/www.manluenpack.com\/wp-content\/uploads\/2025\/04\/WL-P93-manluen-3-compartment-to-go-clamshell-containers-scaled.webp",150,100,false],"medium":["https:\/\/www.manluenpack.com\/wp-content\/uploads\/2025\/04\/WL-P93-manluen-3-compartment-to-go-clamshell-containers-scaled.webp",300,200,false],"medium_large":["https:\/\/www.manluenpack.com\/wp-content\/uploads\/2025\/04\/WL-P93-manluen-3-compartment-to-go-clamshell-containers-scaled.webp",768,512,false],"large":["https:\/\/www.manluenpack.com\/wp-content\/uploads\/2025\/04\/WL-P93-manluen-3-compartment-to-go-clamshell-containers-scaled.webp",1024,683,false],"1536x1536":["https:\/\/www.manluenpack.com\/wp-content\/uploads\/2025\/04\/WL-P93-manluen-3-compartment-to-go-clamshell-containers-scaled.webp",1536,1024,false],"2048x2048":["https:\/\/www.manluenpack.com\/wp-content\/uploads\/2025\/04\/WL-P93-manluen-3-compartment-to-go-clamshell-containers-scaled.webp",2048,1366,false],"trp-custom-language-flag":["https:\/\/www.manluenpack.com\/wp-content\/uploads\/2025\/04\/WL-P93-manluen-3-compartment-to-go-clamshell-containers-scaled.webp",18,12,false],"menu-24x24":["https:\/\/www.manluenpack.com\/wp-content\/uploads\/2025\/04\/WL-P93-manluen-3-compartment-to-go-clamshell-containers-scaled.webp",24,16,false],"menu-36x36":["https:\/\/www.manluenpack.com\/wp-content\/uploads\/2025\/04\/WL-P93-manluen-3-compartment-to-go-clamshell-containers-scaled.webp",36,24,false],"menu-48x48":["https:\/\/www.manluenpack.com\/wp-content\/uploads\/2025\/04\/WL-P93-manluen-3-compartment-to-go-clamshell-containers-scaled.webp",48,32,false],"woocommerce_thumbnail":["https:\/\/www.manluenpack.com\/wp-content\/uploads\/2025\/04\/WL-P93-manluen-3-compartment-to-go-clamshell-containers-scaled-300x300.webp",300,300,true],"woocommerce_single":["https:\/\/www.manluenpack.com\/wp-content\/uploads\/2025\/04\/WL-P93-manluen-3-compartment-to-go-clamshell-containers-scaled.webp",600,400,false],"woocommerce_gallery_thumbnail":["https:\/\/www.manluenpack.com\/wp-content\/uploads\/2025\/04\/WL-P93-manluen-3-compartment-to-go-clamshell-containers-scaled-100x100.webp",100,100,true]},"uagb_author_info":{"display_name":"ManLuenpack","author_link":"https:\/\/www.manluenpack.com\/pt\/author\/"},"uagb_comment_info":0,"uagb_excerpt":"WL-P93 Manluen 9X9&#8243; 3-Compartments Clamshell To Go Containers feature a unique 230*230*75 mm design, providing ample space to effortlessly accommodate diverse meals. The three-compartment layout ensures scientific separation of dishes,&hellip;","_links":{"self":[{"href":"https:\/\/www.manluenpack.com\/pt\/wp-json\/wp\/v2\/product\/3139","targetHints":{"allow":["GET"]}}],"collection":[{"href":"https:\/\/www.manluenpack.com\/pt\/wp-json\/wp\/v2\/product"}],"about":[{"href":"https:\/\/www.manluenpack.com\/pt\/wp-json\/wp\/v2\/types\/product"}],"wp:featuredmedia":[{"embeddable":true,"href":"https:\/\/www.manluenpack.com\/pt\/wp-json\/wp\/v2\/media\/3250"}],"wp:attachment":[{"href":"https:\/\/www.manluenpack.com\/pt\/wp-json\/wp\/v2\/media?parent=3139"}],"wp:term":[{"taxonomy":"product_brand","embeddable":true,"href":"https:\/\/www.manluenpack.com\/pt\/wp-json\/wp\/v2\/product_brand?post=3139"},{"taxonomy":"product_cat","embeddable":true,"href":"https:\/\/www.manluenpack.com\/pt\/wp-json\/wp\/v2\/product_cat?post=3139"},{"taxonomy":"product_tag","embeddable":true,"href":"https:\/\/www.manluenpack.com\/pt\/wp-json\/wp\/v2\/product_tag?post=3139"}],"curies":[{"name":"wp","href":"https:\/\/api.w.org\/{rel}","templated":true}]}}