{"id":2958,"date":"2025-06-28T14:49:14","date_gmt":"2025-06-28T06:49:14","guid":{"rendered":"https:\/\/www.manluenpack.com\/?post_type=product&#038;p=2958"},"modified":"2025-07-07T01:08:32","modified_gmt":"2025-07-06T17:08:32","slug":"wl-8530h-manluen-bento-box","status":"publish","type":"product","link":"https:\/\/www.manluenpack.com\/pt\/products\/wl-8530h-manluen-bento-box\/","title":{"rendered":"WL-8530H Caixa de Bento Manluen"},"content":{"rendered":"<p>A Caixa de Almo\u00e7o Bento Sushi WL-8530H, com uma grande capacidade de 1380 ml, apresenta um design de tamanho \u00fanico de 265*200*58 mm que equilibra perfeitamente portabilidade e praticidade. A disposi\u00e7\u00e3o cientificamente partitionada e o selo de bloqueio de frescura garantem que a comida permane\u00e7a organizada e mantenha o seu sabor. Feita com materiais premium, \u00e9 segura, dur\u00e1vel e f\u00e1cil de limpar. O seu perfil slim, aliado a uma capacidade extra-grande, torna-a f\u00e1cil de transportar para desloca\u00e7\u00f5es di\u00e1rias ou atividades ao ar livre, oferecendo uma solu\u00e7\u00e3o pensada para um estilo de vida saud\u00e1vel.<\/p>\n<ul>\n<li>Tipo de Embalagem<br \/>\nCaixa de cart\u00e3o<\/li>\n<li>Cor<br \/>\nPreto<\/li>\n<li>Quantidade por Caixa<br \/>\n200 conjuntos<\/li>\n<li>Material<br \/>\nTampa: PET\/OPS, Base: PS\/PP<\/li>\n<li>Especifica\u00e7\u00f5es de Embalagem<br \/>\n0,085 metros c\u00fabicos<\/li>\n<\/ul>\n<p>&nbsp;<\/p>\n<ul>\n<li style=\"list-style-type: none;\">\n<table style=\"height: 160px;\" width=\"500\"><!-- \u8868\u683c\u7684\u8fb9\u6846\u4e3a1\u4e2a\u50cf\u7d20 --><!-- \u5355\u5143\u683c\u7684\u5185\u8fb9\u8ddd\u4e3a1\u50cf\u7d20 --><!-- \u5355\u5143\u683c\u4e4b\u95f4\u7684\u95f4\u8ddd\u4e3a0\u50cf\u7d20 --><!-- \u8fb9\u6846\u89c4\u5219\u4e3a\u4e24\u4fa7\u8fb9\u6846 --><\/p>\n<tbody>\n<tr>\n<td align=\"center\" bgcolor=\"EFEFEF\"><\/td>\n<td align=\"center\" bgcolor=\"EFEFEF\">Tamanho do Produto<\/td>\n<td align=\"center\" bgcolor=\"EFEFEF\">Quantidade<\/td>\n<td align=\"center\" bgcolor=\"EFEFEF\">Dimens\u00e3o da Caixa<\/td>\n<\/tr>\n<tr>\n<td align=\"center\" bgcolor=\"EFEFEF\">WL-8505<\/td>\n<td align=\"center\">136*111*50mm<\/td>\n<td align=\"center\">600<\/td>\n<td align=\"center\">435*405*465<\/td>\n<\/tr>\n<tr>\n<td align=\"center\" bgcolor=\"EFEFEF\">WL-8507<\/td>\n<td align=\"center\">168*126*50mm<\/td>\n<td align=\"center\">400<\/td>\n<td align=\"center\">530*370*350<\/td>\n<\/tr>\n<tr>\n<td align=\"center\" bgcolor=\"EFEFEF\">WL-8510<\/td>\n<td align=\"center\">183*130*50mm<\/td>\n<td align=\"center\">400<\/td>\n<td align=\"center\">535*360*385<\/td>\n<\/tr>\n<tr>\n<td align=\"center\" bgcolor=\"EFEFEF\">WL-8515<\/td>\n<td align=\"center\">205*132*50mm<\/td>\n<td align=\"center\">400<\/td>\n<td align=\"center\">545*315*415<\/td>\n<\/tr>\n<tr>\n<td align=\"center\" bgcolor=\"EFEFEF\">WL-8520<\/td>\n<td align=\"center\">215*148*50mm<\/td>\n<td align=\"center\">400<\/td>\n<td align=\"center\">600*315*447<\/td>\n<\/tr>\n<tr>\n<td align=\"center\" bgcolor=\"EFEFEF\">WL-8525<\/td>\n<td align=\"center\">233*162*50mm<\/td>\n<td align=\"center\">300<\/td>\n<td align=\"center\">490*340*493<\/td>\n<\/tr>\n<tr>\n<td align=\"center\" bgcolor=\"EFEFEF\">WL-8528<\/td>\n<td align=\"center\">238*193*50mm<\/td>\n<td align=\"center\">300<\/td>\n<td align=\"center\">720*420*400<\/td>\n<\/tr>\n<tr>\n<td align=\"center\" bgcolor=\"EFEFEF\">WL-8530<\/td>\n<td align=\"center\">265*200*50mm<\/td>\n<td align=\"center\">200<\/td>\n<td align=\"center\">535*340*412<\/td>\n<\/tr>\n<tr>\n<td align=\"center\" bgcolor=\"EFEFEF\">WL-8530H<\/td>\n<td align=\"center\">265*200*58mm<\/td>\n<td align=\"center\">200<\/td>\n<td align=\"center\">535*385*412<\/td>\n<\/tr>\n<\/tbody>\n<\/table>\n<\/li>\n<li><a href=\"https:\/\/www.manluenpack.com\/pt\/products\/\">Mais estilo, mais estilos\u2026<\/a><\/li>\n<\/ul>\n<h3><strong><b>Embalagem e entrega<\/b><\/strong><strong><b>\u00a0<\/b><\/strong><\/h3>\n<p>A Caixa de Almo\u00e7o Bento WL-8530H vem numa embalagem exquisi\u00adta e ecol\u00f3gica, refletindo qualidade e aten\u00e7\u00e3o ao detalhe. Cada produto passa por inspe\u00e7\u00f5es de qualidade rigorosas para garantir uma entrega sem danos. Cada conjunto inclui prote\u00e7\u00e3o \u00e0 prova de choque, assegurando que chega em seguran\u00e7a \u00e0s suas m\u00e3os, proporcionando uma experi\u00eancia de abertura agrad\u00e1vel. Seja para uso pessoal ou como presente, transmite cuidado e aten\u00e7\u00e3o.<\/p>\n<h3><strong><b>Cen\u00e1rios de uso<\/b><\/strong><strong><b>\u00a0\u00a0<\/b><\/strong><\/h3>\n<p>A Caixa de Bento Sushi WL-8530H, com a sua grande capacidade de 1380 ml, adapta-se facilmente a m\u00faltiplos cen\u00e1rios. Seja para almo\u00e7os no local de trabalho, refei\u00e7\u00f5es escolares, piqueniques de fim de semana ou refei\u00e7\u00f5es de fitness, atende \u00e0s suas necessidades. As divis\u00f3rias cientificamente desenhadas garantem uma nutri\u00e7\u00e3o equilibrada, enquanto o selo de bloqueio de frescura preserva o sabor e a temperatura. A qualquer hora, em qualquer lugar, acrescenta conveni\u00eancia e eleg\u00e2ncia aos seus h\u00e1bitos alimentares saud\u00e1veis.<\/p>\n<h3><strong><b>Caracter\u00edsticas e Vantagens da Forma<\/b><\/strong><\/h3>\n<p>A nossa grande caixa de Bento para bolo adota um design quadrado com linhas limpas e suaves, combinando est\u00e9tica e funcionalidade. O design quadrado n\u00e3o s\u00f3 permite empilhamento f\u00e1cil, como tamb\u00e9m maximiza a utiliza\u00e7\u00e3o do espa\u00e7o, reduzindo desperd\u00edcios desnecess\u00e1rios. Al\u00e9m disso, alguns modelos v\u00eam com funcionalidades pensadas, como al\u00e7as e tampas de veda\u00e7\u00e3o, tornando o transporte e uso ainda mais convenientes.<\/p>\n<h3><strong><b>Design empilh\u00e1vel<\/b><\/strong><\/h3>\n<p>Os recipientes reutiliz\u00e1veis para prepara\u00e7\u00e3o de refei\u00e7\u00f5es WL-8530H apresentam um design empilh\u00e1vel inteligente que economiza espa\u00e7o e aumenta a conveni\u00eancia. Seja para armazenamento no frigor\u00edfico, organiza\u00e7\u00e3o de arm\u00e1rios ou transporte em movimento, a sua estrutura de empilhamento resistente utiliza eficientemente cada cent\u00edmetro de espa\u00e7o, mantendo tudo organizado e arrumado. Este design pensado torna o uso di\u00e1rio mais eficiente, acrescentando simplicidade e facilidade \u00e0 sua vida.<\/p>\n<p><a href=\"https:\/\/www.google.com\/search?q=manluenpack\" target=\"_blank\" rel=\"noopener\">Mais informa\u00e7\u00f5es\u2026<\/a><\/p>","protected":false},"excerpt":{"rendered":"<p>The WL-8530H Sushi Lunch Bento Box, with a 1380 ml large capacity, features a unique 265*200*58 mm size design that perfectly balances portability and practicality. The scientifically partitioned layout and&hellip;<\/p>","protected":false},"featured_media":3012,"template":"","meta":{"_uag_custom_page_level_css":""},"product_brand":[],"product_cat":[19],"product_tag":[117,118],"class_list":{"0":"post-2958","1":"product","2":"type-product","3":"status-publish","4":"has-post-thumbnail","6":"product_cat-bento-boxes","7":"product_tag-bento-box","8":"product_tag-black","10":"first","11":"instock","12":"shipping-taxable","13":"purchasable","14":"product-type-simple"},"spectra_custom_meta":{"rank_math_internal_links_processed":["1","1","1","1","1","1","1","1","1","1","1","1","1","1","1","1","1","1","1","1","1","1","1","1"],"_sku":["WL-8530H"],"_regular_price":["1"],"total_sales":["0"],"_tax_status":["taxable"],"_tax_class":[""],"_manage_stock":["no"],"_backorders":["no"],"_sold_individually":["no"],"_virtual":["no"],"_downloadable":["no"],"_product_image_gallery":["3013,3014,3015,3016"],"_download_limit":["0"],"_download_expiry":["0"],"_thumbnail_id":["3012"],"_stock":[null],"_stock_status":["instock"],"_wc_average_rating":["0"],"_wc_review_count":["0"],"_product_attributes":["a:2:{s:9:\"item-size\";a:6:{s:4:\"name\";s:9:\"Item Size\";s:5:\"value\";s:12:\"265*200*58mm\";s:8:\"position\";i:0;s:10:\"is_visible\";i:1;s:12:\"is_variation\";i:0;s:11:\"is_taxonomy\";i:0;}s:7:\"qty-ctn\";a:6:{s:4:\"name\";s:7:\"QTY\/CTN\";s:5:\"value\";s:3:\"200\";s:8:\"position\";i:1;s:10:\"is_visible\";i:1;s:12:\"is_variation\";i:0;s:11:\"is_taxonomy\";i:0;}}"],"_product_version":["9.4.2"],"_price":["1"],"_wp_old_date":["2024-11-26"],"rank_math_analytic_object_id":["24"],"classic-editor-remember":["classic-editor"],"rank_math_seo_score":["78"],"rank_math_contentai_score":["a:5:{s:8:\"keywords\";s:5:\"74.51\";s:9:\"wordCount\";s:1:\"0\";s:9:\"linkCount\";s:1:\"0\";s:12:\"headingCount\";s:1:\"0\";s:10:\"mediaCount\";s:1:\"0\";}"],"_jet_woo_template":[""],"_template_type":["default"],"rank_math_primary_product_cat":["19"],"_ywraq_hide_quote_button_check":[""],"_ywraq_hide_quote_button":["0"],"rank_math_focus_keyword":["Bento Box"],"_edit_lock":["1751821630:1"],"_edit_last":["1"],"_uag_css_file_name":["uag-css-2958.css"],"_uag_page_assets":["a:9:{s:3:\"css\";s:0:\"\";s:2:\"js\";s:0:\"\";s:18:\"current_block_list\";a:6:{i:0;s:10:\"core\/group\";i:1;s:12:\"core\/heading\";i:2;s:17:\"core\/latest-posts\";i:3;s:20:\"core\/latest-comments\";i:4;s:13:\"core\/archives\";i:5;s:15:\"core\/categories\";}s:8:\"uag_flag\";b:0;s:11:\"uag_version\";i:1777303133;s:6:\"gfonts\";a:0:{}s:10:\"gfonts_url\";s:0:\"\";s:12:\"gfonts_files\";a:0:{}s:14:\"uag_faq_layout\";b:0;}"]},"uagb_featured_image_src":{"full":["https:\/\/www.manluenpack.com\/wp-content\/uploads\/2025\/06\/WL-8530H-manluen-bento-box.webp",1100,1100,false],"thumbnail":["https:\/\/www.manluenpack.com\/wp-content\/uploads\/2025\/06\/WL-8530H-manluen-bento-box.webp",150,150,false],"medium":["https:\/\/www.manluenpack.com\/wp-content\/uploads\/2025\/06\/WL-8530H-manluen-bento-box.webp",300,300,false],"medium_large":["https:\/\/www.manluenpack.com\/wp-content\/uploads\/2025\/06\/WL-8530H-manluen-bento-box.webp",768,768,false],"large":["https:\/\/www.manluenpack.com\/wp-content\/uploads\/2025\/06\/WL-8530H-manluen-bento-box.webp",1024,1024,false],"1536x1536":["https:\/\/www.manluenpack.com\/wp-content\/uploads\/2025\/06\/WL-8530H-manluen-bento-box.webp",1100,1100,false],"2048x2048":["https:\/\/www.manluenpack.com\/wp-content\/uploads\/2025\/06\/WL-8530H-manluen-bento-box.webp",1100,1100,false],"trp-custom-language-flag":["https:\/\/www.manluenpack.com\/wp-content\/uploads\/2025\/06\/WL-8530H-manluen-bento-box.webp",12,12,false],"menu-24x24":["https:\/\/www.manluenpack.com\/wp-content\/uploads\/2025\/06\/WL-8530H-manluen-bento-box.webp",24,24,false],"menu-36x36":["https:\/\/www.manluenpack.com\/wp-content\/uploads\/2025\/06\/WL-8530H-manluen-bento-box.webp",36,36,false],"menu-48x48":["https:\/\/www.manluenpack.com\/wp-content\/uploads\/2025\/06\/WL-8530H-manluen-bento-box.webp",48,48,false],"woocommerce_thumbnail":["https:\/\/www.manluenpack.com\/wp-content\/uploads\/2025\/06\/WL-8530H-manluen-bento-box.webp",300,300,false],"woocommerce_single":["https:\/\/www.manluenpack.com\/wp-content\/uploads\/2025\/06\/WL-8530H-manluen-bento-box.webp",600,600,false],"woocommerce_gallery_thumbnail":["https:\/\/www.manluenpack.com\/wp-content\/uploads\/2025\/06\/WL-8530H-manluen-bento-box.webp",100,100,false]},"uagb_author_info":{"display_name":"ManLuenpack","author_link":"https:\/\/www.manluenpack.com\/pt\/author\/"},"uagb_comment_info":0,"uagb_excerpt":"The WL-8530H Sushi Lunch Bento Box, with a 1380 ml large capacity, features a unique 265*200*58 mm size design that perfectly balances portability and practicality. The scientifically partitioned layout and&hellip;","_links":{"self":[{"href":"https:\/\/www.manluenpack.com\/pt\/wp-json\/wp\/v2\/product\/2958","targetHints":{"allow":["GET"]}}],"collection":[{"href":"https:\/\/www.manluenpack.com\/pt\/wp-json\/wp\/v2\/product"}],"about":[{"href":"https:\/\/www.manluenpack.com\/pt\/wp-json\/wp\/v2\/types\/product"}],"wp:featuredmedia":[{"embeddable":true,"href":"https:\/\/www.manluenpack.com\/pt\/wp-json\/wp\/v2\/media\/3012"}],"wp:attachment":[{"href":"https:\/\/www.manluenpack.com\/pt\/wp-json\/wp\/v2\/media?parent=2958"}],"wp:term":[{"taxonomy":"product_brand","embeddable":true,"href":"https:\/\/www.manluenpack.com\/pt\/wp-json\/wp\/v2\/product_brand?post=2958"},{"taxonomy":"product_cat","embeddable":true,"href":"https:\/\/www.manluenpack.com\/pt\/wp-json\/wp\/v2\/product_cat?post=2958"},{"taxonomy":"product_tag","embeddable":true,"href":"https:\/\/www.manluenpack.com\/pt\/wp-json\/wp\/v2\/product_tag?post=2958"}],"curies":[{"name":"wp","href":"https:\/\/api.w.org\/{rel}","templated":true}]}}