{"id":2957,"date":"2025-06-28T14:47:08","date_gmt":"2025-06-28T06:47:08","guid":{"rendered":"https:\/\/www.manluenpack.com\/?post_type=product&#038;p=2957"},"modified":"2025-07-07T01:15:01","modified_gmt":"2025-07-06T17:15:01","slug":"wl-8530-manluen-bento-box","status":"publish","type":"product","link":"https:\/\/www.manluenpack.com\/pt\/products\/wl-8530-manluen-bento-box\/","title":{"rendered":"WL-8530 Caixa de Bento Manluen"},"content":{"rendered":"<p>A Caixa de Bento Japonesa WL-8530 (Estilo Japon\u00eas) oferece uma capacidade generosa de 1000 ML num design elegante e eficiente em espa\u00e7o (265*200*50 mm). Sua forma plana e espa\u00e7osa garante f\u00e1cil portabilidade e armazenamento compacto. Fabricada com materiais de alta qualidade e seguros para alimentos, esta caixa de bento \u00e9 \u00e0 prova de vazamentos e ajuda a manter as refei\u00e7\u00f5es frescas por horas. O design empilh\u00e1vel maximiza a economia de espa\u00e7o, combinando praticidade com conveni\u00eancia di\u00e1ria\u2014ideal para desloca\u00e7\u00f5es, piqueniques ou almo\u00e7os no escrit\u00f3rio!<\/p>\n<ul>\n<li>Tipo de Embalagem<br \/>\nCaixa de cart\u00e3o<\/li>\n<li>Cor<br \/>\nPreto<\/li>\n<li>Quantidade por Caixa<br \/>\n200 conjuntos<\/li>\n<li>Material<br \/>\nTampa: PET\/OPS, Base: PS\/PP<\/li>\n<li>Especifica\u00e7\u00f5es de Embalagem<br \/>\n0,075 metros c\u00fabicos<\/li>\n<\/ul>\n<p>&nbsp;<\/p>\n<ul>\n<li style=\"list-style-type: none;\">\n<table style=\"height: 160px;\" width=\"500\"><!-- \u8868\u683c\u7684\u8fb9\u6846\u4e3a1\u4e2a\u50cf\u7d20 --><!-- \u5355\u5143\u683c\u7684\u5185\u8fb9\u8ddd\u4e3a1\u50cf\u7d20 --><!-- \u5355\u5143\u683c\u4e4b\u95f4\u7684\u95f4\u8ddd\u4e3a0\u50cf\u7d20 --><!-- \u8fb9\u6846\u89c4\u5219\u4e3a\u4e24\u4fa7\u8fb9\u6846 --><\/p>\n<tbody>\n<tr>\n<td align=\"center\" bgcolor=\"EFEFEF\"><\/td>\n<td align=\"center\" bgcolor=\"EFEFEF\">Tamanho do Produto<\/td>\n<td align=\"center\" bgcolor=\"EFEFEF\">Quantidade<\/td>\n<td align=\"center\" bgcolor=\"EFEFEF\">Dimens\u00e3o da Caixa<\/td>\n<\/tr>\n<tr>\n<td align=\"center\" bgcolor=\"EFEFEF\">WL-8505<\/td>\n<td align=\"center\">136*111*50mm<\/td>\n<td align=\"center\">600<\/td>\n<td align=\"center\">435*405*465<\/td>\n<\/tr>\n<tr>\n<td align=\"center\" bgcolor=\"EFEFEF\">WL-8507<\/td>\n<td align=\"center\">168*126*50mm<\/td>\n<td align=\"center\">400<\/td>\n<td align=\"center\">530*370*350<\/td>\n<\/tr>\n<tr>\n<td align=\"center\" bgcolor=\"EFEFEF\">WL-8510<\/td>\n<td align=\"center\">183*130*50mm<\/td>\n<td align=\"center\">400<\/td>\n<td align=\"center\">535*360*385<\/td>\n<\/tr>\n<tr>\n<td align=\"center\" bgcolor=\"EFEFEF\">WL-8515<\/td>\n<td align=\"center\">205*132*50mm<\/td>\n<td align=\"center\">400<\/td>\n<td align=\"center\">545*315*415<\/td>\n<\/tr>\n<tr>\n<td align=\"center\" bgcolor=\"EFEFEF\">WL-8520<\/td>\n<td align=\"center\">215*148*50mm<\/td>\n<td align=\"center\">400<\/td>\n<td align=\"center\">600*315*447<\/td>\n<\/tr>\n<tr>\n<td align=\"center\" bgcolor=\"EFEFEF\">WL-8525<\/td>\n<td align=\"center\">233*162*50mm<\/td>\n<td align=\"center\">300<\/td>\n<td align=\"center\">490*340*493<\/td>\n<\/tr>\n<tr>\n<td align=\"center\" bgcolor=\"EFEFEF\">WL-8528<\/td>\n<td align=\"center\">238*193*50mm<\/td>\n<td align=\"center\">300<\/td>\n<td align=\"center\">720*420*400<\/td>\n<\/tr>\n<tr>\n<td align=\"center\" bgcolor=\"EFEFEF\">WL-8530<\/td>\n<td align=\"center\">265*200*50mm<\/td>\n<td align=\"center\">200<\/td>\n<td align=\"center\">535*340*412<\/td>\n<\/tr>\n<tr>\n<td align=\"center\" bgcolor=\"EFEFEF\">WL-8530H<\/td>\n<td align=\"center\">265*200*58mm<\/td>\n<td align=\"center\">200<\/td>\n<td align=\"center\">535*385*412<\/td>\n<\/tr>\n<\/tbody>\n<\/table>\n<\/li>\n<li><a href=\"https:\/\/www.manluenpack.com\/pt\/products\/\">Mais estilo, mais estilos\u2026<\/a><\/li>\n<\/ul>\n<h3><strong><b>Embalagem e entrega<\/b><\/strong><\/h3>\n<p>A Caixa de Bento Empilh\u00e1vel WL-8530 vem em embalagem ecol\u00f3gica e compacta, refletindo qualidade e aten\u00e7\u00e3o. Com sua capacidade de 1000 mL e design empilh\u00e1vel, maximiza a efici\u00eancia do espa\u00e7o durante o transporte. A entrega r\u00e1pida e confi\u00e1vel garante que o produto chegue seguro e intacto, permitindo-lhe desfrutar de uma experi\u00eancia de refei\u00e7\u00e3o pr\u00e1tica e conveniente o mais r\u00e1pido poss\u00edvel.<\/p>\n<h3><strong><b>Cen\u00e1rios de uso<\/b><\/strong><strong><b>\u00a0\u00a0<\/b><\/strong><\/h3>\n<p>A Caixa de Bento Descart\u00e1vel WL-8530, com sua capacidade perfeitamente dimensionada de 1000 ML, \u00e9 adequada para almo\u00e7os de escrit\u00f3rio, refei\u00e7\u00f5es escolares ou piqueniques ao ar livre. Seu design empilh\u00e1vel facilita o armazenamento, enquanto seu perfil estreito encaixa-se facilmente em mochilas. O selo \u00e0 prova de vazamentos garante que n\u00e3o haja derrames, mesmo durante viagens acidentadas. Seja para desloca\u00e7\u00f5es di\u00e1rias ou passeios de fim de semana, \u00e9 o seu companheiro ideal para uma alimenta\u00e7\u00e3o saud\u00e1vel e uma vida pr\u00e1tica.<\/p>\n<h3><strong><b>Caracter\u00edsticas e Vantagens da Forma \u00a0<\/b><\/strong><\/h3>\n<p>A nossa Caixa de Bento adota um design cl\u00e1ssico e pr\u00e1tico de forma quadrada, com linhas elegantes e minimalistas que exalam estilo moderno. Sua forma retangular n\u00e3o s\u00f3 \u00e9 esteticamente agrad\u00e1vel, mas tamb\u00e9m permite empilhamento eficiente para economizar espa\u00e7o. Al\u00e9m disso, a tampa possui uma faixa de veda\u00e7\u00e3o que previne eficazmente vazamentos e contamina\u00e7\u00f5es cruzadas, garantindo que os alimentos permane\u00e7am frescos e deliciosos.<\/p>\n<h3><strong><b>Design empilh\u00e1vel<\/b><\/strong><\/h3>\n<p>A Caixa de Bento Japonesa WL-8530 apresenta um design inteligente empilh\u00e1vel que maximiza o espa\u00e7o de armazenamento, mantendo os itens organizados e f\u00e1ceis de guardar e transportar. Seja armazenada em arm\u00e1rios de cozinha ou embalada na bagagem para viagens, utiliza eficientemente cada cent\u00edmetro de espa\u00e7o dispon\u00edvel, tornando a vida mais simples e organizada.<\/p>\n<p><a href=\"https:\/\/www.google.com\/search?q=manluenpack\" target=\"_blank\" rel=\"noopener\">Mais informa\u00e7\u00f5es\u2026<\/a><\/p>","protected":false},"excerpt":{"rendered":"<p>The WL-8530 Japanese Bento Box (Japanese Style) offers a generous 1000 ML capacity in a sleek, space-efficient design (265*200*50 mm). Its flat yet spacious shape ensures easy portability and compact&hellip;<\/p>","protected":false},"featured_media":3007,"template":"","meta":{"_uag_custom_page_level_css":""},"product_brand":[],"product_cat":[19],"product_tag":[117,118],"class_list":{"0":"post-2957","1":"product","2":"type-product","3":"status-publish","4":"has-post-thumbnail","6":"product_cat-bento-boxes","7":"product_tag-bento-box","8":"product_tag-black","10":"first","11":"instock","12":"shipping-taxable","13":"purchasable","14":"product-type-simple"},"spectra_custom_meta":{"rank_math_internal_links_processed":["1","1","1","1","1","1","1","1","1","1","1","1","1","1","1","1","1","1","1","1","1","1","1"],"_sku":["WL-8530"],"_regular_price":["1"],"total_sales":["0"],"_tax_status":["taxable"],"_tax_class":[""],"_manage_stock":["no"],"_backorders":["no"],"_sold_individually":["no"],"_virtual":["no"],"_downloadable":["no"],"_download_limit":["0"],"_download_expiry":["0"],"_stock":[null],"_stock_status":["instock"],"_wc_average_rating":["0"],"_wc_review_count":["0"],"_product_attributes":["a:2:{s:9:\"item-size\";a:6:{s:4:\"name\";s:9:\"Item Size\";s:5:\"value\";s:12:\"265*200*50mm\";s:8:\"position\";i:0;s:10:\"is_visible\";i:1;s:12:\"is_variation\";i:0;s:11:\"is_taxonomy\";i:0;}s:7:\"qty-ctn\";a:6:{s:4:\"name\";s:7:\"QTY\/CTN\";s:5:\"value\";s:3:\"200\";s:8:\"position\";i:1;s:10:\"is_visible\";i:1;s:12:\"is_variation\";i:0;s:11:\"is_taxonomy\";i:0;}}"],"_product_version":["9.4.2"],"_price":["1"],"_wp_old_date":["2024-11-26"],"rank_math_analytic_object_id":["24"],"classic-editor-remember":["classic-editor"],"rank_math_seo_score":["81"],"rank_math_contentai_score":["a:5:{s:8:\"keywords\";s:5:\"74.51\";s:9:\"wordCount\";s:1:\"0\";s:9:\"linkCount\";s:1:\"0\";s:12:\"headingCount\";s:1:\"0\";s:10:\"mediaCount\";s:1:\"0\";}"],"_jet_woo_template":[""],"_template_type":["default"],"rank_math_primary_product_cat":["19"],"_ywraq_hide_quote_button_check":[""],"_ywraq_hide_quote_button":["0"],"rank_math_focus_keyword":["Bento Box"],"_edit_lock":["1751821974:1"],"_edit_last":["1"],"_thumbnail_id":["3007"],"_product_image_gallery":["3008,3009,3010,3011"],"_uag_css_file_name":["uag-css-2957.css"],"_uag_page_assets":["a:9:{s:3:\"css\";s:263:\".uag-blocks-common-selector{z-index:var(--z-index-desktop) !important}@media (max-width: 976px){.uag-blocks-common-selector{z-index:var(--z-index-tablet) !important}}@media (max-width: 767px){.uag-blocks-common-selector{z-index:var(--z-index-mobile) !important}}\n\";s:2:\"js\";s:0:\"\";s:18:\"current_block_list\";a:6:{i:0;s:10:\"core\/group\";i:1;s:12:\"core\/heading\";i:2;s:17:\"core\/latest-posts\";i:3;s:20:\"core\/latest-comments\";i:4;s:13:\"core\/archives\";i:5;s:15:\"core\/categories\";}s:8:\"uag_flag\";b:0;s:11:\"uag_version\";i:1777202429;s:6:\"gfonts\";a:0:{}s:10:\"gfonts_url\";s:0:\"\";s:12:\"gfonts_files\";a:0:{}s:14:\"uag_faq_layout\";b:0;}"]},"uagb_featured_image_src":{"full":["https:\/\/www.manluenpack.com\/wp-content\/uploads\/2025\/06\/WL-8530-manluen-bento-box.webp",1100,1100,false],"thumbnail":["https:\/\/www.manluenpack.com\/wp-content\/uploads\/2025\/06\/WL-8530-manluen-bento-box.webp",150,150,false],"medium":["https:\/\/www.manluenpack.com\/wp-content\/uploads\/2025\/06\/WL-8530-manluen-bento-box.webp",300,300,false],"medium_large":["https:\/\/www.manluenpack.com\/wp-content\/uploads\/2025\/06\/WL-8530-manluen-bento-box.webp",768,768,false],"large":["https:\/\/www.manluenpack.com\/wp-content\/uploads\/2025\/06\/WL-8530-manluen-bento-box.webp",1024,1024,false],"1536x1536":["https:\/\/www.manluenpack.com\/wp-content\/uploads\/2025\/06\/WL-8530-manluen-bento-box.webp",1100,1100,false],"2048x2048":["https:\/\/www.manluenpack.com\/wp-content\/uploads\/2025\/06\/WL-8530-manluen-bento-box.webp",1100,1100,false],"trp-custom-language-flag":["https:\/\/www.manluenpack.com\/wp-content\/uploads\/2025\/06\/WL-8530-manluen-bento-box.webp",12,12,false],"menu-24x24":["https:\/\/www.manluenpack.com\/wp-content\/uploads\/2025\/06\/WL-8530-manluen-bento-box.webp",24,24,false],"menu-36x36":["https:\/\/www.manluenpack.com\/wp-content\/uploads\/2025\/06\/WL-8530-manluen-bento-box.webp",36,36,false],"menu-48x48":["https:\/\/www.manluenpack.com\/wp-content\/uploads\/2025\/06\/WL-8530-manluen-bento-box.webp",48,48,false],"woocommerce_thumbnail":["https:\/\/www.manluenpack.com\/wp-content\/uploads\/2025\/06\/WL-8530-manluen-bento-box.webp",300,300,false],"woocommerce_single":["https:\/\/www.manluenpack.com\/wp-content\/uploads\/2025\/06\/WL-8530-manluen-bento-box.webp",600,600,false],"woocommerce_gallery_thumbnail":["https:\/\/www.manluenpack.com\/wp-content\/uploads\/2025\/06\/WL-8530-manluen-bento-box.webp",100,100,false]},"uagb_author_info":{"display_name":"ManLuenpack","author_link":"https:\/\/www.manluenpack.com\/pt\/author\/"},"uagb_comment_info":0,"uagb_excerpt":"The WL-8530 Japanese Bento Box (Japanese Style) offers a generous 1000 ML capacity in a sleek, space-efficient design (265*200*50 mm). Its flat yet spacious shape ensures easy portability and compact&hellip;","_links":{"self":[{"href":"https:\/\/www.manluenpack.com\/pt\/wp-json\/wp\/v2\/product\/2957","targetHints":{"allow":["GET"]}}],"collection":[{"href":"https:\/\/www.manluenpack.com\/pt\/wp-json\/wp\/v2\/product"}],"about":[{"href":"https:\/\/www.manluenpack.com\/pt\/wp-json\/wp\/v2\/types\/product"}],"wp:featuredmedia":[{"embeddable":true,"href":"https:\/\/www.manluenpack.com\/pt\/wp-json\/wp\/v2\/media\/3007"}],"wp:attachment":[{"href":"https:\/\/www.manluenpack.com\/pt\/wp-json\/wp\/v2\/media?parent=2957"}],"wp:term":[{"taxonomy":"product_brand","embeddable":true,"href":"https:\/\/www.manluenpack.com\/pt\/wp-json\/wp\/v2\/product_brand?post=2957"},{"taxonomy":"product_cat","embeddable":true,"href":"https:\/\/www.manluenpack.com\/pt\/wp-json\/wp\/v2\/product_cat?post=2957"},{"taxonomy":"product_tag","embeddable":true,"href":"https:\/\/www.manluenpack.com\/pt\/wp-json\/wp\/v2\/product_tag?post=2957"}],"curies":[{"name":"wp","href":"https:\/\/api.w.org\/{rel}","templated":true}]}}