{"id":2955,"date":"2025-06-28T14:37:31","date_gmt":"2025-06-28T06:37:31","guid":{"rendered":"https:\/\/www.manluenpack.com\/?post_type=product&#038;p=2955"},"modified":"2026-02-20T20:58:46","modified_gmt":"2026-02-20T12:58:46","slug":"wl-8525-manluen-bento-box","status":"publish","type":"product","link":"https:\/\/www.manluenpack.com\/pt\/products\/wl-8525-manluen-bento-box\/","title":{"rendered":"WL-8525 Caixa de Bento Manluen"},"content":{"rendered":"<p>A Caixa de Almo\u00e7o Gold WL-8525 Manluen apresenta um design \u00fanico de 233*162*50 mm, combinando praticidade com portabilidade. Feita com materiais de alta qualidade aliment\u00edcia, \u00e9 segura, dur\u00e1vel e leve. A sua disposi\u00e7\u00e3o inteligente de compartimentos separa eficazmente os pratos principais das acompanhamentos, evitando a mistura de sabores. O design \u00e0 prova de vazamentos garante frescura, enquanto a sua apar\u00eancia elegante preta acrescenta um toque de modernidade, atendendo \u00e0s diversas necessidades de desloca\u00e7\u00e3o, piqueniques ou alimenta\u00e7\u00e3o saud\u00e1vel\u2014tornando-se uma escolha ideal para a vida moderna.<\/p>\n<ul>\n<li>Tipo de Embalagem<br \/>\nCaixa de cart\u00e3o<\/li>\n<li>Cor<br \/>\nPreto<\/li>\n<li>Quantidade por Caixa<br \/>\nConjunto de 300 unidades<\/li>\n<li>Material<br \/>\nTampa: PET\/OPS, Base: PS\/PP<\/li>\n<li>Especifica\u00e7\u00f5es de Embalagem<br \/>\n0,082 metros c\u00fabicos<\/li>\n<\/ul>\n<p>&nbsp;<\/p>\n<ul>\n<li style=\"list-style-type: none;\">\n<table style=\"height: 160px;\" width=\"500\"><!-- \u8868\u683c\u7684\u8fb9\u6846\u4e3a1\u4e2a\u50cf\u7d20 --><!-- \u5355\u5143\u683c\u7684\u5185\u8fb9\u8ddd\u4e3a1\u50cf\u7d20 --><!-- \u5355\u5143\u683c\u4e4b\u95f4\u7684\u95f4\u8ddd\u4e3a0\u50cf\u7d20 --><!-- \u8fb9\u6846\u89c4\u5219\u4e3a\u4e24\u4fa7\u8fb9\u6846 --><\/p>\n<tbody>\n<tr>\n<td align=\"center\" bgcolor=\"EFEFEF\"><\/td>\n<td align=\"center\" bgcolor=\"EFEFEF\">Tamanho do Produto<\/td>\n<td align=\"center\" bgcolor=\"EFEFEF\">Quantidade<\/td>\n<td align=\"center\" bgcolor=\"EFEFEF\">Dimens\u00e3o da Caixa<\/td>\n<\/tr>\n<tr>\n<td align=\"center\" bgcolor=\"EFEFEF\">WL-8505<\/td>\n<td align=\"center\">136*111*50mm<\/td>\n<td align=\"center\">600<\/td>\n<td align=\"center\">435*405*465<\/td>\n<\/tr>\n<tr>\n<td align=\"center\" bgcolor=\"EFEFEF\">WL-8507<\/td>\n<td align=\"center\">168*126*50mm<\/td>\n<td align=\"center\">400<\/td>\n<td align=\"center\">530*370*350<\/td>\n<\/tr>\n<tr>\n<td align=\"center\" bgcolor=\"EFEFEF\">WL-8510<\/td>\n<td align=\"center\">183*130*50mm<\/td>\n<td align=\"center\">400<\/td>\n<td align=\"center\">535*360*385<\/td>\n<\/tr>\n<tr>\n<td align=\"center\" bgcolor=\"EFEFEF\">WL-8515<\/td>\n<td align=\"center\">205*132*50mm<\/td>\n<td align=\"center\">400<\/td>\n<td align=\"center\">545*315*415<\/td>\n<\/tr>\n<tr>\n<td align=\"center\" bgcolor=\"EFEFEF\">WL-8520<\/td>\n<td align=\"center\">215*148*50mm<\/td>\n<td align=\"center\">400<\/td>\n<td align=\"center\">600*315*447<\/td>\n<\/tr>\n<tr>\n<td align=\"center\" bgcolor=\"EFEFEF\">WL-8525<\/td>\n<td align=\"center\">233*162*50mm<\/td>\n<td align=\"center\">300<\/td>\n<td align=\"center\">490*340*493<\/td>\n<\/tr>\n<tr>\n<td align=\"center\" bgcolor=\"EFEFEF\">WL-8528<\/td>\n<td align=\"center\">238*193*50mm<\/td>\n<td align=\"center\">300<\/td>\n<td align=\"center\">720*420*400<\/td>\n<\/tr>\n<tr>\n<td align=\"center\" bgcolor=\"EFEFEF\">WL-8530<\/td>\n<td align=\"center\">265*200*50mm<\/td>\n<td align=\"center\">200<\/td>\n<td align=\"center\">535*340*412<\/td>\n<\/tr>\n<tr>\n<td align=\"center\" bgcolor=\"EFEFEF\">WL-8530H<\/td>\n<td align=\"center\">265*200*58mm<\/td>\n<td align=\"center\">200<\/td>\n<td align=\"center\">535*385*412<\/td>\n<\/tr>\n<\/tbody>\n<\/table>\n<\/li>\n<li><a href=\"https:\/\/www.manluenpack.com\/pt\/products\/\">Mais estilo, mais estilos\u2026<\/a><\/li>\n<\/ul>\n<h3><strong><b>Embalagem e entrega<\/b><\/strong><\/h3>\n<p>A Caixa de Bento Descart\u00e1vel Preto WL-8525 chega numa embalagem minimalista e elegante, amiga do ambiente, equilibrando perfeitamente funcionalidade e est\u00e9tica. Cada produto \u00e9 cuidadosamente embrulhado com materiais de alta qualidade para garantir que chegue intacto. Com uma entrega r\u00e1pida e eficiente, cada utilizador pode experimentar imediatamente a qualidade e o cuidado desta necessidade pr\u00e1tica do estilo de vida, elevando a conveni\u00eancia e eleg\u00e2ncia na hora de comer.<\/p>\n<h3><strong><b>Design empilh\u00e1vel<\/b><\/strong><\/h3>\n<p>A Caixa de Almo\u00e7o para Takeaway WL-8525 Manluen apresenta um design inteligente empilh\u00e1vel, maximizando a efici\u00eancia do espa\u00e7o e melhorando a organiza\u00e7\u00e3o do armazenamento. A sua estrutura robusta garante empilhamento seguro, quer seja armazenada em casa ou transportada em movimento, mantendo a ordem e a limpeza. Este design n\u00e3o s\u00f3 economiza espa\u00e7o, como tamb\u00e9m preserva a apar\u00eancia elegante e a praticidade da caixa, acrescentando conveni\u00eancia e efici\u00eancia ao dia a dia.<\/p>\n<h3><strong><b>Cen\u00e1rios de uso<\/b><\/strong><strong><b>\u00a0\u00a0<\/b><\/strong><\/h3>\n<p>A Caixa de Almo\u00e7o Gold WL-8525 Manluen atende facilmente \u00e0s necessidades de almo\u00e7os saud\u00e1veis de profissionais, refei\u00e7\u00f5es nutritivas de estudantes ou at\u00e9 piqueniques ao ar livre com combina\u00e7\u00f5es gourmet. A sua compartimentaliza\u00e7\u00e3o cient\u00edfica mant\u00e9m cada prato organizado, preservando os sabores originais. Leve e port\u00e1til, permite desfrutar de refei\u00e7\u00f5es deliciosas a qualquer hora e lugar. O design elegante e estiloso enriquece cada experi\u00eancia de refei\u00e7\u00e3o com eleg\u00e2ncia e alegria.<\/p>\n<h3><strong><b>\u00c0 prova de vazamentos e Dur\u00e1vel<\/b><\/strong><\/h3>\n<p>A Caixa de Bento BBQ Preto WL-8525 \u00e9 feita de materiais ecol\u00f3gicos de alta qualidade, oferecendo durabilidade excecional e resist\u00eancia a impactos e press\u00f5es. A sua superf\u00edcie lisa e refinada n\u00e3o s\u00f3 \u00e9 confort\u00e1vel ao toque, mas tamb\u00e9m f\u00e1cil de limpar. Com um design avan\u00e7ado de veda\u00e7\u00e3o \u00e0 prova de vazamentos, fecha-se firmemente, mantendo o conte\u00fado seguro, evitando derrames e fugas\u2014mesmo com pratos com molho ou durante desloca\u00e7\u00f5es longas. Um companheiro fi\u00e1vel para uso di\u00e1rio e refei\u00e7\u00f5es ao ar livre.<\/p>\n<p><a href=\"https:\/\/www.google.com\/search?q=manluenpack\" target=\"_blank\" rel=\"noopener\">Mais informa\u00e7\u00f5es\u2026<\/a><\/p>","protected":false},"excerpt":{"rendered":"<p>The WL-8525 Black Bento Box features a unique 233*162*50 mm design, combining practicality with portability. Made from premium food-grade materials, it is safe, durable, and lightweight. Its smart compartment layout&hellip;<\/p>","protected":false},"featured_media":0,"template":"","meta":{"_uag_custom_page_level_css":""},"product_brand":[],"product_cat":[19],"product_tag":[117,118],"class_list":{"0":"post-2955","1":"product","2":"type-product","3":"status-publish","5":"product_cat-bento-boxes","6":"product_tag-bento-box","7":"product_tag-black","9":"first","10":"instock","11":"shipping-taxable","12":"purchasable","13":"product-type-simple"},"spectra_custom_meta":{"rank_math_internal_links_processed":["1","1","1","1","1","1","1","1","1","1","1","1","1","1","1","1","1","1","1","1","1","1","1","1","1","1","1","1","1","1","1","1","1","1"],"_sku":["WL-8525"],"_regular_price":["1"],"total_sales":["0"],"_tax_status":["taxable"],"_tax_class":[""],"_manage_stock":["no"],"_backorders":["no"],"_sold_individually":["no"],"_virtual":["no"],"_downloadable":["no"],"_download_limit":["0"],"_download_expiry":["0"],"_stock":[null],"_stock_status":["instock"],"_wc_average_rating":["0"],"_wc_review_count":["0"],"_product_attributes":["a:2:{s:9:\"item-size\";a:6:{s:4:\"name\";s:9:\"Item Size\";s:5:\"value\";s:12:\"233*162*50mm\";s:8:\"position\";i:0;s:10:\"is_visible\";i:1;s:12:\"is_variation\";i:0;s:11:\"is_taxonomy\";i:0;}s:7:\"qty-ctn\";a:6:{s:4:\"name\";s:7:\"QTY\/CTN\";s:5:\"value\";s:3:\"300\";s:8:\"position\";i:1;s:10:\"is_visible\";i:1;s:12:\"is_variation\";i:0;s:11:\"is_taxonomy\";i:0;}}"],"_product_version":["10.5.2"],"_price":["1"],"_wp_old_date":["2024-11-26"],"rank_math_analytic_object_id":["24"],"classic-editor-remember":["classic-editor"],"rank_math_seo_score":["100"],"rank_math_contentai_score":["a:5:{s:8:\"keywords\";s:5:\"74.51\";s:9:\"wordCount\";s:1:\"0\";s:9:\"linkCount\";s:1:\"0\";s:12:\"headingCount\";s:1:\"0\";s:10:\"mediaCount\";s:1:\"0\";}"],"_jet_woo_template":[""],"_template_type":["default"],"rank_math_primary_product_cat":["19"],"_ywraq_hide_quote_button_check":[""],"_ywraq_hide_quote_button":["0"],"rank_math_focus_keyword":["Bento Box,Black Bento Box"],"_edit_lock":["1771592216:1"],"_edit_last":["1"],"_product_image_gallery":["3000,2999,4749,4750,4751"],"_uag_css_file_name":["uag-css-2955.css"],"_uag_page_assets":["a:9:{s:3:\"css\";s:0:\"\";s:2:\"js\";s:0:\"\";s:18:\"current_block_list\";a:6:{i:0;s:10:\"core\/group\";i:1;s:12:\"core\/heading\";i:2;s:17:\"core\/latest-posts\";i:3;s:20:\"core\/latest-comments\";i:4;s:13:\"core\/archives\";i:5;s:15:\"core\/categories\";}s:8:\"uag_flag\";b:0;s:11:\"uag_version\";i:1777293626;s:6:\"gfonts\";a:0:{}s:10:\"gfonts_url\";s:0:\"\";s:12:\"gfonts_files\";a:0:{}s:14:\"uag_faq_layout\";b:0;}"]},"uagb_featured_image_src":{"full":false,"thumbnail":false,"medium":false,"medium_large":false,"large":false,"1536x1536":false,"2048x2048":false,"trp-custom-language-flag":false,"menu-24x24":false,"menu-36x36":false,"menu-48x48":false,"woocommerce_thumbnail":false,"woocommerce_single":false,"woocommerce_gallery_thumbnail":false},"uagb_author_info":{"display_name":"ManLuenpack","author_link":"https:\/\/www.manluenpack.com\/pt\/author\/"},"uagb_comment_info":0,"uagb_excerpt":"The WL-8525 Black Bento Box features a unique 233*162*50 mm design, combining practicality with portability. Made from premium food-grade materials, it is safe, durable, and lightweight. Its smart compartment layout&hellip;","_links":{"self":[{"href":"https:\/\/www.manluenpack.com\/pt\/wp-json\/wp\/v2\/product\/2955","targetHints":{"allow":["GET"]}}],"collection":[{"href":"https:\/\/www.manluenpack.com\/pt\/wp-json\/wp\/v2\/product"}],"about":[{"href":"https:\/\/www.manluenpack.com\/pt\/wp-json\/wp\/v2\/types\/product"}],"wp:attachment":[{"href":"https:\/\/www.manluenpack.com\/pt\/wp-json\/wp\/v2\/media?parent=2955"}],"wp:term":[{"taxonomy":"product_brand","embeddable":true,"href":"https:\/\/www.manluenpack.com\/pt\/wp-json\/wp\/v2\/product_brand?post=2955"},{"taxonomy":"product_cat","embeddable":true,"href":"https:\/\/www.manluenpack.com\/pt\/wp-json\/wp\/v2\/product_cat?post=2955"},{"taxonomy":"product_tag","embeddable":true,"href":"https:\/\/www.manluenpack.com\/pt\/wp-json\/wp\/v2\/product_tag?post=2955"}],"curies":[{"name":"wp","href":"https:\/\/api.w.org\/{rel}","templated":true}]}}