{"id":2917,"date":"2025-06-28T10:34:08","date_gmt":"2025-06-28T02:34:08","guid":{"rendered":"https:\/\/www.manluenpack.com\/?post_type=product&#038;p=2917"},"modified":"2025-07-07T23:23:36","modified_gmt":"2025-07-07T15:23:36","slug":"wl-8505-manluen-bento-box","status":"publish","type":"product","link":"https:\/\/www.manluenpack.com\/pt\/products\/wl-8505-manluen-bento-box\/","title":{"rendered":"WL-8505 Caixa de Bento Manluen"},"content":{"rendered":"<p>A Caixa de Almo\u00e7o Bento WL-8505 The Manluen apresenta um design compacto \u00fanico de 136*111*50 mm, equilibrando portabilidade e praticidade. Com uma apar\u00eancia minimalista e elegante, combinada com veda\u00e7\u00e3o \u00e0 prova de fugas de alta qualidade, atende \u00e0s necessidades de refei\u00e7\u00f5es personalizadas. Feita de materiais leves, mas dur\u00e1veis, \u00e9 f\u00e1cil de guardar e uma escolha ideal para desloca\u00e7\u00f5es di\u00e1rias, atividades ao ar livre ou combina\u00e7\u00f5es de refei\u00e7\u00f5es saud\u00e1veis, adicionando conveni\u00eancia e eleg\u00e2ncia \u00e0 sua vida.<\/p>\n<ul>\n<li>Tipo de Embalagem<br \/>\nCaixa de cart\u00e3o<\/li>\n<li>Cor<br \/>\nPreto<\/li>\n<li>Quantidade por Caixa<br \/>\n600 conjuntos<\/li>\n<li>Material<br \/>\nTampa: PET\/OPS, Base: PS\/PP<\/li>\n<li>Especifica\u00e7\u00f5es de Embalagem<br \/>\n0,082 metros c\u00fabicos<\/li>\n<\/ul>\n<p>&nbsp;<\/p>\n<ul>\n<li style=\"list-style-type: none;\">\n<table style=\"height: 160px;\" width=\"500\"><!-- \u8868\u683c\u7684\u8fb9\u6846\u4e3a1\u4e2a\u50cf\u7d20 --><!-- \u5355\u5143\u683c\u7684\u5185\u8fb9\u8ddd\u4e3a1\u50cf\u7d20 --><!-- \u5355\u5143\u683c\u4e4b\u95f4\u7684\u95f4\u8ddd\u4e3a0\u50cf\u7d20 --><!-- \u8fb9\u6846\u89c4\u5219\u4e3a\u4e24\u4fa7\u8fb9\u6846 --><\/p>\n<tbody>\n<tr>\n<td align=\"center\" bgcolor=\"EFEFEF\"><\/td>\n<td align=\"center\" bgcolor=\"EFEFEF\">Tamanho do Produto<\/td>\n<td align=\"center\" bgcolor=\"EFEFEF\">Quantidade<\/td>\n<td align=\"center\" bgcolor=\"EFEFEF\">Dimens\u00e3o da Caixa<\/td>\n<\/tr>\n<tr>\n<td align=\"center\" bgcolor=\"EFEFEF\">WL-8505<\/td>\n<td align=\"center\">136*111*50mm<\/td>\n<td align=\"center\">600<\/td>\n<td align=\"center\">435*405*465<\/td>\n<\/tr>\n<tr>\n<td align=\"center\" bgcolor=\"EFEFEF\">WL-8507<\/td>\n<td align=\"center\">168*126*50mm<\/td>\n<td align=\"center\">400<\/td>\n<td align=\"center\">530*370*350<\/td>\n<\/tr>\n<tr>\n<td align=\"center\" bgcolor=\"EFEFEF\">WL-8510<\/td>\n<td align=\"center\">183*130*50mm<\/td>\n<td align=\"center\">400<\/td>\n<td align=\"center\">535*360*385<\/td>\n<\/tr>\n<tr>\n<td align=\"center\" bgcolor=\"EFEFEF\">WL-8515<\/td>\n<td align=\"center\">205*132*50mm<\/td>\n<td align=\"center\">400<\/td>\n<td align=\"center\">545*315*415<\/td>\n<\/tr>\n<tr>\n<td align=\"center\" bgcolor=\"EFEFEF\">WL-8520<\/td>\n<td align=\"center\">215*148*50mm<\/td>\n<td align=\"center\">400<\/td>\n<td align=\"center\">600*315*447<\/td>\n<\/tr>\n<tr>\n<td align=\"center\" bgcolor=\"EFEFEF\">WL-8525<\/td>\n<td align=\"center\">233*162*50mm<\/td>\n<td align=\"center\">300<\/td>\n<td align=\"center\">490*340*493<\/td>\n<\/tr>\n<tr>\n<td align=\"center\" bgcolor=\"EFEFEF\">WL-8528<\/td>\n<td align=\"center\">238*193*50mm<\/td>\n<td align=\"center\">300<\/td>\n<td align=\"center\">720*420*400<\/td>\n<\/tr>\n<tr>\n<td align=\"center\" bgcolor=\"EFEFEF\">WL-8530<\/td>\n<td align=\"center\">265*200*50mm<\/td>\n<td align=\"center\">200<\/td>\n<td align=\"center\">535*340*412<\/td>\n<\/tr>\n<tr>\n<td align=\"center\" bgcolor=\"EFEFEF\">WL-8530H<\/td>\n<td align=\"center\">265*200*58mm<\/td>\n<td align=\"center\">200<\/td>\n<td align=\"center\">535*385*412<\/td>\n<\/tr>\n<\/tbody>\n<\/table>\n<\/li>\n<li><a href=\"https:\/\/www.manluenpack.com\/pt\/products\/\">Mais estilo, mais estilos\u2026<\/a><\/li>\n<\/ul>\n<h3><strong><b>Embalagem e entrega<\/b><\/strong><\/h3>\n<p>A Caixa de Bento de Pl\u00e1stico WL-8505 Manluen vem numa embalagem simples e ecol\u00f3gica, enfatizando qualidade e aten\u00e7\u00e3o aos detalhes. Cada caixa de bento \u00e9 cuidadosamente embrulhada para garantir que chegue segura e intacta \u00e0s suas m\u00e3os. O nosso servi\u00e7o de entrega eficiente e preciso garante que este item pr\u00e1tico e elegante chegue a tempo, acrescentando cuidado e conveni\u00eancia \u00e0 sua vida.<\/p>\n<h3><strong><b>Cen\u00e1rios de uso<\/b><\/strong><strong><b>\u00a0\u00a0<\/b><\/strong><\/h3>\n<p>A Mini Caixa de Bento Manluen WL-8505 encaixa-se perfeitamente em v\u00e1rias situa\u00e7\u00f5es, seja para o almo\u00e7o no trabalho, uma refei\u00e7\u00e3o escolar, um piquenique ao ar livre ou refei\u00e7\u00f5es de fitness. O seu design compacto e port\u00e1til, juntamente com a funcionalidade \u00e0 prova de fugas, torna poss\u00edvel comer de forma saud\u00e1vel a qualquer hora, em qualquer lugar. A apar\u00eancia minimalista e elegante acrescenta um toque de classe a cada refei\u00e7\u00e3o, tornando-se o companheiro perfeito para uma vida moderna.<\/p>\n<h3><strong><b>\u00c0 Prova de Fugas e Durabilidade Robusta <\/b><\/strong><\/h3>\n<p>A nossa Caixa de Bento de Sushi WL-8505 Manluen utiliza tecnologia avan\u00e7ada de veda\u00e7\u00e3o para garantir que n\u00e3o haja fugas durante o transporte, mantendo o ambiente limpo. Al\u00e9m disso, a sua estrutura robusta e dur\u00e1vel pode suportar um certo grau de press\u00e3o e impacto, protegendo a sua comida de danos.<\/p>\n<h3><strong><b>Design empilh\u00e1vel <\/b><\/strong><\/h3>\n<p>A Caixa de Bento WL-8505 Manluen apresenta um design inteligente empilh\u00e1vel que \u00e9 est\u00e1vel, economiza espa\u00e7o e melhora a efici\u00eancia de armazenamento. Seja guardada em casa ou levada ao exterior, o seu design organizado e cuidado reflete praticidade e est\u00e9tica, atendendo a diversas necessidades de alimenta\u00e7\u00e3o enquanto acrescenta conveni\u00eancia e eleg\u00e2ncia \u00e0 sua vida.<\/p>\n<p><a href=\"https:\/\/www.google.com\/search?q=manluenpack\" target=\"_blank\" rel=\"noopener\">Mais informa\u00e7\u00f5es\u2026<\/a><\/p>","protected":false},"excerpt":{"rendered":"<p>WL-8505 The Manluen Bento Lunch Box features a unique compact design of 136*111*50 mm, balancing portability and practicality. With its minimalist and stylish appearance, paired with premium leak-proof sealing, it&hellip;<\/p>","protected":false},"featured_media":2918,"template":"","meta":{"_uag_custom_page_level_css":""},"product_brand":[],"product_cat":[19],"product_tag":[117,118],"class_list":{"0":"post-2917","1":"product","2":"type-product","3":"status-publish","4":"has-post-thumbnail","6":"product_cat-bento-boxes","7":"product_tag-bento-box","8":"product_tag-black","10":"first","11":"instock","12":"shipping-taxable","13":"purchasable","14":"product-type-simple"},"spectra_custom_meta":{"rank_math_internal_links_processed":["1","1","1","1","1","1","1","1","1","1","1","1","1","1","1","1","1","1","1","1","1","1","1","1","1","1","1","1"],"_sku":["WL-8505"],"_regular_price":["1"],"total_sales":["0"],"_tax_status":["taxable"],"_tax_class":[""],"_manage_stock":["no"],"_backorders":["no"],"_sold_individually":["no"],"_virtual":["no"],"_downloadable":["no"],"_product_image_gallery":["2922,2921,2920,2919"],"_download_limit":["0"],"_download_expiry":["0"],"_thumbnail_id":["2918"],"_stock":[null],"_stock_status":["instock"],"_wc_average_rating":["0"],"_wc_review_count":["0"],"_product_attributes":["a:2:{s:9:\"item-size\";a:6:{s:4:\"name\";s:9:\"Item Size\";s:5:\"value\";s:12:\"136*111*50mm\";s:8:\"position\";i:0;s:10:\"is_visible\";i:1;s:12:\"is_variation\";i:0;s:11:\"is_taxonomy\";i:0;}s:7:\"qty-ctn\";a:6:{s:4:\"name\";s:7:\"QTY\/CTN\";s:5:\"value\";s:3:\"600\";s:8:\"position\";i:1;s:10:\"is_visible\";i:1;s:12:\"is_variation\";i:0;s:11:\"is_taxonomy\";i:0;}}"],"_product_version":["9.4.2"],"_price":["1"],"_wp_old_date":["2024-11-26"],"rank_math_analytic_object_id":["24"],"classic-editor-remember":["classic-editor"],"rank_math_seo_score":["78"],"rank_math_contentai_score":["a:5:{s:8:\"keywords\";s:5:\"74.51\";s:9:\"wordCount\";s:1:\"0\";s:9:\"linkCount\";s:1:\"0\";s:12:\"headingCount\";s:1:\"0\";s:10:\"mediaCount\";s:1:\"0\";}"],"_jet_woo_template":[""],"_template_type":["default"],"rank_math_primary_product_cat":["19"],"_ywraq_hide_quote_button_check":[""],"_ywraq_hide_quote_button":["0"],"_edit_lock":["1751901730:1"],"rank_math_focus_keyword":["Bento Box,Bento Box"],"_edit_last":["1"],"_wp_old_slug":["ml-8505-manluen-bento-box"],"_uag_css_file_name":["uag-css-2917.css"],"_uag_page_assets":["a:9:{s:3:\"css\";s:263:\".uag-blocks-common-selector{z-index:var(--z-index-desktop) !important}@media (max-width: 976px){.uag-blocks-common-selector{z-index:var(--z-index-tablet) !important}}@media (max-width: 767px){.uag-blocks-common-selector{z-index:var(--z-index-mobile) !important}}\n\";s:2:\"js\";s:0:\"\";s:18:\"current_block_list\";a:6:{i:0;s:10:\"core\/group\";i:1;s:12:\"core\/heading\";i:2;s:17:\"core\/latest-posts\";i:3;s:20:\"core\/latest-comments\";i:4;s:13:\"core\/archives\";i:5;s:15:\"core\/categories\";}s:8:\"uag_flag\";b:0;s:11:\"uag_version\";i:1777197993;s:6:\"gfonts\";a:0:{}s:10:\"gfonts_url\";s:0:\"\";s:12:\"gfonts_files\";a:0:{}s:14:\"uag_faq_layout\";b:0;}"]},"uagb_featured_image_src":{"full":["https:\/\/www.manluenpack.com\/wp-content\/uploads\/2025\/06\/WL-8505-manluen-bento-box.webp",1100,1100,false],"thumbnail":["https:\/\/www.manluenpack.com\/wp-content\/uploads\/2025\/06\/WL-8505-manluen-bento-box.webp",150,150,false],"medium":["https:\/\/www.manluenpack.com\/wp-content\/uploads\/2025\/06\/WL-8505-manluen-bento-box.webp",300,300,false],"medium_large":["https:\/\/www.manluenpack.com\/wp-content\/uploads\/2025\/06\/WL-8505-manluen-bento-box.webp",768,768,false],"large":["https:\/\/www.manluenpack.com\/wp-content\/uploads\/2025\/06\/WL-8505-manluen-bento-box.webp",1024,1024,false],"1536x1536":["https:\/\/www.manluenpack.com\/wp-content\/uploads\/2025\/06\/WL-8505-manluen-bento-box.webp",1100,1100,false],"2048x2048":["https:\/\/www.manluenpack.com\/wp-content\/uploads\/2025\/06\/WL-8505-manluen-bento-box.webp",1100,1100,false],"trp-custom-language-flag":["https:\/\/www.manluenpack.com\/wp-content\/uploads\/2025\/06\/WL-8505-manluen-bento-box.webp",12,12,false],"menu-24x24":["https:\/\/www.manluenpack.com\/wp-content\/uploads\/2025\/06\/WL-8505-manluen-bento-box.webp",24,24,false],"menu-36x36":["https:\/\/www.manluenpack.com\/wp-content\/uploads\/2025\/06\/WL-8505-manluen-bento-box.webp",36,36,false],"menu-48x48":["https:\/\/www.manluenpack.com\/wp-content\/uploads\/2025\/06\/WL-8505-manluen-bento-box.webp",48,48,false],"woocommerce_thumbnail":["https:\/\/www.manluenpack.com\/wp-content\/uploads\/2025\/06\/WL-8505-manluen-bento-box.webp",300,300,false],"woocommerce_single":["https:\/\/www.manluenpack.com\/wp-content\/uploads\/2025\/06\/WL-8505-manluen-bento-box.webp",600,600,false],"woocommerce_gallery_thumbnail":["https:\/\/www.manluenpack.com\/wp-content\/uploads\/2025\/06\/WL-8505-manluen-bento-box.webp",100,100,false]},"uagb_author_info":{"display_name":"ManLuenpack","author_link":"https:\/\/www.manluenpack.com\/pt\/author\/"},"uagb_comment_info":0,"uagb_excerpt":"WL-8505 The Manluen Bento Lunch Box features a unique compact design of 136*111*50 mm, balancing portability and practicality. With its minimalist and stylish appearance, paired with premium leak-proof sealing, it&hellip;","_links":{"self":[{"href":"https:\/\/www.manluenpack.com\/pt\/wp-json\/wp\/v2\/product\/2917","targetHints":{"allow":["GET"]}}],"collection":[{"href":"https:\/\/www.manluenpack.com\/pt\/wp-json\/wp\/v2\/product"}],"about":[{"href":"https:\/\/www.manluenpack.com\/pt\/wp-json\/wp\/v2\/types\/product"}],"wp:featuredmedia":[{"embeddable":true,"href":"https:\/\/www.manluenpack.com\/pt\/wp-json\/wp\/v2\/media\/2918"}],"wp:attachment":[{"href":"https:\/\/www.manluenpack.com\/pt\/wp-json\/wp\/v2\/media?parent=2917"}],"wp:term":[{"taxonomy":"product_brand","embeddable":true,"href":"https:\/\/www.manluenpack.com\/pt\/wp-json\/wp\/v2\/product_brand?post=2917"},{"taxonomy":"product_cat","embeddable":true,"href":"https:\/\/www.manluenpack.com\/pt\/wp-json\/wp\/v2\/product_cat?post=2917"},{"taxonomy":"product_tag","embeddable":true,"href":"https:\/\/www.manluenpack.com\/pt\/wp-json\/wp\/v2\/product_tag?post=2917"}],"curies":[{"name":"wp","href":"https:\/\/api.w.org\/{rel}","templated":true}]}}