{"id":2879,"date":"2025-06-27T22:03:12","date_gmt":"2025-06-27T14:03:12","guid":{"rendered":"https:\/\/www.manluenpack.com\/?post_type=product&#038;p=2879"},"modified":"2025-07-10T18:05:07","modified_gmt":"2025-07-10T10:05:07","slug":"wl-01-manluen-sushi-tray","status":"publish","type":"product","link":"https:\/\/www.manluenpack.com\/pt\/products\/wl-01-manluen-sushi-tray\/","title":{"rendered":"Bandeja de Sushi Manluen WL-01"},"content":{"rendered":"<h3><strong><b>Cen\u00e1rios de uso <\/b><\/strong><strong><b>de Bandeja de Sushi Manluen WL-01<\/b><\/strong><\/h3>\n<ul>\n<li>Supermercado<\/li>\n<\/ul>\n<p>Loja de sushi para levar, loja de sobremesas, banquete de catering de alta qualidade<\/p>\n<ul>\n<li>In\u00edcio<\/li>\n<\/ul>\n<p>Sushi para piquenique, reuni\u00e3o familiar, Bandeja de Frutas<\/p>\n<ul>\n<li>Vantagens da Embalagem<\/li>\n<\/ul>\n<p>A bandeja de sushi possui entalhes antiderrapantes para evitar que a comida escorregue e \u00e9 conveniente para levar para fora. Tamb\u00e9m vem com uma tampa transparente para garantir que a comida esteja fresca.<\/p>\n<p>&nbsp;<\/p>\n<h3>Embalagem da Bandeja de Sushi Manluen<\/h3>\n<ul>\n<li>Resistente a gordura e vazamentos: Nossos recipientes s\u00e3o resistentes a gordura e vazamentos, para que possa embalar alimentos com molho, almo\u00e7os ou sobras. N\u00e3o precisar\u00e1 preocupar-se com alimentos a escorrer e criar bagun\u00e7a!<\/li>\n<li>Manter as Refei\u00e7\u00f5es Frescas: Cada pedido inclui tampas coordenadas que encaixam com seguran\u00e7a nos recipientes para selar a comida e manter as refei\u00e7\u00f5es frescas. Nossas tampas tamb\u00e9m t\u00eam acabamento transparente para mostrar os rolos de sushi e aperitivos.<\/li>\n<li>Sem Necessidade de Limpeza: Feitos de pl\u00e1stico dur\u00e1vel, nossos recipientes oferecem uma maneira r\u00e1pida e f\u00e1cil de limpar ap\u00f3s eventos. Al\u00e9m disso, s\u00e3o resistentes para suportar pratos pesados!<\/li>\n<li>Variedade de Tamanhos de Bandeja Dispon\u00edveis: Com diferentes tamanhos de bandeja dispon\u00edveis, nossas bandejas de pl\u00e1stico s\u00e3o projetadas para conter sauces e rolos de forma segura. Pode facilmente embalar v\u00e1rios nigiris ou sashimis juntamente com molhos picantes!<\/li>\n<li>Melhore as suas Apresenta\u00e7\u00f5es: Escolha entre os nossos designs de borda curva ou de borda plana para melhorar a apar\u00eancia das suas refei\u00e7\u00f5es embaladas. S\u00e3o perfeitos para distribuir snacks e refei\u00e7\u00f5es em festas, piqueniques e mais!<\/li>\n<li>Mantenha-se Bem Fornecido: Nossos recipientes s\u00e3o vendidos em grandes quantidades, para que n\u00e3o precise preocupar-se em ficar sem durante grandes celebra\u00e7\u00f5es. Nenhum convidado ficar\u00e1 sem o seu snack!<\/li>\n<\/ul>\n<p>&nbsp;<\/p>\n<h3>Especifica\u00e7\u00f5es da Bandeja de Sushi<\/h3>\n<ul>\n<li>N\u00famero do modelo: 00, 0.1, 0.6, 01, 03, 05, 07, 09, 11<br \/>\nB01, B03, B05, B07, B09, 20B, 30B, 40B<\/li>\n<\/ul>\n<p><a href=\"https:\/\/www.manluenpack.com\/pt\/products\/\">(Forne\u00e7a m\u00faltiplos modelos de produto para atender \u00e0s suas necessidades.)<\/a><\/p>\n<ul>\n<li>Tamanho: 142*82*45mm, 111*101*45mm, 167*92*45mm, 226*96*45mm, 168*118*45mm, 188*132*45mm, 219*139*45mm, 241*148*45mm, 260*188*45mm<br \/>\nB: 240*112*55mm, 180*150*55mm, 206*147*55mm, 238*149*55mm, 266*147*55mm, 195*118*60mm, 243*118*60mm, 190*190*60mm<\/li>\n<li>Material: Tampa: PET Base: PP \/ Tampa: OPS Base: PS<\/li>\n<\/ul>\n<p>&nbsp;<\/p>\n<h3>Design empilh\u00e1vel<\/h3>\n<ul>\n<li>Adotar um design empilh\u00e1vel inteligente maximiza o uso do espa\u00e7o de armazenamento e melhora a efici\u00eancia do transporte e armazenamento.<\/li>\n<li>O design de empilhamento est\u00e1vel minimiza o risco de tombamento, previne danos de forma eficaz, oferece uma experi\u00eancia ecol\u00f3gica e pr\u00e1tica ao utilizador, e torna o manuseio de alimentos mais f\u00e1cil e organizado.<\/li>\n<\/ul>\n<p>&nbsp;<\/p>\n<h3>Embalagem e Entrega<\/h3>\n<ul>\n<li>Embalagem padr\u00e3o: de acordo com os diferentes tamanhos de produtos<\/li>\n<li>Entrega eficiente global: Suporte a LOGO personalizado (quantidade m\u00ednima de pedido de 5000 pe\u00e7as)<\/li>\n<\/ul>\n<p>&nbsp;<\/p>\n<h3>Perguntas e Respostas<\/h3>\n<ul>\n<li>Q1: O que <a href=\"https:\/\/en.wikipedia.org\/wiki\/Plastic_container\" target=\"_blank\" rel=\"noopener\">\u00e9 esta bandeja de sushi de pl\u00e1stico feita de? \u00c9 segura\uff1f<\/a><\/li>\n<\/ul>\n<p>\u2192 A1: Feita de PP de grau aliment\u00edcio, certificada pela FDA e SGS, n\u00e3o t\u00f3xica e inodora, resistente a temperaturas de -20\u2103 a 120\u2103, e segura para contato com gordura e alimentos \u00e1cidos.<\/p>\n<ul>\n<li>Q2: Pode ser usada no micro-ondas ou refrigerada?<\/li>\n<\/ul>\n<p>\u2192 Aquecimento no micro-ondas: Recomenda-se usar calor m\u00e9dio a baixo por 1-2 minutos para evitar superaquecimento e deforma\u00e7\u00e3o.<\/p>\n<p>Refrigera\u00e7\u00e3o, Congelamento: Selar para evitar contamina\u00e7\u00e3o cruzada de sabores e prevenir fragilidade.<\/p>","protected":false},"excerpt":{"rendered":"<p>Cen\u00e1rios de Utiliza\u00e7\u00e3o da Bandeja de Sushi Manluen WL-01 Supermercado Takeaway, loja de sushi, loja de sobremesas, catering de alta qualidade, Banquete, Casa, Piquenique com sushi, reuni\u00e3o familiar, Vantagens da Bandeja de Frutas A bandeja de sushi possui antiderrapante\u2026<\/p>","protected":false},"featured_media":3109,"template":"","meta":{"_uag_custom_page_level_css":""},"product_brand":[],"product_cat":[23],"product_tag":[246,248,102,247],"class_list":{"0":"post-2879","1":"product","2":"type-product","3":"status-publish","4":"has-post-thumbnail","6":"product_cat-sushi-trays","7":"product_tag-fish","8":"product_tag-fruit","9":"product_tag-sushi","10":"product_tag-tray","12":"first","13":"instock","14":"featured","15":"shipping-taxable","16":"purchasable","17":"product-type-simple"},"spectra_custom_meta":{"rank_math_internal_links_processed":["1","1"],"_sku":["WL-01"],"_regular_price":["1"],"total_sales":["0"],"_tax_status":["taxable"],"_tax_class":[""],"_manage_stock":["no"],"_backorders":["no"],"_sold_individually":["no"],"_virtual":["no"],"_downloadable":["no"],"_product_image_gallery":["3108,3107,3106,3105,3104"],"_download_limit":["0"],"_download_expiry":["0"],"_thumbnail_id":["3109"],"_stock":[null],"_stock_status":["instock"],"_wc_average_rating":["0"],"_wc_review_count":["0"],"_product_attributes":["a:4:{s:15:\"item-dimensions\";a:6:{s:4:\"name\";s:15:\"Item Dimensions\";s:5:\"value\";s:13:\"250*622*200mm\";s:8:\"position\";i:0;s:10:\"is_visible\";i:1;s:12:\"is_variation\";i:0;s:11:\"is_taxonomy\";i:0;}s:7:\"qty-ctn\";a:6:{s:4:\"name\";s:7:\"QTY\/CTN\";s:5:\"value\";s:3:\"200\";s:8:\"position\";i:1;s:10:\"is_visible\";i:1;s:12:\"is_variation\";i:0;s:11:\"is_taxonomy\";i:0;}s:14:\"ctn-dimensions\";a:6:{s:4:\"name\";s:14:\"CTN Dimensions\";s:5:\"value\";s:8:\"51*21*22\";s:8:\"position\";i:2;s:10:\"is_visible\";i:1;s:12:\"is_variation\";i:0;s:11:\"is_taxonomy\";i:0;}s:6:\"weight\";a:6:{s:4:\"name\";s:6:\"Weight\";s:5:\"value\";s:3:\"8kg\";s:8:\"position\";i:3;s:10:\"is_visible\";i:1;s:12:\"is_variation\";i:0;s:11:\"is_taxonomy\";i:0;}}"],"_product_version":["9.4.2"],"_price":["1"],"_wp_old_date":[""],"rank_math_analytic_object_id":["24"],"classic-editor-remember":["classic-editor"],"rank_math_seo_score":["81"],"_jet_woo_template":[""],"_template_type":["default"],"rank_math_primary_product_cat":["23"],"_ywraq_hide_quote_button_check":[""],"_ywraq_hide_quote_button":["0"],"rank_math_contentai_score":["a:5:{s:8:\"keywords\";s:5:\"74.51\";s:9:\"wordCount\";s:1:\"0\";s:9:\"linkCount\";s:1:\"0\";s:12:\"headingCount\";s:1:\"0\";s:10:\"mediaCount\";s:1:\"0\";}"],"rank_math_focus_keyword":["Sushi Tray"],"_edit_lock":["1754365008:1"],"_edit_last":["1"],"_uag_css_file_name":["uag-css-2879.css"],"_uag_page_assets":["a:9:{s:3:\"css\";s:0:\"\";s:2:\"js\";s:0:\"\";s:18:\"current_block_list\";a:6:{i:0;s:10:\"core\/group\";i:1;s:12:\"core\/heading\";i:2;s:17:\"core\/latest-posts\";i:3;s:20:\"core\/latest-comments\";i:4;s:13:\"core\/archives\";i:5;s:15:\"core\/categories\";}s:8:\"uag_flag\";b:0;s:11:\"uag_version\";i:1777293626;s:6:\"gfonts\";a:0:{}s:10:\"gfonts_url\";s:0:\"\";s:12:\"gfonts_files\";a:0:{}s:14:\"uag_faq_layout\";b:0;}"]},"uagb_featured_image_src":{"full":["https:\/\/www.manluenpack.com\/wp-content\/uploads\/2025\/06\/WL-01-Manluen-Sushi-Tray-1.webp",1000,1000,false],"thumbnail":["https:\/\/www.manluenpack.com\/wp-content\/uploads\/2025\/06\/WL-01-Manluen-Sushi-Tray-1.webp",150,150,false],"medium":["https:\/\/www.manluenpack.com\/wp-content\/uploads\/2025\/06\/WL-01-Manluen-Sushi-Tray-1.webp",300,300,false],"medium_large":["https:\/\/www.manluenpack.com\/wp-content\/uploads\/2025\/06\/WL-01-Manluen-Sushi-Tray-1.webp",768,768,false],"large":["https:\/\/www.manluenpack.com\/wp-content\/uploads\/2025\/06\/WL-01-Manluen-Sushi-Tray-1.webp",1000,1000,false],"1536x1536":["https:\/\/www.manluenpack.com\/wp-content\/uploads\/2025\/06\/WL-01-Manluen-Sushi-Tray-1.webp",1000,1000,false],"2048x2048":["https:\/\/www.manluenpack.com\/wp-content\/uploads\/2025\/06\/WL-01-Manluen-Sushi-Tray-1.webp",1000,1000,false],"trp-custom-language-flag":["https:\/\/www.manluenpack.com\/wp-content\/uploads\/2025\/06\/WL-01-Manluen-Sushi-Tray-1.webp",12,12,false],"menu-24x24":["https:\/\/www.manluenpack.com\/wp-content\/uploads\/2025\/06\/WL-01-Manluen-Sushi-Tray-1.webp",24,24,false],"menu-36x36":["https:\/\/www.manluenpack.com\/wp-content\/uploads\/2025\/06\/WL-01-Manluen-Sushi-Tray-1.webp",36,36,false],"menu-48x48":["https:\/\/www.manluenpack.com\/wp-content\/uploads\/2025\/06\/WL-01-Manluen-Sushi-Tray-1.webp",48,48,false],"woocommerce_thumbnail":["https:\/\/www.manluenpack.com\/wp-content\/uploads\/2025\/06\/WL-01-Manluen-Sushi-Tray-1.webp",300,300,false],"woocommerce_single":["https:\/\/www.manluenpack.com\/wp-content\/uploads\/2025\/06\/WL-01-Manluen-Sushi-Tray-1.webp",600,600,false],"woocommerce_gallery_thumbnail":["https:\/\/www.manluenpack.com\/wp-content\/uploads\/2025\/06\/WL-01-Manluen-Sushi-Tray-1.webp",100,100,false]},"uagb_author_info":{"display_name":"ManLuenpack","author_link":"https:\/\/www.manluenpack.com\/pt\/author\/"},"uagb_comment_info":0,"uagb_excerpt":"Usage Scenarios of WL-01 Manluen Sushi Tray Supermarket Takeaway sushi shop, dessert shop, High-end catering banquet Home Picnic sushi, family gathering, Fruit Tray Pack Advantages The sushi tray has anti-slip&hellip;","_links":{"self":[{"href":"https:\/\/www.manluenpack.com\/pt\/wp-json\/wp\/v2\/product\/2879","targetHints":{"allow":["GET"]}}],"collection":[{"href":"https:\/\/www.manluenpack.com\/pt\/wp-json\/wp\/v2\/product"}],"about":[{"href":"https:\/\/www.manluenpack.com\/pt\/wp-json\/wp\/v2\/types\/product"}],"wp:featuredmedia":[{"embeddable":true,"href":"https:\/\/www.manluenpack.com\/pt\/wp-json\/wp\/v2\/media\/3109"}],"wp:attachment":[{"href":"https:\/\/www.manluenpack.com\/pt\/wp-json\/wp\/v2\/media?parent=2879"}],"wp:term":[{"taxonomy":"product_brand","embeddable":true,"href":"https:\/\/www.manluenpack.com\/pt\/wp-json\/wp\/v2\/product_brand?post=2879"},{"taxonomy":"product_cat","embeddable":true,"href":"https:\/\/www.manluenpack.com\/pt\/wp-json\/wp\/v2\/product_cat?post=2879"},{"taxonomy":"product_tag","embeddable":true,"href":"https:\/\/www.manluenpack.com\/pt\/wp-json\/wp\/v2\/product_tag?post=2879"}],"curies":[{"name":"wp","href":"https:\/\/api.w.org\/{rel}","templated":true}]}}