{"id":2877,"date":"2025-06-27T16:54:08","date_gmt":"2025-06-27T08:54:08","guid":{"rendered":"https:\/\/www.manluenpack.com\/?post_type=product&#038;p=2877"},"modified":"2025-07-08T00:51:35","modified_gmt":"2025-07-07T16:51:35","slug":"ks-65-manluen-party-tray","status":"publish","type":"product","link":"https:\/\/www.manluenpack.com\/pt\/products\/ks-65-manluen-party-tray\/","title":{"rendered":"Bandeja para Festa KS-65"},"content":{"rendered":"<p>A Bandeja de Festa de Ouro KS-65 Manluen \u00e9 uma bandeja de festa de grande capacidade, com seis compartimentos, apresentando um design retangular de 382*385*85 mm, exalando luxo com seu acabamento dourado e artesanato refinado. A disposi\u00e7\u00e3o de seis compartimentos oferece se\u00e7\u00f5es organizadas para atender a diversas necessidades de servi\u00e7o. Fabricada com materiais OPS+PP de grau aliment\u00edcio, combina alta transpar\u00eancia e resist\u00eancia ao impacto com propriedades \u00e0 prova de vazamentos e resistentes ao calor. A combina\u00e7\u00e3o perfeita de grande capacidade e apar\u00eancia elegante faz dela uma escolha ideal para festas e banquetes, oferecendo funcionalidade e beleza.<\/p>\n<ul>\n<li>Tipo de Embalagem<br \/>\nCaixa de cart\u00e3o<\/li>\n<li>Cor<br \/>\nOuro<\/li>\n<li>Quantidade por Caixa<br \/>\n120 conjuntos<\/li>\n<li>Material<br \/>\nTampa-OPS, Base-PS<\/li>\n<li>Especifica\u00e7\u00f5es de Embalagem<br \/>\n0,129 metros c\u00fabicos<\/li>\n<\/ul>\n<p>&nbsp;<\/p>\n<ul>\n<li style=\"list-style-type: none;\">\n<table style=\"height: 160px;\" width=\"500\"><!-- \u8868\u683c\u7684\u8fb9\u6846\u4e3a1\u4e2a\u50cf\u7d20 --><!-- \u5355\u5143\u683c\u7684\u5185\u8fb9\u8ddd\u4e3a1\u50cf\u7d20 --><!-- \u5355\u5143\u683c\u4e4b\u95f4\u7684\u95f4\u8ddd\u4e3a0\u50cf\u7d20 --><!-- \u8fb9\u6846\u89c4\u5219\u4e3a\u4e24\u4fa7\u8fb9\u6846 --><\/p>\n<tbody>\n<tr>\n<td align=\"center\" bgcolor=\"EFEFEF\"><\/td>\n<td align=\"center\" bgcolor=\"EFEFEF\">Tamanho do Produto<\/td>\n<td align=\"center\" bgcolor=\"EFEFEF\">Quantidade<\/td>\n<td align=\"center\" bgcolor=\"EFEFEF\">Dimens\u00e3o da Caixa<\/td>\n<\/tr>\n<tr>\n<td align=\"center\" bgcolor=\"EFEFEF\"><a href=\"https:\/\/www.manluenpack.com\/pt\/Products\/ks-65-manluen-party-tray\/\">KS-65<\/a><\/td>\n<td align=\"center\">382*382*85mm<\/td>\n<td align=\"center\">120<\/td>\n<td align=\"center\">775*395*400<\/td>\n<\/tr>\n<tr>\n<td align=\"center\" bgcolor=\"EFEFEF\">KS-67<\/td>\n<td align=\"center\">455*455*85mm<\/td>\n<td align=\"center\">80<\/td>\n<td align=\"center\">610*465*475<\/td>\n<\/tr>\n<\/tbody>\n<\/table>\n<\/li>\n<\/ul>\n<h3><strong><b>Embalagem e entrega<\/b><\/strong><strong><b>\u00a0<\/b><\/strong><\/h3>\n<p>A nossa Bandeja de Festa de Ouro KS-65 Manluen \u00e9 protegida por algod\u00e3o perla amortecedor de choque e caixas de cores personalizadas, garantindo zero danos durante o transporte. Op\u00e7\u00f5es de embalagem flex\u00edveis est\u00e3o dispon\u00edveis, garantindo log\u00edstica eficiente e economia de custos. Desfrute de tempos de resposta r\u00e1pidos e entregas pontuais, com garantia de qualidade durante todo o processo para tornar os preparativos do seu evento suaves e sem preocupa\u00e7\u00f5es.<\/p>\n<h3><strong><b>Cen\u00e1rios de uso<\/b><\/strong><strong><b>\u00a0\u00a0<\/b><\/strong><\/h3>\n<p>A Bandeja de Festa de Ouro de Seis Compartimentos KS-65 Manluen brilha em festas de cocktail de alto padr\u00e3o, buffets de casamento, jantares de hotel e outras ocasi\u00f5es elegantes. Seus seis compartimentos acomodam facilmente sashimi, sobremesas, sushi e aperitivos. Fabricada com materiais de grau aliment\u00edcio, complementa perfeitamente as exibi\u00e7\u00f5es luxuosas de padarias e caf\u00e9s, garantindo que cada festa seja organizada e deslumbrante.<\/p>\n<h3><strong><b>Material Premium e Acabamento Dourado Fashion <\/b><\/strong><\/h3>\n<p>A Bandeja de Festa de Grande Capacidade de Seis Compartimentos de Ouro KS-65 Manluen \u00e9 feita de material PS de alta qualidade aliment\u00edcia, oferecendo uma sensa\u00e7\u00e3o leve, mas resistente. Resiste a altas temperaturas e deforma\u00e7\u00f5es, enquanto seu acabamento dourado radiante garante brilho duradouro sem desvanecer. Esta bandeja combina praticidade com est\u00e9tica art\u00edstica, tornando-se uma escolha sofisticada para banquetes de alto padr\u00e3o ou ambientes dom\u00e9sticos elegantes.<\/p>\n<h3><strong><b>Resistente \u00e0 Temperatura, \u00e0 Prova de Vazamentos e Dur\u00e1vel <\/b><\/strong><\/h3>\n<p>A Bandeja de Festa KS-65 Manluen \u00e9 feita de material PS de alta resist\u00eancia, capaz de suportar temperaturas de -10\u00b0C a 80\u00b0C, permanecendo est\u00e1vel tanto para alimentos frios quanto quentes. Seus divisores moldados de uma pe\u00e7a, \u00e0 prova de vazamentos, e bordas refor\u00e7adas garantem durabilidade e resist\u00eancia \u00e0 deforma\u00e7\u00e3o. Seja para servir frutos do mar gelados ou aperitivos quentes, esta bandeja oferece suporte est\u00e1vel, combinando eleg\u00e2ncia dourada deslumbrante com desempenho duradouro para atender facilmente \u00e0s demandas de uso frequente em festas.<\/p>","protected":false},"excerpt":{"rendered":"<p>The KS-65 Manluen Party Tray is a large-capacity, six-compartment gold party tray featuring a 382*385*85 mm rectangular design, exuding luxury with its gold finish and refined craftsmanship. The six-compartment layout&hellip;<\/p>","protected":false},"featured_media":2262,"template":"","meta":{"_uag_custom_page_level_css":""},"product_brand":[],"product_cat":[22],"product_tag":[138,134,137],"class_list":{"0":"post-2877","1":"product","2":"type-product","3":"status-publish","4":"has-post-thumbnail","6":"product_cat-party-trays","7":"product_tag-gold","8":"product_tag-party-tray","9":"product_tag-rectangular","11":"first","12":"instock","13":"featured","14":"shipping-taxable","15":"purchasable","16":"product-type-simple"},"spectra_custom_meta":{"rank_math_internal_links_processed":["1","1","1","1","1","1","1","1","1","1","1","1","1","1","1","1","1","1","1","1","1","1","1","1","1","1","1","1","1","1","1","1","1","1","1","1","1","1","1","1","1","1","1","1","1","1","1","1","1","1","1","1","1","1","1","1","1","1","1","1","1","1","1","1"],"_sku":["KS-65-1"],"_regular_price":["1"],"total_sales":["0"],"_tax_status":["taxable"],"_tax_class":[""],"_manage_stock":["no"],"_backorders":["no"],"_sold_individually":["no"],"_virtual":["no"],"_downloadable":["no"],"_product_image_gallery":["2260,2261,2263,2259"],"_download_limit":["0"],"_download_expiry":["0"],"_thumbnail_id":["2262"],"_stock":[null],"_stock_status":["instock"],"_wc_average_rating":["0"],"_wc_review_count":["0"],"_product_attributes":["a:2:{s:9:\"item-size\";a:6:{s:4:\"name\";s:9:\"Item Size\";s:5:\"value\";s:12:\"382*385*85mm\";s:8:\"position\";i:0;s:10:\"is_visible\";i:1;s:12:\"is_variation\";i:0;s:11:\"is_taxonomy\";i:0;}s:7:\"qty-ctn\";a:6:{s:4:\"name\";s:7:\"QTY\/CTN\";s:5:\"value\";s:3:\"120\";s:8:\"position\";i:1;s:10:\"is_visible\";i:1;s:12:\"is_variation\";i:0;s:11:\"is_taxonomy\";i:0;}}"],"_product_version":["9.4.2"],"_price":["1"],"_wp_old_date":["2024-11-26"],"rank_math_analytic_object_id":["24"],"classic-editor-remember":["classic-editor"],"rank_math_seo_score":["69"],"rank_math_contentai_score":["a:5:{s:8:\"keywords\";s:5:\"74.51\";s:9:\"wordCount\";s:1:\"0\";s:9:\"linkCount\";s:1:\"0\";s:12:\"headingCount\";s:1:\"0\";s:10:\"mediaCount\";s:1:\"0\";}"],"_jet_woo_template":[""],"_template_type":["default"],"rank_math_primary_product_cat":["22"],"_ywraq_hide_quote_button_check":[""],"_ywraq_hide_quote_button":["0"],"_edit_lock":["1759637873:1"],"_edit_last":["1"],"rank_math_focus_keyword":["KS-65 Manluen Party Tray,party tray"],"_uag_css_file_name":["uag-css-2877.css"],"_uag_page_assets":["a:9:{s:3:\"css\";s:263:\".uag-blocks-common-selector{z-index:var(--z-index-desktop) !important}@media (max-width: 976px){.uag-blocks-common-selector{z-index:var(--z-index-tablet) !important}}@media (max-width: 767px){.uag-blocks-common-selector{z-index:var(--z-index-mobile) !important}}\n\";s:2:\"js\";s:0:\"\";s:18:\"current_block_list\";a:6:{i:0;s:10:\"core\/group\";i:1;s:12:\"core\/heading\";i:2;s:17:\"core\/latest-posts\";i:3;s:20:\"core\/latest-comments\";i:4;s:13:\"core\/archives\";i:5;s:15:\"core\/categories\";}s:8:\"uag_flag\";b:0;s:11:\"uag_version\";i:1777145035;s:6:\"gfonts\";a:0:{}s:10:\"gfonts_url\";s:0:\"\";s:12:\"gfonts_files\";a:0:{}s:14:\"uag_faq_layout\";b:0;}"]},"uagb_featured_image_src":{"full":["https:\/\/www.manluenpack.com\/wp-content\/uploads\/2025\/04\/KS-65-manluen-party-tray.webp",1000,1000,false],"thumbnail":["https:\/\/www.manluenpack.com\/wp-content\/uploads\/2025\/04\/KS-65-manluen-party-tray.webp",150,150,false],"medium":["https:\/\/www.manluenpack.com\/wp-content\/uploads\/2025\/04\/KS-65-manluen-party-tray.webp",300,300,false],"medium_large":["https:\/\/www.manluenpack.com\/wp-content\/uploads\/2025\/04\/KS-65-manluen-party-tray.webp",768,768,false],"large":["https:\/\/www.manluenpack.com\/wp-content\/uploads\/2025\/04\/KS-65-manluen-party-tray.webp",1000,1000,false],"1536x1536":["https:\/\/www.manluenpack.com\/wp-content\/uploads\/2025\/04\/KS-65-manluen-party-tray.webp",1000,1000,false],"2048x2048":["https:\/\/www.manluenpack.com\/wp-content\/uploads\/2025\/04\/KS-65-manluen-party-tray.webp",1000,1000,false],"trp-custom-language-flag":["https:\/\/www.manluenpack.com\/wp-content\/uploads\/2025\/04\/KS-65-manluen-party-tray.webp",12,12,false],"menu-24x24":["https:\/\/www.manluenpack.com\/wp-content\/uploads\/2025\/04\/KS-65-manluen-party-tray.webp",24,24,false],"menu-36x36":["https:\/\/www.manluenpack.com\/wp-content\/uploads\/2025\/04\/KS-65-manluen-party-tray.webp",36,36,false],"menu-48x48":["https:\/\/www.manluenpack.com\/wp-content\/uploads\/2025\/04\/KS-65-manluen-party-tray.webp",48,48,false],"woocommerce_thumbnail":["https:\/\/www.manluenpack.com\/wp-content\/uploads\/2025\/04\/KS-65-manluen-party-tray.webp",300,300,false],"woocommerce_single":["https:\/\/www.manluenpack.com\/wp-content\/uploads\/2025\/04\/KS-65-manluen-party-tray.webp",600,600,false],"woocommerce_gallery_thumbnail":["https:\/\/www.manluenpack.com\/wp-content\/uploads\/2025\/04\/KS-65-manluen-party-tray.webp",100,100,false]},"uagb_author_info":{"display_name":"ManLuenpack","author_link":"https:\/\/www.manluenpack.com\/pt\/author\/"},"uagb_comment_info":0,"uagb_excerpt":"The KS-65 Manluen Party Tray is a large-capacity, six-compartment gold party tray featuring a 382*385*85 mm rectangular design, exuding luxury with its gold finish and refined craftsmanship. The six-compartment layout&hellip;","_links":{"self":[{"href":"https:\/\/www.manluenpack.com\/pt\/wp-json\/wp\/v2\/product\/2877","targetHints":{"allow":["GET"]}}],"collection":[{"href":"https:\/\/www.manluenpack.com\/pt\/wp-json\/wp\/v2\/product"}],"about":[{"href":"https:\/\/www.manluenpack.com\/pt\/wp-json\/wp\/v2\/types\/product"}],"wp:featuredmedia":[{"embeddable":true,"href":"https:\/\/www.manluenpack.com\/pt\/wp-json\/wp\/v2\/media\/2262"}],"wp:attachment":[{"href":"https:\/\/www.manluenpack.com\/pt\/wp-json\/wp\/v2\/media?parent=2877"}],"wp:term":[{"taxonomy":"product_brand","embeddable":true,"href":"https:\/\/www.manluenpack.com\/pt\/wp-json\/wp\/v2\/product_brand?post=2877"},{"taxonomy":"product_cat","embeddable":true,"href":"https:\/\/www.manluenpack.com\/pt\/wp-json\/wp\/v2\/product_cat?post=2877"},{"taxonomy":"product_tag","embeddable":true,"href":"https:\/\/www.manluenpack.com\/pt\/wp-json\/wp\/v2\/product_tag?post=2877"}],"curies":[{"name":"wp","href":"https:\/\/api.w.org\/{rel}","templated":true}]}}