{"id":1934,"date":"2025-05-15T21:15:29","date_gmt":"2025-05-15T13:15:29","guid":{"rendered":"https:\/\/www.manluenpack.com\/?post_type=product&#038;p=1934"},"modified":"2025-07-19T11:28:39","modified_gmt":"2025-07-19T03:28:39","slug":"wl-b09-manluen-sushi-tray","status":"publish","type":"product","link":"https:\/\/www.manluenpack.com\/pt\/products\/wl-b09-manluen-sushi-tray\/","title":{"rendered":"Bandeja de Sushi Manluen WL-B09"},"content":{"rendered":"<p>Na vida moderna, onde a est\u00e9tica da mesa coexiste com a conveni\u00eancia di\u00e1ria, uma pe\u00e7a de loi\u00e7a que combina funcionalidade, beleza e durabilidade \u00e9, sem d\u00favida, ideal tanto para lares quanto para a ind\u00fastria de catering. Hoje, vamos focar nesta cuidadosamente desenhada Bandeja de Sushi WL-B09 Manluen com Tampa. N\u00e3o s\u00f3 a sua apar\u00eancia minimalista e elegante em branco acrescenta um toque fresco e refinado \u00e0 mesa de jantar, mas o seu design \u00fanico de tampa tamb\u00e9m destaca-se na conserva\u00e7\u00e3o dos alimentos, portabilidade e efici\u00eancia de espa\u00e7o.<\/p>\n<ul>\n<li>Tipo de Embalagem<br \/>\nCaixa de cart\u00e3o<\/li>\n<li>Cor<br \/>\nPreto<\/li>\n<li>Quantidade por palete<br \/>\nConjunto de 300 unidades<\/li>\n<li>Material<br \/>\nTampa: OPS;Base: PS<\/li>\n<li>Capacidade por unidade<br \/>\n0,082 metros c\u00fabicos<\/li>\n<\/ul>\n<p>&nbsp;<\/p>\n<ul>\n<li style=\"list-style-type: none;\">\n<table style=\"height: 160px;\" width=\"500\"><!-- \u8868\u683c\u7684\u8fb9\u6846\u4e3a1\u4e2a\u50cf\u7d20 --><!-- \u5355\u5143\u683c\u7684\u5185\u8fb9\u8ddd\u4e3a1\u50cf\u7d20 --><!-- \u5355\u5143\u683c\u4e4b\u95f4\u7684\u95f4\u8ddd\u4e3a0\u50cf\u7d20 --><!-- \u8fb9\u6846\u89c4\u5219\u4e3a\u4e24\u4fa7\u8fb9\u6846 --><\/p>\n<tbody>\n<tr>\n<td align=\"center\" bgcolor=\"EFEFEF\"><\/td>\n<td align=\"center\" bgcolor=\"EFEFEF\">Tamanho do Produto<\/td>\n<td align=\"center\" bgcolor=\"EFEFEF\">Quantidade<\/td>\n<td align=\"center\" bgcolor=\"EFEFEF\">Dimens\u00e3o da Caixa<\/td>\n<\/tr>\n<tr>\n<td align=\"center\" bgcolor=\"EFEFEF\">WL-B01<\/td>\n<td align=\"center\">240*112*55mm<\/td>\n<td align=\"center\">600<\/td>\n<td align=\"center\">685*330*493<\/td>\n<\/tr>\n<tr>\n<td align=\"center\" bgcolor=\"EFEFEF\">WL-B03<\/td>\n<td align=\"center\">180*150*55mm<\/td>\n<td align=\"center\">600<\/td>\n<td align=\"center\">730*330*457<\/td>\n<\/tr>\n<tr>\n<td align=\"center\" bgcolor=\"EFEFEF\">WL-B05<\/td>\n<td align=\"center\">206*147*55mm<\/td>\n<td align=\"center\">400<\/td>\n<td align=\"center\">612*330*427<\/td>\n<\/tr>\n<tr>\n<td align=\"center\" bgcolor=\"EFEFEF\">WL-B07<\/td>\n<td align=\"center\">238*149*55mm<\/td>\n<td align=\"center\">400<\/td>\n<td align=\"center\">612*330*491<\/td>\n<\/tr>\n<tr>\n<td align=\"center\" bgcolor=\"EFEFEF\">WL-B09<\/td>\n<td align=\"center\">266*147*55mm<\/td>\n<td align=\"center\">300<\/td>\n<td align=\"center\">550*330*454<\/td>\n<\/tr>\n<\/tbody>\n<\/table>\n<\/li>\n<li><a href=\"https:\/\/www.manluenpack.com\/pt\/products\/\">Mais estilo, mais variedades\u2026<\/a><\/li>\n<\/ul>\n<h3><strong><b>Embalagem e entrega<\/b><\/strong><\/h3>\n<p>A Bandeja de Sushi WL-B09 Manluen com Tampa apresenta um design simples, de cor s\u00f3lida, limpo e elegante, adequado para v\u00e1rias situa\u00e7\u00f5es de catering. O prato e a tampa encaixam-se perfeitamente, oferecendo resist\u00eancia a vazamentos e durabilidade para transporte e armazenamento f\u00e1ceis. Cada produto \u00e9 cuidadosamente embalado em embalagem estilo caixa de presente, envolto em filme transparente para garantir transporte e entrega seguros, t\u00e3o bons quanto n, w\u2014perfeito para refei\u00e7\u00f5es di\u00e1rias e ocasi\u00f5es de festa.<\/p>\n<h3><strong><b>Cen\u00e1rios de uso<\/b><\/strong><\/h3>\n<p>Esta Bandeja de Sushi WL-B09 Manluen com Tampa \u00e9 uma solu\u00e7\u00e3o pr\u00e1tica e econ\u00f3mica de loi\u00e7a. Tanto o prato como a tampa s\u00e3o feitos de pl\u00e1stico de alta qualidade, adequado para alimentos, tornando-os ideais para v\u00e1rios eventos devido \u00e0 sua funcionalidade, portabilidade e versatilidade. Seja uma reuni\u00e3o familiar, piquenique ao ar livre ou evento empresarial, este prato oferece uma experi\u00eancia de refei\u00e7\u00e3o conveniente e segura, garantindo a seguran\u00e7a e higiene dos alimentos.<\/p>\n<h3><strong><b>Material de Alta Qualidade<\/b><\/strong><\/h3>\n<p>Esta Bandeja de Sushi WL-B09 Manluen com Tampa \u00e9 feita de pl\u00e1stico de grau aliment\u00edcio, n\u00e3o t\u00f3xico e seguro, garantindo refei\u00e7\u00f5es saud\u00e1veis. Constru\u00edda em pl\u00e1stico resistente, \u00e9 forte e dur\u00e1vel, n\u00e3o rachando nem deformando facilmente. Apoia de forma fi\u00e1vel pratos quentes e frios. Al\u00e9m disso, a sua superf\u00edcie lisa facilita a limpeza, removendo facilmente res\u00edduos de comida, mantendo o prato limpo e higi\u00e9nico.<\/p>\n<h3><strong><b>\u00c0 prova de vazamentos, Dur\u00e1vel e Ecol\u00f3gica \u00a0<\/b><\/strong><\/h3>\n<p>O nosso prato de pl\u00e1stico branco de 23 cm com Tampa apresenta uma tampa que encaixa de forma segura, prevenindo eficazmente vazamentos de comida. Resistente e dur\u00e1vel, resiste a rachaduras ou deforma\u00e7\u00f5es e pode ser reutilizado, reduzindo o impacto ambiental. Leve e f\u00e1cil de transportar e guardar, \u00e9 especialmente adequado para atividades ao ar livre.<\/p>\n<h3><strong><b>Perfeito para Festas <\/b><\/strong><\/h3>\n<p>A Bandeja de Sushi WL-B09 Manluen com Tampa \u00e9 ideal para v\u00e1rias ocasi\u00f5es festivas. Seja uma festa de anivers\u00e1rio, celebra\u00e7\u00e3o de casamento, reuni\u00e3o familiar ou encontro festivo, este prato atender\u00e1 \u00e0s suas necessidades. O seu design minimalista complementa qualquer tema de festa, acrescentando eleg\u00e2ncia \u00e0 sua mesa de jantar.<\/p>\n<h3><strong><b>Design Reutiliz\u00e1vel <\/b><\/strong><\/h3>\n<p>Esta Bandeja de Sushi WL-B09 Manluen n\u00e3o \u00e9 apenas adequada para uso \u00fanico, mas tamb\u00e9m foi concebida para reutiliza\u00e7\u00e3o. Ap\u00f3s a lavagem, pode ser usada v\u00e1rias vezes, economizando nos custos de compra e reduzindo a gera\u00e7\u00e3o de res\u00edduos. Para utilizadores que valorizam tanto a economia quanto a prote\u00e7\u00e3o ambiental, esta \u00e9 uma escolha ideal.<\/p>","protected":false},"excerpt":{"rendered":"<p>In modern life, where table aesthetics coexist with daily convenience, a piece of tableware that combines functionality, beauty, and durability is undoubtedly ideal for both households and the catering industry.&hellip;<\/p>","protected":false},"featured_media":3640,"template":"","meta":{"_uag_custom_page_level_css":""},"product_brand":[],"product_cat":[23],"product_tag":[142],"class_list":{"0":"post-1934","1":"product","2":"type-product","3":"status-publish","4":"has-post-thumbnail","6":"product_cat-sushi-trays","7":"product_tag-plate","9":"first","10":"instock","11":"shipping-taxable","12":"purchasable","13":"product-type-simple"},"spectra_custom_meta":{"rank_math_internal_links_processed":["1","1","1","1","1","1","1","1","1","1","1","1","1","1","1","1","1","1","1","1","1","1","1","1","1","1","1","1","1","1","1","1","1","1","1","1","1","1","1","1","1","1","1","1","1","1","1","1","1","1","1","1","1","1","1","1","1","1","1","1","1","1","1","1","1","1","1","1","1","1","1","1","1","1","1","1","1","1","1","1","1","1","1","1","1","1","1","1","1","1","1","1","1","1","1","1"],"_sku":["WL-B09"],"_regular_price":["1"],"total_sales":["0"],"_tax_status":["taxable"],"_tax_class":[""],"_manage_stock":["no"],"_backorders":["no"],"_sold_individually":["no"],"_virtual":["no"],"_downloadable":["no"],"_product_image_gallery":["3641,3639,3638,3637,3636"],"_download_limit":["0"],"_download_expiry":["0"],"_stock":[null],"_stock_status":["instock"],"_wc_average_rating":["0"],"_wc_review_count":["0"],"_product_attributes":["a:2:{s:9:\"item-size\";a:6:{s:4:\"name\";s:9:\"Item Size\";s:5:\"value\";s:7:\"?*?*?mm\";s:8:\"position\";i:0;s:10:\"is_visible\";i:1;s:12:\"is_variation\";i:0;s:11:\"is_taxonomy\";i:0;}s:7:\"qty-ctn\";a:6:{s:4:\"name\";s:7:\"QTY\/CTN\";s:5:\"value\";s:1:\"?\";s:8:\"position\";i:1;s:10:\"is_visible\";i:1;s:12:\"is_variation\";i:0;s:11:\"is_taxonomy\";i:0;}}"],"_product_version":["9.4.2"],"_price":["1"],"_wp_old_date":["2024-11-26"],"rank_math_analytic_object_id":["24"],"classic-editor-remember":["classic-editor"],"rank_math_seo_score":["73"],"rank_math_contentai_score":["a:5:{s:8:\"keywords\";s:5:\"74.51\";s:9:\"wordCount\";s:1:\"0\";s:9:\"linkCount\";s:1:\"0\";s:12:\"headingCount\";s:1:\"0\";s:10:\"mediaCount\";s:1:\"0\";}"],"_jet_woo_template":[""],"_template_type":["default"],"rank_math_primary_product_cat":["23"],"_ywraq_hide_quote_button_check":[""],"_ywraq_hide_quote_button":["0"],"_edit_lock":["1754365086:1"],"_edit_last":["1"],"_wp_old_slug":["9-inch-white-plastic-plate-with-lid-wl-b09"],"rank_math_focus_keyword":["sushi tray"],"_thumbnail_id":["3640"],"_uag_css_file_name":["uag-css-1934.css"],"_uag_page_assets":["a:9:{s:3:\"css\";s:263:\".uag-blocks-common-selector{z-index:var(--z-index-desktop) !important}@media (max-width: 976px){.uag-blocks-common-selector{z-index:var(--z-index-tablet) !important}}@media (max-width: 767px){.uag-blocks-common-selector{z-index:var(--z-index-mobile) !important}}\n\";s:2:\"js\";s:0:\"\";s:18:\"current_block_list\";a:6:{i:0;s:10:\"core\/group\";i:1;s:12:\"core\/heading\";i:2;s:17:\"core\/latest-posts\";i:3;s:20:\"core\/latest-comments\";i:4;s:13:\"core\/archives\";i:5;s:15:\"core\/categories\";}s:8:\"uag_flag\";b:0;s:11:\"uag_version\";i:1777205865;s:6:\"gfonts\";a:0:{}s:10:\"gfonts_url\";s:0:\"\";s:12:\"gfonts_files\";a:0:{}s:14:\"uag_faq_layout\";b:0;}"]},"uagb_featured_image_src":{"full":["https:\/\/www.manluenpack.com\/wp-content\/uploads\/2025\/07\/WL-B09-manluen-sushi-food-packing-tray.webp",1000,1000,false],"thumbnail":["https:\/\/www.manluenpack.com\/wp-content\/uploads\/2025\/07\/WL-B09-manluen-sushi-food-packing-tray.webp",150,150,false],"medium":["https:\/\/www.manluenpack.com\/wp-content\/uploads\/2025\/07\/WL-B09-manluen-sushi-food-packing-tray.webp",300,300,false],"medium_large":["https:\/\/www.manluenpack.com\/wp-content\/uploads\/2025\/07\/WL-B09-manluen-sushi-food-packing-tray.webp",768,768,false],"large":["https:\/\/www.manluenpack.com\/wp-content\/uploads\/2025\/07\/WL-B09-manluen-sushi-food-packing-tray.webp",1000,1000,false],"1536x1536":["https:\/\/www.manluenpack.com\/wp-content\/uploads\/2025\/07\/WL-B09-manluen-sushi-food-packing-tray.webp",1000,1000,false],"2048x2048":["https:\/\/www.manluenpack.com\/wp-content\/uploads\/2025\/07\/WL-B09-manluen-sushi-food-packing-tray.webp",1000,1000,false],"trp-custom-language-flag":["https:\/\/www.manluenpack.com\/wp-content\/uploads\/2025\/07\/WL-B09-manluen-sushi-food-packing-tray.webp",12,12,false],"menu-24x24":["https:\/\/www.manluenpack.com\/wp-content\/uploads\/2025\/07\/WL-B09-manluen-sushi-food-packing-tray.webp",24,24,false],"menu-36x36":["https:\/\/www.manluenpack.com\/wp-content\/uploads\/2025\/07\/WL-B09-manluen-sushi-food-packing-tray.webp",36,36,false],"menu-48x48":["https:\/\/www.manluenpack.com\/wp-content\/uploads\/2025\/07\/WL-B09-manluen-sushi-food-packing-tray.webp",48,48,false],"woocommerce_thumbnail":["https:\/\/www.manluenpack.com\/wp-content\/uploads\/2025\/07\/WL-B09-manluen-sushi-food-packing-tray.webp",300,300,false],"woocommerce_single":["https:\/\/www.manluenpack.com\/wp-content\/uploads\/2025\/07\/WL-B09-manluen-sushi-food-packing-tray.webp",600,600,false],"woocommerce_gallery_thumbnail":["https:\/\/www.manluenpack.com\/wp-content\/uploads\/2025\/07\/WL-B09-manluen-sushi-food-packing-tray.webp",100,100,false]},"uagb_author_info":{"display_name":"ManLuenpack","author_link":"https:\/\/www.manluenpack.com\/pt\/author\/"},"uagb_comment_info":0,"uagb_excerpt":"In modern life, where table aesthetics coexist with daily convenience, a piece of tableware that combines functionality, beauty, and durability is undoubtedly ideal for both households and the catering industry.&hellip;","_links":{"self":[{"href":"https:\/\/www.manluenpack.com\/pt\/wp-json\/wp\/v2\/product\/1934","targetHints":{"allow":["GET"]}}],"collection":[{"href":"https:\/\/www.manluenpack.com\/pt\/wp-json\/wp\/v2\/product"}],"about":[{"href":"https:\/\/www.manluenpack.com\/pt\/wp-json\/wp\/v2\/types\/product"}],"wp:featuredmedia":[{"embeddable":true,"href":"https:\/\/www.manluenpack.com\/pt\/wp-json\/wp\/v2\/media\/3640"}],"wp:attachment":[{"href":"https:\/\/www.manluenpack.com\/pt\/wp-json\/wp\/v2\/media?parent=1934"}],"wp:term":[{"taxonomy":"product_brand","embeddable":true,"href":"https:\/\/www.manluenpack.com\/pt\/wp-json\/wp\/v2\/product_brand?post=1934"},{"taxonomy":"product_cat","embeddable":true,"href":"https:\/\/www.manluenpack.com\/pt\/wp-json\/wp\/v2\/product_cat?post=1934"},{"taxonomy":"product_tag","embeddable":true,"href":"https:\/\/www.manluenpack.com\/pt\/wp-json\/wp\/v2\/product_tag?post=1934"}],"curies":[{"name":"wp","href":"https:\/\/api.w.org\/{rel}","templated":true}]}}