{"id":1920,"date":"2025-05-09T21:36:54","date_gmt":"2025-05-09T13:36:54","guid":{"rendered":"https:\/\/www.manluenpack.com\/?post_type=product&#038;p=1920"},"modified":"2025-06-19T13:50:42","modified_gmt":"2025-06-19T05:50:42","slug":"12-inch-plastic-cake-container-wl-a03","status":"publish","type":"product","link":"https:\/\/www.manluenpack.com\/pt\/products\/12-inch-plastic-cake-container-wl-a03\/","title":{"rendered":"Recipiente de Bolo de Pl\u00e1stico de 12 Polegadas WL-A03"},"content":{"rendered":"<p>O design de di\u00e2metro de 30 cm oferece espa\u00e7o amplo para exibir bolos grandes. Quer seja um bolo de anivers\u00e1rio de m\u00faltiplos andares ou uma obra-prima de casamento decorada de forma criativa, este recipiente acomoda-os facilmente \u2014 destacando tanto a grandiosidade quanto os detalhes finos. A profundidade bem pensada garante estabilidade e apelo visual durante o transporte e a exibi\u00e7\u00e3o. Projetado especificamente para bolos de grande tamanho, incluindo bolos de creme, bolos de mousse, cheesecakes, bolos de fruta e mais, o WL-A03 apresenta uma estrutura resistente e materiais de alta qualidade que suportam com seguran\u00e7a o peso do bolo, preservando a sua forma \u2014 oferecendo tanto sabor quanto excel\u00eancia est\u00e9tica.<\/p>\n<ul>\n<li>Tipo de Embalagem<br \/>\nCaixa de cart\u00e3o<\/li>\n<li>Cor<br \/>\nPreto&amp;Transparente<\/li>\n<li>Quantidade por palete<br \/>\n? jogos<\/li>\n<li>Material<br \/>\nTampa:?;Base: ?<\/li>\n<li>Capacidade por unidade<br \/>\n? metros c\u00fabicos<\/li>\n<\/ul>\n<h3><strong><b>Embalagem e entrega<\/b><\/strong><\/h3>\n<p>O recipiente de bolo de pl\u00e1stico de 30 cm de di\u00e2metro, WL-A03, combina simplicidade e eleg\u00e2ncia. Sua bandeja e tampa de c\u00fapula s\u00e3o desenhadas para serem separadas, facilitando a montagem e o transporte seguro. Fabricado com material de alta transpar\u00eancia, exibe de forma bonita a apar\u00eancia do seu bolo, enquanto sua estrutura robusta oferece prote\u00e7\u00e3o contra poeira e resist\u00eancia \u00e0 press\u00e3o \u2014 garantindo uma entrega segura mesmo a longas dist\u00e2ncias. Pronto a usar logo ap\u00f3s a abertura, acrescenta efici\u00eancia e profissionalismo \u00e0 apresenta\u00e7\u00e3o e distribui\u00e7\u00e3o na sua padaria.<\/p>\n<h3><strong><b>Cen\u00e1rios de uso<\/b><\/strong><\/h3>\n<p>Feito de pl\u00e1stico OPS dur\u00e1vel, este recipiente de bolo \u00e9 leve, mas resistente \u2014 resistente a quebras e ideal para v\u00e1rias ocasi\u00f5es. Amplamente utilizado em festas de anivers\u00e1rio, casamentos, eventos corporativos, feiras comerciais e mais, tamb\u00e9m serve como uma ferramenta essencial para opera\u00e7\u00f5es di\u00e1rias e exibi\u00e7\u00f5es em padarias, caf\u00e9s e restaurantes. Seja para celebra\u00e7\u00e3o, catering ou retalho, o WL-A03 oferece funcionalidade e apelo visual.<\/p>\n<h3><strong><b>Vantagens do Design \u00a0<\/b><\/strong><\/h3>\n<p>A forma cl\u00e1ssica redonda alinha-se com a est\u00e9tica tradicional \u2014 elegante e atemporal. As bordas s\u00e3o finamente polidas para garantir suavidade e evitar ferimentos nas m\u00e3os, melhorando a experi\u00eancia geral do utilizador. A parte inferior apresenta um design antiderrapante, aumentando a estabilidade em mesas ou bandejas e prevenindo escorregamentos ou tombamentos. Mesmo ao transportar bolos mais pesados, o recipiente mant\u00e9m-se firme e seguro \u2014 protegendo a sua sobremesa de danos e garantindo uma apresenta\u00e7\u00e3o e desfrute perfeitos.<\/p>\n<h3><strong><b>Alta Transpar\u00eancia &amp; Desempenho de Veda\u00e7\u00e3o<\/b><\/strong><\/h3>\n<p>A tampa altamente transparente permite uma visibilidade total da cor e decora\u00e7\u00e3o do bolo, estimulando o apetite e impressionando os clientes. Com um design de tampa selada de forma segura, bloqueia eficazmente a entrada de ar, mantendo n\u00edveis \u00f3timos de humidade e frescura \u2014 prolongando significativamente a vida \u00fatil do bolo. Quer seja para exibi\u00e7\u00e3o ou armazenamento, mant\u00e9m a sua sobremesa em condi\u00e7\u00f5es perfeitas.<\/p>\n<h3><strong><b>Dur\u00e1vel &amp; Recicl\u00e1vel<\/b><\/strong><\/h3>\n<p>Constru\u00eddo com materiais robustos, o WL-A03 consegue suportar o desgaste di\u00e1rio e a press\u00e3o durante manuseamento e transporte. Mais importante, apoia a reciclagem e reutiliza\u00e7\u00e3o, ajudando a reduzir o impacto ambiental e alinhando-se com os objetivos de desenvolvimento sustent\u00e1vel. Optar pelo nosso produto significa escolher qualidade, conveni\u00eancia e responsabilidade ambiental.<\/p>","protected":false},"excerpt":{"rendered":"<p>O design de 30 cm de di\u00e2metro oferece espa\u00e7o amplo para exibir bolos grandes. Quer seja um bolo de anivers\u00e1rio de v\u00e1rias camadas ou uma obra-prima de casamento decorada de forma criativa, este recipiente acomoda facilmente todos eles \u2014\u2026<\/p>","protected":false},"featured_media":130,"template":"","meta":{"_uag_custom_page_level_css":""},"product_brand":[],"product_cat":[128],"product_tag":[140],"class_list":{"0":"post-1920","1":"product","2":"type-product","3":"status-publish","4":"has-post-thumbnail","6":"product_cat-cake-containers","7":"product_tag-cake-container","9":"first","10":"instock","11":"shipping-taxable","12":"purchasable","13":"product-type-simple"},"spectra_custom_meta":{"rank_math_internal_links_processed":["1","1","1","1","1","1","1","1","1","1","1","1","1","1","1","1","1","1","1","1","1","1","1","1","1","1","1","1","1","1","1","1","1","1","1","1","1","1","1","1","1","1","1","1","1","1","1","1","1","1","1","1","1","1","1","1","1","1","1","1","1","1","1","1","1","1","1","1","1","1","1","1","1","1","1","1","1","1","1","1","1","1","1","1","1","1","1","1"],"_sku":["WL-A03"],"_regular_price":["1"],"total_sales":["0"],"_tax_status":["taxable"],"_tax_class":[""],"_manage_stock":["no"],"_backorders":["no"],"_sold_individually":["no"],"_virtual":["no"],"_downloadable":["no"],"_product_image_gallery":["1703,1711,1710,1709,1708,1707,1706,1705"],"_download_limit":["0"],"_download_expiry":["0"],"_thumbnail_id":["130"],"_stock":[null],"_stock_status":["instock"],"_wc_average_rating":["0"],"_wc_review_count":["0"],"_product_attributes":["a:2:{s:9:\"item-size\";a:6:{s:4:\"name\";s:9:\"Item Size\";s:5:\"value\";s:7:\"?*?*?mm\";s:8:\"position\";i:0;s:10:\"is_visible\";i:1;s:12:\"is_variation\";i:0;s:11:\"is_taxonomy\";i:0;}s:7:\"qty-ctn\";a:6:{s:4:\"name\";s:7:\"QTY\/CTN\";s:5:\"value\";s:1:\"?\";s:8:\"position\";i:1;s:10:\"is_visible\";i:1;s:12:\"is_variation\";i:0;s:11:\"is_taxonomy\";i:0;}}"],"_product_version":["9.4.2"],"_price":["1"],"_wp_old_date":["2024-11-26"],"rank_math_analytic_object_id":["24"],"classic-editor-remember":["classic-editor"],"rank_math_seo_score":["11"],"rank_math_contentai_score":["a:5:{s:8:\"keywords\";s:5:\"74.51\";s:9:\"wordCount\";s:1:\"0\";s:9:\"linkCount\";s:1:\"0\";s:12:\"headingCount\";s:1:\"0\";s:10:\"mediaCount\";s:1:\"0\";}"],"_jet_woo_template":[""],"_template_type":["default"],"rank_math_primary_product_cat":["128"],"_ywraq_hide_quote_button_check":[""],"_ywraq_hide_quote_button":["0"],"_edit_lock":["1754365530:1"],"_edit_last":["1"],"_uag_css_file_name":["uag-css-1920.css"],"_uag_page_assets":["a:9:{s:3:\"css\";s:0:\"\";s:2:\"js\";s:0:\"\";s:18:\"current_block_list\";a:6:{i:0;s:10:\"core\/group\";i:1;s:12:\"core\/heading\";i:2;s:17:\"core\/latest-posts\";i:3;s:20:\"core\/latest-comments\";i:4;s:13:\"core\/archives\";i:5;s:15:\"core\/categories\";}s:8:\"uag_flag\";b:0;s:11:\"uag_version\";i:1777298076;s:6:\"gfonts\";a:0:{}s:10:\"gfonts_url\";s:0:\"\";s:12:\"gfonts_files\";a:0:{}s:14:\"uag_faq_layout\";b:0;}"]},"uagb_featured_image_src":{"full":["https:\/\/www.manluenpack.com\/wp-content\/uploads\/2024\/11\/transparent-cake-box-1.jpg",1000,1000,false],"thumbnail":["https:\/\/www.manluenpack.com\/wp-content\/uploads\/2024\/11\/transparent-cake-box-1.jpg",150,150,false],"medium":["https:\/\/www.manluenpack.com\/wp-content\/uploads\/2024\/11\/transparent-cake-box-1.jpg",300,300,false],"medium_large":["https:\/\/www.manluenpack.com\/wp-content\/uploads\/2024\/11\/transparent-cake-box-1.jpg",768,768,false],"large":["https:\/\/www.manluenpack.com\/wp-content\/uploads\/2024\/11\/transparent-cake-box-1.jpg",1000,1000,false],"1536x1536":["https:\/\/www.manluenpack.com\/wp-content\/uploads\/2024\/11\/transparent-cake-box-1.jpg",1000,1000,false],"2048x2048":["https:\/\/www.manluenpack.com\/wp-content\/uploads\/2024\/11\/transparent-cake-box-1.jpg",1000,1000,false],"trp-custom-language-flag":["https:\/\/www.manluenpack.com\/wp-content\/uploads\/2024\/11\/transparent-cake-box-1.jpg",12,12,false],"menu-24x24":["https:\/\/www.manluenpack.com\/wp-content\/uploads\/2024\/11\/transparent-cake-box-1.jpg",24,24,false],"menu-36x36":["https:\/\/www.manluenpack.com\/wp-content\/uploads\/2024\/11\/transparent-cake-box-1.jpg",36,36,false],"menu-48x48":["https:\/\/www.manluenpack.com\/wp-content\/uploads\/2024\/11\/transparent-cake-box-1.jpg",48,48,false],"woocommerce_thumbnail":["https:\/\/www.manluenpack.com\/wp-content\/uploads\/2024\/11\/transparent-cake-box-1.jpg",300,300,false],"woocommerce_single":["https:\/\/www.manluenpack.com\/wp-content\/uploads\/2024\/11\/transparent-cake-box-1.jpg",600,600,false],"woocommerce_gallery_thumbnail":["https:\/\/www.manluenpack.com\/wp-content\/uploads\/2024\/11\/transparent-cake-box-1.jpg",100,100,false]},"uagb_author_info":{"display_name":"ManLuenpack","author_link":"https:\/\/www.manluenpack.com\/pt\/author\/"},"uagb_comment_info":0,"uagb_excerpt":"The 12-inch diameter design offers ample space for showcasing large cakes. Whether it&#8217;s a multi-tiered birthday cake or a creatively decorated wedding masterpiece, this container easily accommodates them all \u2014&hellip;","_links":{"self":[{"href":"https:\/\/www.manluenpack.com\/pt\/wp-json\/wp\/v2\/product\/1920","targetHints":{"allow":["GET"]}}],"collection":[{"href":"https:\/\/www.manluenpack.com\/pt\/wp-json\/wp\/v2\/product"}],"about":[{"href":"https:\/\/www.manluenpack.com\/pt\/wp-json\/wp\/v2\/types\/product"}],"wp:featuredmedia":[{"embeddable":true,"href":"https:\/\/www.manluenpack.com\/pt\/wp-json\/wp\/v2\/media\/130"}],"wp:attachment":[{"href":"https:\/\/www.manluenpack.com\/pt\/wp-json\/wp\/v2\/media?parent=1920"}],"wp:term":[{"taxonomy":"product_brand","embeddable":true,"href":"https:\/\/www.manluenpack.com\/pt\/wp-json\/wp\/v2\/product_brand?post=1920"},{"taxonomy":"product_cat","embeddable":true,"href":"https:\/\/www.manluenpack.com\/pt\/wp-json\/wp\/v2\/product_cat?post=1920"},{"taxonomy":"product_tag","embeddable":true,"href":"https:\/\/www.manluenpack.com\/pt\/wp-json\/wp\/v2\/product_tag?post=1920"}],"curies":[{"name":"wp","href":"https:\/\/api.w.org\/{rel}","templated":true}]}}