{"id":1918,"date":"2025-05-09T21:35:57","date_gmt":"2025-05-09T13:35:57","guid":{"rendered":"https:\/\/www.manluenpack.com\/?post_type=product&#038;p=1918"},"modified":"2025-06-19T13:54:59","modified_gmt":"2025-06-19T05:54:59","slug":"plastic-wedge-shaped-cake-slice-container-with-side-opening-wl-a04","status":"publish","type":"product","link":"https:\/\/www.manluenpack.com\/pt\/products\/plastic-wedge-shaped-cake-slice-container-with-side-opening-wl-a04\/","title":{"rendered":"Recipiente de Pl\u00e1stico em Forma de Cunha para Fatias de Bolo com Abertura Lateral WL-A04"},"content":{"rendered":"<p>O recipiente para fatias de bolo em forma de cunha WL-A04 foi cuidadosamente concebido com dimens\u00f5es e capacidade precisas, especificamente adaptadas para fatias de bolo. A sua estrutura inovadora em forma de cunha ajusta-se perfeitamente ao formato de cada fatia, minimizando a compress\u00e3o e deforma\u00e7\u00e3o durante o armazenamento ou transporte \u2014 preservando tanto a integridade como o apelo visual. A profundidade otimizada garante uma coloca\u00e7\u00e3o segura, evitando escorregamentos ou colapsos. Projetado para uma vasta gama de tipos de bolo, incluindo bolos de creme, bolos de mousse, cheesecakes e outros, este recipiente mant\u00e9m o sabor e a textura originais da sua sobremesa \u2014 tornando cada mordida numa experi\u00eancia perfeita.<\/p>\n<ul>\n<li>Tipo de Embalagem<br \/>\nCaixa de cart\u00e3o<\/li>\n<li>Cor<br \/>\nTransparente<\/li>\n<li>Quantidade por palete<br \/>\n? jogos<\/li>\n<li>Material<br \/>\nTampa:?;Base: ?<\/li>\n<li>Capacidade por unidade<br \/>\n? metros c\u00fabicos<\/li>\n<\/ul>\n<h3><strong><b>Embalagem e entrega<\/b><\/strong><\/h3>\n<p>O recipiente para fatias de bolo WL-A04 apresenta um design de embalagem organizado e que economiza espa\u00e7o. A sua constru\u00e7\u00e3o leve, mas resistente, juntamente com uma estrutura empilh\u00e1vel, torna-o ideal para transporte em grande quantidade e armazenamento em armaz\u00e9m. O design com abertura lateral garante estabilidade estrutural e prote\u00e7\u00e3o contra esmagamentos \u2014 garantindo que as suas fatias de bolo cheguem inteiras. Pronto a usar assim que for aberto, acrescenta um toque de profissionalismo e eleg\u00e2ncia \u00e0 apresenta\u00e7\u00e3o e entrega na sua pastelaria.<\/p>\n<h3><strong><b>Cen\u00e1rios de uso<\/b><\/strong><\/h3>\n<p>Gra\u00e7as \u00e0 sua constru\u00e7\u00e3o leve, o recipiente WL-A04 \u00e9 f\u00e1cil de transportar e altamente vers\u00e1til. Seja numa reuni\u00e3o familiar, piquenique ao ar livre ou oficina de pastelaria, este recipiente viaja sem esfor\u00e7o \u2014 permitindo-lhe desfrutar de fatias de bolo deliciosas em qualquer altura e lugar. Amplamente utilizado em cozinhas dom\u00e9sticas, caf\u00e9s, padarias, pastelarias e servi\u00e7os de catering para eventos, \u00e9 a escolha perfeita para exibir fatias de bolo e melhorar a atmosfera de qualquer espa\u00e7o de refei\u00e7\u00e3o.<\/p>\n<h3><strong><b>Vantagens do Design \u00a0<\/b><\/strong><\/h3>\n<p>A estrutura \u00fanica em forma de cunha ajusta-se precisamente \u00e0 geometria de uma fatia de bolo t\u00edpica, reduzindo eficazmente a press\u00e3o e a distor\u00e7\u00e3o entre camadas. Apesar de leve, a base \u00e9 refor\u00e7ada para maior estabilidade e capacidade de carga \u2014 garantindo que fatias mais pesadas permane\u00e7am firmemente no lugar, sem oscilar ou inclinar-se. Este design pensado oferece um suporte forte para a sua apresenta\u00e7\u00e3o culin\u00e1ria, combinando praticidade com apelo est\u00e9tico.<\/p>\n<h3><strong><b>Alta Transpar\u00eancia &amp; Desempenho de Veda\u00e7\u00e3o<\/b><\/strong><\/h3>\n<p>Fabricado com material de alta claridade, o WL-A04 permite uma visibilidade total da fatia de bolo no interior \u2014 destacando a sua cor, textura e detalhes decorativos. Com uma tampa bem vedada, impede a entrada de ar e humidade, mantendo n\u00edveis \u00f3timos de frescura e humidade \u2014 prolongando significativamente a vida \u00fatil e preservando o sabor.<\/p>\n<h3><strong><b>Dur\u00e1vel &amp; Recicl\u00e1vel<\/b><\/strong><\/h3>\n<p>Constru\u00eddo com materiais dur\u00e1veis, o WL-A04 consegue resistir ao desgaste di\u00e1rio, bem como \u00e0 press\u00e3o durante manuseamento e transporte. Mais importante ainda, suporta reciclagem e reutiliza\u00e7\u00e3o, ajudando a reduzir o impacto ambiental e alinhando-se com os objetivos de desenvolvimento sustent\u00e1vel. Optar pelo nosso produto significa escolher qualidade, inova\u00e7\u00e3o e responsabilidade ambiental.<\/p>","protected":false},"excerpt":{"rendered":"<p>The WL-A04 Wedge-Shaped Cake Slice Container\u00a0is thoughtfully engineered with precise dimensions and capacity, specifically tailored for cake slices. Its innovative wedge structure perfectly conforms to the shape of each slice,&hellip;<\/p>","protected":false},"featured_media":130,"template":"","meta":{"_uag_custom_page_level_css":""},"product_brand":[],"product_cat":[128],"product_tag":[140],"class_list":{"0":"post-1918","1":"product","2":"type-product","3":"status-publish","4":"has-post-thumbnail","6":"product_cat-cake-containers","7":"product_tag-cake-container","9":"first","10":"instock","11":"shipping-taxable","12":"purchasable","13":"product-type-simple"},"spectra_custom_meta":{"rank_math_internal_links_processed":["1","1","1","1","1","1","1","1","1","1","1","1","1","1","1","1","1","1","1","1","1","1","1","1","1","1","1","1","1","1","1","1","1","1","1","1","1","1","1","1","1","1","1","1","1","1","1","1","1","1","1","1","1","1","1","1","1","1","1","1","1","1","1","1","1","1","1","1","1","1","1","1","1","1","1","1","1","1","1","1","1","1","1","1","1","1","1"],"_sku":["WL-A04"],"_regular_price":["1"],"total_sales":["0"],"_tax_status":["taxable"],"_tax_class":[""],"_manage_stock":["no"],"_backorders":["no"],"_sold_individually":["no"],"_virtual":["no"],"_downloadable":["no"],"_product_image_gallery":["1703,1711,1710,1709,1708,1707,1706,1705"],"_download_limit":["0"],"_download_expiry":["0"],"_thumbnail_id":["130"],"_stock":[null],"_stock_status":["instock"],"_wc_average_rating":["0"],"_wc_review_count":["0"],"_product_attributes":["a:2:{s:9:\"item-size\";a:6:{s:4:\"name\";s:9:\"Item Size\";s:5:\"value\";s:7:\"?*?*?mm\";s:8:\"position\";i:0;s:10:\"is_visible\";i:1;s:12:\"is_variation\";i:0;s:11:\"is_taxonomy\";i:0;}s:7:\"qty-ctn\";a:6:{s:4:\"name\";s:7:\"QTY\/CTN\";s:5:\"value\";s:1:\"?\";s:8:\"position\";i:1;s:10:\"is_visible\";i:1;s:12:\"is_variation\";i:0;s:11:\"is_taxonomy\";i:0;}}"],"_product_version":["9.4.2"],"_price":["1"],"_wp_old_date":["2024-11-26"],"rank_math_analytic_object_id":["24"],"classic-editor-remember":["classic-editor"],"rank_math_seo_score":["11"],"rank_math_contentai_score":["a:5:{s:8:\"keywords\";s:5:\"74.51\";s:9:\"wordCount\";s:1:\"0\";s:9:\"linkCount\";s:1:\"0\";s:12:\"headingCount\";s:1:\"0\";s:10:\"mediaCount\";s:1:\"0\";}"],"_jet_woo_template":[""],"_template_type":["default"],"rank_math_primary_product_cat":["128"],"_ywraq_hide_quote_button_check":[""],"_ywraq_hide_quote_button":["0"],"_edit_lock":["1754365619:1"],"_edit_last":["1"],"_uag_css_file_name":["uag-css-1918.css"],"_uag_page_assets":["a:9:{s:3:\"css\";s:0:\"\";s:2:\"js\";s:0:\"\";s:18:\"current_block_list\";a:6:{i:0;s:10:\"core\/group\";i:1;s:12:\"core\/heading\";i:2;s:17:\"core\/latest-posts\";i:3;s:20:\"core\/latest-comments\";i:4;s:13:\"core\/archives\";i:5;s:15:\"core\/categories\";}s:8:\"uag_flag\";b:0;s:11:\"uag_version\";i:1777279032;s:6:\"gfonts\";a:0:{}s:10:\"gfonts_url\";s:0:\"\";s:12:\"gfonts_files\";a:0:{}s:14:\"uag_faq_layout\";b:0;}"]},"uagb_featured_image_src":{"full":["https:\/\/www.manluenpack.com\/wp-content\/uploads\/2024\/11\/transparent-cake-box-1.jpg",1000,1000,false],"thumbnail":["https:\/\/www.manluenpack.com\/wp-content\/uploads\/2024\/11\/transparent-cake-box-1.jpg",150,150,false],"medium":["https:\/\/www.manluenpack.com\/wp-content\/uploads\/2024\/11\/transparent-cake-box-1.jpg",300,300,false],"medium_large":["https:\/\/www.manluenpack.com\/wp-content\/uploads\/2024\/11\/transparent-cake-box-1.jpg",768,768,false],"large":["https:\/\/www.manluenpack.com\/wp-content\/uploads\/2024\/11\/transparent-cake-box-1.jpg",1000,1000,false],"1536x1536":["https:\/\/www.manluenpack.com\/wp-content\/uploads\/2024\/11\/transparent-cake-box-1.jpg",1000,1000,false],"2048x2048":["https:\/\/www.manluenpack.com\/wp-content\/uploads\/2024\/11\/transparent-cake-box-1.jpg",1000,1000,false],"trp-custom-language-flag":["https:\/\/www.manluenpack.com\/wp-content\/uploads\/2024\/11\/transparent-cake-box-1.jpg",12,12,false],"menu-24x24":["https:\/\/www.manluenpack.com\/wp-content\/uploads\/2024\/11\/transparent-cake-box-1.jpg",24,24,false],"menu-36x36":["https:\/\/www.manluenpack.com\/wp-content\/uploads\/2024\/11\/transparent-cake-box-1.jpg",36,36,false],"menu-48x48":["https:\/\/www.manluenpack.com\/wp-content\/uploads\/2024\/11\/transparent-cake-box-1.jpg",48,48,false],"woocommerce_thumbnail":["https:\/\/www.manluenpack.com\/wp-content\/uploads\/2024\/11\/transparent-cake-box-1.jpg",300,300,false],"woocommerce_single":["https:\/\/www.manluenpack.com\/wp-content\/uploads\/2024\/11\/transparent-cake-box-1.jpg",600,600,false],"woocommerce_gallery_thumbnail":["https:\/\/www.manluenpack.com\/wp-content\/uploads\/2024\/11\/transparent-cake-box-1.jpg",100,100,false]},"uagb_author_info":{"display_name":"ManLuenpack","author_link":"https:\/\/www.manluenpack.com\/pt\/author\/"},"uagb_comment_info":0,"uagb_excerpt":"The WL-A04 Wedge-Shaped Cake Slice Container\u00a0is thoughtfully engineered with precise dimensions and capacity, specifically tailored for cake slices. Its innovative wedge structure perfectly conforms to the shape of each slice,&hellip;","_links":{"self":[{"href":"https:\/\/www.manluenpack.com\/pt\/wp-json\/wp\/v2\/product\/1918","targetHints":{"allow":["GET"]}}],"collection":[{"href":"https:\/\/www.manluenpack.com\/pt\/wp-json\/wp\/v2\/product"}],"about":[{"href":"https:\/\/www.manluenpack.com\/pt\/wp-json\/wp\/v2\/types\/product"}],"wp:featuredmedia":[{"embeddable":true,"href":"https:\/\/www.manluenpack.com\/pt\/wp-json\/wp\/v2\/media\/130"}],"wp:attachment":[{"href":"https:\/\/www.manluenpack.com\/pt\/wp-json\/wp\/v2\/media?parent=1918"}],"wp:term":[{"taxonomy":"product_brand","embeddable":true,"href":"https:\/\/www.manluenpack.com\/pt\/wp-json\/wp\/v2\/product_brand?post=1918"},{"taxonomy":"product_cat","embeddable":true,"href":"https:\/\/www.manluenpack.com\/pt\/wp-json\/wp\/v2\/product_cat?post=1918"},{"taxonomy":"product_tag","embeddable":true,"href":"https:\/\/www.manluenpack.com\/pt\/wp-json\/wp\/v2\/product_tag?post=1918"}],"curies":[{"name":"wp","href":"https:\/\/api.w.org\/{rel}","templated":true}]}}