{"id":1914,"date":"2025-05-09T21:34:14","date_gmt":"2025-05-09T13:34:14","guid":{"rendered":"https:\/\/www.manluenpack.com\/?post_type=product&#038;p=1914"},"modified":"2025-06-19T13:54:59","modified_gmt":"2025-06-19T05:54:59","slug":"plastic-cake-container-wl-a06","status":"publish","type":"product","link":"https:\/\/www.manluenpack.com\/pt\/products\/plastic-cake-container-wl-a06\/","title":{"rendered":"Recipiente de Pl\u00e1stico para Bolo WL-A06"},"content":{"rendered":"<p>O nosso recipiente de pl\u00e1stico para bolo WL-A06 tem uma capacidade de 23 cm, tornando-o adequado para v\u00e1rios tipos de bolos. Com um design pensado, este recipiente garante que o seu bolo n\u00e3o s\u00f3 fique seguro, mas tamb\u00e9m exibido de forma bonita. Fabricado com materiais resistentes e duradouros, pode suportar o uso di\u00e1rio e a press\u00e3o. Al\u00e9m disso, o produto \u00e9 recicl\u00e1vel, alinhando-se com princ\u00edpios de desenvolvimento sustent\u00e1vel e ecol\u00f3gico. Optar pelo nosso produto reflete tanto um compromisso com a excel\u00eancia na confeitaria como com a responsabilidade ambiental.<\/p>\n<ul>\n<li>Tipo de Embalagem<br \/>\nCaixa de cart\u00e3o<\/li>\n<li>Cor<br \/>\nPreto&amp;Transparente<\/li>\n<li>Quantidade por palete<br \/>\n? jogos<\/li>\n<li>Material<br \/>\nTampa:?;Base: ?<\/li>\n<li>Capacidade por unidade<br \/>\n? metros c\u00fabicos<\/li>\n<\/ul>\n<h3><strong><b>Embalagem e entrega<\/b><\/strong><\/h3>\n<p>O recipiente de pl\u00e1stico para bolo WL-A06 \u00e9 feito de materiais de alta qualidade e amigos do ambiente, com excelente transpar\u00eancia, resist\u00eancia a \u00f3leos e toler\u00e2ncia ao calor \u2014 ideal para exibir e preservar uma vasta gama de produtos de pastelaria. As bordas s\u00e3o suavemente acabadas, sem rebarbas, garantindo seguran\u00e7a alimentar e frescura gra\u00e7as ao seu desempenho superior de veda\u00e7\u00e3o. Com um design minimalista mas moderno, combina perfeitamente com as exig\u00eancias est\u00e9ticas de ambientes de restaura\u00e7\u00e3o contempor\u00e2neos.<\/p>\n<h3><strong><b>Cen\u00e1rios de uso<\/b><\/strong><\/h3>\n<p>Apesar da sua capacidade generosa e forte capacidade de carga, o WL-A06 mant\u00e9m-se leve e f\u00e1cil de transportar \u2014 tornando-o ideal tanto para servi\u00e7o em loja como para entregas para fora. Amplamente utilizado em festas de anivers\u00e1rio, casamentos, eventos corporativos e feiras comerciais, tamb\u00e9m serve como uma ferramenta essencial para padarias, caf\u00e9s e restaurantes nas suas opera\u00e7\u00f5es di\u00e1rias e exibi\u00e7\u00f5es. Quer seja usado como embalagem ou decora\u00e7\u00e3o de mesa, estes recipientes aumentam o apelo visual e o profissionalismo de qualquer cria\u00e7\u00e3o de pastelaria.<\/p>\n<h3><strong><b>Vantagens do Design \u00a0<\/b><\/strong><\/h3>\n<p>Cuidadosamente fabricado em pl\u00e1stico OPS de alta qualidade alimentar, o WL-A06 apresenta uma base preta elegante combinada com uma tampa cristalina \u2014 elegante na apar\u00eancia e altamente funcional. Estes recipientes s\u00e3o especialmente desenhados para segurar uma variedade de bolos, incluindo bolos de creme, bolos de mousse, cheesecakes, bolos de fruta e mais. A sua estrutura robusta e materiais de alta qualidade garantem suporte est\u00e1vel para o peso do bolo, mantendo a sua forma e integridade enquanto real\u00e7am o sabor e a experi\u00eancia visual.<\/p>\n<h3><strong><b>Alta Transpar\u00eancia &amp; Desempenho de Veda\u00e7\u00e3o<\/b><\/strong><\/h3>\n<p>A tampa altamente transparente permite uma visibilidade total da cor e decora\u00e7\u00e3o do bolo, estimulando o apetite e impressionando os clientes. Com um design de tampa selada de forma segura, bloqueia eficazmente a entrada de ar, mantendo n\u00edveis \u00f3timos de humidade e frescura \u2014 prolongando significativamente a vida \u00fatil do bolo. Quer seja para exibi\u00e7\u00e3o ou armazenamento, mant\u00e9m a sua sobremesa em condi\u00e7\u00f5es perfeitas.<\/p>\n<h3><strong><b>Dur\u00e1vel &amp; Recicl\u00e1vel<\/b><\/strong><\/h3>\n<p>Estes recipientes de pl\u00e1stico para bolo s\u00e3o feitos para durar. Projetados para resistir \u00e0s exig\u00eancias do uso di\u00e1rio, oferecem excelente durabilidade e resist\u00eancia sob press\u00e3o. Mais importante ainda, s\u00e3o totalmente recicl\u00e1veis, apoiando pr\u00e1ticas ecol\u00f3gicas e contribuindo para o desenvolvimento sustent\u00e1vel. Optar pelo WL-A06 significa escolher qualidade, conveni\u00eancia e responsabilidade ambiental.<\/p>","protected":false},"excerpt":{"rendered":"<p>Our WL-A06 Plastic Cake Container\u00a0has a 9-inch capacity, making it suitable for various types of cakes. Thoughtfully designed, this container ensures your cake is not only securely held but also&hellip;<\/p>","protected":false},"featured_media":130,"template":"","meta":{"_uag_custom_page_level_css":""},"product_brand":[],"product_cat":[128],"product_tag":[140],"class_list":{"0":"post-1914","1":"product","2":"type-product","3":"status-publish","4":"has-post-thumbnail","6":"product_cat-cake-containers","7":"product_tag-cake-container","9":"first","10":"instock","11":"shipping-taxable","12":"purchasable","13":"product-type-simple"},"spectra_custom_meta":{"rank_math_internal_links_processed":["1","1","1","1","1","1","1","1","1","1","1","1","1","1","1","1","1","1","1","1","1","1","1","1","1","1","1","1","1","1","1","1","1","1","1","1","1","1","1","1","1","1","1","1","1","1","1","1","1","1","1","1","1","1","1","1","1","1","1","1","1","1","1","1","1","1","1","1","1","1","1","1","1","1","1","1","1","1","1","1","1","1","1","1","1"],"_sku":["WL-A06"],"_regular_price":["1"],"total_sales":["0"],"_tax_status":["taxable"],"_tax_class":[""],"_manage_stock":["no"],"_backorders":["no"],"_sold_individually":["no"],"_virtual":["no"],"_downloadable":["no"],"_product_image_gallery":["1703,1711,1710,1709,1708,1707,1706,1705"],"_download_limit":["0"],"_download_expiry":["0"],"_thumbnail_id":["130"],"_stock":[null],"_stock_status":["instock"],"_wc_average_rating":["0"],"_wc_review_count":["0"],"_product_attributes":["a:2:{s:9:\"item-size\";a:6:{s:4:\"name\";s:9:\"Item Size\";s:5:\"value\";s:7:\"?*?*?mm\";s:8:\"position\";i:0;s:10:\"is_visible\";i:1;s:12:\"is_variation\";i:0;s:11:\"is_taxonomy\";i:0;}s:7:\"qty-ctn\";a:6:{s:4:\"name\";s:7:\"QTY\/CTN\";s:5:\"value\";s:1:\"?\";s:8:\"position\";i:1;s:10:\"is_visible\";i:1;s:12:\"is_variation\";i:0;s:11:\"is_taxonomy\";i:0;}}"],"_product_version":["9.4.2"],"_price":["1"],"_wp_old_date":["2024-11-26"],"rank_math_analytic_object_id":["24"],"classic-editor-remember":["classic-editor"],"rank_math_seo_score":["11"],"rank_math_contentai_score":["a:5:{s:8:\"keywords\";s:5:\"74.51\";s:9:\"wordCount\";s:1:\"0\";s:9:\"linkCount\";s:1:\"0\";s:12:\"headingCount\";s:1:\"0\";s:10:\"mediaCount\";s:1:\"0\";}"],"_jet_woo_template":[""],"_template_type":["default"],"rank_math_primary_product_cat":["128"],"_ywraq_hide_quote_button_check":[""],"_ywraq_hide_quote_button":["0"],"_edit_lock":["1754365734:1"],"_edit_last":["1"],"_uag_css_file_name":["uag-css-1914.css"],"_uag_page_assets":["a:9:{s:3:\"css\";s:263:\".uag-blocks-common-selector{z-index:var(--z-index-desktop) !important}@media (max-width: 976px){.uag-blocks-common-selector{z-index:var(--z-index-tablet) !important}}@media (max-width: 767px){.uag-blocks-common-selector{z-index:var(--z-index-mobile) !important}}\n\";s:2:\"js\";s:0:\"\";s:18:\"current_block_list\";a:6:{i:0;s:10:\"core\/group\";i:1;s:12:\"core\/heading\";i:2;s:17:\"core\/latest-posts\";i:3;s:20:\"core\/latest-comments\";i:4;s:13:\"core\/archives\";i:5;s:15:\"core\/categories\";}s:8:\"uag_flag\";b:0;s:11:\"uag_version\";i:1777279937;s:6:\"gfonts\";a:0:{}s:10:\"gfonts_url\";s:0:\"\";s:12:\"gfonts_files\";a:0:{}s:14:\"uag_faq_layout\";b:0;}"]},"uagb_featured_image_src":{"full":["https:\/\/www.manluenpack.com\/wp-content\/uploads\/2024\/11\/transparent-cake-box-1.jpg",1000,1000,false],"thumbnail":["https:\/\/www.manluenpack.com\/wp-content\/uploads\/2024\/11\/transparent-cake-box-1.jpg",150,150,false],"medium":["https:\/\/www.manluenpack.com\/wp-content\/uploads\/2024\/11\/transparent-cake-box-1.jpg",300,300,false],"medium_large":["https:\/\/www.manluenpack.com\/wp-content\/uploads\/2024\/11\/transparent-cake-box-1.jpg",768,768,false],"large":["https:\/\/www.manluenpack.com\/wp-content\/uploads\/2024\/11\/transparent-cake-box-1.jpg",1000,1000,false],"1536x1536":["https:\/\/www.manluenpack.com\/wp-content\/uploads\/2024\/11\/transparent-cake-box-1.jpg",1000,1000,false],"2048x2048":["https:\/\/www.manluenpack.com\/wp-content\/uploads\/2024\/11\/transparent-cake-box-1.jpg",1000,1000,false],"trp-custom-language-flag":["https:\/\/www.manluenpack.com\/wp-content\/uploads\/2024\/11\/transparent-cake-box-1.jpg",12,12,false],"menu-24x24":["https:\/\/www.manluenpack.com\/wp-content\/uploads\/2024\/11\/transparent-cake-box-1.jpg",24,24,false],"menu-36x36":["https:\/\/www.manluenpack.com\/wp-content\/uploads\/2024\/11\/transparent-cake-box-1.jpg",36,36,false],"menu-48x48":["https:\/\/www.manluenpack.com\/wp-content\/uploads\/2024\/11\/transparent-cake-box-1.jpg",48,48,false],"woocommerce_thumbnail":["https:\/\/www.manluenpack.com\/wp-content\/uploads\/2024\/11\/transparent-cake-box-1.jpg",300,300,false],"woocommerce_single":["https:\/\/www.manluenpack.com\/wp-content\/uploads\/2024\/11\/transparent-cake-box-1.jpg",600,600,false],"woocommerce_gallery_thumbnail":["https:\/\/www.manluenpack.com\/wp-content\/uploads\/2024\/11\/transparent-cake-box-1.jpg",100,100,false]},"uagb_author_info":{"display_name":"ManLuenpack","author_link":"https:\/\/www.manluenpack.com\/pt\/author\/"},"uagb_comment_info":0,"uagb_excerpt":"Our WL-A06 Plastic Cake Container\u00a0has a 9-inch capacity, making it suitable for various types of cakes. Thoughtfully designed, this container ensures your cake is not only securely held but also&hellip;","_links":{"self":[{"href":"https:\/\/www.manluenpack.com\/pt\/wp-json\/wp\/v2\/product\/1914","targetHints":{"allow":["GET"]}}],"collection":[{"href":"https:\/\/www.manluenpack.com\/pt\/wp-json\/wp\/v2\/product"}],"about":[{"href":"https:\/\/www.manluenpack.com\/pt\/wp-json\/wp\/v2\/types\/product"}],"wp:featuredmedia":[{"embeddable":true,"href":"https:\/\/www.manluenpack.com\/pt\/wp-json\/wp\/v2\/media\/130"}],"wp:attachment":[{"href":"https:\/\/www.manluenpack.com\/pt\/wp-json\/wp\/v2\/media?parent=1914"}],"wp:term":[{"taxonomy":"product_brand","embeddable":true,"href":"https:\/\/www.manluenpack.com\/pt\/wp-json\/wp\/v2\/product_brand?post=1914"},{"taxonomy":"product_cat","embeddable":true,"href":"https:\/\/www.manluenpack.com\/pt\/wp-json\/wp\/v2\/product_cat?post=1914"},{"taxonomy":"product_tag","embeddable":true,"href":"https:\/\/www.manluenpack.com\/pt\/wp-json\/wp\/v2\/product_tag?post=1914"}],"curies":[{"name":"wp","href":"https:\/\/api.w.org\/{rel}","templated":true}]}}