{"id":1903,"date":"2025-05-09T21:24:14","date_gmt":"2025-05-09T13:24:14","guid":{"rendered":"https:\/\/www.manluenpack.com\/?post_type=product&#038;p=1903"},"modified":"2025-06-19T13:54:57","modified_gmt":"2025-06-19T05:54:57","slug":"lateral-cake-slice-plastic-wedge-container-wl-a015","status":"publish","type":"product","link":"https:\/\/www.manluenpack.com\/pt\/products\/lateral-cake-slice-plastic-wedge-container-wl-a015\/","title":{"rendered":"Recipiente Lateral de Pl\u00e1stico para Fatias de Bolo em Cunha WL-A015"},"content":{"rendered":"<p>O recipiente de pl\u00e1stico em forma de cunha lateral WL-A015 para fatias de bolo redefine a apresenta\u00e7\u00e3o de sobremesas com uma engenharia cuidadosa. Fabricado em material PS transparente, exibe perfeitamente as camadas e cores do bolo. A forma de cunha \u00fanica abra\u00e7a firmemente as fatias de bolo naturais sem escorregar ou comprimir. A abertura lateral garante acesso f\u00e1cil e sem bagun\u00e7a \u2013 ideal para padarias, restaurantes e uso dom\u00e9stico como a solu\u00e7\u00e3o perfeita de exibi\u00e7\u00e3o e armazenamento.<\/p>\n<ul>\n<li>Tipo de Embalagem<br \/>\nCaixa de cart\u00e3o<\/li>\n<li>Cor<br \/>\nPreto&amp;Transparente<\/li>\n<li>Quantidade por palete<br \/>\n? jogos<\/li>\n<li>Material<br \/>\nTampa:?;Base: ?<\/li>\n<li>Capacidade por unidade<br \/>\n? metros c\u00fabicos<\/li>\n<\/ul>\n<h3><strong><b>Embalagem e entrega<\/b><\/strong><\/h3>\n<p>Cada recipiente WL-A015 chega embalado individualmente para garantir a seguran\u00e7a no transporte. O design de empilhamento compacto e eficiente permite uma arruma\u00e7\u00e3o otimizada e log\u00edstica eficiente. Pronto para uso imediato, ele eleva a apresenta\u00e7\u00e3o do bolo com sofistica\u00e7\u00e3o profissional.<\/p>\n<h3><strong><b>Cen\u00e1rios de uso<\/b><\/strong><\/h3>\n<p>Ultralight mas resistente, este recipiente viaja facilmente para encontros familiares, piqueniques ou workshops de confeitaria. Perfeito para uso di\u00e1rio em casa, encontros com amigos, celebra\u00e7\u00f5es festivas, padarias e caf\u00e9s \u2013 transforma a apresenta\u00e7\u00e3o de fatias de bolo numa verdadeira arte.<\/p>\n<h3><strong><b>Vantagens do Design \u00a0<\/b><\/strong><\/h3>\n<ul>\n<li>Perfil Ergon\u00f3mico de Cunha: Contorna precisamente as fatias de bolo para evitar deforma\u00e7\u00f5es<\/li>\n<li>Base Estabilizada: Funda\u00e7\u00e3o refor\u00e7ada suporta fatias mais pesadas sem oscilar<\/li>\n<li>Abertura Engenharia: Acesso lateral mant\u00e9m a integridade da fatia durante o servi\u00e7o<\/li>\n<\/ul>\n<h3><strong><b>Clareza \u00d3ptica &amp; Preserva\u00e7\u00e3o<\/b><\/strong><\/h3>\n<p>O corpo transparente exibe texturas e tonalidades tentadoras do bolo, enquanto a veda\u00e7\u00e3o herm\u00e9tica mant\u00e9m a frescura ao impedir a exposi\u00e7\u00e3o ao ar, prolongando significativamente a vida \u00fatil.<\/p>","protected":false},"excerpt":{"rendered":"<p>The WL-A015 Lateral Cake Slice Plastic Wedge Container redefines dessert presentation with thoughtful engineering. Crafted from crystal-clear PS material, it showcases cake layers and colors perfectly. The unique wedge shape&hellip;<\/p>","protected":false},"featured_media":130,"template":"","meta":{"_uag_custom_page_level_css":""},"product_brand":[],"product_cat":[128],"product_tag":[140],"class_list":{"0":"post-1903","1":"product","2":"type-product","3":"status-publish","4":"has-post-thumbnail","6":"product_cat-cake-containers","7":"product_tag-cake-container","9":"first","10":"instock","11":"shipping-taxable","12":"purchasable","13":"product-type-simple"},"spectra_custom_meta":{"rank_math_internal_links_processed":["1","1","1","1","1","1","1","1","1","1","1","1","1","1","1","1","1","1","1","1","1","1","1","1","1","1","1","1","1","1","1","1","1","1","1","1","1","1","1","1","1","1","1","1","1","1","1","1","1","1","1","1","1","1","1","1","1","1","1","1","1","1","1","1","1","1","1","1","1","1","1","1","1","1","1","1","1","1","1"],"_sku":["WL-A015"],"_regular_price":["1"],"total_sales":["0"],"_tax_status":["taxable"],"_tax_class":[""],"_manage_stock":["no"],"_backorders":["no"],"_sold_individually":["no"],"_virtual":["no"],"_downloadable":["no"],"_product_image_gallery":["1703,1711,1710,1709,1708,1707,1706,1705"],"_download_limit":["0"],"_download_expiry":["0"],"_thumbnail_id":["130"],"_stock":[null],"_stock_status":["instock"],"_wc_average_rating":["0"],"_wc_review_count":["0"],"_product_attributes":["a:2:{s:9:\"item-size\";a:6:{s:4:\"name\";s:9:\"Item Size\";s:5:\"value\";s:7:\"?*?*?mm\";s:8:\"position\";i:0;s:10:\"is_visible\";i:1;s:12:\"is_variation\";i:0;s:11:\"is_taxonomy\";i:0;}s:7:\"qty-ctn\";a:6:{s:4:\"name\";s:7:\"QTY\/CTN\";s:5:\"value\";s:1:\"?\";s:8:\"position\";i:1;s:10:\"is_visible\";i:1;s:12:\"is_variation\";i:0;s:11:\"is_taxonomy\";i:0;}}"],"_product_version":["9.4.2"],"_price":["1"],"_wp_old_date":["2024-11-26"],"rank_math_analytic_object_id":["24"],"classic-editor-remember":["classic-editor"],"rank_math_seo_score":["12"],"rank_math_contentai_score":["a:5:{s:8:\"keywords\";s:5:\"74.51\";s:9:\"wordCount\";s:1:\"0\";s:9:\"linkCount\";s:1:\"0\";s:12:\"headingCount\";s:1:\"0\";s:10:\"mediaCount\";s:1:\"0\";}"],"_jet_woo_template":[""],"_template_type":["default"],"rank_math_primary_product_cat":["128"],"_ywraq_hide_quote_button_check":[""],"_ywraq_hide_quote_button":["0"],"_edit_lock":["1746796995:1"],"_edit_last":["1"],"_uag_css_file_name":["uag-css-1903.css"],"_uag_page_assets":["a:9:{s:3:\"css\";s:0:\"\";s:2:\"js\";s:0:\"\";s:18:\"current_block_list\";a:6:{i:0;s:10:\"core\/group\";i:1;s:12:\"core\/heading\";i:2;s:17:\"core\/latest-posts\";i:3;s:20:\"core\/latest-comments\";i:4;s:13:\"core\/archives\";i:5;s:15:\"core\/categories\";}s:8:\"uag_flag\";b:0;s:11:\"uag_version\";i:1777279032;s:6:\"gfonts\";a:0:{}s:10:\"gfonts_url\";s:0:\"\";s:12:\"gfonts_files\";a:0:{}s:14:\"uag_faq_layout\";b:0;}"]},"uagb_featured_image_src":{"full":["https:\/\/www.manluenpack.com\/wp-content\/uploads\/2024\/11\/transparent-cake-box-1.jpg",1000,1000,false],"thumbnail":["https:\/\/www.manluenpack.com\/wp-content\/uploads\/2024\/11\/transparent-cake-box-1.jpg",150,150,false],"medium":["https:\/\/www.manluenpack.com\/wp-content\/uploads\/2024\/11\/transparent-cake-box-1.jpg",300,300,false],"medium_large":["https:\/\/www.manluenpack.com\/wp-content\/uploads\/2024\/11\/transparent-cake-box-1.jpg",768,768,false],"large":["https:\/\/www.manluenpack.com\/wp-content\/uploads\/2024\/11\/transparent-cake-box-1.jpg",1000,1000,false],"1536x1536":["https:\/\/www.manluenpack.com\/wp-content\/uploads\/2024\/11\/transparent-cake-box-1.jpg",1000,1000,false],"2048x2048":["https:\/\/www.manluenpack.com\/wp-content\/uploads\/2024\/11\/transparent-cake-box-1.jpg",1000,1000,false],"trp-custom-language-flag":["https:\/\/www.manluenpack.com\/wp-content\/uploads\/2024\/11\/transparent-cake-box-1.jpg",12,12,false],"menu-24x24":["https:\/\/www.manluenpack.com\/wp-content\/uploads\/2024\/11\/transparent-cake-box-1.jpg",24,24,false],"menu-36x36":["https:\/\/www.manluenpack.com\/wp-content\/uploads\/2024\/11\/transparent-cake-box-1.jpg",36,36,false],"menu-48x48":["https:\/\/www.manluenpack.com\/wp-content\/uploads\/2024\/11\/transparent-cake-box-1.jpg",48,48,false],"woocommerce_thumbnail":["https:\/\/www.manluenpack.com\/wp-content\/uploads\/2024\/11\/transparent-cake-box-1.jpg",300,300,false],"woocommerce_single":["https:\/\/www.manluenpack.com\/wp-content\/uploads\/2024\/11\/transparent-cake-box-1.jpg",600,600,false],"woocommerce_gallery_thumbnail":["https:\/\/www.manluenpack.com\/wp-content\/uploads\/2024\/11\/transparent-cake-box-1.jpg",100,100,false]},"uagb_author_info":{"display_name":"ManLuenpack","author_link":"https:\/\/www.manluenpack.com\/pt\/author\/"},"uagb_comment_info":0,"uagb_excerpt":"The WL-A015 Lateral Cake Slice Plastic Wedge Container redefines dessert presentation with thoughtful engineering. Crafted from crystal-clear PS material, it showcases cake layers and colors perfectly. The unique wedge shape&hellip;","_links":{"self":[{"href":"https:\/\/www.manluenpack.com\/pt\/wp-json\/wp\/v2\/product\/1903","targetHints":{"allow":["GET"]}}],"collection":[{"href":"https:\/\/www.manluenpack.com\/pt\/wp-json\/wp\/v2\/product"}],"about":[{"href":"https:\/\/www.manluenpack.com\/pt\/wp-json\/wp\/v2\/types\/product"}],"wp:featuredmedia":[{"embeddable":true,"href":"https:\/\/www.manluenpack.com\/pt\/wp-json\/wp\/v2\/media\/130"}],"wp:attachment":[{"href":"https:\/\/www.manluenpack.com\/pt\/wp-json\/wp\/v2\/media?parent=1903"}],"wp:term":[{"taxonomy":"product_brand","embeddable":true,"href":"https:\/\/www.manluenpack.com\/pt\/wp-json\/wp\/v2\/product_brand?post=1903"},{"taxonomy":"product_cat","embeddable":true,"href":"https:\/\/www.manluenpack.com\/pt\/wp-json\/wp\/v2\/product_cat?post=1903"},{"taxonomy":"product_tag","embeddable":true,"href":"https:\/\/www.manluenpack.com\/pt\/wp-json\/wp\/v2\/product_tag?post=1903"}],"curies":[{"name":"wp","href":"https:\/\/api.w.org\/{rel}","templated":true}]}}