{"id":1897,"date":"2025-05-09T21:14:28","date_gmt":"2025-05-09T13:14:28","guid":{"rendered":"https:\/\/www.manluenpack.com\/?post_type=product&#038;p=1897"},"modified":"2025-06-19T13:54:22","modified_gmt":"2025-06-19T05:54:22","slug":"square-cake-container-wl-a01","status":"publish","type":"product","link":"https:\/\/www.manluenpack.com\/pt\/products\/square-cake-container-wl-a01\/","title":{"rendered":"Recipiente Descart\u00e1vel de Pl\u00e1stico para Fatias de Bolo WL-A10"},"content":{"rendered":"<p>Este recipiente de fatia de bolo de pl\u00e1stico foi cuidadosamente concebido para encaixar perfeitamente fatias de bolo de tamanho padr\u00e3o. A sua capacidade bem proporcionada garante que a forma do bolo permane\u00e7a intacta sem ser esmagada, mantendo a frescura e o apelo visual. Adequado n\u00e3o s\u00f3 para bolos, mas tamb\u00e9m para pastelaria, sobremesas e refei\u00e7\u00f5es leves, este recipiente mant\u00e9m as suas iguarias em condi\u00e7\u00f5es \u00f3timas \u2014 seja um bolo de chiffon macio, bolo de creme doce, macarons delicados ou biscoitos.<\/p>\n<ul>\n<li>Tipo de Embalagem<br \/>\nCaixa de cart\u00e3o<\/li>\n<li>Cor<br \/>\nTransparente<\/li>\n<li>Quantidade por palete<br \/>\n?conjuntos<\/li>\n<li>Material<br \/>\nTampa:?;Base: ?<\/li>\n<li>Capacidade por unidade<br \/>\n? metros c\u00fabicos<\/li>\n<\/ul>\n<h3><strong><b>Embalagem e entrega<\/b><\/strong><\/h3>\n<p>Cada recipiente WL-A10 \u00e9 feito de material PET de grau aliment\u00edcio e embalado individualmente em filme transparente antiest\u00e1tico para garantir limpeza e prote\u00e7\u00e3o contra poeira. Os recipientes s\u00e3o arrumados cuidadosamente no interior com enchimento de algod\u00e3o p\u00e9rola protetor, e embalados em caixas de cart\u00e3o ondulado de cinco camadas resistentes, adequadas para entrega expressa ou transporte a granel. Acompanhando cada remessa est\u00e1 a Certifica\u00e7\u00e3o de Seguran\u00e7a de Contacto com Alimentos SGS, garantindo que cada produto chegue em perfeitas condi\u00e7\u00f5es com padr\u00f5es rigorosos de embalagem.<\/p>\n<h3><strong><b>Cen\u00e1rios de uso<\/b><\/strong><\/h3>\n<p>Projetado com materiais leves, o recipiente para fatias de bolo \u00e9 f\u00e1cil de transportar e conveniente para v\u00e1rias ocasi\u00f5es. Seja uma reuni\u00e3o familiar, piquenique ao ar livre ou momento de partilha no escrit\u00f3rio, pode desfrutar de iguarias deliciosas a qualquer hora, em qualquer lugar. Amplamente utilizado em cozinhas dom\u00e9sticas, padarias, caf\u00e9s e restaurantes, este recipiente serve tanto como uma solu\u00e7\u00e3o de armazenamento di\u00e1ria quanto como uma caixa de takeout ideal \u2014 demonstrando o seu charme e valor em m\u00faltiplos ambientes.<\/p>\n<h3><strong><b>Material de Alta Qualidade de Grau Alimentar<\/b><\/strong><\/h3>\n<p>Compreendemos a import\u00e2ncia da seguran\u00e7a alimentar, por isso o corpo principal deste recipiente \u00e9 fabricado em PP de alta qualidade, grau aliment\u00edcio. \u00c9 n\u00e3o t\u00f3xico, inodoro e livre de qu\u00edmicos nocivos, cumprindo totalmente os padr\u00f5es internacionais de seguran\u00e7a para contacto com alimentos \u2014 proporcionando tranquilidade a si e \u00e0 sua fam\u00edlia.<\/p>\n<h3><strong><b>Dur\u00e1vel e Ecol\u00f3gico<\/b><\/strong><\/h3>\n<p>Fabricado com materiais de alta qualidade, este recipiente n\u00e3o s\u00f3 \u00e9 robusto e resistente a impactos menores e fric\u00e7\u00f5es durante o uso di\u00e1rio, como tamb\u00e9m \u00e9 recicl\u00e1vel ap\u00f3s o seu ciclo de vida, alinhando-se com princ\u00edpios ecol\u00f3gicos e ajudando a reduzir o impacto ambiental.<\/p>\n<h3><strong><b>Alta transpar\u00eancia &amp; veda\u00e7\u00e3o herm\u00e9tica<\/b><\/strong><\/h3>\n<p>O design transparente permite verificar facilmente o estado dos alimentos no interior sem abrir a tampa, ajudando a monitorizar a frescura de um olhar. Com uma tampa herm\u00e9tica, bloqueia eficazmente o ar, a humidade e os odores, preservando o sabor e a frescura originais dos seus alimentos.<\/p>\n<h3><strong><b>Vantagens do Design \u00a0<\/b><\/strong><\/h3>\n<p>O recipiente de fatia de bolo individual WL-A10 apresenta uma forma triangular simples mas elegante que se integra perfeitamente na est\u00e9tica moderna. As arestas s\u00e3o cuidadosamente polidas para garantir suavidade e evitar ferimentos nas m\u00e3os ou danos aos alimentos. A parte inferior possui um design anti-derrapante especial, garantindo uma coloca\u00e7\u00e3o est\u00e1vel mesmo em superf\u00edcies lisas \u2014 prevenindo tombamentos e derrames.<\/p>","protected":false},"excerpt":{"rendered":"<p>This Plastic Cake Slice Container\u00a0is thoughtfully designed to perfectly fit standard-sized cake slices. Its well-proportioned capacity ensures the shape of the cake remains intact without being crushed, while maintaining freshness&hellip;<\/p>","protected":false},"featured_media":130,"template":"","meta":{"_uag_custom_page_level_css":""},"product_brand":[],"product_cat":[128],"product_tag":[140],"class_list":{"0":"post-1897","1":"product","2":"type-product","3":"status-publish","4":"has-post-thumbnail","6":"product_cat-cake-containers","7":"product_tag-cake-container","9":"first","10":"instock","11":"shipping-taxable","12":"purchasable","13":"product-type-simple"},"spectra_custom_meta":{"rank_math_internal_links_processed":["1","1","1","1","1","1","1","1","1","1","1","1","1","1","1","1","1","1","1","1","1","1","1","1","1","1","1","1","1","1","1","1","1","1","1","1","1","1","1","1","1","1","1","1","1","1","1","1","1","1","1","1","1","1","1","1","1","1","1","1","1","1","1","1","1","1","1","1","1","1","1","1","1","1","1","1"],"_sku":["WL-A10"],"_regular_price":["1"],"total_sales":["0"],"_tax_status":["taxable"],"_tax_class":[""],"_manage_stock":["no"],"_backorders":["no"],"_sold_individually":["no"],"_virtual":["no"],"_downloadable":["no"],"_product_image_gallery":["1703,1711,1710,1709,1708,1707,1706,1705"],"_download_limit":["0"],"_download_expiry":["0"],"_thumbnail_id":["130"],"_stock":[null],"_stock_status":["instock"],"_wc_average_rating":["0"],"_wc_review_count":["0"],"_product_attributes":["a:2:{s:9:\"item-size\";a:6:{s:4:\"name\";s:9:\"Item Size\";s:5:\"value\";s:7:\"?*?*?mm\";s:8:\"position\";i:0;s:10:\"is_visible\";i:1;s:12:\"is_variation\";i:0;s:11:\"is_taxonomy\";i:0;}s:7:\"qty-ctn\";a:6:{s:4:\"name\";s:7:\"QTY\/CTN\";s:5:\"value\";s:1:\"?\";s:8:\"position\";i:1;s:10:\"is_visible\";i:1;s:12:\"is_variation\";i:0;s:11:\"is_taxonomy\";i:0;}}"],"_product_version":["9.4.2"],"_price":["1"],"_wp_old_date":["2024-11-26"],"rank_math_analytic_object_id":["24"],"classic-editor-remember":["classic-editor"],"rank_math_seo_score":["15"],"rank_math_contentai_score":["a:5:{s:8:\"keywords\";s:5:\"74.51\";s:9:\"wordCount\";s:1:\"0\";s:9:\"linkCount\";s:1:\"0\";s:12:\"headingCount\";s:1:\"0\";s:10:\"mediaCount\";s:1:\"0\";}"],"_jet_woo_template":[""],"_template_type":["default"],"rank_math_primary_product_cat":["128"],"_ywraq_hide_quote_button_check":[""],"_ywraq_hide_quote_button":["0"],"_edit_lock":["1746796720:1"],"_edit_last":["1"],"_uag_css_file_name":["uag-css-1897.css"],"_uag_page_assets":["a:9:{s:3:\"css\";s:0:\"\";s:2:\"js\";s:0:\"\";s:18:\"current_block_list\";a:6:{i:0;s:10:\"core\/group\";i:1;s:12:\"core\/heading\";i:2;s:17:\"core\/latest-posts\";i:3;s:20:\"core\/latest-comments\";i:4;s:13:\"core\/archives\";i:5;s:15:\"core\/categories\";}s:8:\"uag_flag\";b:0;s:11:\"uag_version\";i:1777309481;s:6:\"gfonts\";a:0:{}s:10:\"gfonts_url\";s:0:\"\";s:12:\"gfonts_files\";a:0:{}s:14:\"uag_faq_layout\";b:0;}"]},"uagb_featured_image_src":{"full":["https:\/\/www.manluenpack.com\/wp-content\/uploads\/2024\/11\/transparent-cake-box-1.jpg",1000,1000,false],"thumbnail":["https:\/\/www.manluenpack.com\/wp-content\/uploads\/2024\/11\/transparent-cake-box-1.jpg",150,150,false],"medium":["https:\/\/www.manluenpack.com\/wp-content\/uploads\/2024\/11\/transparent-cake-box-1.jpg",300,300,false],"medium_large":["https:\/\/www.manluenpack.com\/wp-content\/uploads\/2024\/11\/transparent-cake-box-1.jpg",768,768,false],"large":["https:\/\/www.manluenpack.com\/wp-content\/uploads\/2024\/11\/transparent-cake-box-1.jpg",1000,1000,false],"1536x1536":["https:\/\/www.manluenpack.com\/wp-content\/uploads\/2024\/11\/transparent-cake-box-1.jpg",1000,1000,false],"2048x2048":["https:\/\/www.manluenpack.com\/wp-content\/uploads\/2024\/11\/transparent-cake-box-1.jpg",1000,1000,false],"trp-custom-language-flag":["https:\/\/www.manluenpack.com\/wp-content\/uploads\/2024\/11\/transparent-cake-box-1.jpg",12,12,false],"menu-24x24":["https:\/\/www.manluenpack.com\/wp-content\/uploads\/2024\/11\/transparent-cake-box-1.jpg",24,24,false],"menu-36x36":["https:\/\/www.manluenpack.com\/wp-content\/uploads\/2024\/11\/transparent-cake-box-1.jpg",36,36,false],"menu-48x48":["https:\/\/www.manluenpack.com\/wp-content\/uploads\/2024\/11\/transparent-cake-box-1.jpg",48,48,false],"woocommerce_thumbnail":["https:\/\/www.manluenpack.com\/wp-content\/uploads\/2024\/11\/transparent-cake-box-1.jpg",300,300,false],"woocommerce_single":["https:\/\/www.manluenpack.com\/wp-content\/uploads\/2024\/11\/transparent-cake-box-1.jpg",600,600,false],"woocommerce_gallery_thumbnail":["https:\/\/www.manluenpack.com\/wp-content\/uploads\/2024\/11\/transparent-cake-box-1.jpg",100,100,false]},"uagb_author_info":{"display_name":"ManLuenpack","author_link":"https:\/\/www.manluenpack.com\/pt\/author\/"},"uagb_comment_info":0,"uagb_excerpt":"This Plastic Cake Slice Container\u00a0is thoughtfully designed to perfectly fit standard-sized cake slices. Its well-proportioned capacity ensures the shape of the cake remains intact without being crushed, while maintaining freshness&hellip;","_links":{"self":[{"href":"https:\/\/www.manluenpack.com\/pt\/wp-json\/wp\/v2\/product\/1897","targetHints":{"allow":["GET"]}}],"collection":[{"href":"https:\/\/www.manluenpack.com\/pt\/wp-json\/wp\/v2\/product"}],"about":[{"href":"https:\/\/www.manluenpack.com\/pt\/wp-json\/wp\/v2\/types\/product"}],"wp:featuredmedia":[{"embeddable":true,"href":"https:\/\/www.manluenpack.com\/pt\/wp-json\/wp\/v2\/media\/130"}],"wp:attachment":[{"href":"https:\/\/www.manluenpack.com\/pt\/wp-json\/wp\/v2\/media?parent=1897"}],"wp:term":[{"taxonomy":"product_brand","embeddable":true,"href":"https:\/\/www.manluenpack.com\/pt\/wp-json\/wp\/v2\/product_brand?post=1897"},{"taxonomy":"product_cat","embeddable":true,"href":"https:\/\/www.manluenpack.com\/pt\/wp-json\/wp\/v2\/product_cat?post=1897"},{"taxonomy":"product_tag","embeddable":true,"href":"https:\/\/www.manluenpack.com\/pt\/wp-json\/wp\/v2\/product_tag?post=1897"}],"curies":[{"name":"wp","href":"https:\/\/api.w.org\/{rel}","templated":true}]}}