{"id":1895,"date":"2025-05-09T21:02:43","date_gmt":"2025-05-09T13:02:43","guid":{"rendered":"https:\/\/www.manluenpack.com\/?post_type=product&#038;p=1895"},"modified":"2025-06-19T13:55:01","modified_gmt":"2025-06-19T05:55:01","slug":"sheet-cake-container-wl-a02","status":"publish","type":"product","link":"https:\/\/www.manluenpack.com\/pt\/products\/sheet-cake-container-wl-a02\/","title":{"rendered":"Recipiente para Bolo de Folha WL-A02"},"content":{"rendered":"<p>O nosso recipiente para bolos de folha oferece op\u00e7\u00f5es de tamanhos vers\u00e1teis para acomodar diferentes dimens\u00f5es de bolos de folha ou biscoitos. O seu design preciso garante uma armazenagem de alimentos limpa e organizada, economizando espa\u00e7o enquanto simplifica a gest\u00e3o. Ideal para segurar bolos de folha, biscoitos, fatias de sobremesa, rolos de bolo e outros doces leves, a sua estrutura robusta e materiais proporcionam suporte est\u00e1vel para manter a integridade dos alimentos, tornando o servi\u00e7o e a partilha f\u00e1ceis.<\/p>\n<ul>\n<li>Tipo de Embalagem<br \/>\nCaixa de cart\u00e3o<\/li>\n<li>Cor<br \/>\nPreto&amp;Transparente<\/li>\n<li>Quantidade por palete<br \/>\n?conjuntos<\/li>\n<li>Material<br \/>\nTampa:?;Base: ?<\/li>\n<li>Capacidade por unidade<br \/>\n? metros c\u00fabicos<\/li>\n<\/ul>\n<h3><strong><b>Embalagem e entrega<\/b><\/strong><\/h3>\n<p>O recipiente para bolos de folha WL-A02 apresenta embalagem compacta e ordenada \u2014 leve, mas resistente, com um design empilh\u00e1vel que economiza espa\u00e7o para transporte e armazenamento eficientes. A janela transparente e o mecanismo de veda\u00e7\u00e3o seguro garantem uma entrega segura enquanto exibem as camadas elegantes do bolo. Pronto a usar ao desembalar, o seu estilo minimalista mas refinado acrescenta profissionalismo e calor a cada doce.<\/p>\n<h3><strong><b>Cen\u00e1rios de uso<\/b><\/strong><\/h3>\n<p>Fabricado com materiais leves, este recipiente \u00e9 perfeito para desfrute em movimento \u2014 seja para piqueniques, encontros familiares ou workshops de pastelaria. \u00c9 amplamente adequado para padarias, caf\u00e9s, lojas de sobremesas, takeout de restaurantes e uso dom\u00e9stico. Uma excelente escolha para exibir bolos de folha e biscoitos, sendo tamb\u00e9m indispens\u00e1vel para celebra\u00e7\u00f5es festivas e festas de anivers\u00e1rio.<\/p>\n<h3><strong><b>Vantagens do Design \u00a0<\/b><\/strong><\/h3>\n<ul>\n<li>Forma elegante e moderna: O perfil slim alinha-se com a est\u00e9tica contempor\u00e2nea, apresentando bordas suaves para uma pega confort\u00e1vel e uma experi\u00eancia de utiliza\u00e7\u00e3o aprimorada.<\/li>\n<li>Base resistente: Apesar do foco na leveza, a base refor\u00e7ada garante estabilidade, evitando oscila\u00e7\u00f5es mesmo quando totalmente carregada.<\/li>\n<\/ul>\n<h3><strong><b>Alta transpar\u00eancia &amp; veda\u00e7\u00e3o herm\u00e9tica<\/b><\/strong><\/h3>\n<p>O material transparente oferece visibilidade total do conte\u00fado, cativando os clientes \u00e0 primeira vista. Com uma tampa ajustada, bloqueia eficazmente o ar para preservar a frescura e o sabor.<\/p>","protected":false},"excerpt":{"rendered":"<p>Our Sheet Cake Container\u00a0offers versatile sizing options to accommodate different dimensions of sheet cakes or cookies. Its precise design ensures neat and organized food storage, saving space while simplifying management.&hellip;<\/p>","protected":false},"featured_media":130,"template":"","meta":{"_uag_custom_page_level_css":""},"product_brand":[],"product_cat":[128],"product_tag":[140],"class_list":{"0":"post-1895","1":"product","2":"type-product","3":"status-publish","4":"has-post-thumbnail","6":"product_cat-cake-containers","7":"product_tag-cake-container","9":"first","10":"instock","11":"shipping-taxable","12":"purchasable","13":"product-type-simple"},"spectra_custom_meta":{"rank_math_internal_links_processed":["1","1","1","1","1","1","1","1","1","1","1","1","1","1","1","1","1","1","1","1","1","1","1","1","1","1","1","1","1","1","1","1","1","1","1","1","1","1","1","1","1","1","1","1","1","1","1","1","1","1","1","1","1","1","1","1","1","1","1","1","1","1","1","1","1","1","1","1","1","1","1","1","1","1","1"],"_sku":["WL-A02"],"_regular_price":["1"],"total_sales":["0"],"_tax_status":["taxable"],"_tax_class":[""],"_manage_stock":["no"],"_backorders":["no"],"_sold_individually":["no"],"_virtual":["no"],"_downloadable":["no"],"_product_image_gallery":["1703,1711,1710,1709,1708,1707,1706,1705"],"_download_limit":["0"],"_download_expiry":["0"],"_thumbnail_id":["130"],"_stock":[null],"_stock_status":["instock"],"_wc_average_rating":["0"],"_wc_review_count":["0"],"_product_attributes":["a:2:{s:9:\"item-size\";a:6:{s:4:\"name\";s:9:\"Item Size\";s:5:\"value\";s:7:\"?*?*?mm\";s:8:\"position\";i:0;s:10:\"is_visible\";i:1;s:12:\"is_variation\";i:0;s:11:\"is_taxonomy\";i:0;}s:7:\"qty-ctn\";a:6:{s:4:\"name\";s:7:\"QTY\/CTN\";s:5:\"value\";s:1:\"?\";s:8:\"position\";i:1;s:10:\"is_visible\";i:1;s:12:\"is_variation\";i:0;s:11:\"is_taxonomy\";i:0;}}"],"_product_version":["9.4.2"],"_price":["1"],"_wp_old_date":["2024-11-26"],"rank_math_analytic_object_id":["24"],"classic-editor-remember":["classic-editor"],"rank_math_seo_score":["10"],"rank_math_contentai_score":["a:5:{s:8:\"keywords\";s:5:\"74.51\";s:9:\"wordCount\";s:1:\"0\";s:9:\"linkCount\";s:1:\"0\";s:12:\"headingCount\";s:1:\"0\";s:10:\"mediaCount\";s:1:\"0\";}"],"_jet_woo_template":[""],"_template_type":["default"],"rank_math_primary_product_cat":["128"],"_ywraq_hide_quote_button_check":[""],"_ywraq_hide_quote_button":["0"],"_edit_lock":["1746796325:1"],"_edit_last":["1"],"_uag_css_file_name":["uag-css-1895.css"],"_uag_page_assets":["a:9:{s:3:\"css\";s:0:\"\";s:2:\"js\";s:0:\"\";s:18:\"current_block_list\";a:6:{i:0;s:10:\"core\/group\";i:1;s:12:\"core\/heading\";i:2;s:17:\"core\/latest-posts\";i:3;s:20:\"core\/latest-comments\";i:4;s:13:\"core\/archives\";i:5;s:15:\"core\/categories\";}s:8:\"uag_flag\";b:0;s:11:\"uag_version\";i:1777298076;s:6:\"gfonts\";a:0:{}s:10:\"gfonts_url\";s:0:\"\";s:12:\"gfonts_files\";a:0:{}s:14:\"uag_faq_layout\";b:0;}"]},"uagb_featured_image_src":{"full":["https:\/\/www.manluenpack.com\/wp-content\/uploads\/2024\/11\/transparent-cake-box-1.jpg",1000,1000,false],"thumbnail":["https:\/\/www.manluenpack.com\/wp-content\/uploads\/2024\/11\/transparent-cake-box-1.jpg",150,150,false],"medium":["https:\/\/www.manluenpack.com\/wp-content\/uploads\/2024\/11\/transparent-cake-box-1.jpg",300,300,false],"medium_large":["https:\/\/www.manluenpack.com\/wp-content\/uploads\/2024\/11\/transparent-cake-box-1.jpg",768,768,false],"large":["https:\/\/www.manluenpack.com\/wp-content\/uploads\/2024\/11\/transparent-cake-box-1.jpg",1000,1000,false],"1536x1536":["https:\/\/www.manluenpack.com\/wp-content\/uploads\/2024\/11\/transparent-cake-box-1.jpg",1000,1000,false],"2048x2048":["https:\/\/www.manluenpack.com\/wp-content\/uploads\/2024\/11\/transparent-cake-box-1.jpg",1000,1000,false],"trp-custom-language-flag":["https:\/\/www.manluenpack.com\/wp-content\/uploads\/2024\/11\/transparent-cake-box-1.jpg",12,12,false],"menu-24x24":["https:\/\/www.manluenpack.com\/wp-content\/uploads\/2024\/11\/transparent-cake-box-1.jpg",24,24,false],"menu-36x36":["https:\/\/www.manluenpack.com\/wp-content\/uploads\/2024\/11\/transparent-cake-box-1.jpg",36,36,false],"menu-48x48":["https:\/\/www.manluenpack.com\/wp-content\/uploads\/2024\/11\/transparent-cake-box-1.jpg",48,48,false],"woocommerce_thumbnail":["https:\/\/www.manluenpack.com\/wp-content\/uploads\/2024\/11\/transparent-cake-box-1.jpg",300,300,false],"woocommerce_single":["https:\/\/www.manluenpack.com\/wp-content\/uploads\/2024\/11\/transparent-cake-box-1.jpg",600,600,false],"woocommerce_gallery_thumbnail":["https:\/\/www.manluenpack.com\/wp-content\/uploads\/2024\/11\/transparent-cake-box-1.jpg",100,100,false]},"uagb_author_info":{"display_name":"ManLuenpack","author_link":"https:\/\/www.manluenpack.com\/pt\/author\/"},"uagb_comment_info":0,"uagb_excerpt":"Our Sheet Cake Container\u00a0offers versatile sizing options to accommodate different dimensions of sheet cakes or cookies. Its precise design ensures neat and organized food storage, saving space while simplifying management.&hellip;","_links":{"self":[{"href":"https:\/\/www.manluenpack.com\/pt\/wp-json\/wp\/v2\/product\/1895","targetHints":{"allow":["GET"]}}],"collection":[{"href":"https:\/\/www.manluenpack.com\/pt\/wp-json\/wp\/v2\/product"}],"about":[{"href":"https:\/\/www.manluenpack.com\/pt\/wp-json\/wp\/v2\/types\/product"}],"wp:featuredmedia":[{"embeddable":true,"href":"https:\/\/www.manluenpack.com\/pt\/wp-json\/wp\/v2\/media\/130"}],"wp:attachment":[{"href":"https:\/\/www.manluenpack.com\/pt\/wp-json\/wp\/v2\/media?parent=1895"}],"wp:term":[{"taxonomy":"product_brand","embeddable":true,"href":"https:\/\/www.manluenpack.com\/pt\/wp-json\/wp\/v2\/product_brand?post=1895"},{"taxonomy":"product_cat","embeddable":true,"href":"https:\/\/www.manluenpack.com\/pt\/wp-json\/wp\/v2\/product_cat?post=1895"},{"taxonomy":"product_tag","embeddable":true,"href":"https:\/\/www.manluenpack.com\/pt\/wp-json\/wp\/v2\/product_tag?post=1895"}],"curies":[{"name":"wp","href":"https:\/\/api.w.org\/{rel}","templated":true}]}}