{"id":1889,"date":"2025-04-30T00:14:24","date_gmt":"2025-04-29T16:14:24","guid":{"rendered":"https:\/\/www.manluenpack.com\/?post_type=product&#038;p=1889"},"modified":"2025-08-11T13:35:30","modified_gmt":"2025-08-11T05:35:30","slug":"48-ounce-disposable-plastic-bowl-252-377","status":"publish","type":"product","link":"https:\/\/www.manluenpack.com\/pt\/products\/48-ounce-disposable-plastic-bowl-252-377\/","title":{"rendered":"Ta\u00e7a de pl\u00e1stico descart\u00e1vel de 48 on\u00e7as 252-377"},"content":{"rendered":"<p>Esta ta\u00e7a descart\u00e1vel de pl\u00e1stico tem uma capacidade de 48 on\u00e7as, aproximadamente 1,42 litros, tornando-a ideal para servir refei\u00e7\u00f5es robustas, como hot pot, pratos principais de jantar em fam\u00edlia ou festas ao ar livre com churrasco. O seu design de boca larga facilita o servi\u00e7o e a partilha, aprimorando a experi\u00eancia \u00e0 mesa. Fabricada com materiais de alta qualidade, esta ta\u00e7a pode conter com seguran\u00e7a uma variedade de alimentos quentes e frios, incluindo sopas, ensopados, saladas, frutas e sobremesas, atendendo a diversas necessidades de refei\u00e7\u00e3o.<\/p>\n<ul>\n<li>Tipo de Embalagem<br \/>\nCaixa de cart\u00e3o<\/li>\n<li>Cor<br \/>\nPreto&amp;Transparente<\/li>\n<li>Quantidade por palete<br \/>\n?conjuntos<\/li>\n<li>Material<br \/>\nTampa:?;Base: ?<\/li>\n<li>Capacidade por unidade<br \/>\n?metros c\u00fabicos<\/li>\n<\/ul>\n<h3><strong><b>Embalagem e entrega<\/b><\/strong><\/h3>\n<p>A ta\u00e7a descart\u00e1vel de pl\u00e1stico de 48 on\u00e7as (Modelo 252-377) combina um design minimalista moderno com funcionalidade pr\u00e1tica, atendendo a v\u00e1rias ocasi\u00f5es. Cada ta\u00e7a \u00e9 selada individualmente para garantir limpeza e prote\u00e7\u00e3o durante o transporte. Para entregas em grande quantidade, s\u00e3o utilizados caixas de cart\u00e3o ecol\u00f3gicas, com empilhamento compacto e acolchoamento protetor integrado para estabilidade e seguran\u00e7a durante o transporte e armazenamento. Desde a embalagem at\u00e9 \u00e0 entrega, cada detalhe \u00e9 cuidadosamente considerado para oferecer efici\u00eancia e garantia de qualidade.<\/p>\n<h3><strong><b>Cen\u00e1rios de uso<\/b><\/strong><\/h3>\n<p>Apesar da sua grande capacidade, esta ta\u00e7a \u00e9 feita com materiais leves, garantindo facilidade de transporte e manuseio. Seja para encontros familiares ou piqueniques ao ar livre, manuseia-se facilmente. \u00c9 amplamente adequada para refei\u00e7\u00f5es familiares, restaurantes de hotel, cadeias de fast-food, cantinas escolares, churrascos ao ar livre e mais, atendendo \u00e0 procura de loi\u00e7as de grande capacidade entre diversos grupos.<\/p>\n<h3><strong><b>Resistente \u00e0 Temperatura, Segura e F\u00e1cil de Limpar \u00a0<\/b><\/strong><\/h3>\n<p>Atrav\u00e9s de t\u00e9cnicas de processamento especiais, esta ta\u00e7a mant\u00e9m a sua leveza enquanto oferece excelente durabilidade, sendo capaz de resistir a impactos menores e press\u00e3o durante o uso di\u00e1rio. Como produto recicl\u00e1vel, apoia ativamente iniciativas ambientais, reduzindo o impacto ecol\u00f3gico. A ta\u00e7a pode suportar com seguran\u00e7a uma variedade de temperaturas, resistindo \u00e0 deforma\u00e7\u00e3o sob calor e ao trincar em condi\u00e7\u00f5es de frio. \u00c9 tamb\u00e9m f\u00e1cil de limpar, \u00e0 m\u00e3o ou na m\u00e1quina de lavar loi\u00e7a, removendo eficazmente gordura e res\u00edduos para manter a higiene.<\/p>\n<h3><strong><b>Material de Alta Qualidade Alimentar \u00a0<\/b><\/strong><\/h3>\n<p>Selecionamos estritamente materiais de pl\u00e1stico PP de grau aliment\u00edcio que cumprem as normas nacionais de seguran\u00e7a alimentar, garantindo que o produto seja n\u00e3o t\u00f3xico, inodoro e resistente a temperaturas elevadas e baixas. N\u00e3o liberta subst\u00e2ncias nocivas em contato com alimentos, protegendo a sa\u00fade de si e da sua fam\u00edlia.<\/p>\n<h3><strong><b>Vantagens do Design de Forma \u00a0<\/b><\/strong><\/h3>\n<p>A nossa ta\u00e7a descart\u00e1vel de pl\u00e1stico para sopa apresenta um design de boca larga e fundo profundo, que \u00e9 esteticamente agrad\u00e1vel e altamente funcional, facilitando o servi\u00e7o e o consumo de alimentos. As bordas s\u00e3o finamente polidas para um acabamento suave e arredondado, prevenindo ferimentos nas m\u00e3os. Uma base especialmente refor\u00e7ada aumenta a estabilidade e a capacidade de suportar peso da ta\u00e7a, garantindo que permane\u00e7a firme mesmo ao segurar alimentos mais pesados, proporcionando seguran\u00e7a e conforto durante as refei\u00e7\u00f5es.<\/p>","protected":false},"excerpt":{"rendered":"<p>This disposable plastic bowl has a capacity of 48 ounces, approximately 1.42 liters, making it ideal for serving hearty meals such as hot pot, family dinner entrees, or outdoor barbecue&hellip;<\/p>","protected":false},"featured_media":3845,"template":"","meta":{"_uag_custom_page_level_css":""},"product_brand":[],"product_cat":[15],"product_tag":[139],"class_list":{"0":"post-1889","1":"product","2":"type-product","3":"status-publish","4":"has-post-thumbnail","6":"product_cat-bowls","7":"product_tag-bowl","9":"first","10":"instock","11":"shipping-taxable","12":"purchasable","13":"product-type-simple"},"spectra_custom_meta":{"rank_math_internal_links_processed":["1","1","1","1","1","1","1","1","1","1","1","1","1","1","1","1","1","1","1","1","1","1","1","1","1","1","1","1","1","1","1","1","1","1","1","1","1","1","1","1","1","1","1","1","1","1","1","1","1","1","1","1","1","1","1","1","1","1","1","1","1","1","1","1","1","1","1","1","1","1","1","1","1","1","1","1","1","1","1","1","1"],"_sku":["252-377"],"_regular_price":["1"],"total_sales":["0"],"_tax_status":["taxable"],"_tax_class":[""],"_manage_stock":["no"],"_backorders":["no"],"_sold_individually":["no"],"_virtual":["no"],"_downloadable":["no"],"_product_image_gallery":["3849,3846,3847,3848,3850"],"_download_limit":["0"],"_download_expiry":["0"],"_stock":[null],"_stock_status":["instock"],"_wc_average_rating":["0"],"_wc_review_count":["0"],"_product_attributes":["a:2:{s:9:\"item-size\";a:6:{s:4:\"name\";s:9:\"Item Size\";s:5:\"value\";s:7:\"?*?*?mm\";s:8:\"position\";i:0;s:10:\"is_visible\";i:1;s:12:\"is_variation\";i:0;s:11:\"is_taxonomy\";i:0;}s:7:\"qty-ctn\";a:6:{s:4:\"name\";s:7:\"QTY\/CTN\";s:5:\"value\";s:1:\"?\";s:8:\"position\";i:1;s:10:\"is_visible\";i:1;s:12:\"is_variation\";i:0;s:11:\"is_taxonomy\";i:0;}}"],"_product_version":["9.4.2"],"_price":["1"],"_wp_old_date":["2024-11-26"],"rank_math_analytic_object_id":["24"],"classic-editor-remember":["classic-editor"],"rank_math_seo_score":["61"],"rank_math_contentai_score":["a:5:{s:8:\"keywords\";s:5:\"74.51\";s:9:\"wordCount\";s:1:\"0\";s:9:\"linkCount\";s:1:\"0\";s:12:\"headingCount\";s:1:\"0\";s:10:\"mediaCount\";s:1:\"0\";}"],"_jet_woo_template":[""],"_template_type":["default"],"rank_math_primary_product_cat":["15"],"_ywraq_hide_quote_button_check":[""],"_ywraq_hide_quote_button":["0"],"_edit_lock":["1754890407:1"],"_edit_last":["1"],"rank_math_focus_keyword":["Disposable Plastic Bowl"],"_thumbnail_id":["3845"],"_uag_css_file_name":["uag-css-1889.css"],"_uag_page_assets":["a:9:{s:3:\"css\";s:0:\"\";s:2:\"js\";s:0:\"\";s:18:\"current_block_list\";a:6:{i:0;s:10:\"core\/group\";i:1;s:12:\"core\/heading\";i:2;s:17:\"core\/latest-posts\";i:3;s:20:\"core\/latest-comments\";i:4;s:13:\"core\/archives\";i:5;s:15:\"core\/categories\";}s:8:\"uag_flag\";b:0;s:11:\"uag_version\";i:1777279032;s:6:\"gfonts\";a:0:{}s:10:\"gfonts_url\";s:0:\"\";s:12:\"gfonts_files\";a:0:{}s:14:\"uag_faq_layout\";b:0;}"]},"uagb_featured_image_src":{"full":["https:\/\/www.manluenpack.com\/wp-content\/uploads\/2025\/04\/WL-48-manluen-plastic-soup-bowls-1.jpg",1000,1000,false],"thumbnail":["https:\/\/www.manluenpack.com\/wp-content\/uploads\/2025\/04\/WL-48-manluen-plastic-soup-bowls-1.jpg",150,150,false],"medium":["https:\/\/www.manluenpack.com\/wp-content\/uploads\/2025\/04\/WL-48-manluen-plastic-soup-bowls-1.jpg",300,300,false],"medium_large":["https:\/\/www.manluenpack.com\/wp-content\/uploads\/2025\/04\/WL-48-manluen-plastic-soup-bowls-1.jpg",768,768,false],"large":["https:\/\/www.manluenpack.com\/wp-content\/uploads\/2025\/04\/WL-48-manluen-plastic-soup-bowls-1.jpg",1000,1000,false],"1536x1536":["https:\/\/www.manluenpack.com\/wp-content\/uploads\/2025\/04\/WL-48-manluen-plastic-soup-bowls-1.jpg",1000,1000,false],"2048x2048":["https:\/\/www.manluenpack.com\/wp-content\/uploads\/2025\/04\/WL-48-manluen-plastic-soup-bowls-1.jpg",1000,1000,false],"trp-custom-language-flag":["https:\/\/www.manluenpack.com\/wp-content\/uploads\/2025\/04\/WL-48-manluen-plastic-soup-bowls-1.jpg",12,12,false],"menu-24x24":["https:\/\/www.manluenpack.com\/wp-content\/uploads\/2025\/04\/WL-48-manluen-plastic-soup-bowls-1.jpg",24,24,false],"menu-36x36":["https:\/\/www.manluenpack.com\/wp-content\/uploads\/2025\/04\/WL-48-manluen-plastic-soup-bowls-1.jpg",36,36,false],"menu-48x48":["https:\/\/www.manluenpack.com\/wp-content\/uploads\/2025\/04\/WL-48-manluen-plastic-soup-bowls-1.jpg",48,48,false],"woocommerce_thumbnail":["https:\/\/www.manluenpack.com\/wp-content\/uploads\/2025\/04\/WL-48-manluen-plastic-soup-bowls-1.jpg",300,300,false],"woocommerce_single":["https:\/\/www.manluenpack.com\/wp-content\/uploads\/2025\/04\/WL-48-manluen-plastic-soup-bowls-1.jpg",600,600,false],"woocommerce_gallery_thumbnail":["https:\/\/www.manluenpack.com\/wp-content\/uploads\/2025\/04\/WL-48-manluen-plastic-soup-bowls-1.jpg",100,100,false]},"uagb_author_info":{"display_name":"ManLuenpack","author_link":"https:\/\/www.manluenpack.com\/pt\/author\/"},"uagb_comment_info":0,"uagb_excerpt":"This disposable plastic bowl has a capacity of 48 ounces, approximately 1.42 liters, making it ideal for serving hearty meals such as hot pot, family dinner entrees, or outdoor barbecue&hellip;","_links":{"self":[{"href":"https:\/\/www.manluenpack.com\/pt\/wp-json\/wp\/v2\/product\/1889","targetHints":{"allow":["GET"]}}],"collection":[{"href":"https:\/\/www.manluenpack.com\/pt\/wp-json\/wp\/v2\/product"}],"about":[{"href":"https:\/\/www.manluenpack.com\/pt\/wp-json\/wp\/v2\/types\/product"}],"wp:featuredmedia":[{"embeddable":true,"href":"https:\/\/www.manluenpack.com\/pt\/wp-json\/wp\/v2\/media\/3845"}],"wp:attachment":[{"href":"https:\/\/www.manluenpack.com\/pt\/wp-json\/wp\/v2\/media?parent=1889"}],"wp:term":[{"taxonomy":"product_brand","embeddable":true,"href":"https:\/\/www.manluenpack.com\/pt\/wp-json\/wp\/v2\/product_brand?post=1889"},{"taxonomy":"product_cat","embeddable":true,"href":"https:\/\/www.manluenpack.com\/pt\/wp-json\/wp\/v2\/product_cat?post=1889"},{"taxonomy":"product_tag","embeddable":true,"href":"https:\/\/www.manluenpack.com\/pt\/wp-json\/wp\/v2\/product_tag?post=1889"}],"curies":[{"name":"wp","href":"https:\/\/api.w.org\/{rel}","templated":true}]}}