{"id":1856,"date":"2025-04-29T22:46:12","date_gmt":"2025-04-29T14:46:12","guid":{"rendered":"https:\/\/www.manluenpack.com\/?post_type=product&#038;p=1856"},"modified":"2025-06-19T14:10:04","modified_gmt":"2025-06-19T06:10:04","slug":"disposable-bowl-wl-1000","status":"publish","type":"product","link":"https:\/\/www.manluenpack.com\/pt\/products\/disposable-bowl-wl-1000\/","title":{"rendered":"Ta\u00e7a descart\u00e1vel WL-1000"},"content":{"rendered":"<p>A ta\u00e7a descart\u00e1vel WL-1000 apresenta um design \u00fanico e redondo com dimens\u00f5es de 187*81mm, ergonomicamente concebida para uso confort\u00e1vel e est\u00e1vel. O corpo da ta\u00e7a de cor castanho-avermelhada transmite uma sensa\u00e7\u00e3o de qualidade premium, sendo fabricada com materiais OPS e PP de alta qualidade que combinam resist\u00eancia ao calor, durabilidade e respeito pelo ambiente. Segura e higi\u00eanica, \u00e9 a combina\u00e7\u00e3o perfeita de praticidade e est\u00e9tica.<\/p>\n<ul>\n<li>Tipo de Embalagem<br \/>\nCaixa de cart\u00e3o<\/li>\n<li>Cor<br \/>\nPreto<\/li>\n<li>Quantidade por palete<br \/>\n200 conjuntos<\/li>\n<li>Material<br \/>\nTampa: OPS; Base: PP<\/li>\n<li>Capacidade de unidade \u00fanica<br \/>\n062 metros c\u00fabicos<\/li>\n<\/ul>\n<h3><strong><b>Embalagem e entrega<\/b><\/strong><\/h3>\n<p>A ta\u00e7a descart\u00e1vel WL-1000 adota um design compacto empilh\u00e1vel com embalagem exterior resistente ao p\u00f3 para garantir limpeza e prote\u00e7\u00e3o durante o transporte. A sua embalagem ecol\u00f3gica maximiza o espa\u00e7o de armazenamento, oferecendo resist\u00eancia \u00e0 humidade e \u00e0 press\u00e3o, mantendo uma qualidade consistente. Com entrega r\u00e1pida e precisa, o produto vai diretamente da f\u00e1brica para as suas m\u00e3os, garantindo conveni\u00eancia e tranquilidade no seu uso.<\/p>\n<h3><strong><b>Cen\u00e1rios de uso<\/b><\/strong><\/h3>\n<p>A ta\u00e7a descart\u00e1vel WL-1000 integra-se perfeitamente em v\u00e1rios cen\u00e1rios com o seu design elegante e pr\u00e1tico. Seja para encontros familiares, piqueniques ao ar livre, almo\u00e7os de escrit\u00f3rio ou celebra\u00e7\u00f5es festivas, pode facilmente suportar uma variedade de pratos. As suas propriedades resistentes ao calor e \u00e0 fuga de l\u00edquidos tornam-na igualmente adequada para alimentos quentes e frios, melhorando cada experi\u00eancia de refei\u00e7\u00e3o com conveni\u00eancia e qualidade.<\/p>\n<h3><strong><b>\u00c0 Prova de Vazamentos, Resistente e Dur\u00e1vel<\/b><\/strong><\/h3>\n<p>A ta\u00e7a descart\u00e1vel WL-1000 \u00e9 feita de material PP de alta qualidade, resistente a temperaturas elevadas e baixas, tornando-a adequada para alimentos quentes e frios sem deforma\u00e7\u00e3o. O seu design de veda\u00e7\u00e3o precisa garante estabilidade e evita derrames, suportando facilmente todos os tipos de alimentos. O corpo da ta\u00e7a \u00e9 forte, dur\u00e1vel e resistente a fissuras, proporcionando uma experi\u00eancia de refei\u00e7\u00e3o confi\u00e1vel e confort\u00e1vel a cada uso.<\/p>\n<h3><strong><b>Materiais Utilizados \u00a0<\/b><\/strong><\/h3>\n<p>A ta\u00e7a descart\u00e1vel WL-1000 \u00e9 fabricada com materiais premium OPS e PP, oferecendo excelente resist\u00eancia \u00e0 temperatura para alimentos quentes e frios sem deforma\u00e7\u00e3o. \u00c9 n\u00e3o t\u00f3xica, inodora e cumpre os padr\u00f5es internacionais de seguran\u00e7a alimentar, garantindo a seguran\u00e7a e pureza dos alimentos. Sob condi\u00e7\u00f5es adequadas, pode ser reutilizada v\u00e1rias vezes, reduzindo res\u00edduos e alinhando-se com os princ\u00edpios de desenvolvimento sustent\u00e1vel da sociedade moderna.<\/p>\n<h3><strong><b>Caracter\u00edsticas do Design de Forma \u00a0<\/b><\/strong><\/h3>\n<p>Fabricada em PP de grau aliment\u00edcio (polipropileno), a ta\u00e7a \u00e9 n\u00e3o t\u00f3xica, inodora, segura e ecol\u00f3gica. O material PP oferece excelente resist\u00eancia ao calor, resist\u00eancia ao frio e estabilidade qu\u00edmica, mantendo desempenho consistente mesmo em temperaturas extremas para garantir a seguran\u00e7a e higiene dos alimentos. O design da ta\u00e7a \u00e9 elegante e estiloso, com linhas suaves e naturais. A sua abertura ampla facilita o servi\u00e7o de alimentos, o corpo alto proporciona capacidade suficiente e a base antiderrapante garante estabilidade. O design geral combina praticidade com est\u00e9tica, acrescentando alegria e satisfa\u00e7\u00e3o a cada momento de refei\u00e7\u00e3o.<\/p>","protected":false},"excerpt":{"rendered":"<p>The WL-1000 disposable bowl features a unique round design with dimensions of 187*81mm, ergonomically crafted for comfortable and stable use. The reddish-brown bowl body exudes a premium feel, made from&hellip;<\/p>","protected":false},"featured_media":2410,"template":"","meta":{"_uag_custom_page_level_css":""},"product_brand":[],"product_cat":[15],"product_tag":[139],"class_list":{"0":"post-1856","1":"product","2":"type-product","3":"status-publish","4":"has-post-thumbnail","6":"product_cat-bowls","7":"product_tag-bowl","9":"first","10":"instock","11":"featured","12":"shipping-taxable","13":"purchasable","14":"product-type-simple"},"spectra_custom_meta":{"rank_math_internal_links_processed":["1","1","1","1","1","1","1","1","1","1","1","1","1","1","1","1","1","1","1","1","1","1","1","1","1","1","1","1","1","1","1","1","1","1","1","1","1","1","1","1","1","1","1","1","1","1","1","1","1","1","1","1","1","1","1","1","1","1","1","1","1","1","1","1","1"],"_sku":["WL-1000"],"_regular_price":["1"],"total_sales":["0"],"_tax_status":["taxable"],"_tax_class":[""],"_manage_stock":["no"],"_backorders":["no"],"_sold_individually":["no"],"_virtual":["no"],"_downloadable":["no"],"_product_image_gallery":["2412,2413,2411"],"_download_limit":["0"],"_download_expiry":["0"],"_thumbnail_id":["2410"],"_stock":[null],"_stock_status":["instock"],"_wc_average_rating":["0"],"_wc_review_count":["0"],"_product_attributes":["a:2:{s:9:\"item-size\";a:6:{s:4:\"name\";s:9:\"Item Size\";s:5:\"value\";s:7:\"?*?*?mm\";s:8:\"position\";i:0;s:10:\"is_visible\";i:1;s:12:\"is_variation\";i:0;s:11:\"is_taxonomy\";i:0;}s:7:\"qty-ctn\";a:6:{s:4:\"name\";s:7:\"QTY\/CTN\";s:5:\"value\";s:3:\"200\";s:8:\"position\";i:1;s:10:\"is_visible\";i:1;s:12:\"is_variation\";i:0;s:11:\"is_taxonomy\";i:0;}}"],"_product_version":["9.4.2"],"_price":["1"],"_wp_old_date":["2024-11-26"],"rank_math_analytic_object_id":["24"],"classic-editor-remember":["classic-editor"],"rank_math_seo_score":["15"],"rank_math_contentai_score":["a:5:{s:8:\"keywords\";s:5:\"74.51\";s:9:\"wordCount\";s:1:\"0\";s:9:\"linkCount\";s:1:\"0\";s:12:\"headingCount\";s:1:\"0\";s:10:\"mediaCount\";s:1:\"0\";}"],"_jet_woo_template":[""],"_template_type":["default"],"rank_math_primary_product_cat":["15"],"_ywraq_hide_quote_button_check":[""],"_ywraq_hide_quote_button":["0"],"_edit_lock":["1750231792:1"],"_edit_last":["1"],"_uag_css_file_name":["uag-css-1856.css"],"_uag_page_assets":["a:9:{s:3:\"css\";s:263:\".uag-blocks-common-selector{z-index:var(--z-index-desktop) !important}@media (max-width: 976px){.uag-blocks-common-selector{z-index:var(--z-index-tablet) !important}}@media (max-width: 767px){.uag-blocks-common-selector{z-index:var(--z-index-mobile) !important}}\n\";s:2:\"js\";s:0:\"\";s:18:\"current_block_list\";a:6:{i:0;s:10:\"core\/group\";i:1;s:12:\"core\/heading\";i:2;s:17:\"core\/latest-posts\";i:3;s:20:\"core\/latest-comments\";i:4;s:13:\"core\/archives\";i:5;s:15:\"core\/categories\";}s:8:\"uag_flag\";b:0;s:11:\"uag_version\";i:1777127276;s:6:\"gfonts\";a:0:{}s:10:\"gfonts_url\";s:0:\"\";s:12:\"gfonts_files\";a:0:{}s:14:\"uag_faq_layout\";b:0;}"]},"uagb_featured_image_src":{"full":["https:\/\/www.manluenpack.com\/wp-content\/uploads\/2025\/04\/WL-1000-manluendisposable-bowl-for-hot-soup.webp",1000,1000,false],"thumbnail":["https:\/\/www.manluenpack.com\/wp-content\/uploads\/2025\/04\/WL-1000-manluendisposable-bowl-for-hot-soup.webp",150,150,false],"medium":["https:\/\/www.manluenpack.com\/wp-content\/uploads\/2025\/04\/WL-1000-manluendisposable-bowl-for-hot-soup.webp",300,300,false],"medium_large":["https:\/\/www.manluenpack.com\/wp-content\/uploads\/2025\/04\/WL-1000-manluendisposable-bowl-for-hot-soup.webp",768,768,false],"large":["https:\/\/www.manluenpack.com\/wp-content\/uploads\/2025\/04\/WL-1000-manluendisposable-bowl-for-hot-soup.webp",1000,1000,false],"1536x1536":["https:\/\/www.manluenpack.com\/wp-content\/uploads\/2025\/04\/WL-1000-manluendisposable-bowl-for-hot-soup.webp",1000,1000,false],"2048x2048":["https:\/\/www.manluenpack.com\/wp-content\/uploads\/2025\/04\/WL-1000-manluendisposable-bowl-for-hot-soup.webp",1000,1000,false],"trp-custom-language-flag":["https:\/\/www.manluenpack.com\/wp-content\/uploads\/2025\/04\/WL-1000-manluendisposable-bowl-for-hot-soup.webp",12,12,false],"menu-24x24":["https:\/\/www.manluenpack.com\/wp-content\/uploads\/2025\/04\/WL-1000-manluendisposable-bowl-for-hot-soup.webp",24,24,false],"menu-36x36":["https:\/\/www.manluenpack.com\/wp-content\/uploads\/2025\/04\/WL-1000-manluendisposable-bowl-for-hot-soup.webp",36,36,false],"menu-48x48":["https:\/\/www.manluenpack.com\/wp-content\/uploads\/2025\/04\/WL-1000-manluendisposable-bowl-for-hot-soup.webp",48,48,false],"woocommerce_thumbnail":["https:\/\/www.manluenpack.com\/wp-content\/uploads\/2025\/04\/WL-1000-manluendisposable-bowl-for-hot-soup.webp",300,300,false],"woocommerce_single":["https:\/\/www.manluenpack.com\/wp-content\/uploads\/2025\/04\/WL-1000-manluendisposable-bowl-for-hot-soup.webp",600,600,false],"woocommerce_gallery_thumbnail":["https:\/\/www.manluenpack.com\/wp-content\/uploads\/2025\/04\/WL-1000-manluendisposable-bowl-for-hot-soup.webp",100,100,false]},"uagb_author_info":{"display_name":"ManLuenpack","author_link":"https:\/\/www.manluenpack.com\/pt\/author\/"},"uagb_comment_info":0,"uagb_excerpt":"The WL-1000 disposable bowl features a unique round design with dimensions of 187*81mm, ergonomically crafted for comfortable and stable use. The reddish-brown bowl body exudes a premium feel, made from&hellip;","_links":{"self":[{"href":"https:\/\/www.manluenpack.com\/pt\/wp-json\/wp\/v2\/product\/1856","targetHints":{"allow":["GET"]}}],"collection":[{"href":"https:\/\/www.manluenpack.com\/pt\/wp-json\/wp\/v2\/product"}],"about":[{"href":"https:\/\/www.manluenpack.com\/pt\/wp-json\/wp\/v2\/types\/product"}],"wp:featuredmedia":[{"embeddable":true,"href":"https:\/\/www.manluenpack.com\/pt\/wp-json\/wp\/v2\/media\/2410"}],"wp:attachment":[{"href":"https:\/\/www.manluenpack.com\/pt\/wp-json\/wp\/v2\/media?parent=1856"}],"wp:term":[{"taxonomy":"product_brand","embeddable":true,"href":"https:\/\/www.manluenpack.com\/pt\/wp-json\/wp\/v2\/product_brand?post=1856"},{"taxonomy":"product_cat","embeddable":true,"href":"https:\/\/www.manluenpack.com\/pt\/wp-json\/wp\/v2\/product_cat?post=1856"},{"taxonomy":"product_tag","embeddable":true,"href":"https:\/\/www.manluenpack.com\/pt\/wp-json\/wp\/v2\/product_tag?post=1856"}],"curies":[{"name":"wp","href":"https:\/\/api.w.org\/{rel}","templated":true}]}}