{"id":1847,"date":"2025-04-14T01:17:40","date_gmt":"2025-04-13T17:17:40","guid":{"rendered":"https:\/\/www.manluenpack.com\/?post_type=product&#038;p=1847"},"modified":"2025-07-08T01:00:09","modified_gmt":"2025-07-07T17:00:09","slug":"manluen-party-tray-ks-67","status":"publish","type":"product","link":"https:\/\/www.manluenpack.com\/pt\/products\/manluen-party-tray-ks-67\/","title":{"rendered":"Bandeja para Festa KS-67"},"content":{"rendered":"<p>A Bandeja de Festa KS-67 Manluen apresenta um design retangular de 455*455*85 mm, oferecendo uma utiliza\u00e7\u00e3o eficiente do espa\u00e7o e f\u00e1cil arranjo. O seu acabamento dourado deslumbrante exala luxo, enquanto as seis compartimentos bem desenhados proporcionam espa\u00e7o amplo para diversas disposi\u00e7\u00f5es de alimentos. Fabricada com materiais premium OPS e PP, \u00e9 leve, dur\u00e1vel, resistente \u00e0 temperatura e antiderrapante, combinando praticidade com sofistica\u00e7\u00e3o de alta qualidade. \u00c9 a escolha perfeita para festas e banquetes.<\/p>\n<ul>\n<li>Tipo de Embalagem<br \/>\nCaixa de cart\u00e3o<\/li>\n<li>Cor<br \/>\nOuro<\/li>\n<li>Quantidade por Caixa<br \/>\n80 conjuntos<\/li>\n<li>Material<br \/>\nTampa-OPS, Base-PS<\/li>\n<li>Especifica\u00e7\u00f5es de Embalagem<br \/>\n0,135 metros c\u00fabicos<\/li>\n<\/ul>\n<p>&nbsp;<\/p>\n<ul>\n<li style=\"list-style-type: none;\">\n<table style=\"height: 160px;\" width=\"500\"><!-- \u8868\u683c\u7684\u8fb9\u6846\u4e3a1\u4e2a\u50cf\u7d20 --><!-- \u5355\u5143\u683c\u7684\u5185\u8fb9\u8ddd\u4e3a1\u50cf\u7d20 --><!-- \u5355\u5143\u683c\u4e4b\u95f4\u7684\u95f4\u8ddd\u4e3a0\u50cf\u7d20 --><!-- \u8fb9\u6846\u89c4\u5219\u4e3a\u4e24\u4fa7\u8fb9\u6846 --><\/p>\n<tbody>\n<tr>\n<td align=\"center\" bgcolor=\"EFEFEF\"><\/td>\n<td align=\"center\" bgcolor=\"EFEFEF\">Tamanho do Produto<\/td>\n<td align=\"center\" bgcolor=\"EFEFEF\">Quantidade<\/td>\n<td align=\"center\" bgcolor=\"EFEFEF\">Dimens\u00e3o da Caixa<\/td>\n<\/tr>\n<tr>\n<td align=\"center\" bgcolor=\"EFEFEF\">KS-65<\/td>\n<td align=\"center\">382*382*85mm<\/td>\n<td align=\"center\">120<\/td>\n<td align=\"center\">775*395*400<\/td>\n<\/tr>\n<tr>\n<td align=\"center\" bgcolor=\"EFEFEF\">KS-67<\/td>\n<td align=\"center\">455*455*85mm<\/td>\n<td align=\"center\">80<\/td>\n<td align=\"center\">610*465*475<\/td>\n<\/tr>\n<\/tbody>\n<\/table>\n<\/li>\n<\/ul>\n<h3><strong><b>Embalagem e entrega<\/b><\/strong><strong><b>\u00a0<\/b><\/strong><\/h3>\n<p>A Bandeja de Festa Dourada KS-67 Manluen \u00e9 embalada em materiais resistentes e ecol\u00f3gicos para garantir transporte seguro e sem danos. Cada produto \u00e9 cuidadosamente protegido com medidas \u00e0 prova de choque e resist\u00eancia \u00e0 press\u00e3o, acompanhado de etiquetas claras para f\u00e1cil identifica\u00e7\u00e3o e armazenamento. Com o nosso servi\u00e7o de entrega eficiente e preciso, trazemos eleg\u00e2ncia e qualidade a tempo, garantindo uma experi\u00eancia de festa sem contratempos.<\/p>\n<h3><strong><b>Cen\u00e1rios de uso<\/b><\/strong><strong><b>\u00a0\u00a0<\/b><\/strong><\/h3>\n<p>A Bandeja de Festa Dourada KS-67 Manluen com sete compartimentos integra-se perfeitamente em diversos ambientes com o seu acabamento dourado luxuoso e design pr\u00e1tico. Seja para banquetes sofisticados, celebra\u00e7\u00f5es de casamento, encontros familiares ou eventos festivos, ela sustenta pratos gourmet e bebidas com eleg\u00e2ncia, acrescentando um toque refinado a cada ocasi\u00e3o. \u00c9 a escolha ideal para melhorar a atmosfera de qualquer evento.<\/p>\n<h3><strong><b>Material Premium e Acabamento Dourado Fashion <\/b><\/strong><\/h3>\n<p>A Bandeja de Festa KS-67 Manluen \u00e9 fabricada com materiais premium OPS e PP, tornando-a leve, dur\u00e1vel, ecol\u00f3gica e segura. Possui excelente resist\u00eancia \u00e0 temperatura e propriedades antiderrapantes. O seu exterior dourado elegante \u00e9 chamativo e luxuoso, exalando sofistica\u00e7\u00e3o e adicionando um toque elegante a cada reuni\u00e3o. Equilibrando funcionalidade com apelo visual, \u00e9 uma escolha ideal para um estilo de vida refinado.<\/p>\n<h3><strong><b>Resistente \u00e0 Temperatura, \u00e0 Prova de Vazamentos e Dur\u00e1vel <\/b><\/strong><\/h3>\n<p>A Bandeja de Festa Dourada KS-67 Manluen de capacidade extra grande \u00e9 feita com materiais de alta qualidade, oferecendo resist\u00eancia superior \u00e0 temperatura para alimentos quentes e frios. O seu design \u00e0 prova de vazamentos elimina preocupa\u00e7\u00f5es com derrames, garantindo conveni\u00eancia e fiabilidade. A estrutura robusta \u00e9 resistente \u00e0 press\u00e3o e ao desgaste, mantendo estabilidade e eleg\u00e2ncia mesmo ap\u00f3s uso prolongado. Proporciona tranquilidade em cada reuni\u00e3o, garantindo praticidade e estilo duradouros.<\/p>","protected":false},"excerpt":{"rendered":"<p>The KS-67 Manluen Party Tray features a 455*455*85 mm rectangular design, offering efficient space utilization and easy arrangement. Its dazzling gold finish exudes luxury, while the six well-designed compartments provide&hellip;<\/p>","protected":false},"featured_media":127,"template":"","meta":{"_uag_custom_page_level_css":""},"product_brand":[],"product_cat":[22],"product_tag":[138,134,137],"class_list":{"0":"post-1847","1":"product","2":"type-product","3":"status-publish","4":"has-post-thumbnail","6":"product_cat-party-trays","7":"product_tag-gold","8":"product_tag-party-tray","9":"product_tag-rectangular","11":"first","12":"instock","13":"featured","14":"shipping-taxable","15":"purchasable","16":"product-type-simple"},"spectra_custom_meta":{"rank_math_internal_links_processed":["1","1","1","1","1","1","1","1","1","1","1","1","1","1","1","1","1","1","1","1","1","1","1","1","1","1","1","1","1","1","1","1","1","1","1","1","1","1","1","1","1","1","1","1","1","1","1","1","1","1","1","1","1","1","1","1","1","1","1","1","1","1"],"_sku":["KS-67"],"_regular_price":["1"],"total_sales":["0"],"_tax_status":["taxable"],"_tax_class":[""],"_manage_stock":["no"],"_backorders":["no"],"_sold_individually":["no"],"_virtual":["no"],"_downloadable":["no"],"_product_image_gallery":["1703,1711,1710,1709,1708,1707,1706,1705"],"_download_limit":["0"],"_download_expiry":["0"],"_thumbnail_id":["127"],"_stock":[null],"_stock_status":["instock"],"_wc_average_rating":["0"],"_wc_review_count":["0"],"_product_attributes":["a:2:{s:9:\"item-size\";a:6:{s:4:\"name\";s:9:\"Item Size\";s:5:\"value\";s:12:\"455*455*85mm\";s:8:\"position\";i:0;s:10:\"is_visible\";i:1;s:12:\"is_variation\";i:0;s:11:\"is_taxonomy\";i:0;}s:7:\"qty-ctn\";a:6:{s:4:\"name\";s:7:\"QTY\/CTN\";s:5:\"value\";s:2:\"80\";s:8:\"position\";i:1;s:10:\"is_visible\";i:1;s:12:\"is_variation\";i:0;s:11:\"is_taxonomy\";i:0;}}"],"_product_version":["9.4.2"],"_price":["1"],"_wp_old_date":["2024-11-26"],"rank_math_analytic_object_id":["24"],"classic-editor-remember":["classic-editor"],"rank_math_seo_score":["69"],"rank_math_contentai_score":["a:5:{s:8:\"keywords\";s:5:\"74.51\";s:9:\"wordCount\";s:1:\"0\";s:9:\"linkCount\";s:1:\"0\";s:12:\"headingCount\";s:1:\"0\";s:10:\"mediaCount\";s:1:\"0\";}"],"_jet_woo_template":[""],"_template_type":["default"],"rank_math_primary_product_cat":["22"],"_ywraq_hide_quote_button_check":[""],"_ywraq_hide_quote_button":["0"],"_edit_lock":["1751907555:1"],"_edit_last":["1"],"rank_math_focus_keyword":["Party Tray"],"_wp_old_slug":["extra-large-capacity-seven-compartment-gold-party-tray-ks-67"],"_uag_css_file_name":["uag-css-1847.css"],"_uag_page_assets":["a:9:{s:3:\"css\";s:263:\".uag-blocks-common-selector{z-index:var(--z-index-desktop) !important}@media (max-width: 976px){.uag-blocks-common-selector{z-index:var(--z-index-tablet) !important}}@media (max-width: 767px){.uag-blocks-common-selector{z-index:var(--z-index-mobile) !important}}\n\";s:2:\"js\";s:0:\"\";s:18:\"current_block_list\";a:6:{i:0;s:10:\"core\/group\";i:1;s:12:\"core\/heading\";i:2;s:17:\"core\/latest-posts\";i:3;s:20:\"core\/latest-comments\";i:4;s:13:\"core\/archives\";i:5;s:15:\"core\/categories\";}s:8:\"uag_flag\";b:0;s:11:\"uag_version\";i:1777294043;s:6:\"gfonts\";a:0:{}s:10:\"gfonts_url\";s:0:\"\";s:12:\"gfonts_files\";a:0:{}s:14:\"uag_faq_layout\";b:0;}"]},"uagb_featured_image_src":{"full":["https:\/\/www.manluenpack.com\/wp-content\/uploads\/2024\/11\/pickle-party-trays.jpg",1000,1000,false],"thumbnail":["https:\/\/www.manluenpack.com\/wp-content\/uploads\/2024\/11\/pickle-party-trays.jpg",150,150,false],"medium":["https:\/\/www.manluenpack.com\/wp-content\/uploads\/2024\/11\/pickle-party-trays.jpg",300,300,false],"medium_large":["https:\/\/www.manluenpack.com\/wp-content\/uploads\/2024\/11\/pickle-party-trays.jpg",768,768,false],"large":["https:\/\/www.manluenpack.com\/wp-content\/uploads\/2024\/11\/pickle-party-trays.jpg",1000,1000,false],"1536x1536":["https:\/\/www.manluenpack.com\/wp-content\/uploads\/2024\/11\/pickle-party-trays.jpg",1000,1000,false],"2048x2048":["https:\/\/www.manluenpack.com\/wp-content\/uploads\/2024\/11\/pickle-party-trays.jpg",1000,1000,false],"trp-custom-language-flag":["https:\/\/www.manluenpack.com\/wp-content\/uploads\/2024\/11\/pickle-party-trays.jpg",12,12,false],"menu-24x24":["https:\/\/www.manluenpack.com\/wp-content\/uploads\/2024\/11\/pickle-party-trays.jpg",24,24,false],"menu-36x36":["https:\/\/www.manluenpack.com\/wp-content\/uploads\/2024\/11\/pickle-party-trays.jpg",36,36,false],"menu-48x48":["https:\/\/www.manluenpack.com\/wp-content\/uploads\/2024\/11\/pickle-party-trays.jpg",48,48,false],"woocommerce_thumbnail":["https:\/\/www.manluenpack.com\/wp-content\/uploads\/2024\/11\/pickle-party-trays.jpg",300,300,false],"woocommerce_single":["https:\/\/www.manluenpack.com\/wp-content\/uploads\/2024\/11\/pickle-party-trays.jpg",600,600,false],"woocommerce_gallery_thumbnail":["https:\/\/www.manluenpack.com\/wp-content\/uploads\/2024\/11\/pickle-party-trays.jpg",100,100,false]},"uagb_author_info":{"display_name":"ManLuenpack","author_link":"https:\/\/www.manluenpack.com\/pt\/author\/"},"uagb_comment_info":0,"uagb_excerpt":"The KS-67 Manluen Party Tray features a 455*455*85 mm rectangular design, offering efficient space utilization and easy arrangement. Its dazzling gold finish exudes luxury, while the six well-designed compartments provide&hellip;","_links":{"self":[{"href":"https:\/\/www.manluenpack.com\/pt\/wp-json\/wp\/v2\/product\/1847","targetHints":{"allow":["GET"]}}],"collection":[{"href":"https:\/\/www.manluenpack.com\/pt\/wp-json\/wp\/v2\/product"}],"about":[{"href":"https:\/\/www.manluenpack.com\/pt\/wp-json\/wp\/v2\/types\/product"}],"wp:featuredmedia":[{"embeddable":true,"href":"https:\/\/www.manluenpack.com\/pt\/wp-json\/wp\/v2\/media\/127"}],"wp:attachment":[{"href":"https:\/\/www.manluenpack.com\/pt\/wp-json\/wp\/v2\/media?parent=1847"}],"wp:term":[{"taxonomy":"product_brand","embeddable":true,"href":"https:\/\/www.manluenpack.com\/pt\/wp-json\/wp\/v2\/product_brand?post=1847"},{"taxonomy":"product_cat","embeddable":true,"href":"https:\/\/www.manluenpack.com\/pt\/wp-json\/wp\/v2\/product_cat?post=1847"},{"taxonomy":"product_tag","embeddable":true,"href":"https:\/\/www.manluenpack.com\/pt\/wp-json\/wp\/v2\/product_tag?post=1847"}],"curies":[{"name":"wp","href":"https:\/\/api.w.org\/{rel}","templated":true}]}}