{"id":1839,"date":"2025-04-12T23:35:40","date_gmt":"2025-04-12T15:35:40","guid":{"rendered":"https:\/\/www.manluenpack.com\/?post_type=product&#038;p=1839"},"modified":"2025-07-08T01:06:55","modified_gmt":"2025-07-07T17:06:55","slug":"wl-53-manluen-party-tray","status":"publish","type":"product","link":"https:\/\/www.manluenpack.com\/pt\/products\/wl-53-manluen-party-tray\/","title":{"rendered":"WL-53 Bandeja de Festa Manluen"},"content":{"rendered":"<p>A Bandeja de Festa Redonda para Takeaway WL-53 Manluen apresenta um design \u00fanico \u2300265\u00d750 mm que combina perfeitamente praticidade com est\u00e9tica. Sua forma redonda adornada com estampas de flor de cerejeira preta exala eleg\u00e2ncia, enquanto o material transparente \u00e9 dur\u00e1vel e conveniente para exibir conte\u00fados\u2014tornando-se uma escolha ideal para qualquer ambiente de festa.<\/p>\n<ul>\n<li>Tipo de Embalagem<br \/>\nCaixa de cart\u00e3o<\/li>\n<li>Cor<br \/>\nPreto<\/li>\n<li>Quantidade por Caixa<br \/>\n200 conjuntos<\/li>\n<li>Material<br \/>\nTampa-OPS\/PET, Base-PS\/PP<\/li>\n<li>Especifica\u00e7\u00f5es de Embalagem<br \/>\n0,079 metros c\u00fabicos<\/li>\n<\/ul>\n<h3><strong><b>Embalagem e entrega<\/b><\/strong><\/h3>\n<p>A Bandeja de Festa Redonda WL-53 Manluen vem numa embalagem ecol\u00f3gica requintada, projetada para garantir estabilidade e seguran\u00e7a durante o transporte. Cada produto passa por uma rigorosa inspe\u00e7\u00e3o de qualidade, \u00e9 envolvido em filme protetor transparente e acompanha uma caixa exterior impressa com flor de cerejeira preta, refletindo qualidade premium. A entrega r\u00e1pida e pontual acrescenta facilidade e eleg\u00e2ncia aos seus preparativos para a festa.<\/p>\n<h3><strong><b>Cen\u00e1rios de uso<\/b><\/strong><strong><b>\u00a0\u00a0<\/b><\/strong><\/h3>\n<p>A Bandeja de Festa WL-53 Manluen, com sua elegante estampa de flor de cerejeira preta e design transparente e dur\u00e1vel, \u00e9 perfeita para festas, casamentos, celebra\u00e7\u00f5es e mais. Seja usada para servir sobremesas, snacks ou presentes requintados, suas dimens\u00f5es \u00fanicas e apar\u00eancia refinada acrescentam um toque art\u00edstico a qualquer ocasi\u00e3o, fazendo cada momento sentir-se especial.<\/p>\n<h3><strong><b>Design empilh\u00e1vel <\/b><\/strong><\/h3>\n<p>A Bandeja de Festa Redonda WL-53 Manluen de 10 polegadas possui um design empilh\u00e1vel inteligente que maximiza a efici\u00eancia do espa\u00e7o, mantendo eleg\u00e2ncia e estabilidade. Quando empilhadas, as bandejas permanecem seguras e resistentes a tombar, facilitando o armazenamento e transporte. A estrutura inovadora permite que as bandejas sejam empilhadas de forma organizada quando vazias, economizando espa\u00e7o valioso em restaurantes ou cozinhas dom\u00e9sticas.<\/p>\n<h3><strong><b>Material de Alta Qualidade Alimentar<\/b><\/strong><\/h3>\n<p>Esta bandeja de festa \u00e9 fabricada com PS ou PET de alta qualidade, seguros para contato direto com alimentos, garantindo que sejam n\u00e3o t\u00f3xicos e seguros para consumo. Desfrute de refei\u00e7\u00f5es saud\u00e1veis e deliciosas com tranquilidade, sabendo que voc\u00ea e seus entes queridos est\u00e3o protegidos.<\/p>\n<h3><strong><b>\u00c0 Prova de Vazamentos, Resistente e Dur\u00e1vel <\/b><\/strong><\/h3>\n<p>A Bandeja de Festa Redonda Preta WL-53 apresenta um design \u00e0 prova de vazamentos para garantir que os conte\u00fados permane\u00e7am seguros no interior sem derramar. Feita de materiais robustos e dur\u00e1veis que resistem \u00e0 press\u00e3o e danos, mant\u00e9m sua qualidade ao longo do tempo. Seja para alimentos ou itens delicados, esta bandeja atende com confian\u00e7a \u00e0s exig\u00eancias de v\u00e1rias ocasi\u00f5es, oferecendo funcionalidade e confiabilidade.<\/p>","protected":false},"excerpt":{"rendered":"<p>The WL-53 Manluen Takeaway Round Party Tray features a unique \u2300265\u00d750 mm design that perfectly combines practicality with aesthetics. Its round shape adorned with black cherry blossom prints exudes elegance,&hellip;<\/p>","protected":false},"featured_media":2258,"template":"","meta":{"_uag_custom_page_level_css":""},"product_brand":[],"product_cat":[22],"product_tag":[134,135,113],"class_list":{"0":"post-1839","1":"product","2":"type-product","3":"status-publish","4":"has-post-thumbnail","6":"product_cat-party-trays","7":"product_tag-party-tray","8":"product_tag-round","9":"product_tag-sakura","11":"first","12":"instock","13":"shipping-taxable","14":"purchasable","15":"product-type-simple"},"spectra_custom_meta":{"rank_math_internal_links_processed":["1","1","1","1","1","1","1","1","1","1","1","1","1","1","1","1","1","1","1","1","1","1","1","1","1","1","1","1","1","1","1","1","1","1","1","1","1","1","1","1","1","1","1","1","1","1","1","1","1","1","1","1","1","1","1","1","1","1"],"_sku":["WL-53"],"_regular_price":["1"],"total_sales":["0"],"_tax_status":["taxable"],"_tax_class":[""],"_manage_stock":["no"],"_backorders":["no"],"_sold_individually":["no"],"_virtual":["no"],"_downloadable":["no"],"_product_image_gallery":["2254,2255,2256,2257"],"_download_limit":["0"],"_download_expiry":["0"],"_thumbnail_id":["2258"],"_stock":[null],"_stock_status":["instock"],"_wc_average_rating":["0"],"_wc_review_count":["0"],"_product_attributes":["a:2:{s:9:\"item-size\";a:6:{s:4:\"name\";s:9:\"Item Size\";s:5:\"value\";s:12:\"\u2300265\u00d750mm\";s:8:\"position\";i:0;s:10:\"is_visible\";i:1;s:12:\"is_variation\";i:0;s:11:\"is_taxonomy\";i:0;}s:7:\"qty-ctn\";a:6:{s:4:\"name\";s:7:\"QTY\/CTN\";s:5:\"value\";s:3:\"200\";s:8:\"position\";i:1;s:10:\"is_visible\";i:1;s:12:\"is_variation\";i:0;s:11:\"is_taxonomy\";i:0;}}"],"_product_version":["9.4.2"],"_price":["1"],"_wp_old_date":["2024-11-26"],"rank_math_analytic_object_id":["24"],"classic-editor-remember":["classic-editor"],"rank_math_seo_score":["69"],"rank_math_contentai_score":["a:5:{s:8:\"keywords\";s:5:\"74.51\";s:9:\"wordCount\";s:1:\"0\";s:9:\"linkCount\";s:1:\"0\";s:12:\"headingCount\";s:1:\"0\";s:10:\"mediaCount\";s:1:\"0\";}"],"_jet_woo_template":[""],"_template_type":["default"],"rank_math_primary_product_cat":["22"],"_ywraq_hide_quote_button_check":[""],"_ywraq_hide_quote_button":["0"],"_edit_lock":["1751908243:1"],"_edit_last":["1"],"_wp_old_slug":["10-inch-round-party-tray-wl-53"],"rank_math_focus_keyword":["Party Tray"],"_uag_css_file_name":["uag-css-1839.css"],"_uag_page_assets":["a:9:{s:3:\"css\";s:263:\".uag-blocks-common-selector{z-index:var(--z-index-desktop) !important}@media (max-width: 976px){.uag-blocks-common-selector{z-index:var(--z-index-tablet) !important}}@media (max-width: 767px){.uag-blocks-common-selector{z-index:var(--z-index-mobile) !important}}\n\";s:2:\"js\";s:0:\"\";s:18:\"current_block_list\";a:6:{i:0;s:10:\"core\/group\";i:1;s:12:\"core\/heading\";i:2;s:17:\"core\/latest-posts\";i:3;s:20:\"core\/latest-comments\";i:4;s:13:\"core\/archives\";i:5;s:15:\"core\/categories\";}s:8:\"uag_flag\";b:0;s:11:\"uag_version\";i:1777283468;s:6:\"gfonts\";a:0:{}s:10:\"gfonts_url\";s:0:\"\";s:12:\"gfonts_files\";a:0:{}s:14:\"uag_faq_layout\";b:0;}"]},"uagb_featured_image_src":{"full":["https:\/\/www.manluenpack.com\/wp-content\/uploads\/2025\/04\/WL-53-manluen-disposable-black-party-tray-scaled.webp",2560,2560,false],"thumbnail":["https:\/\/www.manluenpack.com\/wp-content\/uploads\/2025\/04\/WL-53-manluen-disposable-black-party-tray-scaled.webp",150,150,false],"medium":["https:\/\/www.manluenpack.com\/wp-content\/uploads\/2025\/04\/WL-53-manluen-disposable-black-party-tray-scaled.webp",300,300,false],"medium_large":["https:\/\/www.manluenpack.com\/wp-content\/uploads\/2025\/04\/WL-53-manluen-disposable-black-party-tray-scaled.webp",768,768,false],"large":["https:\/\/www.manluenpack.com\/wp-content\/uploads\/2025\/04\/WL-53-manluen-disposable-black-party-tray-scaled.webp",1024,1024,false],"1536x1536":["https:\/\/www.manluenpack.com\/wp-content\/uploads\/2025\/04\/WL-53-manluen-disposable-black-party-tray-scaled.webp",1536,1536,false],"2048x2048":["https:\/\/www.manluenpack.com\/wp-content\/uploads\/2025\/04\/WL-53-manluen-disposable-black-party-tray-scaled.webp",2048,2048,false],"trp-custom-language-flag":["https:\/\/www.manluenpack.com\/wp-content\/uploads\/2025\/04\/WL-53-manluen-disposable-black-party-tray-scaled.webp",12,12,false],"menu-24x24":["https:\/\/www.manluenpack.com\/wp-content\/uploads\/2025\/04\/WL-53-manluen-disposable-black-party-tray-scaled.webp",24,24,false],"menu-36x36":["https:\/\/www.manluenpack.com\/wp-content\/uploads\/2025\/04\/WL-53-manluen-disposable-black-party-tray-scaled.webp",36,36,false],"menu-48x48":["https:\/\/www.manluenpack.com\/wp-content\/uploads\/2025\/04\/WL-53-manluen-disposable-black-party-tray-scaled.webp",48,48,false],"woocommerce_thumbnail":["https:\/\/www.manluenpack.com\/wp-content\/uploads\/2025\/04\/WL-53-manluen-disposable-black-party-tray-scaled.webp",300,300,false],"woocommerce_single":["https:\/\/www.manluenpack.com\/wp-content\/uploads\/2025\/04\/WL-53-manluen-disposable-black-party-tray-scaled.webp",600,600,false],"woocommerce_gallery_thumbnail":["https:\/\/www.manluenpack.com\/wp-content\/uploads\/2025\/04\/WL-53-manluen-disposable-black-party-tray-scaled.webp",100,100,false]},"uagb_author_info":{"display_name":"ManLuenpack","author_link":"https:\/\/www.manluenpack.com\/pt\/author\/"},"uagb_comment_info":0,"uagb_excerpt":"The WL-53 Manluen Takeaway Round Party Tray features a unique \u2300265\u00d750 mm design that perfectly combines practicality with aesthetics. Its round shape adorned with black cherry blossom prints exudes elegance,&hellip;","_links":{"self":[{"href":"https:\/\/www.manluenpack.com\/pt\/wp-json\/wp\/v2\/product\/1839","targetHints":{"allow":["GET"]}}],"collection":[{"href":"https:\/\/www.manluenpack.com\/pt\/wp-json\/wp\/v2\/product"}],"about":[{"href":"https:\/\/www.manluenpack.com\/pt\/wp-json\/wp\/v2\/types\/product"}],"wp:featuredmedia":[{"embeddable":true,"href":"https:\/\/www.manluenpack.com\/pt\/wp-json\/wp\/v2\/media\/2258"}],"wp:attachment":[{"href":"https:\/\/www.manluenpack.com\/pt\/wp-json\/wp\/v2\/media?parent=1839"}],"wp:term":[{"taxonomy":"product_brand","embeddable":true,"href":"https:\/\/www.manluenpack.com\/pt\/wp-json\/wp\/v2\/product_brand?post=1839"},{"taxonomy":"product_cat","embeddable":true,"href":"https:\/\/www.manluenpack.com\/pt\/wp-json\/wp\/v2\/product_cat?post=1839"},{"taxonomy":"product_tag","embeddable":true,"href":"https:\/\/www.manluenpack.com\/pt\/wp-json\/wp\/v2\/product_tag?post=1839"}],"curies":[{"name":"wp","href":"https:\/\/api.w.org\/{rel}","templated":true}]}}