{"id":1836,"date":"2025-04-12T23:25:05","date_gmt":"2025-04-12T15:25:05","guid":{"rendered":"https:\/\/www.manluenpack.com\/?post_type=product&#038;p=1836"},"modified":"2025-07-08T01:22:06","modified_gmt":"2025-07-07T17:22:06","slug":"wl-61-manluen-party-tray","status":"publish","type":"product","link":"https:\/\/www.manluenpack.com\/pt\/products\/wl-61-manluen-party-tray\/","title":{"rendered":"WL-61 Bandeja de Festa Manluen"},"content":{"rendered":"<p>A Bandeja de Festa WL-61 Manluen apresenta um design elegante \u2300290\u00d755 mm. Sua forma redonda exala sofistica\u00e7\u00e3o, combinada com uma misteriosa impress\u00e3o de flor de cerejeira preta que incorpora a est\u00e9tica de festas de luxo. O corpo transparente \u00e9 feito de material resistente a impactos, equilibrando transpar\u00eancia com durabilidade, tornando-se a escolha perfeita para celebra\u00e7\u00f5es sofisticadas e festas tem\u00e1ticas.<\/p>\n<ul>\n<li>Tipo de Embalagem<br \/>\nCaixa de cart\u00e3o<\/li>\n<li>Cor<br \/>\nPreto<\/li>\n<li>Quantidade por Caixa<br \/>\n200 conjuntos<\/li>\n<li>Material<br \/>\nTampa-OPS\/PET, Base-PS\/PP<\/li>\n<li>Especifica\u00e7\u00f5es de Embalagem<br \/>\n0,064 metros c\u00fabicos<\/li>\n<\/ul>\n<h3><strong><b>Embalagem e entrega<\/b><\/strong><\/h3>\n<p>Cada uma das nossas Bandejas de Festa Redondas Manluen Subway \u00e9 individualmente embrulhada em algod\u00e3o perolado anti-risco e acompanhada de caixas exteriores de papel\u00e3o ondulado personalizadas para garantir zero danos durante o transporte. A impress\u00e3o de flor de cerejeira preta \u00e9 revestida com uma pel\u00edcula fosca para evitar marcas de impress\u00f5es digitais, revelando uma sensa\u00e7\u00e3o premium ao desembrulhar. Oferecemos envio expresso nacional em 48 horas, com etiquetas log\u00edsticas especializadas para produtos fr\u00e1geis e embalagens \u00e0 prova de choque, garantindo que esta sensa\u00e7\u00e3o de cerim\u00f3nia chegue com seguran\u00e7a ao seu local de celebra\u00e7\u00e3o.<\/p>\n<h3><strong><b>Cen\u00e1rios de uso<\/b><\/strong><strong><b>\u00a0\u00a0<\/b><\/strong><\/h3>\n<p>A Bandeja de Festa WL-61 Manluen de 11 polegadas, com sua plataforma redonda de di\u00e2metro 290 mm, exibe flores de cerejeira preta a desabrochar numa estrutura transparente, tornando-a adequada para v\u00e1rias ocasi\u00f5es:<\/p>\n<ul>\n<li>Jantar \u00e0 luz de velas\u2014Transforma-se numa exposi\u00e7\u00e3o de sobremesas, refratando uma luz suave e quente.<\/li>\n<li>Cerim\u00f3nia do Ch\u00e1 Japon\u00eas\u2014Perfeitamente adequada para segurar wagashi (doces tradicionais japoneses), com a impress\u00e3o harmonizando-se lindamente com o verde matcha.<\/li>\n<li>Lembran\u00e7as de Casamento\u2014Serve doces personalizados, com o corpo transparente revelando um brilho sedoso.<\/li>\n<li>Exposi\u00e7\u00e3o de Vitrine\u2014Cria um efeito de empilhamento suspenso, formando uma composi\u00e7\u00e3o floral art\u00edstica com uma est\u00e9tica de floresta luxuosa.<\/li>\n<\/ul>\n<h3><strong><b>Design empilh\u00e1vel <\/b><\/strong><\/h3>\n<p>O corpo transparente adornado com impress\u00f5es de flor de cerejeira preta forma um corredor de luz em degrad\u00e9 quando empilhado, criando uma exibi\u00e7\u00e3o art\u00edstica. O design de encaixe seguro evita escorregamentos, enquanto as ranhuras de empilhamento inteligentemente desenhadas na parte inferior permitem empilhar v\u00e1rias bandejas de forma firme, economizando espa\u00e7o de armazenamento valioso. Seja em armaz\u00e9ns de restaurantes ou arm\u00e1rios dom\u00e9sticos, estas bandejas s\u00e3o f\u00e1ceis de guardar, maximizando a efici\u00eancia do espa\u00e7o.<\/p>\n<h3><strong><b>Material de Alta Qualidade Alimentar<\/b><\/strong><\/h3>\n<p>Compreendendo a import\u00e2ncia da seguran\u00e7a alimentar, usamos materiais pl\u00e1sticos de alta qualidade, certificados para uso alimentar, que cumprem os padr\u00f5es nacionais de seguran\u00e7a alimentar. Estes materiais s\u00e3o n\u00e3o t\u00f3xicos, inodoros e livres de subst\u00e2ncias nocivas como BPA, garantindo totalmente a sa\u00fade e seguran\u00e7a de si e dos seus convidados. Desfrute de alimentos deliciosos com tranquilidade.<\/p>","protected":false},"excerpt":{"rendered":"<p>The WL-61 Manluen Party Tray features an elegant \u2300290\u00d755 mm design. Its round shape exudes sophistication, paired with a mysterious black cherry blossom print that embodies luxury party aesthetics. The&hellip;<\/p>","protected":false},"featured_media":2283,"template":"","meta":{"_uag_custom_page_level_css":""},"product_brand":[],"product_cat":[22],"product_tag":[134,135,113],"class_list":{"0":"post-1836","1":"product","2":"type-product","3":"status-publish","4":"has-post-thumbnail","6":"product_cat-party-trays","7":"product_tag-party-tray","8":"product_tag-round","9":"product_tag-sakura","11":"first","12":"instock","13":"shipping-taxable","14":"purchasable","15":"product-type-simple"},"spectra_custom_meta":{"rank_math_internal_links_processed":["1","1","1","1","1","1","1","1","1","1","1","1","1","1","1","1","1","1","1","1","1","1","1","1","1","1","1","1","1","1","1","1","1","1","1","1","1","1","1","1","1","1","1","1","1","1","1","1","1","1","1","1","1","1","1","1","1"],"_sku":["WL-61-Sakura"],"_regular_price":["1"],"total_sales":["0"],"_tax_status":["taxable"],"_tax_class":[""],"_manage_stock":["no"],"_backorders":["no"],"_sold_individually":["no"],"_virtual":["no"],"_downloadable":["no"],"_product_image_gallery":["2287,2286,2285,2284"],"_download_limit":["0"],"_download_expiry":["0"],"_thumbnail_id":["2283"],"_stock":[null],"_stock_status":["instock"],"_wc_average_rating":["0"],"_wc_review_count":["0"],"_product_attributes":["a:2:{s:9:\"item-size\";a:6:{s:4:\"name\";s:9:\"Item Size\";s:5:\"value\";s:12:\"\u2300290\u00d755mm\";s:8:\"position\";i:0;s:10:\"is_visible\";i:1;s:12:\"is_variation\";i:0;s:11:\"is_taxonomy\";i:0;}s:7:\"qty-ctn\";a:6:{s:4:\"name\";s:7:\"QTY\/CTN\";s:5:\"value\";s:3:\"200\";s:8:\"position\";i:1;s:10:\"is_visible\";i:1;s:12:\"is_variation\";i:0;s:11:\"is_taxonomy\";i:0;}}"],"_product_version":["9.4.2"],"_price":["1"],"_wp_old_date":["2024-11-26"],"rank_math_analytic_object_id":["24"],"classic-editor-remember":["classic-editor"],"rank_math_seo_score":["66"],"rank_math_contentai_score":["a:5:{s:8:\"keywords\";s:5:\"74.51\";s:9:\"wordCount\";s:1:\"0\";s:9:\"linkCount\";s:1:\"0\";s:12:\"headingCount\";s:1:\"0\";s:10:\"mediaCount\";s:1:\"0\";}"],"_jet_woo_template":[""],"_template_type":["default"],"rank_math_primary_product_cat":["22"],"_ywraq_hide_quote_button_check":[""],"_ywraq_hide_quote_button":["0"],"_edit_lock":["1751908952:1"],"_edit_last":["1"],"rank_math_focus_keyword":["Party Tray"],"_wp_old_slug":["11-inch-round-party-tray-wl-61"],"_uag_css_file_name":["uag-css-1836.css"],"_uag_page_assets":["a:9:{s:3:\"css\";s:0:\"\";s:2:\"js\";s:0:\"\";s:18:\"current_block_list\";a:6:{i:0;s:10:\"core\/group\";i:1;s:12:\"core\/heading\";i:2;s:17:\"core\/latest-posts\";i:3;s:20:\"core\/latest-comments\";i:4;s:13:\"core\/archives\";i:5;s:15:\"core\/categories\";}s:8:\"uag_flag\";b:0;s:11:\"uag_version\";i:1777280504;s:6:\"gfonts\";a:0:{}s:10:\"gfonts_url\";s:0:\"\";s:12:\"gfonts_files\";a:0:{}s:14:\"uag_faq_layout\";b:0;}"]},"uagb_featured_image_src":{"full":["https:\/\/www.manluenpack.com\/wp-content\/uploads\/2025\/04\/WL-64-manluen-party-catering-trays.webp",1000,1000,false],"thumbnail":["https:\/\/www.manluenpack.com\/wp-content\/uploads\/2025\/04\/WL-64-manluen-party-catering-trays.webp",150,150,false],"medium":["https:\/\/www.manluenpack.com\/wp-content\/uploads\/2025\/04\/WL-64-manluen-party-catering-trays.webp",300,300,false],"medium_large":["https:\/\/www.manluenpack.com\/wp-content\/uploads\/2025\/04\/WL-64-manluen-party-catering-trays.webp",768,768,false],"large":["https:\/\/www.manluenpack.com\/wp-content\/uploads\/2025\/04\/WL-64-manluen-party-catering-trays.webp",1000,1000,false],"1536x1536":["https:\/\/www.manluenpack.com\/wp-content\/uploads\/2025\/04\/WL-64-manluen-party-catering-trays.webp",1000,1000,false],"2048x2048":["https:\/\/www.manluenpack.com\/wp-content\/uploads\/2025\/04\/WL-64-manluen-party-catering-trays.webp",1000,1000,false],"trp-custom-language-flag":["https:\/\/www.manluenpack.com\/wp-content\/uploads\/2025\/04\/WL-64-manluen-party-catering-trays.webp",12,12,false],"menu-24x24":["https:\/\/www.manluenpack.com\/wp-content\/uploads\/2025\/04\/WL-64-manluen-party-catering-trays.webp",24,24,false],"menu-36x36":["https:\/\/www.manluenpack.com\/wp-content\/uploads\/2025\/04\/WL-64-manluen-party-catering-trays.webp",36,36,false],"menu-48x48":["https:\/\/www.manluenpack.com\/wp-content\/uploads\/2025\/04\/WL-64-manluen-party-catering-trays.webp",48,48,false],"woocommerce_thumbnail":["https:\/\/www.manluenpack.com\/wp-content\/uploads\/2025\/04\/WL-64-manluen-party-catering-trays.webp",300,300,false],"woocommerce_single":["https:\/\/www.manluenpack.com\/wp-content\/uploads\/2025\/04\/WL-64-manluen-party-catering-trays.webp",600,600,false],"woocommerce_gallery_thumbnail":["https:\/\/www.manluenpack.com\/wp-content\/uploads\/2025\/04\/WL-64-manluen-party-catering-trays.webp",100,100,false]},"uagb_author_info":{"display_name":"ManLuenpack","author_link":"https:\/\/www.manluenpack.com\/pt\/author\/"},"uagb_comment_info":0,"uagb_excerpt":"The WL-61 Manluen Party Tray features an elegant \u2300290\u00d755 mm design. Its round shape exudes sophistication, paired with a mysterious black cherry blossom print that embodies luxury party aesthetics. The&hellip;","_links":{"self":[{"href":"https:\/\/www.manluenpack.com\/pt\/wp-json\/wp\/v2\/product\/1836","targetHints":{"allow":["GET"]}}],"collection":[{"href":"https:\/\/www.manluenpack.com\/pt\/wp-json\/wp\/v2\/product"}],"about":[{"href":"https:\/\/www.manluenpack.com\/pt\/wp-json\/wp\/v2\/types\/product"}],"wp:featuredmedia":[{"embeddable":true,"href":"https:\/\/www.manluenpack.com\/pt\/wp-json\/wp\/v2\/media\/2283"}],"wp:attachment":[{"href":"https:\/\/www.manluenpack.com\/pt\/wp-json\/wp\/v2\/media?parent=1836"}],"wp:term":[{"taxonomy":"product_brand","embeddable":true,"href":"https:\/\/www.manluenpack.com\/pt\/wp-json\/wp\/v2\/product_brand?post=1836"},{"taxonomy":"product_cat","embeddable":true,"href":"https:\/\/www.manluenpack.com\/pt\/wp-json\/wp\/v2\/product_cat?post=1836"},{"taxonomy":"product_tag","embeddable":true,"href":"https:\/\/www.manluenpack.com\/pt\/wp-json\/wp\/v2\/product_tag?post=1836"}],"curies":[{"name":"wp","href":"https:\/\/api.w.org\/{rel}","templated":true}]}}