{"id":1832,"date":"2025-04-12T22:51:27","date_gmt":"2025-04-12T14:51:27","guid":{"rendered":"https:\/\/www.manluenpack.com\/?post_type=product&#038;p=1832"},"modified":"2025-07-08T07:47:52","modified_gmt":"2025-07-07T23:47:52","slug":"wl-65-manluen-party-tray","status":"publish","type":"product","link":"https:\/\/www.manluenpack.com\/pt\/products\/wl-65-manluen-party-tray\/","title":{"rendered":"WL-15 Bandeja de Festa Manluen"},"content":{"rendered":"<p>A Bandeja de Festa Redonda WL-65 Manluen de 15 Polegadas apresenta um design \u00fanico \u2300385\u00d760 mm redondo, combinando eleg\u00e2ncia com praticidade. O seu material transparente e dur\u00e1vel, aliado a impress\u00f5es cl\u00e1ssicas de cerejeira negra, oferece uma est\u00e9tica de alta qualidade, tornando-a ideal para casamentos, festas e al\u00e9m\u2014onde a forma encontra a fun\u00e7\u00e3o.<\/p>\n<ul>\n<li>Tipo de Embalagem<br \/>\nCaixa de cart\u00e3o<\/li>\n<li>Cor<br \/>\nPreto<\/li>\n<li>Quantidade por Caixa<br \/>\n100 conjuntos<\/li>\n<li>Material<br \/>\nTampa-OPS\/PET, Base-PS\/PP<\/li>\n<li>Especifica\u00e7\u00f5es de Embalagem<br \/>\n0,086 metros c\u00fabicos<\/li>\n<\/ul>\n<h3><strong><b>Embalagem e entrega<\/b><\/strong><\/h3>\n<p>Cada Caixa de Bandeja de Festa Redonda WL-65 Manluen de 15 Polegadas \u00e9 cuidadosamente embalada em embalagem ecol\u00f3gica de alta qualidade para transporte sem danos. Embalada individualmente em filme protetor e alojada em caixas com estampagem de cerejeira, chega com rapidez e precis\u00e3o\u2014o seu parceiro confi\u00e1vel para uma organiza\u00e7\u00e3o de eventos sem problemas.<\/p>\n<h3><strong><b>Cen\u00e1rios de uso<\/b><\/strong><strong><b>\u00a0\u00a0<\/b><\/strong><\/h3>\n<p>As nossas Bandejas de Festa de 15 Polegadas Manluen, com o seu elegante padr\u00e3o de cerejeira negra e design transparente e dur\u00e1vel, s\u00e3o a escolha perfeita para casamentos, festas, celebra\u00e7\u00f5es e outras ocasi\u00f5es. O seu tamanho espa\u00e7oso pode facilmente acomodar sobremesas, bebidas ou petiscos delicados, acrescentando um toque de sofistica\u00e7\u00e3o e cerim\u00f3nia ao ambiente, fazendo com que cada momento exale um gosto excecional.<\/p>\n<h3><strong><b>Design empilh\u00e1vel <\/b><\/strong><\/h3>\n<p>Projetadas para efici\u00eancia, o design empilh\u00e1vel inteligente maximiza o espa\u00e7o de armazenamento e transporte. A estrutura est\u00e1vel evita tombamentos enquanto mant\u00e9m a eleg\u00e2ncia\u2014organiza\u00e7\u00e3o sem esfor\u00e7o encontra estilo atemporal.<\/p>\n<h3><strong><b>Seguran\u00e7a Alimentar<\/b><\/strong><\/h3>\n<p>Priorizando a sa\u00fade, usamos pl\u00e1sticos certificados internacionalmente para uso alimentar\u2014n\u00e3o t\u00f3xicos, sem odor e seguros para contacto com alimentos\u2014para que voc\u00ea e os seus convidados desfrutem de sabores sem compromissos.<\/p>\n<h3><strong><b>\u00c0 Prova de Vazamentos &amp; Ultra-Resistentes<\/b><\/strong><\/h3>\n<p>Constru\u00eddas para durar, a estrutura resistente a vazamentos e o material de alta resist\u00eancia resistem a press\u00e3o, deforma\u00e7\u00f5es e derrames. Quer seja para bebidas ou pratos salgados, oferece desempenho perfeito com est\u00e9tica refinada.<\/p>","protected":false},"excerpt":{"rendered":"<p>The WL-65 Manluen 15-Inch Round Party Tray features a unique \u2300385\u00d760 mm round design, blending elegance with practicality. Its transparent, durable material paired with classic black cherry blossom prints delivers&hellip;<\/p>","protected":false},"featured_media":2288,"template":"","meta":{"_uag_custom_page_level_css":""},"product_brand":[],"product_cat":[22],"product_tag":[134,135,113],"class_list":{"0":"post-1832","1":"product","2":"type-product","3":"status-publish","4":"has-post-thumbnail","6":"product_cat-party-trays","7":"product_tag-party-tray","8":"product_tag-round","9":"product_tag-sakura","11":"first","12":"instock","13":"shipping-taxable","14":"purchasable","15":"product-type-simple"},"spectra_custom_meta":{"rank_math_internal_links_processed":["1","1","1","1","1","1","1","1","1","1","1","1","1","1","1","1","1","1","1","1","1","1","1","1","1","1","1","1","1","1","1","1","1","1","1","1","1","1","1","1","1","1","1","1","1","1","1","1","1","1","1","1","1","1","1"],"_sku":["WL-65"],"_regular_price":["1"],"total_sales":["0"],"_tax_status":["taxable"],"_tax_class":[""],"_manage_stock":["no"],"_backorders":["no"],"_sold_individually":["no"],"_virtual":["no"],"_downloadable":["no"],"_product_image_gallery":["2289,2290,2291,2292"],"_download_limit":["0"],"_download_expiry":["0"],"_thumbnail_id":["2288"],"_stock":[null],"_stock_status":["instock"],"_wc_average_rating":["0"],"_wc_review_count":["0"],"_product_attributes":["a:2:{s:9:\"item-size\";a:6:{s:4:\"name\";s:9:\"Item Size\";s:5:\"value\";s:12:\"\u2300385\u00d760mm\";s:8:\"position\";i:0;s:10:\"is_visible\";i:1;s:12:\"is_variation\";i:0;s:11:\"is_taxonomy\";i:0;}s:7:\"qty-ctn\";a:6:{s:4:\"name\";s:7:\"QTY\/CTN\";s:5:\"value\";s:3:\"100\";s:8:\"position\";i:1;s:10:\"is_visible\";i:1;s:12:\"is_variation\";i:0;s:11:\"is_taxonomy\";i:0;}}"],"_product_version":["9.4.2"],"_price":["1"],"_wp_old_date":["2024-11-26"],"rank_math_analytic_object_id":["24"],"classic-editor-remember":["classic-editor"],"rank_math_seo_score":["64"],"rank_math_contentai_score":["a:5:{s:8:\"keywords\";s:5:\"74.51\";s:9:\"wordCount\";s:1:\"0\";s:9:\"linkCount\";s:1:\"0\";s:12:\"headingCount\";s:1:\"0\";s:10:\"mediaCount\";s:1:\"0\";}"],"_jet_woo_template":[""],"_template_type":["default"],"rank_math_primary_product_cat":["22"],"_ywraq_hide_quote_button_check":[""],"_ywraq_hide_quote_button":["0"],"_edit_lock":["1751932020:1"],"_edit_last":["1"],"_wp_old_slug":["15-inch-round-party-tray-wl-65"],"rank_math_focus_keyword":["Party Tray"],"_uag_css_file_name":["uag-css-1832.css"],"_uag_page_assets":["a:9:{s:3:\"css\";s:0:\"\";s:2:\"js\";s:0:\"\";s:18:\"current_block_list\";a:6:{i:0;s:10:\"core\/group\";i:1;s:12:\"core\/heading\";i:2;s:17:\"core\/latest-posts\";i:3;s:20:\"core\/latest-comments\";i:4;s:13:\"core\/archives\";i:5;s:15:\"core\/categories\";}s:8:\"uag_flag\";b:0;s:11:\"uag_version\";i:1777294043;s:6:\"gfonts\";a:0:{}s:10:\"gfonts_url\";s:0:\"\";s:12:\"gfonts_files\";a:0:{}s:14:\"uag_faq_layout\";b:0;}"]},"uagb_featured_image_src":{"full":["https:\/\/www.manluenpack.com\/wp-content\/uploads\/2025\/04\/WL-65-manluen-black-party-snack-tray.webp",1000,1000,false],"thumbnail":["https:\/\/www.manluenpack.com\/wp-content\/uploads\/2025\/04\/WL-65-manluen-black-party-snack-tray.webp",150,150,false],"medium":["https:\/\/www.manluenpack.com\/wp-content\/uploads\/2025\/04\/WL-65-manluen-black-party-snack-tray.webp",300,300,false],"medium_large":["https:\/\/www.manluenpack.com\/wp-content\/uploads\/2025\/04\/WL-65-manluen-black-party-snack-tray.webp",768,768,false],"large":["https:\/\/www.manluenpack.com\/wp-content\/uploads\/2025\/04\/WL-65-manluen-black-party-snack-tray.webp",1000,1000,false],"1536x1536":["https:\/\/www.manluenpack.com\/wp-content\/uploads\/2025\/04\/WL-65-manluen-black-party-snack-tray.webp",1000,1000,false],"2048x2048":["https:\/\/www.manluenpack.com\/wp-content\/uploads\/2025\/04\/WL-65-manluen-black-party-snack-tray.webp",1000,1000,false],"trp-custom-language-flag":["https:\/\/www.manluenpack.com\/wp-content\/uploads\/2025\/04\/WL-65-manluen-black-party-snack-tray.webp",12,12,false],"menu-24x24":["https:\/\/www.manluenpack.com\/wp-content\/uploads\/2025\/04\/WL-65-manluen-black-party-snack-tray.webp",24,24,false],"menu-36x36":["https:\/\/www.manluenpack.com\/wp-content\/uploads\/2025\/04\/WL-65-manluen-black-party-snack-tray.webp",36,36,false],"menu-48x48":["https:\/\/www.manluenpack.com\/wp-content\/uploads\/2025\/04\/WL-65-manluen-black-party-snack-tray.webp",48,48,false],"woocommerce_thumbnail":["https:\/\/www.manluenpack.com\/wp-content\/uploads\/2025\/04\/WL-65-manluen-black-party-snack-tray.webp",300,300,false],"woocommerce_single":["https:\/\/www.manluenpack.com\/wp-content\/uploads\/2025\/04\/WL-65-manluen-black-party-snack-tray.webp",600,600,false],"woocommerce_gallery_thumbnail":["https:\/\/www.manluenpack.com\/wp-content\/uploads\/2025\/04\/WL-65-manluen-black-party-snack-tray.webp",100,100,false]},"uagb_author_info":{"display_name":"ManLuenpack","author_link":"https:\/\/www.manluenpack.com\/pt\/author\/"},"uagb_comment_info":0,"uagb_excerpt":"The WL-65 Manluen 15-Inch Round Party Tray features a unique \u2300385\u00d760 mm round design, blending elegance with practicality. Its transparent, durable material paired with classic black cherry blossom prints delivers&hellip;","_links":{"self":[{"href":"https:\/\/www.manluenpack.com\/pt\/wp-json\/wp\/v2\/product\/1832","targetHints":{"allow":["GET"]}}],"collection":[{"href":"https:\/\/www.manluenpack.com\/pt\/wp-json\/wp\/v2\/product"}],"about":[{"href":"https:\/\/www.manluenpack.com\/pt\/wp-json\/wp\/v2\/types\/product"}],"wp:featuredmedia":[{"embeddable":true,"href":"https:\/\/www.manluenpack.com\/pt\/wp-json\/wp\/v2\/media\/2288"}],"wp:attachment":[{"href":"https:\/\/www.manluenpack.com\/pt\/wp-json\/wp\/v2\/media?parent=1832"}],"wp:term":[{"taxonomy":"product_brand","embeddable":true,"href":"https:\/\/www.manluenpack.com\/pt\/wp-json\/wp\/v2\/product_brand?post=1832"},{"taxonomy":"product_cat","embeddable":true,"href":"https:\/\/www.manluenpack.com\/pt\/wp-json\/wp\/v2\/product_cat?post=1832"},{"taxonomy":"product_tag","embeddable":true,"href":"https:\/\/www.manluenpack.com\/pt\/wp-json\/wp\/v2\/product_tag?post=1832"}],"curies":[{"name":"wp","href":"https:\/\/api.w.org\/{rel}","templated":true}]}}