{"id":1828,"date":"2025-04-12T22:14:10","date_gmt":"2025-04-12T14:14:10","guid":{"rendered":"https:\/\/www.manluenpack.com\/?post_type=product&#038;p=1828"},"modified":"2025-07-08T08:03:28","modified_gmt":"2025-07-08T00:03:28","slug":"wl-c025-manluen-party-tray","status":"publish","type":"product","link":"https:\/\/www.manluenpack.com\/pt\/products\/wl-c025-manluen-party-tray\/","title":{"rendered":"Bandeja de Festa WL-C025 Manluen"},"content":{"rendered":"<p>A Bandeja de Festa Quadrada WL-C025 Manluen \u00e9 concebida com dimens\u00f5es \u00f3timas de 352*352*50 mm. A sua estrutura quadrada maximiza a efici\u00eancia do espa\u00e7o, enquanto o cl\u00e1ssico preto combinado com uma impress\u00e3o de folha de bordo adiciona um toque elegante. Feita com materiais de alta qualidade OPS e PP, a bandeja \u00e9 leve, dur\u00e1vel e ecol\u00f3gica. A textura antiderrapante aumenta a praticidade, tornando-a uma escolha ideal para festas e encontros.<\/p>\n<ul>\n<li>Tipo de Embalagem<br \/>\nCaixa de cart\u00e3o<\/li>\n<li>Cor<br \/>\nPreto<\/li>\n<li>Quantidade por Caixa<br \/>\n100 conjuntos<\/li>\n<li>Material<br \/>\nTampa-OPS, Base-PS<\/li>\n<li>Capacidade por unidade<br \/>\n0,037 metros c\u00fabicos<\/li>\n<\/ul>\n<h3><strong><b>Embalagem e entrega<\/b><\/strong><\/h3>\n<p>A Bandeja de Festa Preta WL-C025 Manluen vem numa embalagem ecol\u00f3gica e resistente para garantir o transporte seguro. Cada produto \u00e9 cuidadosamente embrulhado com materiais \u00e0 prova de choque e resist\u00eancia \u00e0 press\u00e3o, juntamente com etiquetas claras para f\u00e1cil identifica\u00e7\u00e3o e armazenamento. Estamos comprometidos com uma entrega eficiente, proporcionando garantia de qualidade fi\u00e1vel e pontual para as suas necessidades de festa.<\/p>\n<h3><strong><b>Cen\u00e1rios de uso<\/b><\/strong><strong><b>\u00a0\u00a0<\/b><\/strong><\/h3>\n<p>A Bandeja de Festa de Grande Capacidade WL-C025 Manluen, com o seu design elegante e funcionalidade pr\u00e1tica, \u00e9 perfeitamente adequada para v\u00e1rias ocasi\u00f5es: desde encontros familiares e celebra\u00e7\u00f5es festivas at\u00e9 banquetes empresariais e festas de casamento. Pode facilmente segurar bebidas, snacks ou aperitivos, exibindo uma eleg\u00e2ncia refinada e acrescentando conveni\u00eancia e beleza a cada momento de alegria.<\/p>\n<h3><strong><b>Material de Alta Qualidade e Impress\u00e3o Clara \u00a0<\/b><\/strong><\/h3>\n<p>Este produto \u00e9 feito com materiais pl\u00e1sticos de grau aliment\u00edcio certificados internacionalmente, garantindo que a bandeja seja n\u00e3o t\u00f3xica, inodora e inofensiva, protegendo totalmente a seguran\u00e7a alimentar dos convidados. A impress\u00e3o de folha de bordo na bandeja acrescenta um elemento decorativo, criando apelo visual e uma atmosfera festiva. Melhora a apresenta\u00e7\u00e3o geral dos alimentos, tornando-os mais atraentes para os convidados.<\/p>\n<h3><strong><b>Veda\u00e7\u00e3o Transparente e Durabilidade <\/b><\/strong><\/h3>\n<p>A nossa Bandeja de Festa Quadrada de Grande Capacidade WL-C025 Manluen apresenta um design de borda \u00e0 prova de fugas que impede eficazmente derrames de l\u00edquidos, mantendo as mesas limpas. Fabricada com materiais robustos, \u00e9 forte, resistente a impactos e ao desgaste, capaz de lidar facilmente com v\u00e1rias situa\u00e7\u00f5es de festa. A apar\u00eancia quadrada matte preta \u00e9 simples, elegante e vers\u00e1til, enquanto o design espa\u00e7oso atende \u00e0s necessidades de m\u00faltiplos utilizadores, tornando-se uma escolha pr\u00e1tica para catering de festas.<\/p>","protected":false},"excerpt":{"rendered":"<p>The WL-C025 Manluen Square Party Tray is designed with optimal dimensions of 352*352*50 mm. Its square structure maximizes space efficiency, while the classic black paired with a maple leaf print&hellip;<\/p>","protected":false},"featured_media":2432,"template":"","meta":{"_uag_custom_page_level_css":""},"product_brand":[],"product_cat":[22],"product_tag":[106,134,105],"class_list":{"0":"post-1828","1":"product","2":"type-product","3":"status-publish","4":"has-post-thumbnail","6":"product_cat-party-trays","7":"product_tag-maple-leaf-print","8":"product_tag-party-tray","9":"product_tag-square","11":"first","12":"instock","13":"shipping-taxable","14":"purchasable","15":"product-type-simple"},"spectra_custom_meta":{"rank_math_internal_links_processed":["1","1","1","1","1","1","1","1","1","1","1","1","1","1","1","1","1","1","1","1","1","1","1","1","1","1","1","1","1","1","1","1","1","1","1","1","1","1","1","1","1","1","1","1","1","1","1","1","1","1","1","1","1"],"_sku":["WL-C025"],"_regular_price":["1"],"total_sales":["0"],"_tax_status":["taxable"],"_tax_class":[""],"_manage_stock":["no"],"_backorders":["no"],"_sold_individually":["no"],"_virtual":["no"],"_downloadable":["no"],"_product_image_gallery":["2433,2434,2435,2436"],"_download_limit":["0"],"_download_expiry":["0"],"_thumbnail_id":["2432"],"_stock":[null],"_stock_status":["instock"],"_wc_average_rating":["0"],"_wc_review_count":["0"],"_product_attributes":["a:2:{s:9:\"item-size\";a:6:{s:4:\"name\";s:9:\"Item Size\";s:5:\"value\";s:12:\"352*352*50mm\";s:8:\"position\";i:0;s:10:\"is_visible\";i:1;s:12:\"is_variation\";i:0;s:11:\"is_taxonomy\";i:0;}s:7:\"qty-ctn\";a:6:{s:4:\"name\";s:7:\"QTY\/CTN\";s:5:\"value\";s:3:\"100\";s:8:\"position\";i:1;s:10:\"is_visible\";i:1;s:12:\"is_variation\";i:0;s:11:\"is_taxonomy\";i:0;}}"],"_product_version":["9.4.2"],"_price":["1"],"_wp_old_date":["2024-11-26"],"rank_math_analytic_object_id":["24"],"classic-editor-remember":["classic-editor"],"rank_math_seo_score":["69"],"rank_math_contentai_score":["a:5:{s:8:\"keywords\";s:5:\"74.51\";s:9:\"wordCount\";s:1:\"0\";s:9:\"linkCount\";s:1:\"0\";s:12:\"headingCount\";s:1:\"0\";s:10:\"mediaCount\";s:1:\"0\";}"],"_jet_woo_template":[""],"_template_type":["default"],"rank_math_primary_product_cat":["22"],"_ywraq_hide_quote_button_check":[""],"_ywraq_hide_quote_button":["0"],"_edit_lock":["1751934390:1"],"_edit_last":["1"],"_wp_old_slug":["large-capacity-black-square-party-tray-wl-c025"],"rank_math_focus_keyword":["Party Tray"],"_uag_css_file_name":["uag-css-1828.css"],"_uag_page_assets":["a:9:{s:3:\"css\";s:0:\"\";s:2:\"js\";s:0:\"\";s:18:\"current_block_list\";a:6:{i:0;s:10:\"core\/group\";i:1;s:12:\"core\/heading\";i:2;s:17:\"core\/latest-posts\";i:3;s:20:\"core\/latest-comments\";i:4;s:13:\"core\/archives\";i:5;s:15:\"core\/categories\";}s:8:\"uag_flag\";b:0;s:11:\"uag_version\";i:1777290362;s:6:\"gfonts\";a:0:{}s:10:\"gfonts_url\";s:0:\"\";s:12:\"gfonts_files\";a:0:{}s:14:\"uag_faq_layout\";b:0;}"]},"uagb_featured_image_src":{"full":["https:\/\/www.manluenpack.com\/wp-content\/uploads\/2025\/04\/WL-C025-manluen-plastic-party-tray.webp",1000,1000,false],"thumbnail":["https:\/\/www.manluenpack.com\/wp-content\/uploads\/2025\/04\/WL-C025-manluen-plastic-party-tray.webp",150,150,false],"medium":["https:\/\/www.manluenpack.com\/wp-content\/uploads\/2025\/04\/WL-C025-manluen-plastic-party-tray.webp",300,300,false],"medium_large":["https:\/\/www.manluenpack.com\/wp-content\/uploads\/2025\/04\/WL-C025-manluen-plastic-party-tray.webp",768,768,false],"large":["https:\/\/www.manluenpack.com\/wp-content\/uploads\/2025\/04\/WL-C025-manluen-plastic-party-tray.webp",1000,1000,false],"1536x1536":["https:\/\/www.manluenpack.com\/wp-content\/uploads\/2025\/04\/WL-C025-manluen-plastic-party-tray.webp",1000,1000,false],"2048x2048":["https:\/\/www.manluenpack.com\/wp-content\/uploads\/2025\/04\/WL-C025-manluen-plastic-party-tray.webp",1000,1000,false],"trp-custom-language-flag":["https:\/\/www.manluenpack.com\/wp-content\/uploads\/2025\/04\/WL-C025-manluen-plastic-party-tray.webp",12,12,false],"menu-24x24":["https:\/\/www.manluenpack.com\/wp-content\/uploads\/2025\/04\/WL-C025-manluen-plastic-party-tray.webp",24,24,false],"menu-36x36":["https:\/\/www.manluenpack.com\/wp-content\/uploads\/2025\/04\/WL-C025-manluen-plastic-party-tray.webp",36,36,false],"menu-48x48":["https:\/\/www.manluenpack.com\/wp-content\/uploads\/2025\/04\/WL-C025-manluen-plastic-party-tray.webp",48,48,false],"woocommerce_thumbnail":["https:\/\/www.manluenpack.com\/wp-content\/uploads\/2025\/04\/WL-C025-manluen-plastic-party-tray.webp",300,300,false],"woocommerce_single":["https:\/\/www.manluenpack.com\/wp-content\/uploads\/2025\/04\/WL-C025-manluen-plastic-party-tray.webp",600,600,false],"woocommerce_gallery_thumbnail":["https:\/\/www.manluenpack.com\/wp-content\/uploads\/2025\/04\/WL-C025-manluen-plastic-party-tray.webp",100,100,false]},"uagb_author_info":{"display_name":"ManLuenpack","author_link":"https:\/\/www.manluenpack.com\/pt\/author\/"},"uagb_comment_info":0,"uagb_excerpt":"The WL-C025 Manluen Square Party Tray is designed with optimal dimensions of 352*352*50 mm. Its square structure maximizes space efficiency, while the classic black paired with a maple leaf print&hellip;","_links":{"self":[{"href":"https:\/\/www.manluenpack.com\/pt\/wp-json\/wp\/v2\/product\/1828","targetHints":{"allow":["GET"]}}],"collection":[{"href":"https:\/\/www.manluenpack.com\/pt\/wp-json\/wp\/v2\/product"}],"about":[{"href":"https:\/\/www.manluenpack.com\/pt\/wp-json\/wp\/v2\/types\/product"}],"wp:featuredmedia":[{"embeddable":true,"href":"https:\/\/www.manluenpack.com\/pt\/wp-json\/wp\/v2\/media\/2432"}],"wp:attachment":[{"href":"https:\/\/www.manluenpack.com\/pt\/wp-json\/wp\/v2\/media?parent=1828"}],"wp:term":[{"taxonomy":"product_brand","embeddable":true,"href":"https:\/\/www.manluenpack.com\/pt\/wp-json\/wp\/v2\/product_brand?post=1828"},{"taxonomy":"product_cat","embeddable":true,"href":"https:\/\/www.manluenpack.com\/pt\/wp-json\/wp\/v2\/product_cat?post=1828"},{"taxonomy":"product_tag","embeddable":true,"href":"https:\/\/www.manluenpack.com\/pt\/wp-json\/wp\/v2\/product_tag?post=1828"}],"curies":[{"name":"wp","href":"https:\/\/api.w.org\/{rel}","templated":true}]}}