{"id":1824,"date":"2025-04-07T22:40:07","date_gmt":"2025-04-07T14:40:07","guid":{"rendered":"https:\/\/www.manluenpack.com\/?post_type=product&#038;p=1824"},"modified":"2025-07-09T17:38:04","modified_gmt":"2025-07-09T09:38:04","slug":"wl-p93-manluen-black-clamshell-take-out-containers","status":"publish","type":"product","link":"https:\/\/www.manluenpack.com\/pt\/products\/wl-p93-manluen-black-clamshell-take-out-containers\/","title":{"rendered":"Recipientes de transporte tipo concha com 3 compartimentos WL-P93 Manluen 9X9\u2033"},"content":{"rendered":"<p>Os recipientes de transporte com fecho de molusco de 3 compartimentos WL-P93 Manluen 9X9\u2033 apresentam um design \u00fanico de 230*230*75 mm, proporcionando espa\u00e7o suficiente para acomodar refei\u00e7\u00f5es variadas com facilidade. A disposi\u00e7\u00e3o de tr\u00eas compartimentos garante uma separa\u00e7\u00e3o cient\u00edfica dos pratos, evitando a transfer\u00eancia de sabores enquanto atende \u00e0 necessidade de combina\u00e7\u00f5es variadas. Fabricados com materiais ecol\u00f3gicos e seguros para a sa\u00fade, combinam durabilidade \u00e0 prova de fugas com embalagem eficiente, tornando-se a combina\u00e7\u00e3o perfeita de funcionalidade e qualidade na hora de comer.<\/p>\n<ul>\n<li>Tipo de Embalagem<br \/>\nCaixa de cart\u00e3o<\/li>\n<li>Cor<br \/>\nPreto<\/li>\n<li>Quantidade por Caixa<br \/>\n150 conjuntos<\/li>\n<li>Material<br \/>\nBase: PP<\/li>\n<\/ul>\n<table>\n<tbody>\n<tr>\n<td width=\"142\">\n<p style=\"text-align: center;\">N\u00famero do Modelo<\/p>\n<\/td>\n<td style=\"text-align: center;\" width=\"142\">Tamanho (mm)<\/td>\n<td style=\"text-align: center;\" width=\"142\">UNID\/CAIXA<\/td>\n<td width=\"142\">\n<p style=\"text-align: center;\">Tamanho da Caixa (mm)<\/p>\n<\/td>\n<\/tr>\n<tr>\n<td width=\"142\">\n<p style=\"text-align: center;\">WL-P61<\/p>\n<\/td>\n<td style=\"text-align: center;\" width=\"142\">150*150*70mm<\/td>\n<td style=\"text-align: center;\" width=\"142\">250<\/td>\n<td style=\"text-align: center;\" width=\"142\">470*310*320<\/td>\n<\/tr>\n<tr>\n<td style=\"text-align: center;\" width=\"142\">WL-P81<\/td>\n<td style=\"text-align: center;\" width=\"142\">200*200*75mm<\/td>\n<td style=\"text-align: center;\" width=\"142\">150<\/td>\n<td width=\"142\">\n<p style=\"text-align: center;\">430*285*430<\/p>\n<\/td>\n<\/tr>\n<tr>\n<td width=\"142\">\n<p style=\"text-align: center;\">WL-P83<\/p>\n<\/td>\n<td style=\"text-align: center;\" width=\"142\">200*200*75mm<\/td>\n<td style=\"text-align: center;\" width=\"142\">150<\/td>\n<td style=\"text-align: center;\" width=\"142\">430*285*430<\/td>\n<\/tr>\n<tr>\n<td style=\"text-align: center;\" width=\"142\">WL-P91<\/td>\n<td style=\"text-align: center;\" width=\"142\">230*230*75mm<\/td>\n<td style=\"text-align: center;\" width=\"142\">150<\/td>\n<td width=\"142\">\n<p style=\"text-align: center;\">460*285*470<\/p>\n<\/td>\n<\/tr>\n<tr>\n<td width=\"142\">\n<p style=\"text-align: center;\">WL-P93<\/p>\n<\/td>\n<td style=\"text-align: center;\" width=\"142\">230*230*75mm<\/td>\n<td style=\"text-align: center;\" width=\"142\">150<\/td>\n<td style=\"text-align: center;\" width=\"142\">460*285*470<\/td>\n<\/tr>\n<tr>\n<td style=\"text-align: center;\" width=\"142\">WL-P96<\/td>\n<td style=\"text-align: center;\" width=\"142\">220*150*75mm<\/td>\n<td style=\"text-align: center;\" width=\"142\">200<\/td>\n<td width=\"142\">\n<p style=\"text-align: center;\">380*310*470<\/p>\n<\/td>\n<\/tr>\n<\/tbody>\n<\/table>\n<p>&nbsp;<\/p>\n<h2><strong>Embalagem e entrega<\/strong><\/h2>\n<p>Os Contentores de Caixa de Concha Pretos WL-P93 Manluen v\u00eam embalados em embalagem compacta e ecol\u00f3gica para garantir limpeza e organiza\u00e7\u00e3o durante o transporte. Cada produto \u00e9 empilhado com precis\u00e3o para poupar espa\u00e7o e simplificar o armazenamento, permitindo uma entrega eficiente e sem complica\u00e7\u00f5es. Desde a produ\u00e7\u00e3o at\u00e9 \u00e0 chegada, cada detalhe \u00e9 cuidadosamente gerido para garantir qualidade, oferecendo tranquilidade a cada utiliza\u00e7\u00e3o \u2014 onde sustentabilidade encontra praticidade.<\/p>\n<p>&nbsp;<\/p>\n<h2><strong>Cen\u00e1rios de uso\u00a0\u00a0\u00a0<\/strong><\/h2>\n<p>Ideal para diversos ambientes de refei\u00e7\u00e3o, a Caixa de Embalagem de Pl\u00e1stico com Caixa de Concha WL-P93 Manluen acomoda facilmente refei\u00e7\u00f5es chinesas, caixas bento, saladas leves e mais. O seu design de tr\u00eas compartimentos atende a diferentes combina\u00e7\u00f5es de pratos, enquanto a capacidade generosa \u00e9 adequada para refei\u00e7\u00f5es mais substanciais. \u00c0 prova de fugas e dur\u00e1vel, \u00e9 perfeita para embalagens para consumo no local, entregas de comida ou refei\u00e7\u00f5es ao ar livre \u2014 elevando cada refei\u00e7\u00e3o com fiabilidade e qualidade.<\/p>\n<p>&nbsp;<\/p>\n<h2><strong>Design empilh\u00e1vel\u00a0<\/strong><\/h2>\n<p>Os Contentores de Caixa de Concha de Pl\u00e1stico Pretos WL-P93 Manluen apresentam um design empilh\u00e1vel que otimiza inteligentemente o espa\u00e7o de armazenamento e melhora a efici\u00eancia do transporte ou exibi\u00e7\u00e3o. A sua estrutura de camadas est\u00e1vel garante empilhamento seguro sem tombar, simplificando a gest\u00e3o de invent\u00e1rio para empresas. Este design simples mas funcional n\u00e3o s\u00f3 melhora o fluxo de trabalho, como tamb\u00e9m incorpora a harmonia entre sustentabilidade e ordem, acrescentando conveni\u00eancia e sofistica\u00e7\u00e3o a cada uso.<\/p>\n<p>&nbsp;<\/p>\n<h2><strong>\u00c0 prova de fugas, selados e dur\u00e1veis<\/strong><\/h2>\n<p>Com uma veda\u00e7\u00e3o \u00e0 prova de fugas de precis\u00e3o, os recipientes de transporte de tampa r\u00edgida de pl\u00e1stico preto WL-P61 Manluen 6X6 polegadas evitam eficazmente vazamentos. O seu material resistente ao calor suporta press\u00e3o, garantindo a seguran\u00e7a de todos os tipos de refei\u00e7\u00f5es desde a embalagem at\u00e9 \u00e0 entrega. Combinando sustentabilidade com praticidade, assegura que cada prato chega intacto, mantendo uma qualidade consistente.<\/p>\n<p><a href=\"https:\/\/www.google.com\/search?q=manluenpack\" target=\"_blank\" rel=\"noopener\">Mais informa\u00e7\u00f5es\u2026<\/a><\/p>","protected":false},"excerpt":{"rendered":"<p>The WL-P93 Manluen 3-Compartment Clamshell Take Out Containers feature a unique 230*230*75 mm design, providing ample space to effortlessly accommodate diverse meals. The three-compartment layout ensures scientific separation of dishes,&hellip;<\/p>","protected":false},"featured_media":3249,"template":"","meta":{"_uag_custom_page_level_css":""},"product_brand":[],"product_cat":[21],"product_tag":[130,132,133],"class_list":{"0":"post-1824","1":"product","2":"type-product","3":"status-publish","4":"has-post-thumbnail","6":"product_cat-clamshell-containers","7":"product_tag-clamshell-container","8":"product_tag-to-go-container","9":"product_tag-white","11":"first","12":"instock","13":"shipping-taxable","14":"purchasable","15":"product-type-simple"},"spectra_custom_meta":{"rank_math_internal_links_processed":["1","1","1","1","1","1","1","1","1","1","1","1","1","1","1","1","1","1","1","1","1","1","1","1","1","1","1","1","1","1","1","1","1","1","1","1","1","1","1","1","1","1","1","1","1","1","1","1","1","1","1"],"_sku":["WL-P93-BLACK"],"_regular_price":["1"],"total_sales":["0"],"_tax_status":["taxable"],"_tax_class":[""],"_manage_stock":["no"],"_backorders":["no"],"_sold_individually":["no"],"_virtual":["no"],"_downloadable":["no"],"_download_limit":["0"],"_download_expiry":["0"],"_stock":[null],"_stock_status":["instock"],"_wc_average_rating":["0"],"_wc_review_count":["0"],"_product_attributes":["a:2:{s:9:\"item-size\";a:6:{s:4:\"name\";s:9:\"Item Size\";s:5:\"value\";s:12:\"230*230*75mm\";s:8:\"position\";i:0;s:10:\"is_visible\";i:1;s:12:\"is_variation\";i:0;s:11:\"is_taxonomy\";i:0;}s:7:\"qty-ctn\";a:6:{s:4:\"name\";s:7:\"QTY\/CTN\";s:5:\"value\";s:3:\"150\";s:8:\"position\";i:1;s:10:\"is_visible\";i:1;s:12:\"is_variation\";i:0;s:11:\"is_taxonomy\";i:0;}}"],"_product_version":["9.4.2"],"_price":["1"],"_wp_old_date":["2024-11-26"],"rank_math_analytic_object_id":["24"],"classic-editor-remember":["classic-editor"],"rank_math_seo_score":["68"],"rank_math_contentai_score":["a:5:{s:8:\"keywords\";s:5:\"74.51\";s:9:\"wordCount\";s:1:\"0\";s:9:\"linkCount\";s:1:\"0\";s:12:\"headingCount\";s:1:\"0\";s:10:\"mediaCount\";s:1:\"0\";}"],"_jet_woo_template":[""],"_template_type":["default"],"rank_math_primary_product_cat":["21"],"_ywraq_hide_quote_button_check":[""],"_ywraq_hide_quote_button":["0"],"_edit_lock":["1752053945:1"],"_edit_last":["1"],"_wp_old_slug":["large-capacity-tri-compartment-food-grade-white-to-go-container-wl-93","wl-p91-manluen-black-clamshell-take-out-containers"],"rank_math_focus_keyword":["Take Out Containers"],"_product_image_gallery":["3246,3244,3243,3242"],"_thumbnail_id":["3249"],"_uag_css_file_name":["uag-css-1824.css"],"_uag_page_assets":["a:9:{s:3:\"css\";s:263:\".uag-blocks-common-selector{z-index:var(--z-index-desktop) !important}@media (max-width: 976px){.uag-blocks-common-selector{z-index:var(--z-index-tablet) !important}}@media (max-width: 767px){.uag-blocks-common-selector{z-index:var(--z-index-mobile) !important}}\n\";s:2:\"js\";s:0:\"\";s:18:\"current_block_list\";a:6:{i:0;s:10:\"core\/group\";i:1;s:12:\"core\/heading\";i:2;s:17:\"core\/latest-posts\";i:3;s:20:\"core\/latest-comments\";i:4;s:13:\"core\/archives\";i:5;s:15:\"core\/categories\";}s:8:\"uag_flag\";b:0;s:11:\"uag_version\";i:1777281647;s:6:\"gfonts\";a:0:{}s:10:\"gfonts_url\";s:0:\"\";s:12:\"gfonts_files\";a:0:{}s:14:\"uag_faq_layout\";b:0;}"]},"uagb_featured_image_src":{"full":["https:\/\/www.manluenpack.com\/wp-content\/uploads\/2025\/04\/WL-P93-manluen-takeout-clamshell-containers-scaled.webp",2560,1707,false],"thumbnail":["https:\/\/www.manluenpack.com\/wp-content\/uploads\/2025\/04\/WL-P93-manluen-takeout-clamshell-containers-scaled.webp",150,100,false],"medium":["https:\/\/www.manluenpack.com\/wp-content\/uploads\/2025\/04\/WL-P93-manluen-takeout-clamshell-containers-scaled.webp",300,200,false],"medium_large":["https:\/\/www.manluenpack.com\/wp-content\/uploads\/2025\/04\/WL-P93-manluen-takeout-clamshell-containers-scaled.webp",768,512,false],"large":["https:\/\/www.manluenpack.com\/wp-content\/uploads\/2025\/04\/WL-P93-manluen-takeout-clamshell-containers-scaled.webp",1024,683,false],"1536x1536":["https:\/\/www.manluenpack.com\/wp-content\/uploads\/2025\/04\/WL-P93-manluen-takeout-clamshell-containers-scaled.webp",1536,1024,false],"2048x2048":["https:\/\/www.manluenpack.com\/wp-content\/uploads\/2025\/04\/WL-P93-manluen-takeout-clamshell-containers-scaled.webp",2048,1366,false],"trp-custom-language-flag":["https:\/\/www.manluenpack.com\/wp-content\/uploads\/2025\/04\/WL-P93-manluen-takeout-clamshell-containers-scaled.webp",18,12,false],"menu-24x24":["https:\/\/www.manluenpack.com\/wp-content\/uploads\/2025\/04\/WL-P93-manluen-takeout-clamshell-containers-scaled.webp",24,16,false],"menu-36x36":["https:\/\/www.manluenpack.com\/wp-content\/uploads\/2025\/04\/WL-P93-manluen-takeout-clamshell-containers-scaled.webp",36,24,false],"menu-48x48":["https:\/\/www.manluenpack.com\/wp-content\/uploads\/2025\/04\/WL-P93-manluen-takeout-clamshell-containers-scaled.webp",48,32,false],"woocommerce_thumbnail":["https:\/\/www.manluenpack.com\/wp-content\/uploads\/2025\/04\/WL-P93-manluen-takeout-clamshell-containers-scaled-300x300.webp",300,300,true],"woocommerce_single":["https:\/\/www.manluenpack.com\/wp-content\/uploads\/2025\/04\/WL-P93-manluen-takeout-clamshell-containers-scaled.webp",600,400,false],"woocommerce_gallery_thumbnail":["https:\/\/www.manluenpack.com\/wp-content\/uploads\/2025\/04\/WL-P93-manluen-takeout-clamshell-containers-scaled-100x100.webp",100,100,true]},"uagb_author_info":{"display_name":"ManLuenpack","author_link":"https:\/\/www.manluenpack.com\/pt\/author\/"},"uagb_comment_info":0,"uagb_excerpt":"The WL-P93 Manluen 3-Compartment Clamshell Take Out Containers feature a unique 230*230*75 mm design, providing ample space to effortlessly accommodate diverse meals. The three-compartment layout ensures scientific separation of dishes,&hellip;","_links":{"self":[{"href":"https:\/\/www.manluenpack.com\/pt\/wp-json\/wp\/v2\/product\/1824","targetHints":{"allow":["GET"]}}],"collection":[{"href":"https:\/\/www.manluenpack.com\/pt\/wp-json\/wp\/v2\/product"}],"about":[{"href":"https:\/\/www.manluenpack.com\/pt\/wp-json\/wp\/v2\/types\/product"}],"wp:featuredmedia":[{"embeddable":true,"href":"https:\/\/www.manluenpack.com\/pt\/wp-json\/wp\/v2\/media\/3249"}],"wp:attachment":[{"href":"https:\/\/www.manluenpack.com\/pt\/wp-json\/wp\/v2\/media?parent=1824"}],"wp:term":[{"taxonomy":"product_brand","embeddable":true,"href":"https:\/\/www.manluenpack.com\/pt\/wp-json\/wp\/v2\/product_brand?post=1824"},{"taxonomy":"product_cat","embeddable":true,"href":"https:\/\/www.manluenpack.com\/pt\/wp-json\/wp\/v2\/product_cat?post=1824"},{"taxonomy":"product_tag","embeddable":true,"href":"https:\/\/www.manluenpack.com\/pt\/wp-json\/wp\/v2\/product_tag?post=1824"}],"curies":[{"name":"wp","href":"https:\/\/api.w.org\/{rel}","templated":true}]}}