{"id":1822,"date":"2025-04-07T22:34:23","date_gmt":"2025-04-07T14:34:23","guid":{"rendered":"https:\/\/www.manluenpack.com\/?post_type=product&#038;p=1822"},"modified":"2025-07-09T18:12:59","modified_gmt":"2025-07-09T10:12:59","slug":"wl-p91-manluen-9-inch-clamshell-take-out-containers","status":"publish","type":"product","link":"https:\/\/www.manluenpack.com\/pt\/products\/wl-p91-manluen-9-inch-clamshell-take-out-containers\/","title":{"rendered":"Recipientes de transporte tipo concha com 1 compartimento WL-P91 Manluen 9X9\u2033"},"content":{"rendered":"<p>Os contentores de transporte Manluen de 9 polegadas com tampa em concha apresentam um tamanho \u00fanico de 230*230*75 mm, oferecendo uma capacidade extra grande para acomodar facilmente uma variedade de refei\u00e7\u00f5es substanciais. Feitos de materiais ecol\u00f3gicos que s\u00e3o seguros e saud\u00e1veis, o contentor \u00e9 \u00e0 prova de fugas e dur\u00e1vel, combinando de forma perfeita uma embalagem eficiente com uma vida de qualidade, fazendo com que cada refei\u00e7\u00e3o se destaque.<\/p>\n<ul>\n<li>Tipo de Embalagem<br \/>\nCaixa de cart\u00e3o<\/li>\n<li>Cor<br \/>\nPreto<\/li>\n<li>Quantidade por Caixa<br \/>\n150 conjuntos<\/li>\n<li>Material<br \/>\nBase: PP<\/li>\n<\/ul>\n<table>\n<tbody>\n<tr>\n<td width=\"142\">\n<p style=\"text-align: center;\">N\u00famero do Modelo<\/p>\n<\/td>\n<td style=\"text-align: center;\" width=\"142\">Tamanho (mm)<\/td>\n<td style=\"text-align: center;\" width=\"142\">UNID\/CAIXA<\/td>\n<td width=\"142\">\n<p style=\"text-align: center;\">Tamanho da Caixa (mm)<\/p>\n<\/td>\n<\/tr>\n<tr>\n<td width=\"142\">\n<p style=\"text-align: center;\">WL-P61<\/p>\n<\/td>\n<td style=\"text-align: center;\" width=\"142\">150*150*70mm<\/td>\n<td style=\"text-align: center;\" width=\"142\">250<\/td>\n<td width=\"142\">\n<p style=\"text-align: center;\">470*310*320<\/p>\n<\/td>\n<\/tr>\n<tr>\n<td width=\"142\">\n<p style=\"text-align: center;\">WL-P81<\/p>\n<\/td>\n<td style=\"text-align: center;\" width=\"142\">200*200*75mm<\/td>\n<td style=\"text-align: center;\" width=\"142\">150<\/td>\n<td width=\"142\">\n<p style=\"text-align: center;\">430*285*430<\/p>\n<\/td>\n<\/tr>\n<tr>\n<td width=\"142\">\n<p style=\"text-align: center;\">WL-P83<\/p>\n<\/td>\n<td style=\"text-align: center;\" width=\"142\">200*200*75mm<\/td>\n<td style=\"text-align: center;\" width=\"142\">150<\/td>\n<td width=\"142\">\n<p style=\"text-align: center;\">430*285*430<\/p>\n<\/td>\n<\/tr>\n<tr>\n<td width=\"142\">\n<p style=\"text-align: center;\">WL-P91<\/p>\n<\/td>\n<td style=\"text-align: center;\" width=\"142\">230*230*75mm<\/td>\n<td style=\"text-align: center;\" width=\"142\">150<\/td>\n<td width=\"142\">\n<p style=\"text-align: center;\">460*285*470<\/p>\n<\/td>\n<\/tr>\n<tr>\n<td width=\"142\">\n<p style=\"text-align: center;\">WL-P93<\/p>\n<\/td>\n<td style=\"text-align: center;\" width=\"142\">230*230*75mm<\/td>\n<td style=\"text-align: center;\" width=\"142\">150<\/td>\n<td width=\"142\">\n<p style=\"text-align: center;\">460*285*470<\/p>\n<\/td>\n<\/tr>\n<tr>\n<td width=\"142\">\n<p style=\"text-align: center;\">WL-P96<\/p>\n<\/td>\n<td style=\"text-align: center;\" width=\"142\">220*150*75mm<\/td>\n<td style=\"text-align: center;\" width=\"142\">200<\/td>\n<td width=\"142\">\n<p style=\"text-align: center;\">380*310*470<\/p>\n<\/td>\n<\/tr>\n<\/tbody>\n<\/table>\n<p>&nbsp;<\/p>\n<h2><strong>Embalagem e entrega<\/strong><\/h2>\n<p>Cont\u00eaineres de pl\u00e1stico para levar WL-P91 Manluen 9X9\u2033 usam embalagens compactas e ecol\u00f3gicas para garantir limpeza e organiza\u00e7\u00e3o durante o transporte. Cada produto \u00e9 empilhado com precis\u00e3o, economizando espa\u00e7o e facilitando o armazenamento, garantindo uma entrega eficiente e conveniente. Desde a f\u00e1brica at\u00e9 a entrega, cada etapa foca na qualidade e nos detalhes, proporcionando tranquilidade para cada uso, integrando prote\u00e7\u00e3o ambiental com praticidade de forma harmoniosa.<\/p>\n<p>&nbsp;<\/p>\n<h2><strong>Cen\u00e1rios de uso\u00a0\u00a0<\/strong><\/h2>\n<p>Os contentores de transporte Manluen de 9 polegadas com tampa em concha s\u00e3o adequados para v\u00e1rios cen\u00e1rios de refei\u00e7\u00e3o; quer sejam refei\u00e7\u00f5es chinesas, caixas de almo\u00e7o simples ou saladas leves, podem lidar com todos eles. O seu design de grande capacidade atende \u00e0s diversas necessidades de combina\u00e7\u00e3o de pratos, e a sua durabilidade \u00e0 prova de fugas torna-o conveniente para refei\u00e7\u00f5es no local, takeout, entrega de comida ou refei\u00e7\u00f5es ao ar livre, acrescentando seguran\u00e7a e qualidade a cada refei\u00e7\u00e3o deliciosa.<\/p>\n<p>&nbsp;<\/p>\n<h2><strong>Design empilh\u00e1vel<\/strong><\/h2>\n<p>Cont\u00eaineres de pl\u00e1stico para levar WL-P91 Manluen 9X9\u2033 possuem um design empilh\u00e1vel que economiza de forma inteligente espa\u00e7o de armazenamento e melhora a efici\u00eancia de transporte e coloca\u00e7\u00e3o. A estrutura robusta de empilhamento garante que os recipientes encaixem-se firmemente sem tombar, permitindo que os neg\u00f3cios gerenciem o invent\u00e1rio de forma eficiente. O design simples, por\u00e9m pr\u00e1tico, n\u00e3o s\u00f3 otimiza os processos operacionais, mas tamb\u00e9m destaca a beleza da prote\u00e7\u00e3o ambiental e da ordem, adicionando conveni\u00eancia e eleg\u00e2ncia ao uso.<\/p>\n<p>&nbsp;<\/p>\n<h2><strong>\u00c0 prova de fugas, selados e dur\u00e1veis \u00a0\u00a0\u00a0<\/strong><\/h2>\n<p>Os contentores de transporte Manluen de 9 polegadas com tampa em concha adotam um design de veda\u00e7\u00e3o \u00e0 prova de fugas de precis\u00e3o, garantindo um selo apertado que impede derrames de l\u00edquidos. O seu material robusto e dur\u00e1vel \u00e9 resistente \u00e0 press\u00e3o e ao calor, transportando com seguran\u00e7a todos os tipos de refei\u00e7\u00f5es enquanto permanece intacto desde a embalagem at\u00e9 \u00e0 entrega. Combinando respeito pelo ambiente com praticidade, garante que cada refei\u00e7\u00e3o deliciosa chegue em seguran\u00e7a, mantendo uma qualidade consistente.<\/p>\n<p><a href=\"https:\/\/www.google.com\/search?q=manluenpack\" target=\"_blank\" rel=\"noopener\">Mais informa\u00e7\u00f5es\u2026<\/a><\/p>","protected":false},"excerpt":{"rendered":"<p>WL-P91 Manluen 9 Inch Clamshell Take Out Containers feature a unique size of 230*230*75 mm, providing extra-large capacity to easily accommodate a variety of hearty meals. Made from eco-friendly materials&hellip;<\/p>","protected":false},"featured_media":3257,"template":"","meta":{"_uag_custom_page_level_css":""},"product_brand":[],"product_cat":[21],"product_tag":[130,132,133],"class_list":{"0":"post-1822","1":"product","2":"type-product","3":"status-publish","4":"has-post-thumbnail","6":"product_cat-clamshell-containers","7":"product_tag-clamshell-container","8":"product_tag-to-go-container","9":"product_tag-white","11":"first","12":"instock","13":"shipping-taxable","14":"purchasable","15":"product-type-simple"},"spectra_custom_meta":{"rank_math_internal_links_processed":["1","1","1","1","1","1","1","1","1","1","1","1","1","1","1","1","1","1","1","1","1","1","1","1","1","1","1","1","1","1","1","1","1","1","1","1","1","1","1","1","1","1","1","1","1","1","1","1","1","1"],"_sku":["WL-P91-BLACK"],"_regular_price":["1"],"total_sales":["0"],"_tax_status":["taxable"],"_tax_class":[""],"_manage_stock":["no"],"_backorders":["no"],"_sold_individually":["no"],"_virtual":["no"],"_downloadable":["no"],"_download_limit":["0"],"_download_expiry":["0"],"_stock":[null],"_stock_status":["instock"],"_wc_average_rating":["0"],"_wc_review_count":["0"],"_product_attributes":["a:2:{s:9:\"item-size\";a:6:{s:4:\"name\";s:9:\"Item Size\";s:5:\"value\";s:12:\"230*230*75mm\";s:8:\"position\";i:0;s:10:\"is_visible\";i:1;s:12:\"is_variation\";i:0;s:11:\"is_taxonomy\";i:0;}s:7:\"qty-ctn\";a:6:{s:4:\"name\";s:7:\"QTY\/CTN\";s:5:\"value\";s:3:\"150\";s:8:\"position\";i:1;s:10:\"is_visible\";i:1;s:12:\"is_variation\";i:0;s:11:\"is_taxonomy\";i:0;}}"],"_product_version":["9.4.2"],"_price":["1"],"_wp_old_date":["2024-11-26"],"rank_math_analytic_object_id":["24"],"classic-editor-remember":["classic-editor"],"rank_math_seo_score":["68"],"rank_math_contentai_score":["a:5:{s:8:\"keywords\";s:5:\"74.51\";s:9:\"wordCount\";s:1:\"0\";s:9:\"linkCount\";s:1:\"0\";s:12:\"headingCount\";s:1:\"0\";s:10:\"mediaCount\";s:1:\"0\";}"],"_jet_woo_template":[""],"_template_type":["default"],"rank_math_primary_product_cat":["21"],"_ywraq_hide_quote_button_check":[""],"_ywraq_hide_quote_button":["0"],"_edit_lock":["1752055923:1"],"_edit_last":["1"],"_wp_old_slug":["high-capacity-food-grade-white-to-go-container-wl-91"],"rank_math_focus_keyword":["Take Out Containers"],"_product_image_gallery":["3239,3240,3238,3237,3236"],"_thumbnail_id":["3257"],"_uag_css_file_name":["uag-css-1822.css"],"_uag_page_assets":["a:9:{s:3:\"css\";s:0:\"\";s:2:\"js\";s:0:\"\";s:18:\"current_block_list\";a:6:{i:0;s:10:\"core\/group\";i:1;s:12:\"core\/heading\";i:2;s:17:\"core\/latest-posts\";i:3;s:20:\"core\/latest-comments\";i:4;s:13:\"core\/archives\";i:5;s:15:\"core\/categories\";}s:8:\"uag_flag\";b:0;s:11:\"uag_version\";i:1777278560;s:6:\"gfonts\";a:0:{}s:10:\"gfonts_url\";s:0:\"\";s:12:\"gfonts_files\";a:0:{}s:14:\"uag_faq_layout\";b:0;}"]},"uagb_featured_image_src":{"full":["https:\/\/www.manluenpack.com\/wp-content\/uploads\/2025\/04\/WL-P91-manluen-clamshell-takeout-plastic-containers-scaled.webp",2560,1707,false],"thumbnail":["https:\/\/www.manluenpack.com\/wp-content\/uploads\/2025\/04\/WL-P91-manluen-clamshell-takeout-plastic-containers-scaled.webp",150,100,false],"medium":["https:\/\/www.manluenpack.com\/wp-content\/uploads\/2025\/04\/WL-P91-manluen-clamshell-takeout-plastic-containers-scaled.webp",300,200,false],"medium_large":["https:\/\/www.manluenpack.com\/wp-content\/uploads\/2025\/04\/WL-P91-manluen-clamshell-takeout-plastic-containers-scaled.webp",768,512,false],"large":["https:\/\/www.manluenpack.com\/wp-content\/uploads\/2025\/04\/WL-P91-manluen-clamshell-takeout-plastic-containers-scaled.webp",1024,683,false],"1536x1536":["https:\/\/www.manluenpack.com\/wp-content\/uploads\/2025\/04\/WL-P91-manluen-clamshell-takeout-plastic-containers-scaled.webp",1536,1024,false],"2048x2048":["https:\/\/www.manluenpack.com\/wp-content\/uploads\/2025\/04\/WL-P91-manluen-clamshell-takeout-plastic-containers-scaled.webp",2048,1366,false],"trp-custom-language-flag":["https:\/\/www.manluenpack.com\/wp-content\/uploads\/2025\/04\/WL-P91-manluen-clamshell-takeout-plastic-containers-scaled.webp",18,12,false],"menu-24x24":["https:\/\/www.manluenpack.com\/wp-content\/uploads\/2025\/04\/WL-P91-manluen-clamshell-takeout-plastic-containers-scaled.webp",24,16,false],"menu-36x36":["https:\/\/www.manluenpack.com\/wp-content\/uploads\/2025\/04\/WL-P91-manluen-clamshell-takeout-plastic-containers-scaled.webp",36,24,false],"menu-48x48":["https:\/\/www.manluenpack.com\/wp-content\/uploads\/2025\/04\/WL-P91-manluen-clamshell-takeout-plastic-containers-scaled.webp",48,32,false],"woocommerce_thumbnail":["https:\/\/www.manluenpack.com\/wp-content\/uploads\/2025\/04\/WL-P91-manluen-clamshell-takeout-plastic-containers-scaled-300x300.webp",300,300,true],"woocommerce_single":["https:\/\/www.manluenpack.com\/wp-content\/uploads\/2025\/04\/WL-P91-manluen-clamshell-takeout-plastic-containers-scaled.webp",600,400,false],"woocommerce_gallery_thumbnail":["https:\/\/www.manluenpack.com\/wp-content\/uploads\/2025\/04\/WL-P91-manluen-clamshell-takeout-plastic-containers-scaled-100x100.webp",100,100,true]},"uagb_author_info":{"display_name":"ManLuenpack","author_link":"https:\/\/www.manluenpack.com\/pt\/author\/"},"uagb_comment_info":0,"uagb_excerpt":"WL-P91 Manluen 9 Inch Clamshell Take Out Containers feature a unique size of 230*230*75 mm, providing extra-large capacity to easily accommodate a variety of hearty meals. Made from eco-friendly materials&hellip;","_links":{"self":[{"href":"https:\/\/www.manluenpack.com\/pt\/wp-json\/wp\/v2\/product\/1822","targetHints":{"allow":["GET"]}}],"collection":[{"href":"https:\/\/www.manluenpack.com\/pt\/wp-json\/wp\/v2\/product"}],"about":[{"href":"https:\/\/www.manluenpack.com\/pt\/wp-json\/wp\/v2\/types\/product"}],"wp:featuredmedia":[{"embeddable":true,"href":"https:\/\/www.manluenpack.com\/pt\/wp-json\/wp\/v2\/media\/3257"}],"wp:attachment":[{"href":"https:\/\/www.manluenpack.com\/pt\/wp-json\/wp\/v2\/media?parent=1822"}],"wp:term":[{"taxonomy":"product_brand","embeddable":true,"href":"https:\/\/www.manluenpack.com\/pt\/wp-json\/wp\/v2\/product_brand?post=1822"},{"taxonomy":"product_cat","embeddable":true,"href":"https:\/\/www.manluenpack.com\/pt\/wp-json\/wp\/v2\/product_cat?post=1822"},{"taxonomy":"product_tag","embeddable":true,"href":"https:\/\/www.manluenpack.com\/pt\/wp-json\/wp\/v2\/product_tag?post=1822"}],"curies":[{"name":"wp","href":"https:\/\/api.w.org\/{rel}","templated":true}]}}