{"id":1815,"date":"2025-04-07T00:16:31","date_gmt":"2025-04-06T16:16:31","guid":{"rendered":"https:\/\/www.manluenpack.com\/?post_type=product&#038;p=1815"},"modified":"2025-07-09T16:47:02","modified_gmt":"2025-07-09T08:47:02","slug":"wl-p96-manluen-rectanglur-clamshell-take-out-containers","status":"publish","type":"product","link":"https:\/\/www.manluenpack.com\/pt\/products\/wl-p96-manluen-rectanglur-clamshell-take-out-containers\/","title":{"rendered":"Recipientes de transporte tipo concha com 1 compartimento WL-P96 Manluen 9X6\u2033"},"content":{"rendered":"<p>Os recipientes de transporte retangulares WL-P96 Manluen em formato concha s\u00e3o feitos de material PP seguro para alimentos, leves mas dur\u00e1veis, seguros e ecol\u00f3gicos. As suas dimens\u00f5es otimizadas de 220*150*75 mm proporcionam uma capacidade vers\u00e1til para diversos pratos. A veda\u00e7\u00e3o de tampa de aba segura combina resist\u00eancia a fugas com apelo est\u00e9tico, tornando-se uma solu\u00e7\u00e3o ideal para transporte.<\/p>\n<ul>\n<li>Tipo de Embalagem<br \/>\nCaixa de cart\u00e3o<\/li>\n<li>Cor<br \/>\nPreto<\/li>\n<li>Quantidade por Caixa<br \/>\n200 conjuntos<\/li>\n<li>Material<br \/>\nBase: PP<\/li>\n<\/ul>\n<table>\n<tbody>\n<tr>\n<td width=\"142\">\n<p style=\"text-align: center;\">N\u00famero do Modelo<\/p>\n<\/td>\n<td style=\"text-align: center;\" width=\"142\">Tamanho (mm)<\/td>\n<td style=\"text-align: center;\" width=\"142\">UNID\/CAIXA<\/td>\n<td style=\"text-align: center;\" width=\"142\">Tamanho da Caixa (mm)<\/td>\n<\/tr>\n<tr>\n<td style=\"text-align: center;\" width=\"142\">WL-P61<\/td>\n<td style=\"text-align: center;\" width=\"142\">150*150*70mm<\/td>\n<td style=\"text-align: center;\" width=\"142\">250<\/td>\n<td width=\"142\">\n<p style=\"text-align: center;\">470*310*320<\/p>\n<\/td>\n<\/tr>\n<tr>\n<td width=\"142\">\n<p style=\"text-align: center;\">WL-P81<\/p>\n<\/td>\n<td style=\"text-align: center;\" width=\"142\">200*200*75mm<\/td>\n<td style=\"text-align: center;\" width=\"142\">150<\/td>\n<td style=\"text-align: center;\" width=\"142\">430*285*430<\/td>\n<\/tr>\n<tr>\n<td width=\"142\">\n<p style=\"text-align: center;\">WL-P83<\/p>\n<\/td>\n<td style=\"text-align: center;\" width=\"142\">200*200*75mm<\/td>\n<td style=\"text-align: center;\" width=\"142\">150<\/td>\n<td width=\"142\">\n<p style=\"text-align: center;\">430*285*430<\/p>\n<\/td>\n<\/tr>\n<tr>\n<td style=\"text-align: center;\" width=\"142\">WL-P91<\/td>\n<td style=\"text-align: center;\" width=\"142\">230*230*75mm<\/td>\n<td style=\"text-align: center;\" width=\"142\">150<\/td>\n<td width=\"142\">\n<p style=\"text-align: center;\">460*285*470<\/p>\n<\/td>\n<\/tr>\n<tr>\n<td width=\"142\">\n<p style=\"text-align: center;\">WL-P93<\/p>\n<\/td>\n<td style=\"text-align: center;\" width=\"142\">230*230*75mm<\/td>\n<td style=\"text-align: center;\" width=\"142\">150<\/td>\n<td style=\"text-align: center;\" width=\"142\">460*285*470<\/td>\n<\/tr>\n<tr>\n<td style=\"text-align: center;\" width=\"142\">WL-P96<\/td>\n<td style=\"text-align: center;\" width=\"142\">220*150*75mm<\/td>\n<td style=\"text-align: center;\" width=\"142\">200<\/td>\n<td width=\"142\">\n<p style=\"text-align: center;\">380*310*470<\/p>\n<\/td>\n<\/tr>\n<\/tbody>\n<\/table>\n<p>&nbsp;<\/p>\n<h2><strong>Embalagem e entrega<\/strong><\/h2>\n<p>Os recipientes de transporte retangulares WL-P96 Manluen em formato concha preta apresentam embalagens compactas e ecol\u00f3gicas para garantir condi\u00e7\u00f5es perfeitas durante o transporte. Cada unidade \u00e9 selada contra poeira e empilhada de forma organizada para armazenamento e distribui\u00e7\u00e3o f\u00e1ceis. O nosso sistema de entrega eficiente protege este compromisso ecol\u00f3gico, trazendo seguran\u00e7a e sustentabilidade a cada refei\u00e7\u00e3o.<\/p>\n<p>&nbsp;<\/p>\n<h2><strong>Cen\u00e1rios de uso\u00a0\u00a0<\/strong><\/h2>\n<p>Perfeitos para todas as necessidades culin\u00e1rias, seja para fast food chin\u00eas a vapor, saladas gourmet ou sobremesas port\u00e1teis, estes recipientes biodegrad\u00e1veis e \u00e0 prova de fugas garantem uma entrega sem preocupa\u00e7\u00f5es. A sua eleg\u00e2ncia minimalista adapta-se tanto a takeout casual quanto a refei\u00e7\u00f5es premium, elevando cada prato com qualidade e calor.<\/p>\n<p>&nbsp;<\/p>\n<h2><strong>Design empilh\u00e1vel<\/strong><\/h2>\n<p>Projetados para efici\u00eancia de espa\u00e7o, o design empilh\u00e1vel dos recipientes retangulares de transporte de pl\u00e1stico WL-P96 Manluen melhora o armazenamento e o transporte. A sua estrutura est\u00e1vel evita tombamentos, facilitando a gest\u00e3o de invent\u00e1rio para neg\u00f3cios, mantendo um perfil ecol\u00f3gico e elegante desde o armaz\u00e9m at\u00e9 \u00e0 mesa.<\/p>\n<p>&nbsp;<\/p>\n<h2><strong>\u00c0 prova de fugas, selados e dur\u00e1veis<\/strong><\/h2>\n<p>A veda\u00e7\u00e3o de precis\u00e3o dos recipientes retangulares de transporte em pl\u00e1stico preto WL-P96 Manluen evita derrames, preservando a integridade da refei\u00e7\u00e3o. O material robusto suporta temperaturas e pesos variados sem deformar ou danificar, garantindo frescura para alimentos quentes ou frios \u2014 uma combina\u00e7\u00e3o perfeita de funcionalidade e garantia de qualidade premium.<\/p>\n<p><a href=\"https:\/\/www.google.com\/search?q=manluenpack\" target=\"_blank\" rel=\"noopener\">Mais informa\u00e7\u00f5es\u2026<\/a><\/p>","protected":false},"excerpt":{"rendered":"<p>The WL-P96 Manluen Rectangular Clamshell Take Out Containers are made from food-safe PP material, lightweight yet durable, safe, and eco-friendly. Its optimized 220*150*75 mm dimensions provide versatile capacity for diverse&hellip;<\/p>","protected":false},"featured_media":3252,"template":"","meta":{"_uag_custom_page_level_css":""},"product_brand":[],"product_cat":[21],"product_tag":[130,133],"class_list":{"0":"post-1815","1":"product","2":"type-product","3":"status-publish","4":"has-post-thumbnail","6":"product_cat-clamshell-containers","7":"product_tag-clamshell-container","8":"product_tag-white","10":"first","11":"instock","12":"shipping-taxable","13":"purchasable","14":"product-type-simple"},"spectra_custom_meta":{"rank_math_internal_links_processed":["1","1","1","1","1","1","1","1","1","1","1","1","1","1","1","1","1","1","1","1","1","1","1","1","1","1","1","1","1","1","1","1","1","1","1","1","1","1","1","1","1","1","1","1","1","1"],"_sku":["WL-P96-BLACK"],"_regular_price":["1"],"total_sales":["0"],"_tax_status":["taxable"],"_tax_class":[""],"_manage_stock":["no"],"_backorders":["no"],"_sold_individually":["no"],"_virtual":["no"],"_downloadable":["no"],"_download_limit":["0"],"_download_expiry":["0"],"_stock":[null],"_stock_status":["instock"],"_wc_average_rating":["0"],"_wc_review_count":["0"],"_product_attributes":["a:2:{s:9:\"item-size\";a:6:{s:4:\"name\";s:9:\"Item Size\";s:5:\"value\";s:12:\"220*150*75mm\";s:8:\"position\";i:0;s:10:\"is_visible\";i:1;s:12:\"is_variation\";i:0;s:11:\"is_taxonomy\";i:0;}s:7:\"qty-ctn\";a:6:{s:4:\"name\";s:7:\"QTY\/CTN\";s:5:\"value\";s:3:\"200\";s:8:\"position\";i:1;s:10:\"is_visible\";i:1;s:12:\"is_variation\";i:0;s:11:\"is_taxonomy\";i:0;}}"],"_product_version":["9.4.2"],"_price":["1"],"_wp_old_date":["2024-11-26"],"rank_math_analytic_object_id":["24"],"classic-editor-remember":["classic-editor"],"rank_math_seo_score":["68"],"rank_math_contentai_score":["a:5:{s:8:\"keywords\";s:5:\"74.51\";s:9:\"wordCount\";s:1:\"0\";s:9:\"linkCount\";s:1:\"0\";s:12:\"headingCount\";s:1:\"0\";s:10:\"mediaCount\";s:1:\"0\";}"],"_jet_woo_template":[""],"_template_type":["default"],"rank_math_primary_product_cat":["21"],"_ywraq_hide_quote_button_check":[""],"_ywraq_hide_quote_button":["0"],"_edit_lock":["1752053872:1"],"_edit_last":["1"],"_wp_old_slug":["food-grade-white-to-go-container-wl-96"],"rank_math_focus_keyword":["Take Out Containers"],"_product_image_gallery":["3223,3222,3221,3220"],"_thumbnail_id":["3252"],"_uag_css_file_name":["uag-css-1815.css"],"_uag_page_assets":["a:9:{s:3:\"css\";s:0:\"\";s:2:\"js\";s:0:\"\";s:18:\"current_block_list\";a:6:{i:0;s:10:\"core\/group\";i:1;s:12:\"core\/heading\";i:2;s:17:\"core\/latest-posts\";i:3;s:20:\"core\/latest-comments\";i:4;s:13:\"core\/archives\";i:5;s:15:\"core\/categories\";}s:8:\"uag_flag\";b:0;s:11:\"uag_version\";i:1777280504;s:6:\"gfonts\";a:0:{}s:10:\"gfonts_url\";s:0:\"\";s:12:\"gfonts_files\";a:0:{}s:14:\"uag_faq_layout\";b:0;}"]},"uagb_featured_image_src":{"full":["https:\/\/www.manluenpack.com\/wp-content\/uploads\/2025\/04\/WL-P96-manluen-disposable-takeout-clamshell-containers-scaled.webp",2560,1707,false],"thumbnail":["https:\/\/www.manluenpack.com\/wp-content\/uploads\/2025\/04\/WL-P96-manluen-disposable-takeout-clamshell-containers-scaled.webp",150,100,false],"medium":["https:\/\/www.manluenpack.com\/wp-content\/uploads\/2025\/04\/WL-P96-manluen-disposable-takeout-clamshell-containers-scaled.webp",300,200,false],"medium_large":["https:\/\/www.manluenpack.com\/wp-content\/uploads\/2025\/04\/WL-P96-manluen-disposable-takeout-clamshell-containers-scaled.webp",768,512,false],"large":["https:\/\/www.manluenpack.com\/wp-content\/uploads\/2025\/04\/WL-P96-manluen-disposable-takeout-clamshell-containers-scaled.webp",1024,683,false],"1536x1536":["https:\/\/www.manluenpack.com\/wp-content\/uploads\/2025\/04\/WL-P96-manluen-disposable-takeout-clamshell-containers-scaled.webp",1536,1024,false],"2048x2048":["https:\/\/www.manluenpack.com\/wp-content\/uploads\/2025\/04\/WL-P96-manluen-disposable-takeout-clamshell-containers-scaled.webp",2048,1366,false],"trp-custom-language-flag":["https:\/\/www.manluenpack.com\/wp-content\/uploads\/2025\/04\/WL-P96-manluen-disposable-takeout-clamshell-containers-scaled.webp",18,12,false],"menu-24x24":["https:\/\/www.manluenpack.com\/wp-content\/uploads\/2025\/04\/WL-P96-manluen-disposable-takeout-clamshell-containers-scaled.webp",24,16,false],"menu-36x36":["https:\/\/www.manluenpack.com\/wp-content\/uploads\/2025\/04\/WL-P96-manluen-disposable-takeout-clamshell-containers-scaled.webp",36,24,false],"menu-48x48":["https:\/\/www.manluenpack.com\/wp-content\/uploads\/2025\/04\/WL-P96-manluen-disposable-takeout-clamshell-containers-scaled.webp",48,32,false],"woocommerce_thumbnail":["https:\/\/www.manluenpack.com\/wp-content\/uploads\/2025\/04\/WL-P96-manluen-disposable-takeout-clamshell-containers-scaled-300x300.webp",300,300,true],"woocommerce_single":["https:\/\/www.manluenpack.com\/wp-content\/uploads\/2025\/04\/WL-P96-manluen-disposable-takeout-clamshell-containers-scaled.webp",600,400,false],"woocommerce_gallery_thumbnail":["https:\/\/www.manluenpack.com\/wp-content\/uploads\/2025\/04\/WL-P96-manluen-disposable-takeout-clamshell-containers-scaled-100x100.webp",100,100,true]},"uagb_author_info":{"display_name":"ManLuenpack","author_link":"https:\/\/www.manluenpack.com\/pt\/author\/"},"uagb_comment_info":0,"uagb_excerpt":"The WL-P96 Manluen Rectangular Clamshell Take Out Containers are made from food-safe PP material, lightweight yet durable, safe, and eco-friendly. Its optimized 220*150*75 mm dimensions provide versatile capacity for diverse&hellip;","_links":{"self":[{"href":"https:\/\/www.manluenpack.com\/pt\/wp-json\/wp\/v2\/product\/1815","targetHints":{"allow":["GET"]}}],"collection":[{"href":"https:\/\/www.manluenpack.com\/pt\/wp-json\/wp\/v2\/product"}],"about":[{"href":"https:\/\/www.manluenpack.com\/pt\/wp-json\/wp\/v2\/types\/product"}],"wp:featuredmedia":[{"embeddable":true,"href":"https:\/\/www.manluenpack.com\/pt\/wp-json\/wp\/v2\/media\/3252"}],"wp:attachment":[{"href":"https:\/\/www.manluenpack.com\/pt\/wp-json\/wp\/v2\/media?parent=1815"}],"wp:term":[{"taxonomy":"product_brand","embeddable":true,"href":"https:\/\/www.manluenpack.com\/pt\/wp-json\/wp\/v2\/product_brand?post=1815"},{"taxonomy":"product_cat","embeddable":true,"href":"https:\/\/www.manluenpack.com\/pt\/wp-json\/wp\/v2\/product_cat?post=1815"},{"taxonomy":"product_tag","embeddable":true,"href":"https:\/\/www.manluenpack.com\/pt\/wp-json\/wp\/v2\/product_tag?post=1815"}],"curies":[{"name":"wp","href":"https:\/\/api.w.org\/{rel}","templated":true}]}}