{"id":1807,"date":"2025-04-01T21:19:37","date_gmt":"2025-04-01T13:19:37","guid":{"rendered":"https:\/\/www.manluenpack.com\/?post_type=product&#038;p=1807"},"modified":"2025-07-09T23:51:21","modified_gmt":"2025-07-09T15:51:21","slug":"wl-bg91-manluen-9x9-1-compartment-compostable-to-go-containers","status":"publish","type":"product","link":"https:\/\/www.manluenpack.com\/pt\/products\/wl-bg91-manluen-9x9-1-compartment-compostable-to-go-containers\/","title":{"rendered":"Recipientes para levar biodegrad\u00e1veis com 1 compartimento WL-BG91 Manluen 9X9\""},"content":{"rendered":"<p>WL-P91 Manluen 9X9\u2033 Cont\u00eaineres de uma gaveta com uma compartimento apresentam um tamanho \u00fanico de 230*230*75 mm, oferecendo uma capacidade extra grande para acomodar facilmente uma variedade de refei\u00e7\u00f5es substanciais. Feito de materiais ecol\u00f3gicos que s\u00e3o seguros e saud\u00e1veis, o recipiente \u00e9 \u00e0 prova de vazamentos e dur\u00e1vel, combinando perfeitamente embalagem eficiente com uma vida de qualidade, fazendo de cada refei\u00e7\u00e3o algo especial.<\/p>\n<ul>\n<li>Tipo de Embalagem<br \/>\nCaixa de cart\u00e3o<\/li>\n<li>Cor<br \/>\nBranco<\/li>\n<li>Quantidade por Caixa<br \/>\n150 conjuntos<\/li>\n<li>Material<br \/>\nBase: Baga\u00e7o<\/li>\n<\/ul>\n<ul>\n<li style=\"list-style-type: none;\">\n<table style=\"height: 160px;\" width=\"500\"><!-- \u8868\u683c\u7684\u8fb9\u6846\u4e3a1\u4e2a\u50cf\u7d20 --><!-- \u5355\u5143\u683c\u7684\u5185\u8fb9\u8ddd\u4e3a1\u50cf\u7d20 --><!-- \u5355\u5143\u683c\u4e4b\u95f4\u7684\u95f4\u8ddd\u4e3a0\u50cf\u7d20 --><!-- \u8fb9\u6846\u89c4\u5219\u4e3a\u4e24\u4fa7\u8fb9\u6846 --><\/p>\n<tbody>\n<tr>\n<td align=\"center\" bgcolor=\"EFEFEF\"><\/td>\n<td align=\"center\" bgcolor=\"EFEFEF\">Tamanho do Produto<\/td>\n<td align=\"center\" bgcolor=\"EFEFEF\">Quantidade<\/td>\n<td align=\"center\" bgcolor=\"EFEFEF\">Dimens\u00e3o da Caixa<\/td>\n<\/tr>\n<tr>\n<td align=\"center\" bgcolor=\"EFEFEF\">WL-P61<\/td>\n<td align=\"center\">152*152*76mm<\/td>\n<td align=\"center\">500<\/td>\n<td align=\"center\">530*320*320<\/td>\n<\/tr>\n<tr>\n<td align=\"center\" bgcolor=\"EFEFEF\">WL-P81<\/td>\n<td align=\"center\">203,2*221*76,2mm<\/td>\n<td align=\"center\">200<\/td>\n<td align=\"center\">452*434*216<\/td>\n<\/tr>\n<tr>\n<td align=\"center\" bgcolor=\"EFEFEF\">WL-P83<\/td>\n<td align=\"center\">203,2*221*76,2mm<\/td>\n<td align=\"center\">200<\/td>\n<td align=\"center\">452*434*216<\/td>\n<\/tr>\n<tr>\n<td align=\"center\" bgcolor=\"EFEFEF\">WL-P91<\/td>\n<td align=\"center\">231*231*79mm<\/td>\n<td align=\"center\">200<\/td>\n<td align=\"center\">480*385*250<\/td>\n<\/tr>\n<tr>\n<td align=\"center\" bgcolor=\"EFEFEF\">WL-P93<\/td>\n<td align=\"center\">231*231*79mm<\/td>\n<td align=\"center\">200<\/td>\n<td align=\"center\">480*385*250<\/td>\n<\/tr>\n<tr>\n<td align=\"center\" bgcolor=\"EFEFEF\">WL-P96<\/td>\n<td align=\"center\">220*150*75mm<\/td>\n<td align=\"center\">200<\/td>\n<td align=\"center\">380*310*470<\/td>\n<\/tr>\n<\/tbody>\n<\/table>\n<\/li>\n<li><a href=\"https:\/\/www.manluenpack.com\/pt\/products\/\">Mais estilo, mais estilos\u2026<\/a><\/li>\n<\/ul>\n<h3><strong><b>Embalagem e entrega<\/b><\/strong><\/h3>\n<p>Cont\u00eaineres de pl\u00e1stico para levar WL-P91 Manluen 9X9\u2033 usam embalagens compactas e ecol\u00f3gicas para garantir limpeza e organiza\u00e7\u00e3o durante o transporte. Cada produto \u00e9 empilhado com precis\u00e3o, economizando espa\u00e7o e facilitando o armazenamento, garantindo uma entrega eficiente e conveniente. Desde a f\u00e1brica at\u00e9 a entrega, cada etapa foca na qualidade e nos detalhes, proporcionando tranquilidade para cada uso, integrando prote\u00e7\u00e3o ambiental com praticidade de forma harmoniosa.<\/p>\n<h3><strong><b>Cen\u00e1rios de uso<\/b><\/strong><strong><b>\u00a0\u00a0<\/b><\/strong><strong><b>\u00a0<\/b><\/strong><\/h3>\n<p>Cont\u00eaineres para levar WL-P91 Manluen 9X9\u2033 de pl\u00e1stico s\u00e3o adequados para v\u00e1rias situa\u00e7\u00f5es de refei\u00e7\u00e3o; seja para refei\u00e7\u00f5es chinesas, caixas de almo\u00e7o simples ou saladas leves, podem lidar com todas elas. Seu design de grande capacidade atende \u00e0s diversas necessidades de combina\u00e7\u00e3o de pratos, e sua durabilidade \u00e0 prova de vazamentos torna-o conveniente para refei\u00e7\u00f5es no local, para levar, entrega de comida ou refei\u00e7\u00f5es ao ar livre, adicionando seguran\u00e7a e qualidade a cada refei\u00e7\u00e3o deliciosa.<\/p>\n<h3><strong><b>Design empilh\u00e1vel<\/b><\/strong><\/h3>\n<p>Cont\u00eaineres de pl\u00e1stico para levar WL-P91 Manluen 9X9\u2033 possuem um design empilh\u00e1vel que economiza de forma inteligente espa\u00e7o de armazenamento e melhora a efici\u00eancia de transporte e coloca\u00e7\u00e3o. A estrutura robusta de empilhamento garante que os recipientes encaixem-se firmemente sem tombar, permitindo que os neg\u00f3cios gerenciem o invent\u00e1rio de forma eficiente. O design simples, por\u00e9m pr\u00e1tico, n\u00e3o s\u00f3 otimiza os processos operacionais, mas tamb\u00e9m destaca a beleza da prote\u00e7\u00e3o ambiental e da ordem, adicionando conveni\u00eancia e eleg\u00e2ncia ao uso.<\/p>\n<h3><strong><b>\u00c0 prova de fugas, selados e dur\u00e1veis <\/b><\/strong><strong><b>\u00a0\u00a0\u00a0<\/b><\/strong><\/h3>\n<p>As embalagens compost\u00e1veis para levar com 1 compartimento WL-BG91 Manluen 9X9\" adotam um design de veda\u00e7\u00e3o \u00e0 prova de fugas de precis\u00e3o, garantindo um selo apertado que impede vazamentos de l\u00edquidos. O seu material robusto e dur\u00e1vel \u00e9 resistente \u00e0 press\u00e3o e ao calor, transportando com seguran\u00e7a todos os tipos de refei\u00e7\u00f5es enquanto permanece intacto desde a embalagem at\u00e9 \u00e0 entrega. Combinando respeito pelo ambiente com praticidade, garante que cada refei\u00e7\u00e3o deliciosa chegue em seguran\u00e7a, mantendo uma qualidade consistente.<\/p>\n<p><a href=\"https:\/\/www.google.com\/search?q=manluenpack\" target=\"_blank\" rel=\"noopener\">Mais informa\u00e7\u00f5es\u2026<\/a><\/p>","protected":false},"excerpt":{"rendered":"<p>The WL-BG91 Manluen 9X9&#8243; 1-Compartment Compostable To Go Containers feature a unique size of 230*230*75 mm, providing extra-large capacity to easily accommodate a variety of hearty meals. Made from eco-friendly&hellip;<\/p>","protected":false},"featured_media":3212,"template":"","meta":{"_uag_custom_page_level_css":""},"product_brand":[],"product_cat":[21],"product_tag":[112,249,250,133],"class_list":{"0":"post-1807","1":"product","2":"type-product","3":"status-publish","4":"has-post-thumbnail","6":"product_cat-clamshell-containers","7":"product_tag-bagasse","8":"product_tag-clamshell-containers","9":"product_tag-compostable","10":"product_tag-white","12":"first","13":"instock","14":"shipping-taxable","15":"purchasable","16":"product-type-simple"},"spectra_custom_meta":{"rank_math_internal_links_processed":["1","1","1","1","1","1","1","1","1","1","1","1","1","1","1","1","1","1","1","1","1","1","1","1","1","1","1","1","1","1","1","1","1","1","1","1","1","1","1","1","1","1","1","1"],"_sku":["WL-BG91"],"_regular_price":["1"],"total_sales":["0"],"_tax_status":["taxable"],"_tax_class":[""],"_manage_stock":["no"],"_backorders":["no"],"_sold_individually":["no"],"_virtual":["no"],"_downloadable":["no"],"_download_limit":["0"],"_download_expiry":["0"],"_stock":[null],"_stock_status":["instock"],"_wc_average_rating":["0"],"_wc_review_count":["0"],"_product_attributes":["a:2:{s:9:\"item-size\";a:6:{s:4:\"name\";s:9:\"Item Size\";s:5:\"value\";s:12:\"230*230*75mm\";s:8:\"position\";i:0;s:10:\"is_visible\";i:1;s:12:\"is_variation\";i:0;s:11:\"is_taxonomy\";i:0;}s:7:\"qty-ctn\";a:6:{s:4:\"name\";s:7:\"QTY\/CTN\";s:5:\"value\";s:3:\"150\";s:8:\"position\";i:1;s:10:\"is_visible\";i:1;s:12:\"is_variation\";i:0;s:11:\"is_taxonomy\";i:0;}}"],"_product_version":["9.4.2"],"_price":["1"],"_wp_old_date":["2024-11-26"],"rank_math_analytic_object_id":["24"],"classic-editor-remember":["classic-editor"],"rank_math_seo_score":["75"],"rank_math_contentai_score":["a:5:{s:8:\"keywords\";s:5:\"74.51\";s:9:\"wordCount\";s:1:\"0\";s:9:\"linkCount\";s:1:\"0\";s:12:\"headingCount\";s:1:\"0\";s:10:\"mediaCount\";s:1:\"0\";}"],"_jet_woo_template":[""],"_template_type":["default"],"rank_math_primary_product_cat":["21"],"_ywraq_hide_quote_button_check":[""],"_ywraq_hide_quote_button":["0"],"_edit_lock":["1752117588:1"],"_edit_last":["1"],"_wp_old_slug":["wl-bg91-9x9-1-compartment-compostable-to-go-containers"],"rank_math_focus_keyword":["Compostable To Go Containers"],"_thumbnail_id":["3212"],"_product_image_gallery":["3211,3210,3209,3208"],"_uag_css_file_name":["uag-css-1807.css"],"_uag_page_assets":["a:9:{s:3:\"css\";s:263:\".uag-blocks-common-selector{z-index:var(--z-index-desktop) !important}@media (max-width: 976px){.uag-blocks-common-selector{z-index:var(--z-index-tablet) !important}}@media (max-width: 767px){.uag-blocks-common-selector{z-index:var(--z-index-mobile) !important}}\n\";s:2:\"js\";s:0:\"\";s:18:\"current_block_list\";a:6:{i:0;s:10:\"core\/group\";i:1;s:12:\"core\/heading\";i:2;s:17:\"core\/latest-posts\";i:3;s:20:\"core\/latest-comments\";i:4;s:13:\"core\/archives\";i:5;s:15:\"core\/categories\";}s:8:\"uag_flag\";b:0;s:11:\"uag_version\";i:1777284870;s:6:\"gfonts\";a:0:{}s:10:\"gfonts_url\";s:0:\"\";s:12:\"gfonts_files\";a:0:{}s:14:\"uag_faq_layout\";b:0;}"]},"uagb_featured_image_src":{"full":["https:\/\/www.manluenpack.com\/wp-content\/uploads\/2025\/04\/WL-BG91-manluen-to-go-biodegradable-clamshell-containers.webp",1000,1000,false],"thumbnail":["https:\/\/www.manluenpack.com\/wp-content\/uploads\/2025\/04\/WL-BG91-manluen-to-go-biodegradable-clamshell-containers.webp",150,150,false],"medium":["https:\/\/www.manluenpack.com\/wp-content\/uploads\/2025\/04\/WL-BG91-manluen-to-go-biodegradable-clamshell-containers.webp",300,300,false],"medium_large":["https:\/\/www.manluenpack.com\/wp-content\/uploads\/2025\/04\/WL-BG91-manluen-to-go-biodegradable-clamshell-containers.webp",768,768,false],"large":["https:\/\/www.manluenpack.com\/wp-content\/uploads\/2025\/04\/WL-BG91-manluen-to-go-biodegradable-clamshell-containers.webp",1000,1000,false],"1536x1536":["https:\/\/www.manluenpack.com\/wp-content\/uploads\/2025\/04\/WL-BG91-manluen-to-go-biodegradable-clamshell-containers.webp",1000,1000,false],"2048x2048":["https:\/\/www.manluenpack.com\/wp-content\/uploads\/2025\/04\/WL-BG91-manluen-to-go-biodegradable-clamshell-containers.webp",1000,1000,false],"trp-custom-language-flag":["https:\/\/www.manluenpack.com\/wp-content\/uploads\/2025\/04\/WL-BG91-manluen-to-go-biodegradable-clamshell-containers.webp",12,12,false],"menu-24x24":["https:\/\/www.manluenpack.com\/wp-content\/uploads\/2025\/04\/WL-BG91-manluen-to-go-biodegradable-clamshell-containers.webp",24,24,false],"menu-36x36":["https:\/\/www.manluenpack.com\/wp-content\/uploads\/2025\/04\/WL-BG91-manluen-to-go-biodegradable-clamshell-containers.webp",36,36,false],"menu-48x48":["https:\/\/www.manluenpack.com\/wp-content\/uploads\/2025\/04\/WL-BG91-manluen-to-go-biodegradable-clamshell-containers.webp",48,48,false],"woocommerce_thumbnail":["https:\/\/www.manluenpack.com\/wp-content\/uploads\/2025\/04\/WL-BG91-manluen-to-go-biodegradable-clamshell-containers.webp",300,300,false],"woocommerce_single":["https:\/\/www.manluenpack.com\/wp-content\/uploads\/2025\/04\/WL-BG91-manluen-to-go-biodegradable-clamshell-containers.webp",600,600,false],"woocommerce_gallery_thumbnail":["https:\/\/www.manluenpack.com\/wp-content\/uploads\/2025\/04\/WL-BG91-manluen-to-go-biodegradable-clamshell-containers.webp",100,100,false]},"uagb_author_info":{"display_name":"ManLuenpack","author_link":"https:\/\/www.manluenpack.com\/pt\/author\/"},"uagb_comment_info":0,"uagb_excerpt":"The WL-BG91 Manluen 9X9&#8243; 1-Compartment Compostable To Go Containers feature a unique size of 230*230*75 mm, providing extra-large capacity to easily accommodate a variety of hearty meals. Made from eco-friendly&hellip;","_links":{"self":[{"href":"https:\/\/www.manluenpack.com\/pt\/wp-json\/wp\/v2\/product\/1807","targetHints":{"allow":["GET"]}}],"collection":[{"href":"https:\/\/www.manluenpack.com\/pt\/wp-json\/wp\/v2\/product"}],"about":[{"href":"https:\/\/www.manluenpack.com\/pt\/wp-json\/wp\/v2\/types\/product"}],"wp:featuredmedia":[{"embeddable":true,"href":"https:\/\/www.manluenpack.com\/pt\/wp-json\/wp\/v2\/media\/3212"}],"wp:attachment":[{"href":"https:\/\/www.manluenpack.com\/pt\/wp-json\/wp\/v2\/media?parent=1807"}],"wp:term":[{"taxonomy":"product_brand","embeddable":true,"href":"https:\/\/www.manluenpack.com\/pt\/wp-json\/wp\/v2\/product_brand?post=1807"},{"taxonomy":"product_cat","embeddable":true,"href":"https:\/\/www.manluenpack.com\/pt\/wp-json\/wp\/v2\/product_cat?post=1807"},{"taxonomy":"product_tag","embeddable":true,"href":"https:\/\/www.manluenpack.com\/pt\/wp-json\/wp\/v2\/product_tag?post=1807"}],"curies":[{"name":"wp","href":"https:\/\/api.w.org\/{rel}","templated":true}]}}