{"id":1798,"date":"2025-04-01T21:02:50","date_gmt":"2025-04-01T13:02:50","guid":{"rendered":"https:\/\/www.manluenpack.com\/?post_type=product&#038;p=1798"},"modified":"2025-07-10T11:34:37","modified_gmt":"2025-07-10T03:34:37","slug":"wl-cm005-manluen-transparent-hinged-clamshell-container","status":"publish","type":"product","link":"https:\/\/www.manluenpack.com\/pt\/products\/wl-cm005-manluen-transparent-hinged-clamshell-container\/","title":{"rendered":"Recipiente Clamshell Transparente com Dobradi\u00e7a Manluen WL-CM005"},"content":{"rendered":"<p>Com as suas dimens\u00f5es cuidadosamente concebidas de 285*205*60 mm, o recipiente transparente com dobradi\u00e7a tipo concha WL-CM005 Manluen oferece capacidade ideal e efici\u00eancia de espa\u00e7o. O tamanho generoso acomoda perfeitamente alimentos frescos apresentados de forma bonita, enquanto o seu design ergon\u00f3mico garante f\u00e1cil enchimento e manuseio. Este recipiente vers\u00e1til atende a diversas necessidades, desde organiza\u00e7\u00e3o dom\u00e9stica at\u00e9 armazenamento de escrit\u00f3rio, tornando-se a escolha perfeita para uma vida organizada e eficiente.<\/p>\n<ul>\n<li>Tipo de Embalagem<br \/>\nCaixa de cart\u00e3o<\/li>\n<li>Cor<br \/>\nTransparente<\/li>\n<li>Quantidade por Caixa<br \/>\n250 conjuntos<\/li>\n<li>Material<br \/>\nTampa: OPS\/PET<\/li>\n<\/ul>\n<h3><strong><b>Embalagem e entrega<\/b><\/strong><\/h3>\n<p>O recipiente transparente com dobradi\u00e7a WL-CM005 Manluen apresenta embalagens ecol\u00f3gicas, mas resistentes, que garantem transporte seguro. Cada unidade \u00e9 cuidadosamente empacotada em empilhamentos que economizam espa\u00e7o para otimizar a efici\u00eancia log\u00edstica. Garantimos uma entrega r\u00e1pida desta solu\u00e7\u00e3o de armazenamento elegante e pr\u00e1tica, trazendo conveni\u00eancia e eleg\u00e2ncia ao seu dia a dia.<\/p>\n<h3><strong><b>Cen\u00e1rios de uso<\/b><\/strong><strong><b>\u00a0\u00a0<\/b><\/strong><\/h3>\n<p>Com aproximadamente 1120 ml de capacidade, o recipiente transparente com tampa WL-CM005 Manluen \u00e9 ideal para armazenar e transportar diversos alimentos \u2014 saladas, snacks, doces, frutas, sobremesas e pequenas refei\u00e7\u00f5es. Perfeito para encontros familiares, eventos sociais ou piqueniques ao ar livre, n\u00e3o s\u00f3 exibe cria\u00e7\u00f5es culin\u00e1rias de forma bonita, mas tamb\u00e9m serve como uma decora\u00e7\u00e3o charmosa para a mesa. Al\u00e9m disso, destaca-se na organiza\u00e7\u00e3o da cozinha, mantendo ingredientes e especiarias arrumados para uma cozinha eficiente.<\/p>\n<h3><strong><b>Design empilh\u00e1vel<\/b><\/strong><\/h3>\n<p>Projetado com capacidade inteligente de empilhamento, o recipiente de alimentos com clamshell WL-CM005 Manluen maximiza o espa\u00e7o vertical para armazenamento eficiente. A estrutura de encaixe est\u00e1vel garante empilhamento seguro em v\u00e1rias camadas, enquanto o corpo transparente permite visibilidade instant\u00e2nea do conte\u00fado \u2014 oferecendo praticidade e apelo visual para uso dom\u00e9stico ou de escrit\u00f3rio.<\/p>\n<h3><strong><b>Transparente, Selada e Dur\u00e1vel<\/b><\/strong><\/h3>\n<p>Fabricado com tecnologia avan\u00e7ada de moldagem por inje\u00e7\u00e3o, este recipiente oferece transpar\u00eancia cristalina que real\u00e7a as cores naturais e a frescura dos alimentos. A tampa de encaixe preciso cria uma veda\u00e7\u00e3o herm\u00e9tica, bloqueando eficazmente o ar, poeira e bact\u00e9rias para preservar a qualidade e o sabor dos alimentos \u2014 garantindo uma experi\u00eancia gastron\u00f3mica excecional a cada utiliza\u00e7\u00e3o.<\/p>","protected":false},"excerpt":{"rendered":"<p>With its thoughtfully designed 285*205*60 mm dimensions, the WL-CM005 Manluen Transparent Hinged Clamshell Container offers ideal capacity and space efficiency. The generous size perfectly accommodates beautifully presented fresh foods, while&hellip;<\/p>","protected":false},"featured_media":1407,"template":"","meta":{"_uag_custom_page_level_css":""},"product_brand":[],"product_cat":[21],"product_tag":[130,131],"class_list":{"0":"post-1798","1":"product","2":"type-product","3":"status-publish","4":"has-post-thumbnail","6":"product_cat-clamshell-containers","7":"product_tag-clamshell-container","8":"product_tag-transparent","10":"first","11":"instock","12":"shipping-taxable","13":"purchasable","14":"product-type-simple"},"spectra_custom_meta":{"rank_math_internal_links_processed":["1","1","1","1","1","1","1","1","1","1","1","1","1","1","1","1","1","1","1","1","1","1","1","1","1","1","1","1","1","1","1","1","1","1","1","1","1","1","1"],"_sku":["WL-CM005"],"_regular_price":["1"],"total_sales":["0"],"_tax_status":["taxable"],"_tax_class":[""],"_manage_stock":["no"],"_backorders":["no"],"_sold_individually":["no"],"_virtual":["no"],"_downloadable":["no"],"_product_image_gallery":["1703,1711,1710,1709,1708,1707,1706,1705"],"_download_limit":["0"],"_download_expiry":["0"],"_thumbnail_id":["1407"],"_stock":[null],"_stock_status":["instock"],"_wc_average_rating":["0"],"_wc_review_count":["0"],"_product_attributes":["a:2:{s:9:\"item-size\";a:6:{s:4:\"name\";s:9:\"Item Size\";s:5:\"value\";s:12:\"285*205*60mm\";s:8:\"position\";i:0;s:10:\"is_visible\";i:1;s:12:\"is_variation\";i:0;s:11:\"is_taxonomy\";i:0;}s:7:\"qty-ctn\";a:6:{s:4:\"name\";s:7:\"QTY\/CTN\";s:5:\"value\";s:3:\"250\";s:8:\"position\";i:1;s:10:\"is_visible\";i:1;s:12:\"is_variation\";i:0;s:11:\"is_taxonomy\";i:0;}}"],"_product_version":["9.4.2"],"_price":["1"],"_wp_old_date":["2024-11-26"],"rank_math_analytic_object_id":["24"],"classic-editor-remember":["classic-editor"],"rank_math_seo_score":["63"],"rank_math_contentai_score":["a:5:{s:8:\"keywords\";s:5:\"74.51\";s:9:\"wordCount\";s:1:\"0\";s:9:\"linkCount\";s:1:\"0\";s:12:\"headingCount\";s:1:\"0\";s:10:\"mediaCount\";s:1:\"0\";}"],"_jet_woo_template":[""],"_template_type":["default"],"rank_math_primary_product_cat":["21"],"_ywraq_hide_quote_button_check":[""],"_ywraq_hide_quote_button":["0"],"_edit_lock":["1752118512:1"],"_edit_last":["1"],"_wp_old_slug":["transparent-hinged-clamshell-container-wl-cm005"],"rank_math_focus_keyword":["Clamshell Container"],"_uag_css_file_name":["uag-css-1798.css"],"_uag_page_assets":["a:9:{s:3:\"css\";s:0:\"\";s:2:\"js\";s:0:\"\";s:18:\"current_block_list\";a:6:{i:0;s:10:\"core\/group\";i:1;s:12:\"core\/heading\";i:2;s:17:\"core\/latest-posts\";i:3;s:20:\"core\/latest-comments\";i:4;s:13:\"core\/archives\";i:5;s:15:\"core\/categories\";}s:8:\"uag_flag\";b:0;s:11:\"uag_version\";i:1777278560;s:6:\"gfonts\";a:0:{}s:10:\"gfonts_url\";s:0:\"\";s:12:\"gfonts_files\";a:0:{}s:14:\"uag_faq_layout\";b:0;}"]},"uagb_featured_image_src":{"full":["https:\/\/www.manluenpack.com\/wp-content\/uploads\/2024\/11\/20241225100613.jpg",1000,900,false],"thumbnail":["https:\/\/www.manluenpack.com\/wp-content\/uploads\/2024\/11\/20241225100613.jpg",150,135,false],"medium":["https:\/\/www.manluenpack.com\/wp-content\/uploads\/2024\/11\/20241225100613.jpg",300,270,false],"medium_large":["https:\/\/www.manluenpack.com\/wp-content\/uploads\/2024\/11\/20241225100613.jpg",768,691,false],"large":["https:\/\/www.manluenpack.com\/wp-content\/uploads\/2024\/11\/20241225100613.jpg",1000,900,false],"1536x1536":["https:\/\/www.manluenpack.com\/wp-content\/uploads\/2024\/11\/20241225100613.jpg",1000,900,false],"2048x2048":["https:\/\/www.manluenpack.com\/wp-content\/uploads\/2024\/11\/20241225100613.jpg",1000,900,false],"trp-custom-language-flag":["https:\/\/www.manluenpack.com\/wp-content\/uploads\/2024\/11\/20241225100613.jpg",13,12,false],"menu-24x24":["https:\/\/www.manluenpack.com\/wp-content\/uploads\/2024\/11\/20241225100613.jpg",24,22,false],"menu-36x36":["https:\/\/www.manluenpack.com\/wp-content\/uploads\/2024\/11\/20241225100613.jpg",36,32,false],"menu-48x48":["https:\/\/www.manluenpack.com\/wp-content\/uploads\/2024\/11\/20241225100613.jpg",48,43,false],"woocommerce_thumbnail":["https:\/\/www.manluenpack.com\/wp-content\/uploads\/2024\/11\/20241225100613-300x300.jpg",300,300,true],"woocommerce_single":["https:\/\/www.manluenpack.com\/wp-content\/uploads\/2024\/11\/20241225100613.jpg",600,540,false],"woocommerce_gallery_thumbnail":["https:\/\/www.manluenpack.com\/wp-content\/uploads\/2024\/11\/20241225100613-100x100.jpg",100,100,true]},"uagb_author_info":{"display_name":"ManLuenpack","author_link":"https:\/\/www.manluenpack.com\/pt\/author\/"},"uagb_comment_info":0,"uagb_excerpt":"With its thoughtfully designed 285*205*60 mm dimensions, the WL-CM005 Manluen Transparent Hinged Clamshell Container offers ideal capacity and space efficiency. The generous size perfectly accommodates beautifully presented fresh foods, while&hellip;","_links":{"self":[{"href":"https:\/\/www.manluenpack.com\/pt\/wp-json\/wp\/v2\/product\/1798","targetHints":{"allow":["GET"]}}],"collection":[{"href":"https:\/\/www.manluenpack.com\/pt\/wp-json\/wp\/v2\/product"}],"about":[{"href":"https:\/\/www.manluenpack.com\/pt\/wp-json\/wp\/v2\/types\/product"}],"wp:featuredmedia":[{"embeddable":true,"href":"https:\/\/www.manluenpack.com\/pt\/wp-json\/wp\/v2\/media\/1407"}],"wp:attachment":[{"href":"https:\/\/www.manluenpack.com\/pt\/wp-json\/wp\/v2\/media?parent=1798"}],"wp:term":[{"taxonomy":"product_brand","embeddable":true,"href":"https:\/\/www.manluenpack.com\/pt\/wp-json\/wp\/v2\/product_brand?post=1798"},{"taxonomy":"product_cat","embeddable":true,"href":"https:\/\/www.manluenpack.com\/pt\/wp-json\/wp\/v2\/product_cat?post=1798"},{"taxonomy":"product_tag","embeddable":true,"href":"https:\/\/www.manluenpack.com\/pt\/wp-json\/wp\/v2\/product_tag?post=1798"}],"curies":[{"name":"wp","href":"https:\/\/api.w.org\/{rel}","templated":true}]}}