{"id":1789,"date":"2025-04-01T20:41:25","date_gmt":"2025-04-01T12:41:25","guid":{"rendered":"https:\/\/www.manluenpack.com\/?post_type=product&#038;p=1789"},"modified":"2025-07-10T13:55:30","modified_gmt":"2025-07-10T05:55:30","slug":"wl-cm001-manluen-classic-clamshell-container","status":"publish","type":"product","link":"https:\/\/www.manluenpack.com\/pt\/products\/wl-cm001-manluen-classic-clamshell-container\/","title":{"rendered":"Recipiente Clamshell Cl\u00e1ssico Manluen WL-CM001"},"content":{"rendered":"<p>A Caixa Clamshell Cl\u00e1ssica WL-CM001 Manluen apresenta um design \u00fanico de tamanho 152*85*70 mm, oferecendo portabilidade e capacidade ampla enquanto equilibra perfeitamente praticidade e efici\u00eancia de espa\u00e7o. O seu mecanismo de abertura e fecho suave em formato de concha garante f\u00e1cil acesso e armazenamento, enquanto o material dur\u00e1vel proporciona prote\u00e7\u00e3o contra poeira e humidade, tornando-a adequada para v\u00e1rios cen\u00e1rios. \u00c9 a combina\u00e7\u00e3o perfeita de organiza\u00e7\u00e3o eficiente e design elegante.<\/p>\n<ul>\n<li>Tipo de Embalagem<br \/>\nCaixa de cart\u00e3o<\/li>\n<li>Cor<br \/>\nTransparente<\/li>\n<li>Quantidade por Caixa<br \/>\n500 conjuntos<\/li>\n<li>Material<br \/>\nTampa: OPS\/PET<\/li>\n<\/ul>\n<h3><strong><b>Embalagem e entrega<\/b><\/strong><\/h3>\n<p>A Caixa Clamshell Flip-Top WL-CM001 Manluen \u00e9 embalada com simplicidade e eleg\u00e2ncia, focando na prote\u00e7\u00e3o dos detalhes para garantir que cada produto chegue intacto durante o transporte. Com entrega eficiente e pontual, os seus materiais ecol\u00f3gicos e design cuidadoso refletem uma alta qualidade artesanal, tornando cada desembrulhar uma experi\u00eancia agrad\u00e1vel e transmitindo uma sensa\u00e7\u00e3o de cuidado e fiabilidade na utiliza\u00e7\u00e3o.<\/p>\n<h3><strong><b>Cen\u00e1rios de uso<\/b><\/strong><strong><b>\u00a0\u00a0<\/b><\/strong><\/h3>\n<p>A Caixa Clamshell Transparente WL-CM001 Manluen integra-se perfeitamente em diversos cen\u00e1rios gra\u00e7as ao seu design refinado e desempenho pr\u00e1tico. Seja ao organizar pequenos objetos em casa, armazenar material de escrit\u00f3rio ou arranjar acess\u00f3rios de viagem em movimento, o seu tamanho compacto e natureza dur\u00e1vel lidam com todas as tarefas sem esfor\u00e7o. O design \u00e0 prova de poeira e humidade faz dela uma escolha ideal para armazenar ferramentas de precis\u00e3o ou acess\u00f3rios de beleza, combinando eleg\u00e2ncia com funcionalidade para melhorar cada detalhe da vida.<\/p>\n<h3><strong><b>Design empilh\u00e1vel<\/b><\/strong><\/h3>\n<p>Esta Caixa Clamshell Cl\u00e1ssica WL-CM001 Manluen com Tampa apresenta um design inteligente empilh\u00e1vel que maximiza a utiliza\u00e7\u00e3o do espa\u00e7o e melhora a efici\u00eancia de armazenamento. A sua estrutura robusta garante empilhamento seguro e fi\u00e1vel, mantendo a organiza\u00e7\u00e3o e a ordem. Seja em casa, no escrit\u00f3rio ou em ambientes de armazenamento, maximiza o uso do espa\u00e7o vertical, demonstrando a fus\u00e3o perfeita entre est\u00e9tica minimalista e funcionalidade pr\u00e1tica.<\/p>\n<h3><strong><b>Transparente, Selada e Dur\u00e1vel<\/b><\/strong><\/h3>\n<p>Feita de material altamente transparente, esta Caixa Clamshell Cl\u00e1ssica com Dobradi\u00e7a WL-CM001 Manluen permite uma visibilidade clara do conte\u00fado interior, exibindo a cor e a forma dos alimentos. Tamb\u00e9m possui excelente desempenho de veda\u00e7\u00e3o, bloqueando eficazmente a entrada de ar externo e bact\u00e9rias. Seja ao transportar ou armazenar, garante a frescura e seguran\u00e7a do conte\u00fado em todos os momentos.<\/p>","protected":false},"excerpt":{"rendered":"<p>The WL-CM001 Manluen Classic Clamshell Container features a unique 152*85*70 mm size design, offering portability and ample capacity while perfectly balancing practicality and space efficiency. Its smooth clamshell opening and&hellip;<\/p>","protected":false},"featured_media":1407,"template":"","meta":{"_uag_custom_page_level_css":""},"product_brand":[],"product_cat":[21],"product_tag":[130,131],"class_list":{"0":"post-1789","1":"product","2":"type-product","3":"status-publish","4":"has-post-thumbnail","6":"product_cat-clamshell-containers","7":"product_tag-clamshell-container","8":"product_tag-transparent","10":"first","11":"instock","12":"shipping-taxable","13":"purchasable","14":"product-type-simple"},"spectra_custom_meta":{"rank_math_internal_links_processed":["1","1","1","1","1","1","1","1","1","1","1","1","1","1","1","1","1","1","1","1","1","1","1","1","1","1","1","1","1","1","1","1","1","1"],"_sku":["WL-CM001"],"_regular_price":["1"],"total_sales":["0"],"_tax_status":["taxable"],"_tax_class":[""],"_manage_stock":["no"],"_backorders":["no"],"_sold_individually":["no"],"_virtual":["no"],"_downloadable":["no"],"_product_image_gallery":["1703,1711,1710,1709,1708,1707,1706,1705"],"_download_limit":["0"],"_download_expiry":["0"],"_thumbnail_id":["1407"],"_stock":[null],"_stock_status":["instock"],"_wc_average_rating":["0"],"_wc_review_count":["0"],"_product_attributes":["a:2:{s:9:\"item-size\";a:6:{s:4:\"name\";s:9:\"Item Size\";s:5:\"value\";s:11:\"152*85*70mm\";s:8:\"position\";i:0;s:10:\"is_visible\";i:1;s:12:\"is_variation\";i:0;s:11:\"is_taxonomy\";i:0;}s:7:\"qty-ctn\";a:6:{s:4:\"name\";s:7:\"QTY\/CTN\";s:5:\"value\";s:3:\"500\";s:8:\"position\";i:1;s:10:\"is_visible\";i:1;s:12:\"is_variation\";i:0;s:11:\"is_taxonomy\";i:0;}}"],"_product_version":["9.4.2"],"_price":["1"],"_wp_old_date":["2024-11-26"],"rank_math_analytic_object_id":["24"],"classic-editor-remember":["classic-editor"],"rank_math_seo_score":["66"],"rank_math_contentai_score":["a:5:{s:8:\"keywords\";s:5:\"74.51\";s:9:\"wordCount\";s:1:\"0\";s:9:\"linkCount\";s:1:\"0\";s:12:\"headingCount\";s:1:\"0\";s:10:\"mediaCount\";s:1:\"0\";}"],"_jet_woo_template":[""],"_template_type":["default"],"rank_math_primary_product_cat":["21"],"_ywraq_hide_quote_button_check":[""],"_ywraq_hide_quote_button":["0"],"_edit_lock":["1752126931:1"],"_edit_last":["1"],"_wp_old_slug":["classic-clamshell-container-wl-cm001"],"rank_math_focus_keyword":["Clamshell Container"],"_uag_css_file_name":["uag-css-1789.css"],"_uag_page_assets":["a:9:{s:3:\"css\";s:263:\".uag-blocks-common-selector{z-index:var(--z-index-desktop) !important}@media (max-width: 976px){.uag-blocks-common-selector{z-index:var(--z-index-tablet) !important}}@media (max-width: 767px){.uag-blocks-common-selector{z-index:var(--z-index-mobile) !important}}\n\";s:2:\"js\";s:0:\"\";s:18:\"current_block_list\";a:6:{i:0;s:10:\"core\/group\";i:1;s:12:\"core\/heading\";i:2;s:17:\"core\/latest-posts\";i:3;s:20:\"core\/latest-comments\";i:4;s:13:\"core\/archives\";i:5;s:15:\"core\/categories\";}s:8:\"uag_flag\";b:0;s:11:\"uag_version\";i:1777300507;s:6:\"gfonts\";a:0:{}s:10:\"gfonts_url\";s:0:\"\";s:12:\"gfonts_files\";a:0:{}s:14:\"uag_faq_layout\";b:0;}"]},"uagb_featured_image_src":{"full":["https:\/\/www.manluenpack.com\/wp-content\/uploads\/2024\/11\/20241225100613.jpg",1000,900,false],"thumbnail":["https:\/\/www.manluenpack.com\/wp-content\/uploads\/2024\/11\/20241225100613.jpg",150,135,false],"medium":["https:\/\/www.manluenpack.com\/wp-content\/uploads\/2024\/11\/20241225100613.jpg",300,270,false],"medium_large":["https:\/\/www.manluenpack.com\/wp-content\/uploads\/2024\/11\/20241225100613.jpg",768,691,false],"large":["https:\/\/www.manluenpack.com\/wp-content\/uploads\/2024\/11\/20241225100613.jpg",1000,900,false],"1536x1536":["https:\/\/www.manluenpack.com\/wp-content\/uploads\/2024\/11\/20241225100613.jpg",1000,900,false],"2048x2048":["https:\/\/www.manluenpack.com\/wp-content\/uploads\/2024\/11\/20241225100613.jpg",1000,900,false],"trp-custom-language-flag":["https:\/\/www.manluenpack.com\/wp-content\/uploads\/2024\/11\/20241225100613.jpg",13,12,false],"menu-24x24":["https:\/\/www.manluenpack.com\/wp-content\/uploads\/2024\/11\/20241225100613.jpg",24,22,false],"menu-36x36":["https:\/\/www.manluenpack.com\/wp-content\/uploads\/2024\/11\/20241225100613.jpg",36,32,false],"menu-48x48":["https:\/\/www.manluenpack.com\/wp-content\/uploads\/2024\/11\/20241225100613.jpg",48,43,false],"woocommerce_thumbnail":["https:\/\/www.manluenpack.com\/wp-content\/uploads\/2024\/11\/20241225100613-300x300.jpg",300,300,true],"woocommerce_single":["https:\/\/www.manluenpack.com\/wp-content\/uploads\/2024\/11\/20241225100613.jpg",600,540,false],"woocommerce_gallery_thumbnail":["https:\/\/www.manluenpack.com\/wp-content\/uploads\/2024\/11\/20241225100613-100x100.jpg",100,100,true]},"uagb_author_info":{"display_name":"ManLuenpack","author_link":"https:\/\/www.manluenpack.com\/pt\/author\/"},"uagb_comment_info":0,"uagb_excerpt":"The WL-CM001 Manluen Classic Clamshell Container features a unique 152*85*70 mm size design, offering portability and ample capacity while perfectly balancing practicality and space efficiency. Its smooth clamshell opening and&hellip;","_links":{"self":[{"href":"https:\/\/www.manluenpack.com\/pt\/wp-json\/wp\/v2\/product\/1789","targetHints":{"allow":["GET"]}}],"collection":[{"href":"https:\/\/www.manluenpack.com\/pt\/wp-json\/wp\/v2\/product"}],"about":[{"href":"https:\/\/www.manluenpack.com\/pt\/wp-json\/wp\/v2\/types\/product"}],"wp:featuredmedia":[{"embeddable":true,"href":"https:\/\/www.manluenpack.com\/pt\/wp-json\/wp\/v2\/media\/1407"}],"wp:attachment":[{"href":"https:\/\/www.manluenpack.com\/pt\/wp-json\/wp\/v2\/media?parent=1789"}],"wp:term":[{"taxonomy":"product_brand","embeddable":true,"href":"https:\/\/www.manluenpack.com\/pt\/wp-json\/wp\/v2\/product_brand?post=1789"},{"taxonomy":"product_cat","embeddable":true,"href":"https:\/\/www.manluenpack.com\/pt\/wp-json\/wp\/v2\/product_cat?post=1789"},{"taxonomy":"product_tag","embeddable":true,"href":"https:\/\/www.manluenpack.com\/pt\/wp-json\/wp\/v2\/product_tag?post=1789"}],"curies":[{"name":"wp","href":"https:\/\/api.w.org\/{rel}","templated":true}]}}