{"id":1779,"date":"2025-03-21T00:52:33","date_gmt":"2025-03-20T16:52:33","guid":{"rendered":"https:\/\/www.manluenpack.com\/?post_type=product&#038;p=1779"},"modified":"2025-07-08T00:13:26","modified_gmt":"2025-07-07T16:13:26","slug":"wl-8307-manluen-bento-box","status":"publish","type":"product","link":"https:\/\/www.manluenpack.com\/pt\/products\/wl-8307-manluen-bento-box\/","title":{"rendered":"WL-8307 Caixa de Bento Manluen"},"content":{"rendered":"<p>A Caixa de Bento com Compartimento Grande WL-8307 apresenta um design de tamanho \u00fanico de 270*269*54mm, oferecendo capacidade ampla com compartimentos bem planeados para atender a diversas necessidades alimentares. Feita com materiais premium, \u00e9 segura, dur\u00e1vel e possui excelente desempenho \u00e0 prova de vazamentos, tornando-a perfeita para uso dom\u00e9stico, escrit\u00f3rio ou ao ar livre. \u00c9 a companheira definitiva para um estilo de vida saud\u00e1vel e conveniente.<\/p>\n<ul>\n<li>Tipo de Embalagem<br \/>\nCaixa de cart\u00e3o<\/li>\n<li>Cor<br \/>\nPreto<\/li>\n<li>Quantidade por Caixa<br \/>\n100 conjuntos<\/li>\n<li>Material<br \/>\nTampa: PET\/OPS, Base: PS\/PP<\/li>\n<li>Especifica\u00e7\u00f5es de Embalagem<br \/>\n0,065 metros c\u00fabicos<\/li>\n<\/ul>\n<p>&nbsp;<\/p>\n<ul>\n<li style=\"list-style-type: none;\">\n<table style=\"height: 160px;\" width=\"500\"><!-- \u8868\u683c\u7684\u8fb9\u6846\u4e3a1\u4e2a\u50cf\u7d20 --><!-- \u5355\u5143\u683c\u7684\u5185\u8fb9\u8ddd\u4e3a1\u50cf\u7d20 --><!-- \u5355\u5143\u683c\u4e4b\u95f4\u7684\u95f4\u8ddd\u4e3a0\u50cf\u7d20 --><!-- \u8fb9\u6846\u89c4\u5219\u4e3a\u4e24\u4fa7\u8fb9\u6846 --><\/p>\n<tbody>\n<tr>\n<td align=\"center\" bgcolor=\"EFEFEF\"><\/td>\n<td align=\"center\" bgcolor=\"EFEFEF\">Tamanho do Produto<\/td>\n<td align=\"center\" bgcolor=\"EFEFEF\">Quantidade<\/td>\n<td align=\"center\" bgcolor=\"EFEFEF\">Dimens\u00e3o da Caixa<\/td>\n<\/tr>\n<tr>\n<td align=\"center\" bgcolor=\"EFEFEF\">WL-556<\/td>\n<td align=\"center\">271*209*40mm<\/td>\n<td align=\"center\">200<\/td>\n<td align=\"center\">560*350*435<\/td>\n<\/tr>\n<tr>\n<td align=\"center\" bgcolor=\"EFEFEF\">WL-8304<\/td>\n<td align=\"center\">239*190*44mm<\/td>\n<td align=\"center\">300<\/td>\n<td align=\"center\">600*380*500<\/td>\n<\/tr>\n<tr>\n<td align=\"center\" bgcolor=\"EFEFEF\">WL-8305<\/td>\n<td align=\"center\">239*190*54mm<\/td>\n<td align=\"center\">300<\/td>\n<td align=\"center\">585*345*486<\/td>\n<\/tr>\n<tr>\n<td align=\"center\" bgcolor=\"EFEFEF\">WL-8306<\/td>\n<td align=\"center\">268*208*54mm<\/td>\n<td align=\"center\">200<\/td>\n<td align=\"center\">550*345*430<\/td>\n<\/tr>\n<tr>\n<td align=\"center\" bgcolor=\"EFEFEF\">WL-8307<\/td>\n<td align=\"center\">270*269*54mm<\/td>\n<td align=\"center\">100<\/td>\n<td align=\"center\">560*400*285<\/td>\n<\/tr>\n<\/tbody>\n<\/table>\n<\/li>\n<li><a href=\"https:\/\/www.manluenpack.com\/pt\/products\/\">Mais estilo, mais estilos\u2026<\/a><\/li>\n<\/ul>\n<h3><strong><b>Embalagem e entrega<\/b><\/strong><\/h3>\n<p>O Fabricante da Caixa de Bento para Almo\u00e7o WL-8307 vem em embalagem simples e ecol\u00f3gica, destacando qualidade e aten\u00e7\u00e3o. A embalagem cientificamente desenhada garante estabilidade e seguran\u00e7a durante o transporte, com entrega r\u00e1pida para sua conveni\u00eancia. Seja para uso pessoal ou como presente, combina perfeitamente praticidade e est\u00e9tica, adicionando um toque de requinte e tranquilidade \u00e0 sua vida.<\/p>\n<h3><strong><b>Cen\u00e1rios de uso<\/b><\/strong><strong><b>\u00a0\u00a0<\/b><\/strong><\/h3>\n<p>A Caixa de Bento Grande com Compartimento \u00danico WL-8307 \u00e9 vers\u00e1til o suficiente para v\u00e1rias situa\u00e7\u00f5es, seja para almo\u00e7os no trabalho, refei\u00e7\u00f5es escolares, passeios de fim de semana ou piqueniques. Seu design com compartimentos permite transportar facilmente uma variedade de alimentos, enquanto sua caracter\u00edstica \u00e0 prova de vazamentos garante viagens sem preocupa\u00e7\u00f5es. Combinando praticidade e beleza, acrescenta conveni\u00eancia e prazer a cada refei\u00e7\u00e3o.<\/p>\n<h3><strong><b>Design empilh\u00e1vel <\/b><\/strong><\/h3>\n<p>A Caixa de Bento Grande com Compartimento \u00danico WL-8307 apresenta um design empilh\u00e1vel que economiza espa\u00e7o de forma inteligente e melhora a efici\u00eancia de armazenamento. Sua estrutura robusta de empilhamento mant\u00e9m os itens organizados e arrumados, seja armazenando em casa ou transportando ao ar livre, tornando a vida mais simples e eficiente. Este design combina perfeitamente praticidade e est\u00e9tica.<\/p>\n<h3><strong><b>Caracter\u00edsticas do Design de Forma<\/b><\/strong><\/h3>\n<p>A Caixa de Bento de grande capacidade WL-8307 adota um design quadrado com linhas limpas e suaves, combinando est\u00e9tica com funcionalidade. Seus cinco compartimentos facilitam a arruma\u00e7\u00e3o e o acesso aos alimentos. Al\u00e9m disso, este design \u00e9 f\u00e1cil de limpar e desinfetar, garantindo que a sua loi\u00e7a permane\u00e7a higi\u00e9nica. A tampa transparente oferece uma vis\u00e3o clara do conte\u00fado, permitindo aos utilizadores monitorizar a frescura dos alimentos a qualquer momento.<\/p>\n<h3><strong><b>\u00c0 Prova de Fugas e Durabilidade Robusta<\/b><\/strong><\/h3>\n<p>A Caixa de Bento de grande capacidade WL-8307 usa um design de veda\u00e7\u00e3o apertada para evitar vazamentos de alimentos, mantendo as bolsas e o ambiente limpos. Os materiais de alta qualidade e o design estrutural garantem excelente durabilidade, resistindo \u00e0 deforma\u00e7\u00e3o ou dano ao longo do tempo.<\/p>\n<p><a href=\"https:\/\/www.google.com\/search?q=manluenpack\" target=\"_blank\" rel=\"noopener\">Mais informa\u00e7\u00f5es\u2026<\/a><\/p>","protected":false},"excerpt":{"rendered":"<p>The WL-8307 Large Compartment Bento Box features a unique size design of 270*269*54mm, offering ample capacity with well-planned partitions to meet diverse dietary requirements. Made from premium materials, it is&hellip;<\/p>","protected":false},"featured_media":2896,"template":"","meta":{"_uag_custom_page_level_css":""},"product_brand":[],"product_cat":[19],"product_tag":[117,118],"class_list":{"0":"post-1779","1":"product","2":"type-product","3":"status-publish","4":"has-post-thumbnail","6":"product_cat-bento-boxes","7":"product_tag-bento-box","8":"product_tag-black","10":"first","11":"instock","12":"shipping-taxable","13":"purchasable","14":"product-type-simple"},"spectra_custom_meta":{"rank_math_internal_links_processed":["1","1","1","1","1","1","1","1","1","1","1","1","1","1","1","1","1","1","1","1","1","1","1","1","1","1","1","1","1","1","1"],"_sku":["WL-8307"],"_regular_price":["1"],"total_sales":["0"],"_tax_status":["taxable"],"_tax_class":[""],"_manage_stock":["no"],"_backorders":["no"],"_sold_individually":["no"],"_virtual":["no"],"_downloadable":["no"],"_product_image_gallery":["2901,2900,2899,2898,2897"],"_download_limit":["0"],"_download_expiry":["0"],"_thumbnail_id":["2896"],"_stock":[null],"_stock_status":["instock"],"_wc_average_rating":["0"],"_wc_review_count":["0"],"_product_attributes":["a:2:{s:9:\"item-size\";a:6:{s:4:\"name\";s:9:\"Item Size\";s:5:\"value\";s:12:\"270*269*54mm\";s:8:\"position\";i:0;s:10:\"is_visible\";i:1;s:12:\"is_variation\";i:0;s:11:\"is_taxonomy\";i:0;}s:7:\"qty-ctn\";a:6:{s:4:\"name\";s:7:\"QTY\/CTN\";s:5:\"value\";s:3:\"100\";s:8:\"position\";i:1;s:10:\"is_visible\";i:1;s:12:\"is_variation\";i:0;s:11:\"is_taxonomy\";i:0;}}"],"_product_version":["9.4.2"],"_price":["1"],"_wp_old_date":["2024-11-26"],"rank_math_analytic_object_id":["24"],"classic-editor-remember":["classic-editor"],"rank_math_seo_score":["81"],"rank_math_contentai_score":["a:5:{s:8:\"keywords\";s:5:\"74.51\";s:9:\"wordCount\";s:1:\"0\";s:9:\"linkCount\";s:1:\"0\";s:12:\"headingCount\";s:1:\"0\";s:10:\"mediaCount\";s:1:\"0\";}"],"_jet_woo_template":[""],"_template_type":["default"],"rank_math_primary_product_cat":["19"],"_ywraq_hide_quote_button_check":[""],"_ywraq_hide_quote_button":["0"],"_edit_lock":["1751905173:1"],"_edit_last":["1"],"_wp_old_slug":["large-5-compartment-bento-box-wl-8307"],"rank_math_focus_keyword":["Bento Box"],"_uag_css_file_name":["uag-css-1779.css"],"_uag_page_assets":["a:9:{s:3:\"css\";s:0:\"\";s:2:\"js\";s:0:\"\";s:18:\"current_block_list\";a:6:{i:0;s:10:\"core\/group\";i:1;s:12:\"core\/heading\";i:2;s:17:\"core\/latest-posts\";i:3;s:20:\"core\/latest-comments\";i:4;s:13:\"core\/archives\";i:5;s:15:\"core\/categories\";}s:8:\"uag_flag\";b:0;s:11:\"uag_version\";i:1777202860;s:6:\"gfonts\";a:0:{}s:10:\"gfonts_url\";s:0:\"\";s:12:\"gfonts_files\";a:0:{}s:14:\"uag_faq_layout\";b:0;}"]},"uagb_featured_image_src":{"full":["https:\/\/www.manluenpack.com\/wp-content\/uploads\/2025\/03\/WL-8307-manluen-bento-box-1.webp",1000,1000,false],"thumbnail":["https:\/\/www.manluenpack.com\/wp-content\/uploads\/2025\/03\/WL-8307-manluen-bento-box-1.webp",150,150,false],"medium":["https:\/\/www.manluenpack.com\/wp-content\/uploads\/2025\/03\/WL-8307-manluen-bento-box-1.webp",300,300,false],"medium_large":["https:\/\/www.manluenpack.com\/wp-content\/uploads\/2025\/03\/WL-8307-manluen-bento-box-1.webp",768,768,false],"large":["https:\/\/www.manluenpack.com\/wp-content\/uploads\/2025\/03\/WL-8307-manluen-bento-box-1.webp",1000,1000,false],"1536x1536":["https:\/\/www.manluenpack.com\/wp-content\/uploads\/2025\/03\/WL-8307-manluen-bento-box-1.webp",1000,1000,false],"2048x2048":["https:\/\/www.manluenpack.com\/wp-content\/uploads\/2025\/03\/WL-8307-manluen-bento-box-1.webp",1000,1000,false],"trp-custom-language-flag":["https:\/\/www.manluenpack.com\/wp-content\/uploads\/2025\/03\/WL-8307-manluen-bento-box-1.webp",12,12,false],"menu-24x24":["https:\/\/www.manluenpack.com\/wp-content\/uploads\/2025\/03\/WL-8307-manluen-bento-box-1.webp",24,24,false],"menu-36x36":["https:\/\/www.manluenpack.com\/wp-content\/uploads\/2025\/03\/WL-8307-manluen-bento-box-1.webp",36,36,false],"menu-48x48":["https:\/\/www.manluenpack.com\/wp-content\/uploads\/2025\/03\/WL-8307-manluen-bento-box-1.webp",48,48,false],"woocommerce_thumbnail":["https:\/\/www.manluenpack.com\/wp-content\/uploads\/2025\/03\/WL-8307-manluen-bento-box-1.webp",300,300,false],"woocommerce_single":["https:\/\/www.manluenpack.com\/wp-content\/uploads\/2025\/03\/WL-8307-manluen-bento-box-1.webp",600,600,false],"woocommerce_gallery_thumbnail":["https:\/\/www.manluenpack.com\/wp-content\/uploads\/2025\/03\/WL-8307-manluen-bento-box-1.webp",100,100,false]},"uagb_author_info":{"display_name":"ManLuenpack","author_link":"https:\/\/www.manluenpack.com\/pt\/author\/"},"uagb_comment_info":0,"uagb_excerpt":"The WL-8307 Large Compartment Bento Box features a unique size design of 270*269*54mm, offering ample capacity with well-planned partitions to meet diverse dietary requirements. Made from premium materials, it is&hellip;","_links":{"self":[{"href":"https:\/\/www.manluenpack.com\/pt\/wp-json\/wp\/v2\/product\/1779","targetHints":{"allow":["GET"]}}],"collection":[{"href":"https:\/\/www.manluenpack.com\/pt\/wp-json\/wp\/v2\/product"}],"about":[{"href":"https:\/\/www.manluenpack.com\/pt\/wp-json\/wp\/v2\/types\/product"}],"wp:featuredmedia":[{"embeddable":true,"href":"https:\/\/www.manluenpack.com\/pt\/wp-json\/wp\/v2\/media\/2896"}],"wp:attachment":[{"href":"https:\/\/www.manluenpack.com\/pt\/wp-json\/wp\/v2\/media?parent=1779"}],"wp:term":[{"taxonomy":"product_brand","embeddable":true,"href":"https:\/\/www.manluenpack.com\/pt\/wp-json\/wp\/v2\/product_brand?post=1779"},{"taxonomy":"product_cat","embeddable":true,"href":"https:\/\/www.manluenpack.com\/pt\/wp-json\/wp\/v2\/product_cat?post=1779"},{"taxonomy":"product_tag","embeddable":true,"href":"https:\/\/www.manluenpack.com\/pt\/wp-json\/wp\/v2\/product_tag?post=1779"}],"curies":[{"name":"wp","href":"https:\/\/api.w.org\/{rel}","templated":true}]}}