{"id":1769,"date":"2025-03-21T00:22:09","date_gmt":"2025-03-20T16:22:09","guid":{"rendered":"https:\/\/www.manluenpack.com\/?post_type=product&#038;p=1769"},"modified":"2025-07-08T00:20:43","modified_gmt":"2025-07-07T16:20:43","slug":"5-compartment-bento-box-wl-8306","status":"publish","type":"product","link":"https:\/\/www.manluenpack.com\/pt\/products\/5-compartment-bento-box-wl-8306\/","title":{"rendered":"WL-8306 Caixa de Bento Manluen"},"content":{"rendered":"<p>A caixa de Bento com cinco compartimentos WL-8306 apresenta um tamanho \u00fanico e refinado de 268*208*54 mm, dividido cientificamente em cinco compartimentos independentes para atender \u00e0s diversas necessidades de combina\u00e7\u00e3o de pratos. Leve, port\u00e1til, \u00e0 prova de vazamentos e fabricada com materiais seguros e ecol\u00f3gicos, \u00e9 dur\u00e1vel e f\u00e1cil de limpar, tornando-se a escolha perfeita para uma alimenta\u00e7\u00e3o saud\u00e1vel e uma vida conveniente.<\/p>\n<ul>\n<li>Tipo de Embalagem<br \/>\nCaixa de cart\u00e3o<\/li>\n<li>Cor<br \/>\nPreto<\/li>\n<li>Quantidade por Caixa<br \/>\n100 conjuntos<\/li>\n<li>Material<br \/>\nTampa: PET\/OPS Base: PS\/PP<\/li>\n<li>Especifica\u00e7\u00f5es de Embalagem<br \/>\n0,082 metros c\u00fabicos<\/li>\n<\/ul>\n<ul>\n<li style=\"list-style-type: none;\">\n<table style=\"height: 160px;\" width=\"500\"><!-- \u8868\u683c\u7684\u8fb9\u6846\u4e3a1\u4e2a\u50cf\u7d20 --><!-- \u5355\u5143\u683c\u7684\u5185\u8fb9\u8ddd\u4e3a1\u50cf\u7d20 --><!-- \u5355\u5143\u683c\u4e4b\u95f4\u7684\u95f4\u8ddd\u4e3a0\u50cf\u7d20 --><!-- \u8fb9\u6846\u89c4\u5219\u4e3a\u4e24\u4fa7\u8fb9\u6846 --><\/p>\n<tbody>\n<tr>\n<td align=\"center\" bgcolor=\"EFEFEF\"><\/td>\n<td align=\"center\" bgcolor=\"EFEFEF\">Tamanho do Produto<\/td>\n<td align=\"center\" bgcolor=\"EFEFEF\">Quantidade<\/td>\n<td align=\"center\" bgcolor=\"EFEFEF\">Dimens\u00e3o da Caixa<\/td>\n<\/tr>\n<tr>\n<td align=\"center\" bgcolor=\"EFEFEF\">WL-556<\/td>\n<td align=\"center\">271*209*40mm<\/td>\n<td align=\"center\">200<\/td>\n<td align=\"center\">560*350*435<\/td>\n<\/tr>\n<tr>\n<td align=\"center\" bgcolor=\"EFEFEF\">WL-8304<\/td>\n<td align=\"center\">239*190*44mm<\/td>\n<td align=\"center\">300<\/td>\n<td align=\"center\">600*380*500<\/td>\n<\/tr>\n<tr>\n<td align=\"center\" bgcolor=\"EFEFEF\">WL-8305<\/td>\n<td align=\"center\">239*190*54mm<\/td>\n<td align=\"center\">300<\/td>\n<td align=\"center\">585*345*486<\/td>\n<\/tr>\n<tr>\n<td align=\"center\" bgcolor=\"EFEFEF\">WL-8306<\/td>\n<td align=\"center\">268*208*54mm<\/td>\n<td align=\"center\">200<\/td>\n<td align=\"center\">550*345*430<\/td>\n<\/tr>\n<tr>\n<td align=\"center\" bgcolor=\"EFEFEF\">WL-8307<\/td>\n<td align=\"center\">270*269*54mm<\/td>\n<td align=\"center\">100<\/td>\n<td align=\"center\">560*400*285<\/td>\n<\/tr>\n<\/tbody>\n<\/table>\n<\/li>\n<li><a href=\"https:\/\/www.manluenpack.com\/pt\/products\/\">Mais estilo, mais estilos\u2026<\/a><\/li>\n<\/ul>\n<h3><strong><b>Embalagem e entrega<\/b><\/strong><\/h3>\n<p>Esta caixa de Bento com cinco compartimentos apresenta um design de embalagem simples, mas elegante, refletindo qualidade e aten\u00e7\u00e3o aos detalhes. Cada produto \u00e9 cuidadosamente embrulhado em material ecol\u00f3gico, oferecendo prote\u00e7\u00e3o \u00e0 prova de choque e resist\u00eancia \u00e0 press\u00e3o para garantir que chegue intacto. Cada detalhe \u00e9 rigorosamente inspecionado, garantindo uma entrega r\u00e1pida e segura \u00e0s suas m\u00e3os, proporcionando uma experi\u00eancia de desembrulho agrad\u00e1vel.<\/p>\n<h3><strong><b>Cen\u00e1rios de uso<\/b><\/strong><strong><b>\u00a0\u00a0<\/b><\/strong><\/h3>\n<p>A caixa de Bento quente com cinco compartimentos WL-8306 \u00e9 vers\u00e1til o suficiente para almo\u00e7os no local de trabalho, caixas de refei\u00e7\u00f5es para estudantes, passeios de fim de semana ou dietas de fitness. Sua divis\u00e3o cient\u00edfica e design port\u00e1til fazem da sa\u00fade e do sabor uma combina\u00e7\u00e3o perfeita, adicionando requinte e conveni\u00eancia a cada refei\u00e7\u00e3o.<\/p>\n<h3><strong><b>\u00c0 Prova de Fugas e Durabilidade Robusta<\/b><\/strong><\/h3>\n<p>A caixa de Bento WL-8306 apresenta excelente desempenho de veda\u00e7\u00e3o, com cada compartimento equipado com uma tampa ajustada ou sistema de fecho por encaixe. Al\u00e9m disso, seus materiais robustos e artesanato meticuloso garantem durabilidade prolongada, resistindo a danos mesmo ap\u00f3s uso prolongado.<\/p>\n<h3><strong><b>Design empilh\u00e1vel \u00a0<\/b><\/strong><\/h3>\n<p>Nossa caixa de Bento com cinco compartimentos apresenta um design inteligente empilh\u00e1vel que economiza espa\u00e7o e melhora a efici\u00eancia de armazenamento. Seja para armazenamento em casa ou transporte em movimento, sua estrutura de empilhamento resistente garante uma coloca\u00e7\u00e3o ordenada e f\u00e1cil acesso, adicionando uma sensa\u00e7\u00e3o de ordem e eleg\u00e2ncia ao dia a dia.<\/p>","protected":false},"excerpt":{"rendered":"<p>The WL-8306 Five-compartment Bento Box features a unique and refined size of 268*208*54 mm, scientifically divided into five independent compartments to meet diverse dish-pairing needs. Lightweight, portable, leak-proof, and made&hellip;<\/p>","protected":false},"featured_media":2482,"template":"","meta":{"_uag_custom_page_level_css":""},"product_brand":[],"product_cat":[19],"product_tag":[117,118,120],"class_list":{"0":"post-1769","1":"product","2":"type-product","3":"status-publish","4":"has-post-thumbnail","6":"product_cat-bento-boxes","7":"product_tag-bento-box","8":"product_tag-black","9":"product_tag-compartments","11":"first","12":"instock","13":"shipping-taxable","14":"purchasable","15":"product-type-simple"},"spectra_custom_meta":{"rank_math_internal_links_processed":["1","1","1","1","1","1","1","1","1","1","1","1","1","1","1","1","1","1","1","1","1","1","1","1","1"],"_sku":["WL-8306-BLACK"],"_regular_price":["1"],"total_sales":["0"],"_tax_status":["taxable"],"_tax_class":[""],"_manage_stock":["no"],"_backorders":["no"],"_sold_individually":["no"],"_virtual":["no"],"_downloadable":["no"],"_product_image_gallery":["2483,2484,2485,2486,2487"],"_download_limit":["0"],"_download_expiry":["0"],"_thumbnail_id":["2482"],"_stock":[null],"_stock_status":["instock"],"_wc_average_rating":["0"],"_wc_review_count":["0"],"_product_attributes":["a:2:{s:9:\"item-size\";a:6:{s:4:\"name\";s:9:\"Item Size\";s:5:\"value\";s:12:\"268*208*54mm\";s:8:\"position\";i:0;s:10:\"is_visible\";i:1;s:12:\"is_variation\";i:0;s:11:\"is_taxonomy\";i:0;}s:7:\"qty-ctn\";a:6:{s:4:\"name\";s:7:\"QTY\/CTN\";s:5:\"value\";s:3:\"200\";s:8:\"position\";i:1;s:10:\"is_visible\";i:1;s:12:\"is_variation\";i:0;s:11:\"is_taxonomy\";i:0;}}"],"_product_version":["9.4.2"],"_price":["1"],"_wp_old_date":["2024-11-26"],"rank_math_analytic_object_id":["24"],"classic-editor-remember":["classic-editor"],"rank_math_seo_score":["73"],"rank_math_contentai_score":["a:5:{s:8:\"keywords\";s:5:\"74.51\";s:9:\"wordCount\";s:1:\"0\";s:9:\"linkCount\";s:1:\"0\";s:12:\"headingCount\";s:1:\"0\";s:10:\"mediaCount\";s:1:\"0\";}"],"_jet_woo_template":[""],"_template_type":["default"],"rank_math_primary_product_cat":["19"],"_ywraq_hide_quote_button_check":[""],"_ywraq_hide_quote_button":["0"],"_edit_lock":["1751905183:1"],"_edit_last":["1"],"rank_math_focus_keyword":["bento box"],"_uag_css_file_name":["uag-css-1769.css"],"_uag_page_assets":["a:9:{s:3:\"css\";s:263:\".uag-blocks-common-selector{z-index:var(--z-index-desktop) !important}@media (max-width: 976px){.uag-blocks-common-selector{z-index:var(--z-index-tablet) !important}}@media (max-width: 767px){.uag-blocks-common-selector{z-index:var(--z-index-mobile) !important}}\n\";s:2:\"js\";s:0:\"\";s:18:\"current_block_list\";a:6:{i:0;s:10:\"core\/group\";i:1;s:12:\"core\/heading\";i:2;s:17:\"core\/latest-posts\";i:3;s:20:\"core\/latest-comments\";i:4;s:13:\"core\/archives\";i:5;s:15:\"core\/categories\";}s:8:\"uag_flag\";b:0;s:11:\"uag_version\";i:1777193483;s:6:\"gfonts\";a:0:{}s:10:\"gfonts_url\";s:0:\"\";s:12:\"gfonts_files\";a:0:{}s:14:\"uag_faq_layout\";b:0;}"]},"uagb_featured_image_src":{"full":["https:\/\/www.manluenpack.com\/wp-content\/uploads\/2025\/03\/WL-8306-manluen-custom-bento-box.webp",1000,1000,false],"thumbnail":["https:\/\/www.manluenpack.com\/wp-content\/uploads\/2025\/03\/WL-8306-manluen-custom-bento-box.webp",150,150,false],"medium":["https:\/\/www.manluenpack.com\/wp-content\/uploads\/2025\/03\/WL-8306-manluen-custom-bento-box.webp",300,300,false],"medium_large":["https:\/\/www.manluenpack.com\/wp-content\/uploads\/2025\/03\/WL-8306-manluen-custom-bento-box.webp",768,768,false],"large":["https:\/\/www.manluenpack.com\/wp-content\/uploads\/2025\/03\/WL-8306-manluen-custom-bento-box.webp",1000,1000,false],"1536x1536":["https:\/\/www.manluenpack.com\/wp-content\/uploads\/2025\/03\/WL-8306-manluen-custom-bento-box.webp",1000,1000,false],"2048x2048":["https:\/\/www.manluenpack.com\/wp-content\/uploads\/2025\/03\/WL-8306-manluen-custom-bento-box.webp",1000,1000,false],"trp-custom-language-flag":["https:\/\/www.manluenpack.com\/wp-content\/uploads\/2025\/03\/WL-8306-manluen-custom-bento-box.webp",12,12,false],"menu-24x24":["https:\/\/www.manluenpack.com\/wp-content\/uploads\/2025\/03\/WL-8306-manluen-custom-bento-box.webp",24,24,false],"menu-36x36":["https:\/\/www.manluenpack.com\/wp-content\/uploads\/2025\/03\/WL-8306-manluen-custom-bento-box.webp",36,36,false],"menu-48x48":["https:\/\/www.manluenpack.com\/wp-content\/uploads\/2025\/03\/WL-8306-manluen-custom-bento-box.webp",48,48,false],"woocommerce_thumbnail":["https:\/\/www.manluenpack.com\/wp-content\/uploads\/2025\/03\/WL-8306-manluen-custom-bento-box.webp",300,300,false],"woocommerce_single":["https:\/\/www.manluenpack.com\/wp-content\/uploads\/2025\/03\/WL-8306-manluen-custom-bento-box.webp",600,600,false],"woocommerce_gallery_thumbnail":["https:\/\/www.manluenpack.com\/wp-content\/uploads\/2025\/03\/WL-8306-manluen-custom-bento-box.webp",100,100,false]},"uagb_author_info":{"display_name":"ManLuenpack","author_link":"https:\/\/www.manluenpack.com\/pt\/author\/"},"uagb_comment_info":0,"uagb_excerpt":"The WL-8306 Five-compartment Bento Box features a unique and refined size of 268*208*54 mm, scientifically divided into five independent compartments to meet diverse dish-pairing needs. Lightweight, portable, leak-proof, and made&hellip;","_links":{"self":[{"href":"https:\/\/www.manluenpack.com\/pt\/wp-json\/wp\/v2\/product\/1769","targetHints":{"allow":["GET"]}}],"collection":[{"href":"https:\/\/www.manluenpack.com\/pt\/wp-json\/wp\/v2\/product"}],"about":[{"href":"https:\/\/www.manluenpack.com\/pt\/wp-json\/wp\/v2\/types\/product"}],"wp:featuredmedia":[{"embeddable":true,"href":"https:\/\/www.manluenpack.com\/pt\/wp-json\/wp\/v2\/media\/2482"}],"wp:attachment":[{"href":"https:\/\/www.manluenpack.com\/pt\/wp-json\/wp\/v2\/media?parent=1769"}],"wp:term":[{"taxonomy":"product_brand","embeddable":true,"href":"https:\/\/www.manluenpack.com\/pt\/wp-json\/wp\/v2\/product_brand?post=1769"},{"taxonomy":"product_cat","embeddable":true,"href":"https:\/\/www.manluenpack.com\/pt\/wp-json\/wp\/v2\/product_cat?post=1769"},{"taxonomy":"product_tag","embeddable":true,"href":"https:\/\/www.manluenpack.com\/pt\/wp-json\/wp\/v2\/product_tag?post=1769"}],"curies":[{"name":"wp","href":"https:\/\/api.w.org\/{rel}","templated":true}]}}