{"id":1757,"date":"2025-03-15T19:19:22","date_gmt":"2025-03-15T11:19:22","guid":{"rendered":"https:\/\/www.manluenpack.com\/?post_type=product&#038;p=1757"},"modified":"2025-07-10T21:15:18","modified_gmt":"2025-07-10T13:15:18","slug":"boat-shaped-sushi-tray-wl-b16","status":"publish","type":"product","link":"https:\/\/www.manluenpack.com\/pt\/products\/boat-shaped-sushi-tray-wl-b16\/","title":{"rendered":"Bandeja de Sushi Manluen WL-B16"},"content":{"rendered":"<p>A Bandeja de Sushi WL-B16 Manluen apresenta um design sofisticado de 293*160*50 mm, equilibrando perfeitamente capacidade e beleza. Sua silhueta suave e esguia \u00e9 elegante e vers\u00e1til, tornando-se ideal para servir pratos como sushi e sashimi. Economiza espa\u00e7o enquanto real\u00e7a a apresenta\u00e7\u00e3o visual dos pratos. Feita com materiais de alta qualidade, possui uma textura suave e \u00e9 f\u00e1cil de limpar, tornando-se ideal para restaurantes japoneses, reuni\u00f5es familiares ou banquetes.<\/p>\n<ul>\n<li>Tipo de Embalagem<br \/>\nCaixa de cart\u00e3o<\/li>\n<li>Cor<br \/>\nPreto<\/li>\n<li>Quantidade por Caixa<br \/>\n200 conjuntos<\/li>\n<li>Material<br \/>\nTampa: OPS, Base: PS\/PP<\/li>\n<li>Especifica\u00e7\u00f5es de Embalagem<br \/>\n0,068 metros c\u00fabicos<\/li>\n<\/ul>\n<p>Embalagem e Entrega<\/p>\n<p>A Bandeja de Sushi WL-B16 Manluen com Tampa \u00e9 embalada numa embalagem ecol\u00f3gica e elegante. A embalagem exterior \u00e9 robusta e duradoura e cont\u00e9m materiais absorventes de choque para garantir que o produto chegue intacto durante o transporte. Comprometemo-nos com uma entrega eficiente e fornecemos servi\u00e7os completos de rastreamento log\u00edstico para garantir que cada item seja entregue a tempo. Seja uma compra em grande quantidade ou um pedido personalizado, a Bandeja de Sushi WL-B16 Manluen chegar\u00e1 intacta, acompanhando-o numa jornada de experi\u00eancias gastron\u00f3micas requintadas.<\/p>\n<p>Cen\u00e1rios de uso<\/p>\n<p>Quer seja uma reuni\u00e3o familiar calorosa ou uma apresenta\u00e7\u00e3o requintada num restaurante japon\u00eas de alta gama, a Bandeja de Sushi em Forma de Barco WL-B16 Manluen pode ser perfeitamente integrada em v\u00e1rias ocasi\u00f5es. Pode conter sushi, sashimi e v\u00e1rios aperitivos, tornando-se um foco art\u00edstico na mesa. Durante o ch\u00e1 da tarde, tamb\u00e9m pode exibir elegantemente sobremesas e frutas, acrescentando um toque ritual\u00edstico a cada momento. Desde o dia a dia at\u00e9 celebra\u00e7\u00f5es festivas, esta bandeja de sushi pode acrescentar um charme \u00fanico a cada prato.<\/p>\n<p>Ampla resist\u00eancia a temperaturas<\/p>\n<p>A nossa Bandeja de Sushi WL-B16 Manluen Black Sakura funciona bem numa vasta gama de temperaturas, desde refrigera\u00e7\u00e3o at\u00e9 aquecimento em micro-ondas, atendendo eficazmente \u00e0s v\u00e1rias necessidades de uso. A sua excelente resist\u00eancia t\u00e9rmica n\u00e3o s\u00f3 garante a seguran\u00e7a e qualidade dos alimentos, mas tamb\u00e9m proporciona m\u00e1xima conveni\u00eancia aos utilizadores, tornando-se uma escolha ideal para v\u00e1rias ocasi\u00f5es de refei\u00e7\u00e3o.<\/p>\n<p>Design empilh\u00e1vel<\/p>\n<p>Esta Bandeja de Sushi WL-B16 Manluen Black Sakura adota um design inovador empilh\u00e1vel e \u00e9 cuidadosamente fabricada para facilitar o armazenamento e transporte. A empilhagem em v\u00e1rias camadas economiza espa\u00e7o e \u00e9 ideal para encomendas em grande quantidade e armazenamento.<\/p>\n<p>\u00c0 prova de vazamentos e dur\u00e1vel<\/p>\n<p>A Bandeja de Sushi WL-B16 Manluen com Tampa apresenta um design de borda \u00e0 prova de vazamentos para evitar que os sucos dos alimentos derramem. A bandeja \u00e9 feita de material resistente com forte resist\u00eancia ao impacto e durabilidade, n\u00e3o deformando nem quebrando mesmo ap\u00f3s uso prolongado.<\/p>","protected":false},"excerpt":{"rendered":"<p>The WL-B16 Manluen Sushi Tray features a sophisticated 293*160*50 mm design, striking a perfect balance between capacity and beauty. Its smooth and slender silhouette is both elegant and versatile, making&hellip;<\/p>","protected":false},"featured_media":3339,"template":"","meta":{"_uag_custom_page_level_css":""},"product_brand":[],"product_cat":[23],"product_tag":[114,115,119],"class_list":{"0":"post-1757","1":"product","2":"type-product","3":"status-publish","4":"has-post-thumbnail","6":"product_cat-sushi-trays","7":"product_tag-boat-shaped","8":"product_tag-maple-leaf","9":"product_tag-sushi-box","11":"first","12":"instock","13":"shipping-taxable","14":"purchasable","15":"product-type-simple"},"spectra_custom_meta":{"rank_math_internal_links_processed":["1","1","1","1","1","1","1","1","1","1","1","1","1","1","1","1","1","1","1","1"],"_sku":["WL-B16"],"_regular_price":["1"],"total_sales":["0"],"_tax_status":["taxable"],"_tax_class":[""],"_manage_stock":["no"],"_backorders":["no"],"_sold_individually":["no"],"_virtual":["no"],"_downloadable":["no"],"_product_image_gallery":["3338,3337,3336,3335"],"_download_limit":["0"],"_download_expiry":["0"],"_thumbnail_id":["3339"],"_stock":[null],"_stock_status":["instock"],"_wc_average_rating":["0"],"_wc_review_count":["0"],"_product_attributes":["a:2:{s:9:\"item-size\";a:6:{s:4:\"name\";s:9:\"Item Size\";s:5:\"value\";s:12:\"293*160*50mm\";s:8:\"position\";i:0;s:10:\"is_visible\";i:1;s:12:\"is_variation\";i:0;s:11:\"is_taxonomy\";i:0;}s:7:\"qty-ctn\";a:6:{s:4:\"name\";s:7:\"QTY\/CTN\";s:5:\"value\";s:3:\"200\";s:8:\"position\";i:1;s:10:\"is_visible\";i:1;s:12:\"is_variation\";i:0;s:11:\"is_taxonomy\";i:0;}}"],"_product_version":["9.4.2"],"_price":["1"],"_wp_old_date":["2024-11-26"],"rank_math_analytic_object_id":["24"],"classic-editor-remember":["classic-editor"],"rank_math_seo_score":["68"],"rank_math_contentai_score":["a:5:{s:8:\"keywords\";s:5:\"74.51\";s:9:\"wordCount\";s:1:\"0\";s:9:\"linkCount\";s:1:\"0\";s:12:\"headingCount\";s:1:\"0\";s:10:\"mediaCount\";s:1:\"0\";}"],"_jet_woo_template":[""],"_template_type":["default"],"rank_math_primary_product_cat":["19"],"_ywraq_hide_quote_button_check":[""],"_ywraq_hide_quote_button":["0"],"_edit_lock":["1754365137:1"],"_edit_last":["1"],"_wp_old_slug":["class-benbo-takeaway-box-wl-8507"],"rank_math_focus_keyword":["sushi tray"],"_uag_css_file_name":["uag-css-1757.css"],"_uag_page_assets":["a:9:{s:3:\"css\";s:0:\"\";s:2:\"js\";s:0:\"\";s:18:\"current_block_list\";a:6:{i:0;s:10:\"core\/group\";i:1;s:12:\"core\/heading\";i:2;s:17:\"core\/latest-posts\";i:3;s:20:\"core\/latest-comments\";i:4;s:13:\"core\/archives\";i:5;s:15:\"core\/categories\";}s:8:\"uag_flag\";b:0;s:11:\"uag_version\";i:1777278593;s:6:\"gfonts\";a:0:{}s:10:\"gfonts_url\";s:0:\"\";s:12:\"gfonts_files\";a:0:{}s:14:\"uag_faq_layout\";b:0;}"]},"uagb_featured_image_src":{"full":["https:\/\/www.manluenpack.com\/wp-content\/uploads\/2025\/03\/WL-B16-manluen-sushi-tray.webp",1100,1100,false],"thumbnail":["https:\/\/www.manluenpack.com\/wp-content\/uploads\/2025\/03\/WL-B16-manluen-sushi-tray.webp",150,150,false],"medium":["https:\/\/www.manluenpack.com\/wp-content\/uploads\/2025\/03\/WL-B16-manluen-sushi-tray.webp",300,300,false],"medium_large":["https:\/\/www.manluenpack.com\/wp-content\/uploads\/2025\/03\/WL-B16-manluen-sushi-tray.webp",768,768,false],"large":["https:\/\/www.manluenpack.com\/wp-content\/uploads\/2025\/03\/WL-B16-manluen-sushi-tray.webp",1024,1024,false],"1536x1536":["https:\/\/www.manluenpack.com\/wp-content\/uploads\/2025\/03\/WL-B16-manluen-sushi-tray.webp",1100,1100,false],"2048x2048":["https:\/\/www.manluenpack.com\/wp-content\/uploads\/2025\/03\/WL-B16-manluen-sushi-tray.webp",1100,1100,false],"trp-custom-language-flag":["https:\/\/www.manluenpack.com\/wp-content\/uploads\/2025\/03\/WL-B16-manluen-sushi-tray.webp",12,12,false],"menu-24x24":["https:\/\/www.manluenpack.com\/wp-content\/uploads\/2025\/03\/WL-B16-manluen-sushi-tray.webp",24,24,false],"menu-36x36":["https:\/\/www.manluenpack.com\/wp-content\/uploads\/2025\/03\/WL-B16-manluen-sushi-tray.webp",36,36,false],"menu-48x48":["https:\/\/www.manluenpack.com\/wp-content\/uploads\/2025\/03\/WL-B16-manluen-sushi-tray.webp",48,48,false],"woocommerce_thumbnail":["https:\/\/www.manluenpack.com\/wp-content\/uploads\/2025\/03\/WL-B16-manluen-sushi-tray.webp",300,300,false],"woocommerce_single":["https:\/\/www.manluenpack.com\/wp-content\/uploads\/2025\/03\/WL-B16-manluen-sushi-tray.webp",600,600,false],"woocommerce_gallery_thumbnail":["https:\/\/www.manluenpack.com\/wp-content\/uploads\/2025\/03\/WL-B16-manluen-sushi-tray.webp",100,100,false]},"uagb_author_info":{"display_name":"ManLuenpack","author_link":"https:\/\/www.manluenpack.com\/pt\/author\/"},"uagb_comment_info":0,"uagb_excerpt":"The WL-B16 Manluen Sushi Tray features a sophisticated 293*160*50 mm design, striking a perfect balance between capacity and beauty. Its smooth and slender silhouette is both elegant and versatile, making&hellip;","_links":{"self":[{"href":"https:\/\/www.manluenpack.com\/pt\/wp-json\/wp\/v2\/product\/1757","targetHints":{"allow":["GET"]}}],"collection":[{"href":"https:\/\/www.manluenpack.com\/pt\/wp-json\/wp\/v2\/product"}],"about":[{"href":"https:\/\/www.manluenpack.com\/pt\/wp-json\/wp\/v2\/types\/product"}],"wp:featuredmedia":[{"embeddable":true,"href":"https:\/\/www.manluenpack.com\/pt\/wp-json\/wp\/v2\/media\/3339"}],"wp:attachment":[{"href":"https:\/\/www.manluenpack.com\/pt\/wp-json\/wp\/v2\/media?parent=1757"}],"wp:term":[{"taxonomy":"product_brand","embeddable":true,"href":"https:\/\/www.manluenpack.com\/pt\/wp-json\/wp\/v2\/product_brand?post=1757"},{"taxonomy":"product_cat","embeddable":true,"href":"https:\/\/www.manluenpack.com\/pt\/wp-json\/wp\/v2\/product_cat?post=1757"},{"taxonomy":"product_tag","embeddable":true,"href":"https:\/\/www.manluenpack.com\/pt\/wp-json\/wp\/v2\/product_tag?post=1757"}],"curies":[{"name":"wp","href":"https:\/\/api.w.org\/{rel}","templated":true}]}}