{"id":1755,"date":"2025-03-15T19:14:25","date_gmt":"2025-03-15T11:14:25","guid":{"rendered":"https:\/\/www.manluenpack.com\/?post_type=product&#038;p=1755"},"modified":"2025-07-10T21:40:02","modified_gmt":"2025-07-10T13:40:02","slug":"wl-40b-manluen-sushi-tray","status":"publish","type":"product","link":"https:\/\/www.manluenpack.com\/pt\/products\/wl-40b-manluen-sushi-tray\/","title":{"rendered":"Bandeja de Sushi Manluen WL-40B"},"content":{"rendered":"<p>A nossa Bandeja de Sushi com Forma de Barco WL-40B Manluen apresenta um design \u00fanico de 190*190*40 mm que \u00e9 compacto mas espa\u00e7oso, perfeitamente adequado para refei\u00e7\u00f5es familiares e encontros elegantes. Sua forma de barco aerodin\u00e2mica e material de bambu natural oferecem uma sensa\u00e7\u00e3o leve com uma textura naturalmente refinada.<\/p>\n<ul>\n<li>Tipo de Embalagem<br \/>\nCaixa de cart\u00e3o<\/li>\n<li>Cor<br \/>\nAzul Claro<\/li>\n<li>Quantidade por Caixa<br \/>\n400 conjuntos<\/li>\n<li>Material<br \/>\nTampa: OPS\/PET Base: PS\/PP<\/li>\n<li>Especifica\u00e7\u00f5es de Embalagem<br \/>\n0,088 metros c\u00fabicos<\/li>\n<\/ul>\n<p>&nbsp;<\/p>\n<ul>\n<li style=\"list-style-type: none;\">\n<table style=\"height: 160px;\" width=\"500\"><!-- \u8868\u683c\u7684\u8fb9\u6846\u4e3a1\u4e2a\u50cf\u7d20 --><!-- \u5355\u5143\u683c\u7684\u5185\u8fb9\u8ddd\u4e3a1\u50cf\u7d20 --><!-- \u5355\u5143\u683c\u4e4b\u95f4\u7684\u95f4\u8ddd\u4e3a0\u50cf\u7d20 --><!-- \u8fb9\u6846\u89c4\u5219\u4e3a\u4e24\u4fa7\u8fb9\u6846 --><\/p>\n<tbody>\n<tr>\n<td align=\"center\" bgcolor=\"EFEFEF\"><\/td>\n<td align=\"center\" bgcolor=\"EFEFEF\">Tamanho do Produto<\/td>\n<td align=\"center\" bgcolor=\"EFEFEF\">Quantidade<\/td>\n<td align=\"center\" bgcolor=\"EFEFEF\">Dimens\u00e3o da Caixa<\/td>\n<\/tr>\n<tr>\n<td align=\"center\" bgcolor=\"EFEFEF\">WL-20B<\/td>\n<td align=\"center\">195*118*40mm<\/td>\n<td align=\"center\">400<\/td>\n<td align=\"center\">500*435*415<\/td>\n<\/tr>\n<tr>\n<td align=\"center\" bgcolor=\"EFEFEF\">WL-30B<\/td>\n<td align=\"center\">243*118*40mm<\/td>\n<td align=\"center\">400<\/td>\n<td align=\"center\">495*430*370<\/td>\n<\/tr>\n<tr>\n<td align=\"center\" bgcolor=\"EFEFEF\">WL-40B<\/td>\n<td align=\"center\">190*190*40mm<\/td>\n<td align=\"center\">400<\/td>\n<td align=\"center\">580*390*390<\/td>\n<\/tr>\n<\/tbody>\n<\/table>\n<\/li>\n<li><a href=\"https:\/\/www.manluenpack.com\/pt\/products\/\">Mais estilo, mais estilos\u2026<\/a><\/li>\n<\/ul>\n<h3><strong>Embalagem e entrega<\/strong><\/h3>\n<p>A Bandeja de Sushi WL-40B Manluen com Tampa vem em embalagem de caixa de presente ecol\u00f3gica, simples mas sofisticada, refletindo um gosto refinado. Seja para uso pessoal ou presente, transmite aten\u00e7\u00e3o. Cada produto \u00e9 protegido com medidas anti-choque para garantir uma transi\u00e7\u00e3o segura. Com entrega r\u00e1pida e servi\u00e7o atencioso, a sua jornada para um estilo de vida elegante come\u00e7a imediatamente.<\/p>\n<h3><strong>Cen\u00e1rios de uso<\/strong><strong>\u00a0\u00a0<\/strong><\/h3>\n<p>Quer seja para jantares familiares acolhedores, ch\u00e1 da tarde elegante ou entretenimento sofisticado, a Bandeja de Sushi WL-40B Manluen Transparente Azul destaca-se sem esfor\u00e7o. Seu design gracioso e funcionalidade pr\u00e1tica elevam sushi, sashimi e outras iguarias a obras de arte, transformando cada momento \u00e0 mesa numa festa para os olhos e o paladar.<\/p>\n<h3><strong>Ampla Resist\u00eancia a Temperaturas \u00a0<\/strong><\/h3>\n<p>Esta Bandeja de Sushi WL-40B Manluen Transparente Azul possui excelente resist\u00eancia a temperaturas, mantendo sua forma e desempenho sob temperaturas variadas, seja fria ou quente. Atende eficazmente \u00e0s diversas necessidades de uso, garantindo seguran\u00e7a e qualidade dos alimentos. Sua resist\u00eancia superior a temperaturas faz dela uma escolha top para todas as ocasi\u00f5es de refei\u00e7\u00e3o.<\/p>\n<h3><strong>Design empilh\u00e1vel <\/strong><strong>\u00a0<\/strong><\/h3>\n<p>O design inteligente empilh\u00e1vel da nossa bandeja de sushi maximiza o espa\u00e7o, facilitando o armazenamento e organiza\u00e7\u00e3o tanto em cozinhas dom\u00e9sticas quanto em ambientes comerciais. Isso garante que eleg\u00e2ncia e praticidade coexistam harmoniosamente.<\/p>\n<h3><strong>\u00c0 Prova de Vazamentos e Dur\u00e1vel \u00a0<\/strong><\/h3>\n<p>As bordas de design apertado desta bandeja de sushi evitam vazamentos de l\u00edquidos, mantendo as superf\u00edcies limpas e organizadas. O material OPS de alta resist\u00eancia garante que a bandeja permane\u00e7a resistente \u00e0 deforma\u00e7\u00e3o ou quebra ao longo do uso prolongado, demonstrando uma durabilidade excecional.<\/p>\n<h3><strong>Seguro e Reutiliz\u00e1vel \u00a0<\/strong><\/h3>\n<p>O nosso produto passa por rigorosos controles de qualidade e testes de seguran\u00e7a para garantir que n\u00e3o sejam libertadas subst\u00e2ncias nocivas, cumprindo os padr\u00f5es ambientais. O acabamento de superf\u00edcie lisa evita ferimentos nas m\u00e3os, garantindo uso seguro e sem preocupa\u00e7\u00f5es. Al\u00e9m disso, esta Bandeja de Sushi Cl\u00e1ssica com Forma de Barco WL-40B suporta lavagens e reutiliza\u00e7\u00f5es repetidas, reduzindo custos operacionais para restaurantes e neg\u00f3cios de retalho, alinhando-se com princ\u00edpios ecol\u00f3gicos modernos.<\/p>","protected":false},"excerpt":{"rendered":"<p>Our WL-40B Manluen Boat-Shaped Sushi Tray features a unique 190*190*40 mm design that is compact yet spacious, perfectly suited for family meals and elegant gatherings. Its streamlined boat shape and&hellip;<\/p>","protected":false},"featured_media":3124,"template":"","meta":{"_uag_custom_page_level_css":""},"product_brand":[],"product_cat":[23],"product_tag":[114,115,102],"class_list":{"0":"post-1755","1":"product","2":"type-product","3":"status-publish","4":"has-post-thumbnail","6":"product_cat-sushi-trays","7":"product_tag-boat-shaped","8":"product_tag-maple-leaf","9":"product_tag-sushi","11":"first","12":"instock","13":"shipping-taxable","14":"purchasable","15":"product-type-simple"},"spectra_custom_meta":{"rank_math_internal_links_processed":["1","1","1","1","1","1","1","1","1","1","1","1","1","1","1","1","1","1","1"],"_sku":["WL-40B"],"_regular_price":["1"],"total_sales":["0"],"_tax_status":["taxable"],"_tax_class":[""],"_manage_stock":["no"],"_backorders":["no"],"_sold_individually":["no"],"_virtual":["no"],"_downloadable":["no"],"_download_limit":["0"],"_download_expiry":["0"],"_stock":[null],"_stock_status":["instock"],"_wc_average_rating":["0"],"_wc_review_count":["0"],"_product_attributes":["a:2:{s:9:\"item-size\";a:6:{s:4:\"name\";s:9:\"Item Size\";s:5:\"value\";s:12:\"190*190*60mm\";s:8:\"position\";i:0;s:10:\"is_visible\";i:1;s:12:\"is_variation\";i:0;s:11:\"is_taxonomy\";i:0;}s:7:\"qty-ctn\";a:6:{s:4:\"name\";s:7:\"QTY\/CTN\";s:5:\"value\";s:3:\"300\";s:8:\"position\";i:1;s:10:\"is_visible\";i:1;s:12:\"is_variation\";i:0;s:11:\"is_taxonomy\";i:0;}}"],"_product_version":["9.4.2"],"_price":["1"],"_wp_old_date":["2024-11-26"],"rank_math_analytic_object_id":["24"],"classic-editor-remember":["classic-editor"],"rank_math_seo_score":["75"],"rank_math_contentai_score":["a:5:{s:8:\"keywords\";s:5:\"74.51\";s:9:\"wordCount\";s:1:\"0\";s:9:\"linkCount\";s:1:\"0\";s:12:\"headingCount\";s:1:\"0\";s:10:\"mediaCount\";s:1:\"0\";}"],"_jet_woo_template":[""],"_template_type":["default"],"rank_math_primary_product_cat":["23"],"_ywraq_hide_quote_button_check":[""],"_ywraq_hide_quote_button":["0"],"_edit_lock":["1754365237:1"],"_edit_last":["1"],"_wp_old_slug":["boat-shaped-sushi-tray-wl-40b"],"rank_math_focus_keyword":["sushi tray"],"_thumbnail_id":["3124"],"_product_image_gallery":["3127,3126,3128,3125"],"_uag_css_file_name":["uag-css-1755.css"],"_uag_page_assets":["a:9:{s:3:\"css\";s:0:\"\";s:2:\"js\";s:0:\"\";s:18:\"current_block_list\";a:6:{i:0;s:10:\"core\/group\";i:1;s:12:\"core\/heading\";i:2;s:17:\"core\/latest-posts\";i:3;s:20:\"core\/latest-comments\";i:4;s:13:\"core\/archives\";i:5;s:15:\"core\/categories\";}s:8:\"uag_flag\";b:0;s:11:\"uag_version\";i:1777284572;s:6:\"gfonts\";a:0:{}s:10:\"gfonts_url\";s:0:\"\";s:12:\"gfonts_files\";a:0:{}s:14:\"uag_faq_layout\";b:0;}"]},"uagb_featured_image_src":{"full":["https:\/\/www.manluenpack.com\/wp-content\/uploads\/2025\/03\/WL-40B-manluen-party-sushi-tray.webp",1000,1000,false],"thumbnail":["https:\/\/www.manluenpack.com\/wp-content\/uploads\/2025\/03\/WL-40B-manluen-party-sushi-tray.webp",150,150,false],"medium":["https:\/\/www.manluenpack.com\/wp-content\/uploads\/2025\/03\/WL-40B-manluen-party-sushi-tray.webp",300,300,false],"medium_large":["https:\/\/www.manluenpack.com\/wp-content\/uploads\/2025\/03\/WL-40B-manluen-party-sushi-tray.webp",768,768,false],"large":["https:\/\/www.manluenpack.com\/wp-content\/uploads\/2025\/03\/WL-40B-manluen-party-sushi-tray.webp",1000,1000,false],"1536x1536":["https:\/\/www.manluenpack.com\/wp-content\/uploads\/2025\/03\/WL-40B-manluen-party-sushi-tray.webp",1000,1000,false],"2048x2048":["https:\/\/www.manluenpack.com\/wp-content\/uploads\/2025\/03\/WL-40B-manluen-party-sushi-tray.webp",1000,1000,false],"trp-custom-language-flag":["https:\/\/www.manluenpack.com\/wp-content\/uploads\/2025\/03\/WL-40B-manluen-party-sushi-tray.webp",12,12,false],"menu-24x24":["https:\/\/www.manluenpack.com\/wp-content\/uploads\/2025\/03\/WL-40B-manluen-party-sushi-tray.webp",24,24,false],"menu-36x36":["https:\/\/www.manluenpack.com\/wp-content\/uploads\/2025\/03\/WL-40B-manluen-party-sushi-tray.webp",36,36,false],"menu-48x48":["https:\/\/www.manluenpack.com\/wp-content\/uploads\/2025\/03\/WL-40B-manluen-party-sushi-tray.webp",48,48,false],"woocommerce_thumbnail":["https:\/\/www.manluenpack.com\/wp-content\/uploads\/2025\/03\/WL-40B-manluen-party-sushi-tray.webp",300,300,false],"woocommerce_single":["https:\/\/www.manluenpack.com\/wp-content\/uploads\/2025\/03\/WL-40B-manluen-party-sushi-tray.webp",600,600,false],"woocommerce_gallery_thumbnail":["https:\/\/www.manluenpack.com\/wp-content\/uploads\/2025\/03\/WL-40B-manluen-party-sushi-tray.webp",100,100,false]},"uagb_author_info":{"display_name":"ManLuenpack","author_link":"https:\/\/www.manluenpack.com\/pt\/author\/"},"uagb_comment_info":0,"uagb_excerpt":"Our WL-40B Manluen Boat-Shaped Sushi Tray features a unique 190*190*40 mm design that is compact yet spacious, perfectly suited for family meals and elegant gatherings. Its streamlined boat shape and&hellip;","_links":{"self":[{"href":"https:\/\/www.manluenpack.com\/pt\/wp-json\/wp\/v2\/product\/1755","targetHints":{"allow":["GET"]}}],"collection":[{"href":"https:\/\/www.manluenpack.com\/pt\/wp-json\/wp\/v2\/product"}],"about":[{"href":"https:\/\/www.manluenpack.com\/pt\/wp-json\/wp\/v2\/types\/product"}],"wp:featuredmedia":[{"embeddable":true,"href":"https:\/\/www.manluenpack.com\/pt\/wp-json\/wp\/v2\/media\/3124"}],"wp:attachment":[{"href":"https:\/\/www.manluenpack.com\/pt\/wp-json\/wp\/v2\/media?parent=1755"}],"wp:term":[{"taxonomy":"product_brand","embeddable":true,"href":"https:\/\/www.manluenpack.com\/pt\/wp-json\/wp\/v2\/product_brand?post=1755"},{"taxonomy":"product_cat","embeddable":true,"href":"https:\/\/www.manluenpack.com\/pt\/wp-json\/wp\/v2\/product_cat?post=1755"},{"taxonomy":"product_tag","embeddable":true,"href":"https:\/\/www.manluenpack.com\/pt\/wp-json\/wp\/v2\/product_tag?post=1755"}],"curies":[{"name":"wp","href":"https:\/\/api.w.org\/{rel}","templated":true}]}}