{"id":1754,"date":"2025-03-15T19:09:36","date_gmt":"2025-03-15T11:09:36","guid":{"rendered":"https:\/\/www.manluenpack.com\/?post_type=product&#038;p=1754"},"modified":"2025-07-10T21:50:17","modified_gmt":"2025-07-10T13:50:17","slug":"boat-shaped-sushi-tray-wl-20b","status":"publish","type":"product","link":"https:\/\/www.manluenpack.com\/pt\/products\/boat-shaped-sushi-tray-wl-20b\/","title":{"rendered":"Bandeja de Sushi Manluen WL-20B"},"content":{"rendered":"<p>A Bandeja de Sushi WL-20B Manluen tem dimens\u00f5es \u00fanicas de 195*118*60 mm, combinando delicadeza e praticidade. As suas linhas de casco compactas e suaves s\u00e3o perfeitas para segurar uma variedade de sushi e sashimi, oferecendo uma apresenta\u00e7\u00e3o flex\u00edvel e benef\u00edcios de economia de espa\u00e7o. Fabricada com materiais de alta qualidade, com uma textura refinada e superf\u00edcie f\u00e1cil de limpar, \u00e9 uma escolha ideal para restaurantes japoneses, encontros familiares ou banquetes, acrescentando um toque art\u00edstico e um sentido de ritual a cada refei\u00e7\u00e3o.<\/p>\n<ul>\n<li>Tipo de Embalagem<br \/>\nCaixa de cart\u00e3o<\/li>\n<li>Cor<br \/>\nPreto<\/li>\n<li>Quantidade por Caixa<br \/>\n400 conjuntos<\/li>\n<li>Material<br \/>\nTampa: OPS, Base: PS<\/li>\n<li>Especifica\u00e7\u00f5es de Embalagem<br \/>\n0,089 metros c\u00fabicos<\/li>\n<\/ul>\n<p>&nbsp;<\/p>\n<ul>\n<li style=\"list-style-type: none;\">\n<table style=\"height: 160px;\" width=\"500\"><!-- \u8868\u683c\u7684\u8fb9\u6846\u4e3a1\u4e2a\u50cf\u7d20 --><!-- \u5355\u5143\u683c\u7684\u5185\u8fb9\u8ddd\u4e3a1\u50cf\u7d20 --><!-- \u5355\u5143\u683c\u4e4b\u95f4\u7684\u95f4\u8ddd\u4e3a0\u50cf\u7d20 --><!-- \u8fb9\u6846\u89c4\u5219\u4e3a\u4e24\u4fa7\u8fb9\u6846 --><\/p>\n<tbody>\n<tr>\n<td align=\"center\" bgcolor=\"EFEFEF\"><\/td>\n<td align=\"center\" bgcolor=\"EFEFEF\">Tamanho do Produto<\/td>\n<td align=\"center\" bgcolor=\"EFEFEF\">Quantidade<\/td>\n<td align=\"center\" bgcolor=\"EFEFEF\">Dimens\u00e3o da Caixa<\/td>\n<\/tr>\n<tr>\n<td align=\"center\" bgcolor=\"EFEFEF\">WL-20B<\/td>\n<td align=\"center\">195*118*60mm<\/td>\n<td align=\"center\">400<\/td>\n<td align=\"center\">500*435*415<\/td>\n<\/tr>\n<tr>\n<td align=\"center\" bgcolor=\"EFEFEF\">WL-30B<\/td>\n<td align=\"center\">243*118*60mm<\/td>\n<td align=\"center\">400<\/td>\n<td align=\"center\">495*430*370<\/td>\n<\/tr>\n<tr>\n<td align=\"center\" bgcolor=\"EFEFEF\">WL-40B<\/td>\n<td align=\"center\">190*190*60mm<\/td>\n<td align=\"center\">400<\/td>\n<td align=\"center\">580*390*390<\/td>\n<\/tr>\n<\/tbody>\n<\/table>\n<\/li>\n<li><a href=\"https:\/\/www.manluenpack.com\/pt\/products\/\">Mais estilo, mais estilos\u2026<\/a><\/li>\n<\/ul>\n<h3><strong>Embalagem e entrega<\/strong><\/h3>\n<p>Embalada numa caixa de presente ecol\u00f3gica com camadas de prote\u00e7\u00e3o \u00e0 prova de choque personalizadas, a Bandeja de Sushi Grossista WL-20B Manluen garante que chegue \u00e0s suas m\u00e3os de forma elegante e intacta. A caixa exterior apresenta um design minimalista com detalhes refinados, exalando sofistica\u00e7\u00e3o discreta. Entregue diretamente via SF Express com rastreamento completo, quer seja para uso pessoal ou como presente, transmite considera\u00e7\u00e3o e sinceridade.<\/p>\n<h3><strong>Cen\u00e1rios de uso<\/strong><strong>\u00a0\u00a0<\/strong><\/h3>\n<p>Com o seu design de tamanho refinado, a Bandeja de Sushi Retangular WL-20B Manluen com Tampa serve como um recipiente elegante para exibir sushi e sashimi. Seja para apresenta\u00e7\u00e3o profissional em restaurantes japoneses ou encontros familiares calorosos, adapta-se facilmente. O seu design compacto de casco economiza espa\u00e7o enquanto acrescenta beleza art\u00edstica \u00e0 comida, fazendo com que cada pe\u00e7a de sushi brilhe como uma obra de arte, aprimorando a experi\u00eancia gastron\u00f3mica com um sentido de ritual e prazer visual.<\/p>\n<h3><strong>W<\/strong><strong>Faixa de Temperatura Ideal<\/strong><\/h3>\n<p>A embalagem da nossa Bandeja de Sushi Vermelha WL-20B Manluen destaca-se numa ampla faixa de temperaturas, desde refrigera\u00e7\u00e3o at\u00e9 aquecimento em micro-ondas, atendendo eficazmente \u00e0s v\u00e1rias necessidades de uso. A sua excelente resist\u00eancia \u00e0 temperatura n\u00e3o s\u00f3 garante a seguran\u00e7a e qualidade dos alimentos, mas tamb\u00e9m oferece grande conveni\u00eancia, tornando-se uma escolha ideal para diversas ocasi\u00f5es de refei\u00e7\u00e3o.<\/p>\n<h3><strong>Design empilh\u00e1vel <\/strong><\/h3>\n<p>Enquanto garante durabilidade, a Bandeja de Sushi Cl\u00e1ssica WL-20B Manluen incorpora um design empilh\u00e1vel f\u00e1cil de usar que economiza espa\u00e7o de armazenamento de forma eficaz. As suas pilhas est\u00e1veis e bordas ajustadas precisamente evitam escorregamentos, facilitando o armazenamento e transporte. Seja em cozinhas comerciais ou arm\u00e1rios dom\u00e9sticos, este design pensado mant\u00e9m a limpeza e efici\u00eancia, demonstrando o equil\u00edbrio perfeito entre praticidade e est\u00e9tica.<\/p>","protected":false},"excerpt":{"rendered":"<p>The WL-20B Manluen Sushi Tray is designed with unique dimensions of 195*118*60 mm, combining delicacy and practicality. Its compact and smooth hull lines are perfect for holding a variety of&hellip;<\/p>","protected":false},"featured_media":2306,"template":"","meta":{"_uag_custom_page_level_css":""},"product_brand":[],"product_cat":[23],"product_tag":[114,115,102],"class_list":{"0":"post-1754","1":"product","2":"type-product","3":"status-publish","4":"has-post-thumbnail","6":"product_cat-sushi-trays","7":"product_tag-boat-shaped","8":"product_tag-maple-leaf","9":"product_tag-sushi","11":"first","12":"instock","13":"shipping-taxable","14":"purchasable","15":"product-type-simple"},"spectra_custom_meta":{"rank_math_internal_links_processed":["1","1","1","1","1","1","1","1","1","1","1","1","1","1","1","1","1","1"],"_sku":["WL-20B-LUCKY"],"_regular_price":["1"],"total_sales":["0"],"_tax_status":["taxable"],"_tax_class":[""],"_manage_stock":["no"],"_backorders":["no"],"_sold_individually":["no"],"_virtual":["no"],"_downloadable":["no"],"_product_image_gallery":["2310,2309,2308,2307"],"_download_limit":["0"],"_download_expiry":["0"],"_thumbnail_id":["2306"],"_stock":[null],"_stock_status":["instock"],"_wc_average_rating":["0"],"_wc_review_count":["0"],"_product_attributes":["a:2:{s:9:\"item-size\";a:6:{s:4:\"name\";s:9:\"Item Size\";s:5:\"value\";s:12:\"195*118*60mm\";s:8:\"position\";i:0;s:10:\"is_visible\";i:1;s:12:\"is_variation\";i:0;s:11:\"is_taxonomy\";i:0;}s:7:\"qty-ctn\";a:6:{s:4:\"name\";s:7:\"QTY\/CTN\";s:5:\"value\";s:3:\"400\";s:8:\"position\";i:1;s:10:\"is_visible\";i:1;s:12:\"is_variation\";i:0;s:11:\"is_taxonomy\";i:0;}}"],"_product_version":["9.4.2"],"_price":["1"],"_wp_old_date":["2024-11-26"],"rank_math_analytic_object_id":["24"],"classic-editor-remember":["classic-editor"],"rank_math_seo_score":["73"],"rank_math_contentai_score":["a:5:{s:8:\"keywords\";s:5:\"74.51\";s:9:\"wordCount\";s:1:\"0\";s:9:\"linkCount\";s:1:\"0\";s:12:\"headingCount\";s:1:\"0\";s:10:\"mediaCount\";s:1:\"0\";}"],"_jet_woo_template":[""],"_template_type":["default"],"rank_math_primary_product_cat":["23"],"_ywraq_hide_quote_button_check":[""],"_ywraq_hide_quote_button":["0"],"_edit_lock":["1752155338:1"],"_edit_last":["1"],"rank_math_focus_keyword":["Sushi Tray"],"_uag_css_file_name":["uag-css-1754.css"],"_uag_page_assets":["a:9:{s:3:\"css\";s:0:\"\";s:2:\"js\";s:0:\"\";s:18:\"current_block_list\";a:6:{i:0;s:10:\"core\/group\";i:1;s:12:\"core\/heading\";i:2;s:17:\"core\/latest-posts\";i:3;s:20:\"core\/latest-comments\";i:4;s:13:\"core\/archives\";i:5;s:15:\"core\/categories\";}s:8:\"uag_flag\";b:0;s:11:\"uag_version\";i:1777288969;s:6:\"gfonts\";a:0:{}s:10:\"gfonts_url\";s:0:\"\";s:12:\"gfonts_files\";a:0:{}s:14:\"uag_faq_layout\";b:0;}"]},"uagb_featured_image_src":{"full":["https:\/\/www.manluenpack.com\/wp-content\/uploads\/2025\/03\/WL-20B-manluen-red-gold-sushi-tray-clear-lid.webp",1100,1100,false],"thumbnail":["https:\/\/www.manluenpack.com\/wp-content\/uploads\/2025\/03\/WL-20B-manluen-red-gold-sushi-tray-clear-lid.webp",150,150,false],"medium":["https:\/\/www.manluenpack.com\/wp-content\/uploads\/2025\/03\/WL-20B-manluen-red-gold-sushi-tray-clear-lid.webp",300,300,false],"medium_large":["https:\/\/www.manluenpack.com\/wp-content\/uploads\/2025\/03\/WL-20B-manluen-red-gold-sushi-tray-clear-lid.webp",768,768,false],"large":["https:\/\/www.manluenpack.com\/wp-content\/uploads\/2025\/03\/WL-20B-manluen-red-gold-sushi-tray-clear-lid.webp",1024,1024,false],"1536x1536":["https:\/\/www.manluenpack.com\/wp-content\/uploads\/2025\/03\/WL-20B-manluen-red-gold-sushi-tray-clear-lid.webp",1100,1100,false],"2048x2048":["https:\/\/www.manluenpack.com\/wp-content\/uploads\/2025\/03\/WL-20B-manluen-red-gold-sushi-tray-clear-lid.webp",1100,1100,false],"trp-custom-language-flag":["https:\/\/www.manluenpack.com\/wp-content\/uploads\/2025\/03\/WL-20B-manluen-red-gold-sushi-tray-clear-lid.webp",12,12,false],"menu-24x24":["https:\/\/www.manluenpack.com\/wp-content\/uploads\/2025\/03\/WL-20B-manluen-red-gold-sushi-tray-clear-lid.webp",24,24,false],"menu-36x36":["https:\/\/www.manluenpack.com\/wp-content\/uploads\/2025\/03\/WL-20B-manluen-red-gold-sushi-tray-clear-lid.webp",36,36,false],"menu-48x48":["https:\/\/www.manluenpack.com\/wp-content\/uploads\/2025\/03\/WL-20B-manluen-red-gold-sushi-tray-clear-lid.webp",48,48,false],"woocommerce_thumbnail":["https:\/\/www.manluenpack.com\/wp-content\/uploads\/2025\/03\/WL-20B-manluen-red-gold-sushi-tray-clear-lid.webp",300,300,false],"woocommerce_single":["https:\/\/www.manluenpack.com\/wp-content\/uploads\/2025\/03\/WL-20B-manluen-red-gold-sushi-tray-clear-lid.webp",600,600,false],"woocommerce_gallery_thumbnail":["https:\/\/www.manluenpack.com\/wp-content\/uploads\/2025\/03\/WL-20B-manluen-red-gold-sushi-tray-clear-lid.webp",100,100,false]},"uagb_author_info":{"display_name":"ManLuenpack","author_link":"https:\/\/www.manluenpack.com\/pt\/author\/"},"uagb_comment_info":0,"uagb_excerpt":"The WL-20B Manluen Sushi Tray is designed with unique dimensions of 195*118*60 mm, combining delicacy and practicality. Its compact and smooth hull lines are perfect for holding a variety of&hellip;","_links":{"self":[{"href":"https:\/\/www.manluenpack.com\/pt\/wp-json\/wp\/v2\/product\/1754","targetHints":{"allow":["GET"]}}],"collection":[{"href":"https:\/\/www.manluenpack.com\/pt\/wp-json\/wp\/v2\/product"}],"about":[{"href":"https:\/\/www.manluenpack.com\/pt\/wp-json\/wp\/v2\/types\/product"}],"wp:featuredmedia":[{"embeddable":true,"href":"https:\/\/www.manluenpack.com\/pt\/wp-json\/wp\/v2\/media\/2306"}],"wp:attachment":[{"href":"https:\/\/www.manluenpack.com\/pt\/wp-json\/wp\/v2\/media?parent=1754"}],"wp:term":[{"taxonomy":"product_brand","embeddable":true,"href":"https:\/\/www.manluenpack.com\/pt\/wp-json\/wp\/v2\/product_brand?post=1754"},{"taxonomy":"product_cat","embeddable":true,"href":"https:\/\/www.manluenpack.com\/pt\/wp-json\/wp\/v2\/product_cat?post=1754"},{"taxonomy":"product_tag","embeddable":true,"href":"https:\/\/www.manluenpack.com\/pt\/wp-json\/wp\/v2\/product_tag?post=1754"}],"curies":[{"name":"wp","href":"https:\/\/api.w.org\/{rel}","templated":true}]}}