{"id":1749,"date":"2025-03-15T18:49:16","date_gmt":"2025-03-15T10:49:16","guid":{"rendered":"https:\/\/www.manluenpack.com\/?post_type=product&#038;p=1749"},"modified":"2025-07-10T21:53:31","modified_gmt":"2025-07-10T13:53:31","slug":"wl-30b-manluen-sushi-tray","status":"publish","type":"product","link":"https:\/\/www.manluenpack.com\/pt\/products\/wl-30b-manluen-sushi-tray\/","title":{"rendered":"Bandeja de Sushi Manluen WL-30B"},"content":{"rendered":"<p>A Bandeja de Sushi WL-30B Manluen apresenta um design de propor\u00e7\u00e3o azul transparente de 243*118*40 mm, equilibrando praticidade e est\u00e9tica. O seu tamanho compacto e refinado adapta-se a v\u00e1rias situa\u00e7\u00f5es de refei\u00e7\u00e3o, acomodando flexivelmente sushi, sashimi e snacks. O design aerodin\u00e2mico do casco exibe eleg\u00e2ncia oriental. Seja para mesas de jantar familiares ou restaurantes sofisticados, a WL-30B acrescenta um charme \u00fanico a cada prato.<\/p>\n<ul>\n<li>Tipo de Embalagem<br \/>\nCaixa de cart\u00e3o<\/li>\n<li>Cor<br \/>\nAzul Claro<\/li>\n<li>Quantidade por Caixa<br \/>\nConjunto de 300 unidades<\/li>\n<li>Material<br \/>\nTampa: OPS\/PET Base: PS\/PP<\/li>\n<li>Especifica\u00e7\u00f5es de Embalagem<br \/>\n0,079 metros c\u00fabicos<\/li>\n<\/ul>\n<p>&nbsp;<\/p>\n<ul>\n<li style=\"list-style-type: none;\">\n<table style=\"height: 160px;\" width=\"500\"><!-- \u8868\u683c\u7684\u8fb9\u6846\u4e3a1\u4e2a\u50cf\u7d20 --><!-- \u5355\u5143\u683c\u7684\u5185\u8fb9\u8ddd\u4e3a1\u50cf\u7d20 --><!-- \u5355\u5143\u683c\u4e4b\u95f4\u7684\u95f4\u8ddd\u4e3a0\u50cf\u7d20 --><!-- \u8fb9\u6846\u89c4\u5219\u4e3a\u4e24\u4fa7\u8fb9\u6846 --><\/p>\n<tbody>\n<tr>\n<td align=\"center\" bgcolor=\"EFEFEF\"><\/td>\n<td align=\"center\" bgcolor=\"EFEFEF\">Tamanho do Produto<\/td>\n<td align=\"center\" bgcolor=\"EFEFEF\">Quantidade<\/td>\n<td align=\"center\" bgcolor=\"EFEFEF\">Dimens\u00e3o da Caixa<\/td>\n<\/tr>\n<tr>\n<td align=\"center\" bgcolor=\"EFEFEF\">WL-20B<\/td>\n<td align=\"center\">195*118*40mm<\/td>\n<td align=\"center\">400<\/td>\n<td align=\"center\">500*435*415<\/td>\n<\/tr>\n<tr>\n<td align=\"center\" bgcolor=\"EFEFEF\">WL-30B<\/td>\n<td align=\"center\">243*118*40mm<\/td>\n<td align=\"center\">400<\/td>\n<td align=\"center\">495*430*370<\/td>\n<\/tr>\n<tr>\n<td align=\"center\" bgcolor=\"EFEFEF\">WL-40B<\/td>\n<td align=\"center\">190*190*40mm<\/td>\n<td align=\"center\">400<\/td>\n<td align=\"center\">580*390*390<\/td>\n<\/tr>\n<\/tbody>\n<\/table>\n<\/li>\n<li><a href=\"https:\/\/www.manluenpack.com\/pt\/products\/\">Mais estilo, mais estilos\u2026<\/a><\/li>\n<\/ul>\n<h3><strong>Embalagem e entrega<\/strong><\/h3>\n<p>A Bandeja de Sushi Retangular com Tampa WL-30B Manluen \u00e9 embalada num design ecol\u00f3gico e refinado, com uma caixa exterior resistente e forro interior \u00e0 prova de choque para garantir que chegue intacta durante o transporte. A embalagem \u00e9 simples, mas elegante, impressa com informa\u00e7\u00f5es claras do produto, refletindo a qualidade premium da marca. Prometemos uma entrega eficiente com rastreamento completo da log\u00edstica para garantir que cada produto chegue a tempo. Seja para compras em grande quantidade ou pedidos personalizados, a WL-30B ser\u00e1 apresentada em perfeitas condi\u00e7\u00f5es, acompanhando-o numa jornada de refei\u00e7\u00e3o requintada.<\/p>\n<h3><strong>Cen\u00e1rios de uso<\/strong><strong>\u00a0\u00a0<\/strong><\/h3>\n<p>Com o seu design cl\u00e1ssico e elegante, a Bandeja de Sushi em forma de barco WL-30B \u00e9 uma escolha ideal para exibir sushi e sashimi. A sua capacidade espa\u00e7osa \u00e9 perfeita para servir uma variedade de ingredientes, seja para banquetes de restaurantes japoneses profissionais ou encontros familiares acolhedores. As linhas suaves do casco e a craftsmanship ex\u00edmia fazem cada pe\u00e7a de sushi brilhar como uma obra de arte, acrescentando um sentido de ritual e prazer visual \u00e0 experi\u00eancia gastron\u00f3mica, tornando-se um ponto focal na mesa.<\/p>\n<h3><strong>Ampla Faixa de Temperatura <\/strong><\/h3>\n<p>A nossa Bandeja de Sushi WL-30B Manluen azul transparente destaca-se numa ampla faixa de temperatura, desde refrigera\u00e7\u00e3o at\u00e9 aquecimento em micro-ondas, atendendo eficazmente \u00e0s v\u00e1rias necessidades de uso. A sua excelente resist\u00eancia t\u00e9rmica n\u00e3o s\u00f3 garante a seguran\u00e7a e qualidade dos alimentos, mas tamb\u00e9m oferece grande conveni\u00eancia, tornando-se uma escolha ideal para diversas ocasi\u00f5es de refei\u00e7\u00e3o.<\/p>\n<h3><strong>Design empilh\u00e1vel <\/strong><\/h3>\n<p>A Bandeja de Sushi WL-30B Manluen \u00e9 feita de bambu natural, tornando-se leve, dur\u00e1vel e ecol\u00f3gica. O seu design \u00fanico empilh\u00e1vel apresenta bordas precisamente ajustadas, garantindo estabilidade e prevenindo tombamentos, ao mesmo tempo que maximiza o espa\u00e7o de armazenamento. Seja para arm\u00e1rios dom\u00e9sticos ou cozinhas comerciais, a sua conveni\u00eancia de empilhamento melhora a efici\u00eancia do armazenamento, mantendo uma apar\u00eancia elegante, combinando praticidade com est\u00e9tica.<\/p>","protected":false},"excerpt":{"rendered":"<p>The WL-30B Manluen Sushi Tray features a 243*118*40 mm clear blue ratio design, balancing practicality and aesthetics. Its compact and refined size suits various dining scenarios, flexibly accommodating sushi, sashimi,&hellip;<\/p>","protected":false},"featured_media":3130,"template":"","meta":{"_uag_custom_page_level_css":""},"product_brand":[],"product_cat":[23],"product_tag":[114,115,102],"class_list":{"0":"post-1749","1":"product","2":"type-product","3":"status-publish","4":"has-post-thumbnail","6":"product_cat-sushi-trays","7":"product_tag-boat-shaped","8":"product_tag-maple-leaf","9":"product_tag-sushi","11":"first","12":"instock","13":"shipping-taxable","14":"purchasable","15":"product-type-simple"},"spectra_custom_meta":{"rank_math_internal_links_processed":["1","1","1","1","1","1","1","1","1","1","1","1","1","1","1","1"],"_sku":["WL-30B"],"_regular_price":["1"],"total_sales":["0"],"_tax_status":["taxable"],"_tax_class":[""],"_manage_stock":["no"],"_backorders":["no"],"_sold_individually":["no"],"_virtual":["no"],"_downloadable":["no"],"_download_limit":["0"],"_download_expiry":["0"],"_stock":[null],"_stock_status":["instock"],"_wc_average_rating":["0"],"_wc_review_count":["0"],"_product_attributes":["a:2:{s:9:\"item-size\";a:6:{s:4:\"name\";s:9:\"Item Size\";s:5:\"value\";s:12:\"243*118*60mm\";s:8:\"position\";i:0;s:10:\"is_visible\";i:1;s:12:\"is_variation\";i:0;s:11:\"is_taxonomy\";i:0;}s:7:\"qty-ctn\";a:6:{s:4:\"name\";s:7:\"QTY\/CTN\";s:5:\"value\";s:3:\"300\";s:8:\"position\";i:1;s:10:\"is_visible\";i:1;s:12:\"is_variation\";i:0;s:11:\"is_taxonomy\";i:0;}}"],"_product_version":["9.4.2"],"_price":["1"],"_wp_old_date":["2024-11-26"],"rank_math_analytic_object_id":["24"],"classic-editor-remember":["classic-editor"],"rank_math_seo_score":["73"],"rank_math_contentai_score":["a:5:{s:8:\"keywords\";s:5:\"74.51\";s:9:\"wordCount\";s:1:\"0\";s:9:\"linkCount\";s:1:\"0\";s:12:\"headingCount\";s:1:\"0\";s:10:\"mediaCount\";s:1:\"0\";}"],"_jet_woo_template":[""],"_template_type":["default"],"rank_math_primary_product_cat":["23"],"_ywraq_hide_quote_button_check":[""],"_ywraq_hide_quote_button":["0"],"_edit_lock":["1752155593:1"],"_edit_last":["1"],"_wp_old_slug":["boat-shaped-sushi-tray-wl-30b"],"rank_math_focus_keyword":["sushi tray"],"_thumbnail_id":["3130"],"_product_image_gallery":["3119,3123,3120,3122,3121"],"_uag_css_file_name":["uag-css-1749.css"],"_uag_page_assets":["a:9:{s:3:\"css\";s:0:\"\";s:2:\"js\";s:0:\"\";s:18:\"current_block_list\";a:6:{i:0;s:10:\"core\/group\";i:1;s:12:\"core\/heading\";i:2;s:17:\"core\/latest-posts\";i:3;s:20:\"core\/latest-comments\";i:4;s:13:\"core\/archives\";i:5;s:15:\"core\/categories\";}s:8:\"uag_flag\";b:0;s:11:\"uag_version\";i:1777292105;s:6:\"gfonts\";a:0:{}s:10:\"gfonts_url\";s:0:\"\";s:12:\"gfonts_files\";a:0:{}s:14:\"uag_faq_layout\";b:0;}"]},"uagb_featured_image_src":{"full":["https:\/\/www.manluenpack.com\/wp-content\/uploads\/2025\/03\/WL-30B-manluen-sushi-boat-tray-1.webp",1000,1000,false],"thumbnail":["https:\/\/www.manluenpack.com\/wp-content\/uploads\/2025\/03\/WL-30B-manluen-sushi-boat-tray-1.webp",150,150,false],"medium":["https:\/\/www.manluenpack.com\/wp-content\/uploads\/2025\/03\/WL-30B-manluen-sushi-boat-tray-1.webp",300,300,false],"medium_large":["https:\/\/www.manluenpack.com\/wp-content\/uploads\/2025\/03\/WL-30B-manluen-sushi-boat-tray-1.webp",768,768,false],"large":["https:\/\/www.manluenpack.com\/wp-content\/uploads\/2025\/03\/WL-30B-manluen-sushi-boat-tray-1.webp",1000,1000,false],"1536x1536":["https:\/\/www.manluenpack.com\/wp-content\/uploads\/2025\/03\/WL-30B-manluen-sushi-boat-tray-1.webp",1000,1000,false],"2048x2048":["https:\/\/www.manluenpack.com\/wp-content\/uploads\/2025\/03\/WL-30B-manluen-sushi-boat-tray-1.webp",1000,1000,false],"trp-custom-language-flag":["https:\/\/www.manluenpack.com\/wp-content\/uploads\/2025\/03\/WL-30B-manluen-sushi-boat-tray-1.webp",12,12,false],"menu-24x24":["https:\/\/www.manluenpack.com\/wp-content\/uploads\/2025\/03\/WL-30B-manluen-sushi-boat-tray-1.webp",24,24,false],"menu-36x36":["https:\/\/www.manluenpack.com\/wp-content\/uploads\/2025\/03\/WL-30B-manluen-sushi-boat-tray-1.webp",36,36,false],"menu-48x48":["https:\/\/www.manluenpack.com\/wp-content\/uploads\/2025\/03\/WL-30B-manluen-sushi-boat-tray-1.webp",48,48,false],"woocommerce_thumbnail":["https:\/\/www.manluenpack.com\/wp-content\/uploads\/2025\/03\/WL-30B-manluen-sushi-boat-tray-1.webp",300,300,false],"woocommerce_single":["https:\/\/www.manluenpack.com\/wp-content\/uploads\/2025\/03\/WL-30B-manluen-sushi-boat-tray-1.webp",600,600,false],"woocommerce_gallery_thumbnail":["https:\/\/www.manluenpack.com\/wp-content\/uploads\/2025\/03\/WL-30B-manluen-sushi-boat-tray-1.webp",100,100,false]},"uagb_author_info":{"display_name":"ManLuenpack","author_link":"https:\/\/www.manluenpack.com\/pt\/author\/"},"uagb_comment_info":0,"uagb_excerpt":"The WL-30B Manluen Sushi Tray features a 243*118*40 mm clear blue ratio design, balancing practicality and aesthetics. Its compact and refined size suits various dining scenarios, flexibly accommodating sushi, sashimi,&hellip;","_links":{"self":[{"href":"https:\/\/www.manluenpack.com\/pt\/wp-json\/wp\/v2\/product\/1749","targetHints":{"allow":["GET"]}}],"collection":[{"href":"https:\/\/www.manluenpack.com\/pt\/wp-json\/wp\/v2\/product"}],"about":[{"href":"https:\/\/www.manluenpack.com\/pt\/wp-json\/wp\/v2\/types\/product"}],"wp:featuredmedia":[{"embeddable":true,"href":"https:\/\/www.manluenpack.com\/pt\/wp-json\/wp\/v2\/media\/3130"}],"wp:attachment":[{"href":"https:\/\/www.manluenpack.com\/pt\/wp-json\/wp\/v2\/media?parent=1749"}],"wp:term":[{"taxonomy":"product_brand","embeddable":true,"href":"https:\/\/www.manluenpack.com\/pt\/wp-json\/wp\/v2\/product_brand?post=1749"},{"taxonomy":"product_cat","embeddable":true,"href":"https:\/\/www.manluenpack.com\/pt\/wp-json\/wp\/v2\/product_cat?post=1749"},{"taxonomy":"product_tag","embeddable":true,"href":"https:\/\/www.manluenpack.com\/pt\/wp-json\/wp\/v2\/product_tag?post=1749"}],"curies":[{"name":"wp","href":"https:\/\/api.w.org\/{rel}","templated":true}]}}