{"id":1747,"date":"2025-03-15T18:43:24","date_gmt":"2025-03-15T10:43:24","guid":{"rendered":"https:\/\/www.manluenpack.com\/?post_type=product&#038;p=1747"},"modified":"2025-09-08T14:48:38","modified_gmt":"2025-09-08T06:48:38","slug":"wl-b09-manluen-sushi-box","status":"publish","type":"product","link":"https:\/\/www.manluenpack.com\/pt\/products\/wl-b09-manluen-sushi-box\/","title":{"rendered":"Caixa de Sushi Manluen WL-B09"},"content":{"rendered":"<p>A Caixa de Sushi WL-B09 Manluen apresenta um design aerodin\u00e2mico \u00fanico de 266*147*42 mm. A profundidade mant\u00e9m a textura quente da loi\u00e7a de madeira tradicional, ao mesmo tempo que melhora a estabilidade com bordas alargadas e ranhuras antiderrapantes na parte inferior, garantindo que n\u00e3o tombe ao ser transportada. O seu tamanho inovador rompe as limita\u00e7\u00f5es das tradicionais bandejas de sushi planas, permitindo uma apresenta\u00e7\u00e3o tridimensional de sashimi, rolos de sushi, gunkan e muito mais. \u00c9 uma escolha ideal para restaurantes japoneses e encontros familiares, criando uma experi\u00eancia gastron\u00f3mica imersiva.<\/p>\n<ul>\n<li>Tipo de Embalagem<br \/>\nCaixa de cart\u00e3o<\/li>\n<li>Cor<br \/>\nVermelho Dourado<\/li>\n<li>Quantidade por Caixa<br \/>\nConjunto de 300 unidades<\/li>\n<li>Material<br \/>\nTampa: OPS\/PET Base: PS\/PP<\/li>\n<li>Especifica\u00e7\u00f5es de Embalagem<br \/>\n0,082 metros c\u00fabicos<\/li>\n<\/ul>\n<h3><strong><b>Embalagem e entrega<\/b><\/strong><\/h3>\n<p>A Caixa de Sushi WL-B09 Manluen com Tampa \u00e9 embalada num design ecol\u00f3gico e minimalista, garantindo que o produto permanece seguro e intacto durante o transporte. A caixa exterior \u00e9 impressa com informa\u00e7\u00f5es claras do produto e log\u00f3tipos de marca, e o interior \u00e9 forrado com materiais amortecedores para proteger a forma delicada de cada tabuleiro. Ap\u00f3s a entrega, fornecemos instru\u00e7\u00f5es detalhadas de instala\u00e7\u00e3o e uso para garantir que os clientes possam come\u00e7ar a utiliz\u00e1-la rapidamente. Seja para encomendas em grande quantidade ou pedidos personalizados, prometemos entrega atempada e um servi\u00e7o p\u00f3s-venda completo, tornando cada compra sem preocupa\u00e7\u00f5es.<\/p>\n<h3><strong><b>Cen\u00e1rios de uso<\/b><\/strong><strong><b>\u00a0\u00a0<\/b><\/strong><\/h3>\n<p>Com o seu elegante design aerodin\u00e2mico, a Caixa de Sushi Vermelha Ouro WL-B09 Manluen encaixa-se perfeitamente em restaurantes japoneses, banquetes privados ou encontros familiares. Seja para pratos de sashimi requintados, combina\u00e7\u00f5es coloridas de sushi ou exposi\u00e7\u00f5es especiais de comida durante celebra\u00e7\u00f5es festivas, o seu tamanho \u00fanico real\u00e7a a arte da apresenta\u00e7\u00e3o. A textura quente e o design pr\u00e1tico transformam cada refei\u00e7\u00e3o numa festa dupla para os olhos e o paladar, acrescentando um toque de charme e ritual japon\u00eas \u00e0 sua mesa de jantar.<\/p>\n<h3><strong><b>Ampla Faixa de Temperatura <\/b><\/strong><\/h3>\n<p>A nossa Caixa de Sushi Retangular WL-B09 Manluen destaca-se numa vasta gama de temperaturas, desde refrigera\u00e7\u00e3o at\u00e9 aquecimento em micro-ondas, atendendo eficazmente \u00e0s v\u00e1rias necessidades de uso. A sua excelente resist\u00eancia t\u00e9rmica n\u00e3o s\u00f3 garante a seguran\u00e7a e qualidade dos alimentos, mas tamb\u00e9m oferece grande conveni\u00eancia, tornando-se uma escolha ideal para diversas ocasi\u00f5es de refei\u00e7\u00e3o.<\/p>\n<h3><strong><b>Seguro e Reutiliz\u00e1vel<\/b><\/strong><\/h3>\n<p>O produto passou por rigorosos testes de seguran\u00e7a e est\u00e1 livre de subst\u00e2ncias nocivas como BPA, tornando-o seguro para armazenamento e exposi\u00e7\u00e3o de alimentos. O material dur\u00e1vel e f\u00e1cil de limpar permite reutiliza\u00e7\u00f5es repetidas, oferecendo rentabilidade e economia para a ind\u00fastria de restaura\u00e7\u00e3o.<\/p>\n<h3><strong><b>Design empilh\u00e1vel <\/b><\/strong><\/h3>\n<p>O design empilh\u00e1vel da Caixa de Sushi Cl\u00e1ssica WL-B09 Manluen combina de forma inteligente praticidade e est\u00e9tica. O seu contorno aerodin\u00e2mico e dimens\u00f5es precisas garantem uma empilhagem est\u00e1vel em m\u00faltiplas camadas sem tombar, economizando espa\u00e7o de armazenamento enquanto mant\u00e9m uma apar\u00eancia elegante e arrumada. Seja em cozinhas comerciais ou armazenamento dom\u00e9stico, utiliza eficientemente cada cent\u00edmetro de espa\u00e7o, exibindo uma harmonia entre funcionalidade e design.<\/p>","protected":false},"excerpt":{"rendered":"<p>The WL-B09 Manluen Sushi Box features a unique 266*147*42 mm streamlined design. The depth retains the warm texture of traditional wooden tableware while enhancing stability with widened edges and anti-slip&hellip;<\/p>","protected":false},"featured_media":3973,"template":"","meta":{"_uag_custom_page_level_css":""},"product_brand":[],"product_cat":[23],"product_tag":[114,113,102],"class_list":{"0":"post-1747","1":"product","2":"type-product","3":"status-publish","4":"has-post-thumbnail","6":"product_cat-sushi-trays","7":"product_tag-boat-shaped","8":"product_tag-sakura","9":"product_tag-sushi","11":"first","12":"instock","13":"shipping-taxable","14":"purchasable","15":"product-type-simple"},"spectra_custom_meta":{"rank_math_internal_links_processed":["1","1","1","1","1","1","1","1","1","1","1","1","1","1","1"],"_sku":["WL-B09-MAPLE"],"_regular_price":["1"],"total_sales":["0"],"_tax_status":["taxable"],"_tax_class":[""],"_manage_stock":["no"],"_backorders":["no"],"_sold_individually":["no"],"_virtual":["no"],"_downloadable":["no"],"_product_image_gallery":["2613,2612,2610,2611"],"_download_limit":["0"],"_download_expiry":["0"],"_stock":[null],"_stock_status":["instock"],"_wc_average_rating":["0"],"_wc_review_count":["0"],"_product_attributes":["a:2:{s:9:\"item-size\";a:6:{s:4:\"name\";s:9:\"Item Size\";s:5:\"value\";s:12:\"266*147*55mm\";s:8:\"position\";i:0;s:10:\"is_visible\";i:1;s:12:\"is_variation\";i:0;s:11:\"is_taxonomy\";i:0;}s:7:\"qty-ctn\";a:6:{s:4:\"name\";s:7:\"QTY\/CTN\";s:5:\"value\";s:3:\"300\";s:8:\"position\";i:1;s:10:\"is_visible\";i:1;s:12:\"is_variation\";i:0;s:11:\"is_taxonomy\";i:0;}}"],"_product_version":["9.4.2"],"_price":["1"],"_wp_old_date":["2024-11-26"],"rank_math_analytic_object_id":["24"],"classic-editor-remember":["classic-editor"],"rank_math_seo_score":["69"],"rank_math_contentai_score":["a:5:{s:8:\"keywords\";s:5:\"74.51\";s:9:\"wordCount\";s:1:\"0\";s:9:\"linkCount\";s:1:\"0\";s:12:\"headingCount\";s:1:\"0\";s:10:\"mediaCount\";s:1:\"0\";}"],"_jet_woo_template":[""],"_template_type":["default"],"rank_math_primary_product_cat":["23"],"_ywraq_hide_quote_button_check":[""],"_ywraq_hide_quote_button":["0"],"_edit_lock":["1771595578:1"],"_edit_last":["1"],"rank_math_focus_keyword":["Sushi Box"],"_wp_old_slug":["boat-shaped-sushi-tray-wl-b09"],"_thumbnail_id":["3973"],"_uag_css_file_name":["uag-css-1747.css"],"_uag_page_assets":["a:9:{s:3:\"css\";s:0:\"\";s:2:\"js\";s:0:\"\";s:18:\"current_block_list\";a:6:{i:0;s:10:\"core\/group\";i:1;s:12:\"core\/heading\";i:2;s:17:\"core\/latest-posts\";i:3;s:20:\"core\/latest-comments\";i:4;s:13:\"core\/archives\";i:5;s:15:\"core\/categories\";}s:8:\"uag_flag\";b:0;s:11:\"uag_version\";i:1777300730;s:6:\"gfonts\";a:0:{}s:10:\"gfonts_url\";s:0:\"\";s:12:\"gfonts_files\";a:0:{}s:14:\"uag_faq_layout\";b:0;}"]},"uagb_featured_image_src":{"full":["https:\/\/www.manluenpack.com\/wp-content\/uploads\/2025\/03\/WL-B09-manluen-sushi-boat-tray-plastic-1.jpg",1000,1000,false],"thumbnail":["https:\/\/www.manluenpack.com\/wp-content\/uploads\/2025\/03\/WL-B09-manluen-sushi-boat-tray-plastic-1.jpg",150,150,false],"medium":["https:\/\/www.manluenpack.com\/wp-content\/uploads\/2025\/03\/WL-B09-manluen-sushi-boat-tray-plastic-1.jpg",300,300,false],"medium_large":["https:\/\/www.manluenpack.com\/wp-content\/uploads\/2025\/03\/WL-B09-manluen-sushi-boat-tray-plastic-1.jpg",768,768,false],"large":["https:\/\/www.manluenpack.com\/wp-content\/uploads\/2025\/03\/WL-B09-manluen-sushi-boat-tray-plastic-1.jpg",1000,1000,false],"1536x1536":["https:\/\/www.manluenpack.com\/wp-content\/uploads\/2025\/03\/WL-B09-manluen-sushi-boat-tray-plastic-1.jpg",1000,1000,false],"2048x2048":["https:\/\/www.manluenpack.com\/wp-content\/uploads\/2025\/03\/WL-B09-manluen-sushi-boat-tray-plastic-1.jpg",1000,1000,false],"trp-custom-language-flag":["https:\/\/www.manluenpack.com\/wp-content\/uploads\/2025\/03\/WL-B09-manluen-sushi-boat-tray-plastic-1.jpg",12,12,false],"menu-24x24":["https:\/\/www.manluenpack.com\/wp-content\/uploads\/2025\/03\/WL-B09-manluen-sushi-boat-tray-plastic-1.jpg",24,24,false],"menu-36x36":["https:\/\/www.manluenpack.com\/wp-content\/uploads\/2025\/03\/WL-B09-manluen-sushi-boat-tray-plastic-1.jpg",36,36,false],"menu-48x48":["https:\/\/www.manluenpack.com\/wp-content\/uploads\/2025\/03\/WL-B09-manluen-sushi-boat-tray-plastic-1.jpg",48,48,false],"woocommerce_thumbnail":["https:\/\/www.manluenpack.com\/wp-content\/uploads\/2025\/03\/WL-B09-manluen-sushi-boat-tray-plastic-1.jpg",300,300,false],"woocommerce_single":["https:\/\/www.manluenpack.com\/wp-content\/uploads\/2025\/03\/WL-B09-manluen-sushi-boat-tray-plastic-1.jpg",600,600,false],"woocommerce_gallery_thumbnail":["https:\/\/www.manluenpack.com\/wp-content\/uploads\/2025\/03\/WL-B09-manluen-sushi-boat-tray-plastic-1.jpg",100,100,false]},"uagb_author_info":{"display_name":"ManLuenpack","author_link":"https:\/\/www.manluenpack.com\/pt\/author\/"},"uagb_comment_info":0,"uagb_excerpt":"The WL-B09 Manluen Sushi Box features a unique 266*147*42 mm streamlined design. The depth retains the warm texture of traditional wooden tableware while enhancing stability with widened edges and anti-slip&hellip;","_links":{"self":[{"href":"https:\/\/www.manluenpack.com\/pt\/wp-json\/wp\/v2\/product\/1747","targetHints":{"allow":["GET"]}}],"collection":[{"href":"https:\/\/www.manluenpack.com\/pt\/wp-json\/wp\/v2\/product"}],"about":[{"href":"https:\/\/www.manluenpack.com\/pt\/wp-json\/wp\/v2\/types\/product"}],"wp:featuredmedia":[{"embeddable":true,"href":"https:\/\/www.manluenpack.com\/pt\/wp-json\/wp\/v2\/media\/3973"}],"wp:attachment":[{"href":"https:\/\/www.manluenpack.com\/pt\/wp-json\/wp\/v2\/media?parent=1747"}],"wp:term":[{"taxonomy":"product_brand","embeddable":true,"href":"https:\/\/www.manluenpack.com\/pt\/wp-json\/wp\/v2\/product_brand?post=1747"},{"taxonomy":"product_cat","embeddable":true,"href":"https:\/\/www.manluenpack.com\/pt\/wp-json\/wp\/v2\/product_cat?post=1747"},{"taxonomy":"product_tag","embeddable":true,"href":"https:\/\/www.manluenpack.com\/pt\/wp-json\/wp\/v2\/product_tag?post=1747"}],"curies":[{"name":"wp","href":"https:\/\/api.w.org\/{rel}","templated":true}]}}