{"id":1746,"date":"2025-03-15T18:18:01","date_gmt":"2025-03-15T10:18:01","guid":{"rendered":"https:\/\/www.manluenpack.com\/?post_type=product&#038;p=1746"},"modified":"2025-07-10T22:33:03","modified_gmt":"2025-07-10T14:33:03","slug":"wl-b01-manluen-sushi-box","status":"publish","type":"product","link":"https:\/\/www.manluenpack.com\/pt\/products\/wl-b01-manluen-sushi-box\/","title":{"rendered":"Caixa de Sushi Manluen WL-B01"},"content":{"rendered":"<p>A nossa Caixa de Sushi WL-B01 Manluen, com o seu design \u00fanico de tamanho 240*112*42mm inspirado em folhas de bordo pretas, atende perfeitamente \u00e0s necessidades de apresenta\u00e7\u00e3o tradicional de sushi. O contorno elegante e suave em forma de barco combina beleza e praticidade. A sua capacidade compacta acomoda facilmente sushi, sashimi ou snacks, acrescentando um toque ritual\u00edstico \u00e0 refei\u00e7\u00e3o. \u00c9 uma escolha ideal para a apresenta\u00e7\u00e3o de cozinha japonesa e uma pe\u00e7a de destaque em mesas de jantar ao estilo japon\u00eas.<\/p>\n<ul>\n<li>Tipo de Embalagem<br \/>\nCaixa de cart\u00e3o<\/li>\n<li>Cor<br \/>\nFolhas de Bordo Pretas<\/li>\n<li>Quantidade por Caixa<br \/>\n600 conjuntos<\/li>\n<li>Material<br \/>\nTampa: OPS, Base: PS<\/li>\n<li>Capacidade por unidade<br \/>\n0,111 metros c\u00fabicos<\/li>\n<\/ul>\n<h3><strong>Embalagem e entrega<\/strong><\/h3>\n<p>A Caixa de Sushi WL-B01 Manluen com Tampa \u00e9 embalada de forma ecol\u00f3gica, mas resistente, apresentando pl\u00e1stico bolha refor\u00e7ado e cart\u00e3o resistente \u00e0 humidade que se adapta \u00e0 curvatura do barco para garantir zero movimento durante o transporte. A caixa exterior, desenhada com est\u00e9tica minimalista japonesa e adornada com um log\u00f3tipo em folha de ouro, garante que cada produto seja perfeitamente protegido durante o transporte. O nosso processo de entrega \u00e9 r\u00e1pido e fi\u00e1vel, prometendo levar esta bandeja de sushi artisticamente elaborada \u00e0 sua mesa o mais rapidamente poss\u00edvel, tornando cada desembrulho um momento de antecipa\u00e7\u00e3o e prazer.<\/p>\n<h3><strong>Cen\u00e1rios de uso<\/strong><strong>\u00a0\u00a0<\/strong><\/h3>\n<p>Quer seja para uma apresenta\u00e7\u00e3o elegante em restaurantes japoneses de alta qualidade ou momentos calorosos durante encontros familiares, a Caixa de Sushi WL-B01 Manluen com Folhas de Bordo Pretas integra-se perfeitamente na cena com o seu design gracioso. A sua forma de barco suave e textura natural semelhante a bambu acrescentam beleza art\u00edstica ao sushi, sashimi ou snacks, tornando-se uma escolha perfeita para melhorar o ambiente das mesas durante encontros com amigos ou festas festivas. Cada refei\u00e7\u00e3o torna-se um banquete duplo para os olhos e o paladar.<\/p>\n<h3>Design empilh\u00e1vel<\/h3>\n<p>A Caixa de Sushi Retangular WL-B01 Manluen \u00e9 fabricada com materiais de alta qualidade, e o seu design empilh\u00e1vel inteligente n\u00e3o s\u00f3 economiza espa\u00e7o e facilita o armazenamento, como tamb\u00e9m garante estabilidade e seguran\u00e7a ao empilhar. Esta vantagem de design mant\u00e9m-na organizada e arrumada em cozinhas movimentadas ou \u00e1reas de exibi\u00e7\u00e3o compactas, permitindo tamb\u00e9m acesso r\u00e1pido, melhorando a efici\u00eancia e a est\u00e9tica do espa\u00e7o.<\/p>\n<h3><strong>\u00c0 prova de vazamentos e Dur\u00e1vel \u00a0<\/strong><\/h3>\n<p>A parte inferior desta Caixa de Sushi Cl\u00e1ssica por Atacado foi desenhada para ser plana, com bordas seladas de forma herm\u00e9tica que evitam eficazmente vazamentos de l\u00edquidos. Al\u00e9m disso, a sua estrutura robusta e duradoura consegue suportar uma certa quantidade de peso e press\u00e3o, garantindo que permane\u00e7a intacta e sem danos durante o transporte e uso.<\/p>","protected":false},"excerpt":{"rendered":"<p>Our WL-B01 Manluen Sushi Box, with its unique 240*112*42mm black maple leaves size design, perfectly meets the needs of traditional sushi presentation. The elegant and smooth boat-shaped contour combines beauty&hellip;<\/p>","protected":false},"featured_media":2615,"template":"","meta":{"_uag_custom_page_level_css":""},"product_brand":[],"product_cat":[23],"product_tag":[114,115,102],"class_list":{"0":"post-1746","1":"product","2":"type-product","3":"status-publish","4":"has-post-thumbnail","6":"product_cat-sushi-trays","7":"product_tag-boat-shaped","8":"product_tag-maple-leaf","9":"product_tag-sushi","11":"first","12":"instock","13":"shipping-taxable","14":"purchasable","15":"product-type-simple"},"spectra_custom_meta":{"rank_math_internal_links_processed":["1","1","1","1","1","1","1","1","1","1","1","1","1","1"],"_sku":["WL-B01-MAPLE"],"_regular_price":["1"],"total_sales":["0"],"_tax_status":["taxable"],"_tax_class":[""],"_manage_stock":["no"],"_backorders":["no"],"_sold_individually":["no"],"_virtual":["no"],"_downloadable":["no"],"_product_image_gallery":["2620,2617,2619,2618,2616"],"_download_limit":["0"],"_download_expiry":["0"],"_thumbnail_id":["2615"],"_stock":[null],"_stock_status":["instock"],"_wc_average_rating":["0"],"_wc_review_count":["0"],"_product_attributes":["a:2:{s:9:\"item-size\";a:6:{s:4:\"name\";s:9:\"Item Size\";s:5:\"value\";s:12:\"240*112*55mm\";s:8:\"position\";i:0;s:10:\"is_visible\";i:1;s:12:\"is_variation\";i:0;s:11:\"is_taxonomy\";i:0;}s:7:\"qty-ctn\";a:6:{s:4:\"name\";s:7:\"QTY\/CTN\";s:5:\"value\";s:3:\"600\";s:8:\"position\";i:1;s:10:\"is_visible\";i:1;s:12:\"is_variation\";i:0;s:11:\"is_taxonomy\";i:0;}}"],"_product_version":["9.4.2"],"_price":["1"],"_wp_old_date":["2024-11-26"],"rank_math_analytic_object_id":["24"],"classic-editor-remember":["classic-editor"],"rank_math_seo_score":["69"],"rank_math_contentai_score":["a:5:{s:8:\"keywords\";s:5:\"74.51\";s:9:\"wordCount\";s:1:\"0\";s:9:\"linkCount\";s:1:\"0\";s:12:\"headingCount\";s:1:\"0\";s:10:\"mediaCount\";s:1:\"0\";}"],"_jet_woo_template":[""],"_template_type":["default"],"rank_math_primary_product_cat":["23"],"_ywraq_hide_quote_button_check":[""],"_ywraq_hide_quote_button":["0"],"_edit_lock":["1752158038:1"],"_edit_last":["1"],"rank_math_focus_keyword":["Sushi Box"],"_wp_old_slug":["wl-b01-manluen-boat-sushi-tray","wl-b01-manluen-sushi-boxes"],"_uag_css_file_name":["uag-css-1746.css"],"_uag_page_assets":["a:9:{s:3:\"css\";s:0:\"\";s:2:\"js\";s:0:\"\";s:18:\"current_block_list\";a:6:{i:0;s:10:\"core\/group\";i:1;s:12:\"core\/heading\";i:2;s:17:\"core\/latest-posts\";i:3;s:20:\"core\/latest-comments\";i:4;s:13:\"core\/archives\";i:5;s:15:\"core\/categories\";}s:8:\"uag_flag\";b:0;s:11:\"uag_version\";i:1777288969;s:6:\"gfonts\";a:0:{}s:10:\"gfonts_url\";s:0:\"\";s:12:\"gfonts_files\";a:0:{}s:14:\"uag_faq_layout\";b:0;}"]},"uagb_featured_image_src":{"full":["https:\/\/www.manluenpack.com\/wp-content\/uploads\/2025\/03\/WL-B01-manluen-take-out-container-sushi.webp",1000,1000,false],"thumbnail":["https:\/\/www.manluenpack.com\/wp-content\/uploads\/2025\/03\/WL-B01-manluen-take-out-container-sushi.webp",150,150,false],"medium":["https:\/\/www.manluenpack.com\/wp-content\/uploads\/2025\/03\/WL-B01-manluen-take-out-container-sushi.webp",300,300,false],"medium_large":["https:\/\/www.manluenpack.com\/wp-content\/uploads\/2025\/03\/WL-B01-manluen-take-out-container-sushi.webp",768,768,false],"large":["https:\/\/www.manluenpack.com\/wp-content\/uploads\/2025\/03\/WL-B01-manluen-take-out-container-sushi.webp",1000,1000,false],"1536x1536":["https:\/\/www.manluenpack.com\/wp-content\/uploads\/2025\/03\/WL-B01-manluen-take-out-container-sushi.webp",1000,1000,false],"2048x2048":["https:\/\/www.manluenpack.com\/wp-content\/uploads\/2025\/03\/WL-B01-manluen-take-out-container-sushi.webp",1000,1000,false],"trp-custom-language-flag":["https:\/\/www.manluenpack.com\/wp-content\/uploads\/2025\/03\/WL-B01-manluen-take-out-container-sushi.webp",12,12,false],"menu-24x24":["https:\/\/www.manluenpack.com\/wp-content\/uploads\/2025\/03\/WL-B01-manluen-take-out-container-sushi.webp",24,24,false],"menu-36x36":["https:\/\/www.manluenpack.com\/wp-content\/uploads\/2025\/03\/WL-B01-manluen-take-out-container-sushi.webp",36,36,false],"menu-48x48":["https:\/\/www.manluenpack.com\/wp-content\/uploads\/2025\/03\/WL-B01-manluen-take-out-container-sushi.webp",48,48,false],"woocommerce_thumbnail":["https:\/\/www.manluenpack.com\/wp-content\/uploads\/2025\/03\/WL-B01-manluen-take-out-container-sushi.webp",300,300,false],"woocommerce_single":["https:\/\/www.manluenpack.com\/wp-content\/uploads\/2025\/03\/WL-B01-manluen-take-out-container-sushi.webp",600,600,false],"woocommerce_gallery_thumbnail":["https:\/\/www.manluenpack.com\/wp-content\/uploads\/2025\/03\/WL-B01-manluen-take-out-container-sushi.webp",100,100,false]},"uagb_author_info":{"display_name":"ManLuenpack","author_link":"https:\/\/www.manluenpack.com\/pt\/author\/"},"uagb_comment_info":0,"uagb_excerpt":"Our WL-B01 Manluen Sushi Box, with its unique 240*112*42mm black maple leaves size design, perfectly meets the needs of traditional sushi presentation. The elegant and smooth boat-shaped contour combines beauty&hellip;","_links":{"self":[{"href":"https:\/\/www.manluenpack.com\/pt\/wp-json\/wp\/v2\/product\/1746","targetHints":{"allow":["GET"]}}],"collection":[{"href":"https:\/\/www.manluenpack.com\/pt\/wp-json\/wp\/v2\/product"}],"about":[{"href":"https:\/\/www.manluenpack.com\/pt\/wp-json\/wp\/v2\/types\/product"}],"wp:featuredmedia":[{"embeddable":true,"href":"https:\/\/www.manluenpack.com\/pt\/wp-json\/wp\/v2\/media\/2615"}],"wp:attachment":[{"href":"https:\/\/www.manluenpack.com\/pt\/wp-json\/wp\/v2\/media?parent=1746"}],"wp:term":[{"taxonomy":"product_brand","embeddable":true,"href":"https:\/\/www.manluenpack.com\/pt\/wp-json\/wp\/v2\/product_brand?post=1746"},{"taxonomy":"product_cat","embeddable":true,"href":"https:\/\/www.manluenpack.com\/pt\/wp-json\/wp\/v2\/product_cat?post=1746"},{"taxonomy":"product_tag","embeddable":true,"href":"https:\/\/www.manluenpack.com\/pt\/wp-json\/wp\/v2\/product_tag?post=1746"}],"curies":[{"name":"wp","href":"https:\/\/api.w.org\/{rel}","templated":true}]}}