{"id":1745,"date":"2025-03-15T16:09:24","date_gmt":"2025-03-15T08:09:24","guid":{"rendered":"https:\/\/www.manluenpack.com\/?post_type=product&#038;p=1745"},"modified":"2025-07-18T11:03:48","modified_gmt":"2025-07-18T03:03:48","slug":"wl-b03-manluen-sushi-tray","status":"publish","type":"product","link":"https:\/\/www.manluenpack.com\/pt\/products\/wl-b03-manluen-sushi-tray\/","title":{"rendered":"Bandeja de Sushi Manluen WL-B03"},"content":{"rendered":"<p>A Bandeja de Sushi WL-B05 Manluen apresenta um design \u00fanico de 180*150*55 mm, equilibrando perfeitamente capacidade e est\u00e9tica espacial. Compacta mas pr\u00e1tica, \u00e9 adequada para v\u00e1rias ocasi\u00f5es, atendendo \u00e0s necessidades de apresenta\u00e7\u00e3o de sushi sem ocupar espa\u00e7o excessivo na mesa, tornando-se uma escolha ideal para experi\u00eancias gastron\u00f3micas refinadas.<\/p>\n<ul>\n<li>Tipo de Embalagem<br \/>\nCaixa de cart\u00e3o<\/li>\n<li>Cor<br \/>\nDourado Vermelho<\/li>\n<li>Quantidade por Caixa<br \/>\n600 conjuntos<\/li>\n<li>Material<br \/>\nTampa: OPS, Base: PS<\/li>\n<li>Especifica\u00e7\u00f5es de Embalagem<br \/>\n0,076 metros c\u00fabicos<\/li>\n<\/ul>\n<p>&nbsp;<\/p>\n<ul>\n<li style=\"list-style-type: none;\">\n<table style=\"height: 160px;\" width=\"500\"><!-- \u8868\u683c\u7684\u8fb9\u6846\u4e3a1\u4e2a\u50cf\u7d20 --><!-- \u5355\u5143\u683c\u7684\u5185\u8fb9\u8ddd\u4e3a1\u50cf\u7d20 --><!-- \u5355\u5143\u683c\u4e4b\u95f4\u7684\u95f4\u8ddd\u4e3a0\u50cf\u7d20 --><!-- \u8fb9\u6846\u89c4\u5219\u4e3a\u4e24\u4fa7\u8fb9\u6846 --><\/p>\n<tbody>\n<tr>\n<td align=\"center\" bgcolor=\"EFEFEF\"><\/td>\n<td align=\"center\" bgcolor=\"EFEFEF\">Tamanho do Produto<\/td>\n<td align=\"center\" bgcolor=\"EFEFEF\">Quantidade<\/td>\n<td align=\"center\" bgcolor=\"EFEFEF\">Dimens\u00e3o da Caixa<\/td>\n<\/tr>\n<tr>\n<td align=\"center\" bgcolor=\"EFEFEF\">WL-B01<\/td>\n<td align=\"center\">240*112*55mm<\/td>\n<td align=\"center\">600<\/td>\n<td align=\"center\">685*330*493<\/td>\n<\/tr>\n<tr>\n<td align=\"center\" bgcolor=\"EFEFEF\">WL-B03<\/td>\n<td align=\"center\">180*150*55mm<\/td>\n<td align=\"center\">600<\/td>\n<td align=\"center\">730*330*457<\/td>\n<\/tr>\n<tr>\n<td align=\"center\" bgcolor=\"EFEFEF\">WL-B05<\/td>\n<td align=\"center\">206*147*55mm<\/td>\n<td align=\"center\">400<\/td>\n<td align=\"center\">612*330*427<\/td>\n<\/tr>\n<tr>\n<td align=\"center\" bgcolor=\"EFEFEF\">WL-B07<\/td>\n<td align=\"center\">238*149*55mm<\/td>\n<td align=\"center\">400<\/td>\n<td align=\"center\">612*330*491<\/td>\n<\/tr>\n<tr>\n<td align=\"center\" bgcolor=\"EFEFEF\">WL-B09<\/td>\n<td align=\"center\">266*147*55mm<\/td>\n<td align=\"center\">300<\/td>\n<td align=\"center\">550*330*454<\/td>\n<\/tr>\n<\/tbody>\n<\/table>\n<\/li>\n<li><a href=\"https:\/\/www.manluenpack.com\/pt\/products\/\">Mais estilo, mais estilos\u2026<\/a><\/li>\n<\/ul>\n<h3><strong>Embalagem e entrega<\/strong><\/h3>\n<p>A Bandeja de Sushi WL-B03 Manluen com Tampa vem numa embalagem simples, mas resistente e ecol\u00f3gica. Filme de bolha espesso e moldes personalizados garantem que o produto permane\u00e7a intacto durante o transporte. A caixa exterior \u00e9 elegantemente minimalista, refletindo a sofistica\u00e7\u00e3o da est\u00e9tica japonesa, tornando-a adequada para uso pessoal ou presente. O nosso servi\u00e7o de entrega \u00e9 eficiente e confi\u00e1vel, garantindo que esta obra-prima da artesania chegue at\u00e9 si rapidamente, enchendo cada experi\u00eancia de desembrulho de antecipa\u00e7\u00e3o e alegria.<\/p>\n<h3><strong>Cen\u00e1rios de uso<\/strong><strong>\u00a0\u00a0<\/strong><\/h3>\n<p>A Bandeja de Sushi Vermelha Dourada WL-B03 Manluen, com as suas dimens\u00f5es compactas e design elegante de barco, acrescenta um toque de brilho a encontros familiares, bebidas casuais com amigos ou restaurantes japoneses de alta classe. Seja usada para apresenta\u00e7\u00f5es requintadas em restaurantes de sushi ou momentos \u00edntimos \u00e0 mesa de jantar familiar, a WL-B03 integra-se perfeitamente. N\u00e3o s\u00f3 exibe a delicadeza do sushi, mas tamb\u00e9m acrescenta um toque art\u00edstico \u00e0 experi\u00eancia de refei\u00e7\u00e3o, tornando cada refei\u00e7\u00e3o um festim para os olhos e o paladar.<\/p>\n<h3><strong>Material &amp; Seguran\u00e7a <\/strong><\/h3>\n<p>A Bandeja de Sushi Retangular WL-B03 Manluen \u00e9 fabricada com materiais de alta qualidade, grau aliment\u00edcio PS e OPS. Estes materiais foram rigorosamente selecionados, s\u00e3o n\u00e3o t\u00f3xicos e inodoros, e cumprem os padr\u00f5es internacionais de seguran\u00e7a alimentar. Oferecem excelente resist\u00eancia ao calor e frio, s\u00e3o f\u00e1ceis de limpar e desinfetar, e mant\u00eam a beleza e higiene da bandeja ao longo do tempo.<\/p>\n<h3><strong>Ampla Resist\u00eancia a Temperaturas \u00a0<\/strong><\/h3>\n<p>A nossa Bandeja de Sushi WL-B05 Manluen Red Gold apresenta um desempenho excecional numa vasta gama de temperaturas, desde refrigera\u00e7\u00e3o at\u00e9 aquecimento em micro-ondas, atendendo eficazmente \u00e0s diversas necessidades de uso. A sua resist\u00eancia superior a temperaturas n\u00e3o s\u00f3 garante a seguran\u00e7a e qualidade dos alimentos, mas tamb\u00e9m proporciona aos utilizadores m\u00e1xima conveni\u00eancia, tornando-se a escolha perfeita para todas as ocasi\u00f5es de refei\u00e7\u00e3o.<\/p>","protected":false},"excerpt":{"rendered":"<p>The WL-B03 Manluen Sushi Tray features a unique 180*150*55 mm design, striking a perfect balance between capacity and spatial aesthetics. Compact yet practical, it is suitable for various occasions, meeting&hellip;<\/p>","protected":false},"featured_media":3605,"template":"","meta":{"_uag_custom_page_level_css":""},"product_brand":[],"product_cat":[23],"product_tag":[114,113,102],"class_list":{"0":"post-1745","1":"product","2":"type-product","3":"status-publish","4":"has-post-thumbnail","6":"product_cat-sushi-trays","7":"product_tag-boat-shaped","8":"product_tag-sakura","9":"product_tag-sushi","11":"first","12":"instock","13":"shipping-taxable","14":"purchasable","15":"product-type-simple"},"spectra_custom_meta":{"rank_math_internal_links_processed":["1","1","1","1","1","1","1","1","1","1","1","1","1"],"_sku":["WL-B03"],"_regular_price":["1"],"total_sales":["0"],"_tax_status":["taxable"],"_tax_class":[""],"_manage_stock":["no"],"_backorders":["no"],"_sold_individually":["no"],"_virtual":["no"],"_downloadable":["no"],"_product_image_gallery":["3607,3606,3604,2333"],"_download_limit":["0"],"_download_expiry":["0"],"_stock":[null],"_stock_status":["instock"],"_wc_average_rating":["0"],"_wc_review_count":["0"],"_product_attributes":["a:2:{s:9:\"item-size\";a:6:{s:4:\"name\";s:9:\"Item Size\";s:5:\"value\";s:12:\"180*150*55mm\";s:8:\"position\";i:0;s:10:\"is_visible\";i:1;s:12:\"is_variation\";i:0;s:11:\"is_taxonomy\";i:0;}s:7:\"qty-ctn\";a:6:{s:4:\"name\";s:7:\"QTY\/CTN\";s:5:\"value\";s:3:\"600\";s:8:\"position\";i:1;s:10:\"is_visible\";i:1;s:12:\"is_variation\";i:0;s:11:\"is_taxonomy\";i:0;}}"],"_product_version":["9.4.2"],"_price":["1"],"_wp_old_date":["2024-11-26"],"rank_math_analytic_object_id":["24"],"classic-editor-remember":["classic-editor"],"rank_math_seo_score":["75"],"rank_math_contentai_score":["a:5:{s:8:\"keywords\";s:5:\"74.51\";s:9:\"wordCount\";s:1:\"0\";s:9:\"linkCount\";s:1:\"0\";s:12:\"headingCount\";s:1:\"0\";s:10:\"mediaCount\";s:1:\"0\";}"],"_jet_woo_template":[""],"_template_type":["default"],"rank_math_primary_product_cat":["23"],"_ywraq_hide_quote_button_check":[""],"_ywraq_hide_quote_button":["0"],"_edit_lock":["1757313670:1"],"_edit_last":["1"],"_wp_old_slug":["boat-borne-delicacy-crafted-with-beauty-wl-b03"],"rank_math_focus_keyword":["sushi tray"],"_thumbnail_id":["3605"],"_uag_css_file_name":["uag-css-1745.css"],"_uag_page_assets":["a:9:{s:3:\"css\";s:0:\"\";s:2:\"js\";s:0:\"\";s:18:\"current_block_list\";a:6:{i:0;s:10:\"core\/group\";i:1;s:12:\"core\/heading\";i:2;s:17:\"core\/latest-posts\";i:3;s:20:\"core\/latest-comments\";i:4;s:13:\"core\/archives\";i:5;s:15:\"core\/categories\";}s:8:\"uag_flag\";b:0;s:11:\"uag_version\";i:1777209540;s:6:\"gfonts\";a:0:{}s:10:\"gfonts_url\";s:0:\"\";s:12:\"gfonts_files\";a:0:{}s:14:\"uag_faq_layout\";b:0;}"]},"uagb_featured_image_src":{"full":["https:\/\/www.manluenpack.com\/wp-content\/uploads\/2025\/07\/WL-B03-manluen-plsatic-sushi-tray.webp",1000,1000,false],"thumbnail":["https:\/\/www.manluenpack.com\/wp-content\/uploads\/2025\/07\/WL-B03-manluen-plsatic-sushi-tray.webp",150,150,false],"medium":["https:\/\/www.manluenpack.com\/wp-content\/uploads\/2025\/07\/WL-B03-manluen-plsatic-sushi-tray.webp",300,300,false],"medium_large":["https:\/\/www.manluenpack.com\/wp-content\/uploads\/2025\/07\/WL-B03-manluen-plsatic-sushi-tray.webp",768,768,false],"large":["https:\/\/www.manluenpack.com\/wp-content\/uploads\/2025\/07\/WL-B03-manluen-plsatic-sushi-tray.webp",1000,1000,false],"1536x1536":["https:\/\/www.manluenpack.com\/wp-content\/uploads\/2025\/07\/WL-B03-manluen-plsatic-sushi-tray.webp",1000,1000,false],"2048x2048":["https:\/\/www.manluenpack.com\/wp-content\/uploads\/2025\/07\/WL-B03-manluen-plsatic-sushi-tray.webp",1000,1000,false],"trp-custom-language-flag":["https:\/\/www.manluenpack.com\/wp-content\/uploads\/2025\/07\/WL-B03-manluen-plsatic-sushi-tray.webp",12,12,false],"menu-24x24":["https:\/\/www.manluenpack.com\/wp-content\/uploads\/2025\/07\/WL-B03-manluen-plsatic-sushi-tray.webp",24,24,false],"menu-36x36":["https:\/\/www.manluenpack.com\/wp-content\/uploads\/2025\/07\/WL-B03-manluen-plsatic-sushi-tray.webp",36,36,false],"menu-48x48":["https:\/\/www.manluenpack.com\/wp-content\/uploads\/2025\/07\/WL-B03-manluen-plsatic-sushi-tray.webp",48,48,false],"woocommerce_thumbnail":["https:\/\/www.manluenpack.com\/wp-content\/uploads\/2025\/07\/WL-B03-manluen-plsatic-sushi-tray.webp",300,300,false],"woocommerce_single":["https:\/\/www.manluenpack.com\/wp-content\/uploads\/2025\/07\/WL-B03-manluen-plsatic-sushi-tray.webp",600,600,false],"woocommerce_gallery_thumbnail":["https:\/\/www.manluenpack.com\/wp-content\/uploads\/2025\/07\/WL-B03-manluen-plsatic-sushi-tray.webp",100,100,false]},"uagb_author_info":{"display_name":"ManLuenpack","author_link":"https:\/\/www.manluenpack.com\/pt\/author\/"},"uagb_comment_info":0,"uagb_excerpt":"The WL-B03 Manluen Sushi Tray features a unique 180*150*55 mm design, striking a perfect balance between capacity and spatial aesthetics. Compact yet practical, it is suitable for various occasions, meeting&hellip;","_links":{"self":[{"href":"https:\/\/www.manluenpack.com\/pt\/wp-json\/wp\/v2\/product\/1745","targetHints":{"allow":["GET"]}}],"collection":[{"href":"https:\/\/www.manluenpack.com\/pt\/wp-json\/wp\/v2\/product"}],"about":[{"href":"https:\/\/www.manluenpack.com\/pt\/wp-json\/wp\/v2\/types\/product"}],"wp:featuredmedia":[{"embeddable":true,"href":"https:\/\/www.manluenpack.com\/pt\/wp-json\/wp\/v2\/media\/3605"}],"wp:attachment":[{"href":"https:\/\/www.manluenpack.com\/pt\/wp-json\/wp\/v2\/media?parent=1745"}],"wp:term":[{"taxonomy":"product_brand","embeddable":true,"href":"https:\/\/www.manluenpack.com\/pt\/wp-json\/wp\/v2\/product_brand?post=1745"},{"taxonomy":"product_cat","embeddable":true,"href":"https:\/\/www.manluenpack.com\/pt\/wp-json\/wp\/v2\/product_cat?post=1745"},{"taxonomy":"product_tag","embeddable":true,"href":"https:\/\/www.manluenpack.com\/pt\/wp-json\/wp\/v2\/product_tag?post=1745"}],"curies":[{"name":"wp","href":"https:\/\/api.w.org\/{rel}","templated":true}]}}