{"id":1744,"date":"2025-03-14T23:59:44","date_gmt":"2025-03-14T15:59:44","guid":{"rendered":"https:\/\/www.manluenpack.com\/?post_type=product&#038;p=1744"},"modified":"2025-07-10T22:46:20","modified_gmt":"2025-07-10T14:46:20","slug":"wl-11-manluen-bagasse-sushi-tray","status":"publish","type":"product","link":"https:\/\/www.manluenpack.com\/pt\/products\/wl-11-manluen-bagasse-sushi-tray\/","title":{"rendered":"Bandeja de Sushi de Baga\u00e7o Manluen WL-11"},"content":{"rendered":"<p>A Bandeja de Sushi Grande de Baga\u00e7o WL-11 Manluen \u00e9 fabricada com material ecol\u00f3gico de baga\u00e7o, com um design de tamanho \u00fanico 260*188*45mm que oferece espa\u00e7o amplo e suporte fi\u00e1vel. As suas dimens\u00f5es cientificamente proporcionadas adaptam-se \u00e0s v\u00e1rias necessidades de arranjo de sushi, combinando praticidade com uma est\u00e9tica natural. \u00c9 a combina\u00e7\u00e3o perfeita entre gastronomia de alta qualidade e consci\u00eancia ambiental.<\/p>\n<ul>\n<li>Tipo de Embalagem<br \/>\nCaixa de cart\u00e3o<\/li>\n<li>Cor<br \/>\nCor de madeira natural<\/li>\n<li>Quantidade por Caixa<br \/>\n200 conjuntos<\/li>\n<li>Material<br \/>\nTampa: PET, Base: Bagasse<\/li>\n<li>Especifica\u00e7\u00f5es de Embalagem<br \/>\n0,08 metros c\u00fabicos<\/li>\n<\/ul>\n<p>&nbsp;<\/p>\n<ul>\n<li style=\"list-style-type: none;\">\n<table style=\"height: 160px;\" width=\"500\"><!-- \u8868\u683c\u7684\u8fb9\u6846\u4e3a1\u4e2a\u50cf\u7d20 --><!-- \u5355\u5143\u683c\u7684\u5185\u8fb9\u8ddd\u4e3a1\u50cf\u7d20 --><!-- \u5355\u5143\u683c\u4e4b\u95f4\u7684\u95f4\u8ddd\u4e3a0\u50cf\u7d20 --><!-- \u8fb9\u6846\u89c4\u5219\u4e3a\u4e24\u4fa7\u8fb9\u6846 --><\/p>\n<tbody>\n<tr>\n<td align=\"center\" bgcolor=\"EFEFEF\"><\/td>\n<td align=\"center\" bgcolor=\"EFEFEF\">Tamanho do Produto<\/td>\n<td align=\"center\" bgcolor=\"EFEFEF\">Quantidade<\/td>\n<td align=\"center\" bgcolor=\"EFEFEF\">Dimens\u00e3o da Caixa<\/td>\n<\/tr>\n<tr>\n<td align=\"center\" bgcolor=\"EFEFEF\">WL-0,6<\/td>\n<td align=\"center\">167*92*45mm<\/td>\n<td align=\"center\">600<\/td>\n<td align=\"center\">525*325*400<\/td>\n<\/tr>\n<tr>\n<td align=\"center\" bgcolor=\"EFEFEF\">WL-01<\/td>\n<td align=\"center\">226*96*45mm<\/td>\n<td align=\"center\">400<\/td>\n<td align=\"center\">470*320*385<\/td>\n<\/tr>\n<tr>\n<td align=\"center\" bgcolor=\"EFEFEF\">WL-03<\/td>\n<td align=\"center\">168*118*45mm<\/td>\n<td align=\"center\">400<\/td>\n<td align=\"center\">505*305*365<\/td>\n<\/tr>\n<tr>\n<td align=\"center\" bgcolor=\"EFEFEF\">WL-05<\/td>\n<td align=\"center\">188*132*45mm<\/td>\n<td align=\"center\">400<\/td>\n<td align=\"center\">555*300*395<\/td>\n<\/tr>\n<tr>\n<td align=\"center\" bgcolor=\"EFEFEF\">WL-07<\/td>\n<td align=\"center\">219*139*45mm<\/td>\n<td align=\"center\">400<\/td>\n<td align=\"center\">580*310*455<\/td>\n<\/tr>\n<tr>\n<td align=\"center\" bgcolor=\"EFEFEF\">WL-09<\/td>\n<td align=\"center\">241*148*45mm<\/td>\n<td align=\"center\">300<\/td>\n<td align=\"center\">500*325*460<\/td>\n<\/tr>\n<tr>\n<td align=\"center\" bgcolor=\"EFEFEF\">WL-11<\/td>\n<td align=\"center\">260*188*45mm<\/td>\n<td align=\"center\">200<\/td>\n<td align=\"center\">540*360*395<\/td>\n<\/tr>\n<\/tbody>\n<\/table>\n<\/li>\n<li><a href=\"https:\/\/www.manluenpack.com\/pt\/products\/\">Mais estilo, mais estilos\u2026<\/a><\/li>\n<\/ul>\n<h3><strong><b>Embalagem e entrega<\/b><\/strong><\/h3>\n<p>A Bandeja de Sushi de Baga\u00e7o WL-11 Manluen apresenta um design de embalagem eficiente e ecol\u00f3gico, garantindo limpeza e seguran\u00e7a durante o transporte. Cada produto \u00e9 cuidadosamente selado, empilhado de forma segura para economizar espa\u00e7o e protegido de forma fi\u00e1vel. A entrega pontual e precisa assegura conveni\u00eancia e tranquilidade, tornando a qualidade e o servi\u00e7o confi\u00e1veis.<\/p>\n<h3><strong><b>Cen\u00e1rios de uso<\/b><\/strong><strong><b>\u00a0\u00a0<\/b><\/strong><\/h3>\n<p>A Bandeja de Sushi Grande de Baga\u00e7o WL-11 Manluen com Tampa, com o seu interior espa\u00e7oso, \u00e9 perfeita para restaurantes japoneses de alta gama, servi\u00e7os de banquetes e entregas para levar. Seja para pratos de sushi requintados, exibi\u00e7\u00f5es de alimentos com tema ecol\u00f3gico ou fornecimento eficiente em grande quantidade, a sua textura natural e praticidade elevam a comida com um toque verde e uma experi\u00eancia elegante.<\/p>\n<h3><strong><b>Embalagem Segura para Alimentos<\/b><\/strong><\/h3>\n<p>A nossa Bandeja de Sushi Retangular Cl\u00e1ssica de Baga\u00e7o WL-11 Manluen \u00e9 feita de baga\u00e7o premium, sem pl\u00e1stico ou madeira, garantindo seguran\u00e7a, n\u00e3o toxicidade e inofensividade. Cumpre os padr\u00f5es de seguran\u00e7a alimentar, garantindo a seguran\u00e7a e higiene dos alimentos. A fibra natural de baga\u00e7o \u00e9 forte, dur\u00e1vel e resistente a quebras, proporcionando prote\u00e7\u00e3o fi\u00e1vel para as suas encomendas de embalagem ou para levar.<\/p>\n<h3><strong><b>Design empilh\u00e1vel <\/b><\/strong><\/h3>\n<p>A Bandeja de Sushi de Baga\u00e7o por Atacado WL-11 Manluen apresenta um design inteligente empilh\u00e1vel, que efetivamente economiza espa\u00e7o de armazenamento e transporte. A sua estrutura robusta garante estabilidade e seguran\u00e7a ao empilhar em v\u00e1rias camadas, prevenindo tombamentos ou danos, ao mesmo tempo que melhora a efici\u00eancia operacional. Isto acrescenta conveni\u00eancia e fiabilidade \u00e0 sua ecol\u00f3gica e pr\u00e1tica.<\/p>\n<h3><strong><b>Transparente, \u00e0 prova de vazamentos e f\u00e1cil de limpar \u00a0<\/b><\/strong><\/h3>\n<p>Esta Bandeja de Sushi de Baga\u00e7o por Atacado WL-11 Manluen apresenta um design transparente, permitindo uma visibilidade clara para aumentar o apetite. Possui funcionalidade \u00e0 prova de vazamentos para manter os alimentos frescos e intactos, sendo f\u00e1cil de limpar \u2014 basta enxaguar ap\u00f3s o uso para restaurar \u00e0s condi\u00e7\u00f5es de novo, oferecendo uma experi\u00eancia conveniente e higi\u00e9nica.<\/p>\n<p><a href=\"https:\/\/www.google.com\/search?q=manluenpack\" target=\"_blank\" rel=\"noopener\">Mais informa\u00e7\u00f5es\u2026<\/a><\/p>","protected":false},"excerpt":{"rendered":"<p>The WL-11 Manluen Bagasse Large Sushi Tray is crafted from eco-friendly bagasse material, with a unique 260*188*45mm size design that provides ample space and reliable support. Its scientifically proportioned dimensions&hellip;<\/p>","protected":false},"featured_media":3069,"template":"","meta":{"_uag_custom_page_level_css":""},"product_brand":[],"product_cat":[23],"product_tag":[112,102],"class_list":{"0":"post-1744","1":"product","2":"type-product","3":"status-publish","4":"has-post-thumbnail","6":"product_cat-sushi-trays","7":"product_tag-bagasse","8":"product_tag-sushi","10":"first","11":"instock","12":"shipping-taxable","13":"purchasable","14":"product-type-simple"},"spectra_custom_meta":{"rank_math_internal_links_processed":["1","1","1","1","1","1","1","1","1","1","1","1"],"_sku":["WL-11-BAGASSE"],"_regular_price":["1"],"total_sales":["0"],"_tax_status":["taxable"],"_tax_class":[""],"_manage_stock":["no"],"_backorders":["no"],"_sold_individually":["no"],"_virtual":["no"],"_downloadable":["no"],"_download_limit":["-1"],"_download_expiry":["-1"],"_stock":[null],"_stock_status":["instock"],"_wc_average_rating":["0"],"_wc_review_count":["0"],"_product_version":["9.4.2"],"_price":["1"],"_wp_old_date":["2024-11-26"],"rank_math_analytic_object_id":["24"],"classic-editor-remember":["classic-editor"],"rank_math_seo_score":["81"],"rank_math_contentai_score":["a:5:{s:8:\"keywords\";s:5:\"74.51\";s:9:\"wordCount\";s:1:\"0\";s:9:\"linkCount\";s:1:\"0\";s:12:\"headingCount\";s:1:\"0\";s:10:\"mediaCount\";s:1:\"0\";}"],"_jet_woo_template":[""],"_template_type":["default"],"rank_math_primary_product_cat":["23"],"_ywraq_hide_quote_button_check":[""],"_ywraq_hide_quote_button":["0"],"_edit_lock":["1752158699:1"],"_edit_last":["1"],"rank_math_focus_keyword":["sushi tray"],"_thumbnail_id":["3069"],"_product_image_gallery":["3073,3072,3071,3356"],"_uag_css_file_name":["uag-css-1744.css"],"_uag_page_assets":["a:9:{s:3:\"css\";s:0:\"\";s:2:\"js\";s:0:\"\";s:18:\"current_block_list\";a:6:{i:0;s:10:\"core\/group\";i:1;s:12:\"core\/heading\";i:2;s:17:\"core\/latest-posts\";i:3;s:20:\"core\/latest-comments\";i:4;s:13:\"core\/archives\";i:5;s:15:\"core\/categories\";}s:8:\"uag_flag\";b:0;s:11:\"uag_version\";i:1777284572;s:6:\"gfonts\";a:0:{}s:10:\"gfonts_url\";s:0:\"\";s:12:\"gfonts_files\";a:0:{}s:14:\"uag_faq_layout\";b:0;}"]},"uagb_featured_image_src":{"full":["https:\/\/www.manluenpack.com\/wp-content\/uploads\/2025\/03\/WL-11-Manluen-Bagasse-Sushi-Tray.webp",1000,1000,false],"thumbnail":["https:\/\/www.manluenpack.com\/wp-content\/uploads\/2025\/03\/WL-11-Manluen-Bagasse-Sushi-Tray.webp",150,150,false],"medium":["https:\/\/www.manluenpack.com\/wp-content\/uploads\/2025\/03\/WL-11-Manluen-Bagasse-Sushi-Tray.webp",300,300,false],"medium_large":["https:\/\/www.manluenpack.com\/wp-content\/uploads\/2025\/03\/WL-11-Manluen-Bagasse-Sushi-Tray.webp",768,768,false],"large":["https:\/\/www.manluenpack.com\/wp-content\/uploads\/2025\/03\/WL-11-Manluen-Bagasse-Sushi-Tray.webp",1000,1000,false],"1536x1536":["https:\/\/www.manluenpack.com\/wp-content\/uploads\/2025\/03\/WL-11-Manluen-Bagasse-Sushi-Tray.webp",1000,1000,false],"2048x2048":["https:\/\/www.manluenpack.com\/wp-content\/uploads\/2025\/03\/WL-11-Manluen-Bagasse-Sushi-Tray.webp",1000,1000,false],"trp-custom-language-flag":["https:\/\/www.manluenpack.com\/wp-content\/uploads\/2025\/03\/WL-11-Manluen-Bagasse-Sushi-Tray.webp",12,12,false],"menu-24x24":["https:\/\/www.manluenpack.com\/wp-content\/uploads\/2025\/03\/WL-11-Manluen-Bagasse-Sushi-Tray.webp",24,24,false],"menu-36x36":["https:\/\/www.manluenpack.com\/wp-content\/uploads\/2025\/03\/WL-11-Manluen-Bagasse-Sushi-Tray.webp",36,36,false],"menu-48x48":["https:\/\/www.manluenpack.com\/wp-content\/uploads\/2025\/03\/WL-11-Manluen-Bagasse-Sushi-Tray.webp",48,48,false],"woocommerce_thumbnail":["https:\/\/www.manluenpack.com\/wp-content\/uploads\/2025\/03\/WL-11-Manluen-Bagasse-Sushi-Tray.webp",300,300,false],"woocommerce_single":["https:\/\/www.manluenpack.com\/wp-content\/uploads\/2025\/03\/WL-11-Manluen-Bagasse-Sushi-Tray.webp",600,600,false],"woocommerce_gallery_thumbnail":["https:\/\/www.manluenpack.com\/wp-content\/uploads\/2025\/03\/WL-11-Manluen-Bagasse-Sushi-Tray.webp",100,100,false]},"uagb_author_info":{"display_name":"ManLuenpack","author_link":"https:\/\/www.manluenpack.com\/pt\/author\/"},"uagb_comment_info":0,"uagb_excerpt":"The WL-11 Manluen Bagasse Large Sushi Tray is crafted from eco-friendly bagasse material, with a unique 260*188*45mm size design that provides ample space and reliable support. Its scientifically proportioned dimensions&hellip;","_links":{"self":[{"href":"https:\/\/www.manluenpack.com\/pt\/wp-json\/wp\/v2\/product\/1744","targetHints":{"allow":["GET"]}}],"collection":[{"href":"https:\/\/www.manluenpack.com\/pt\/wp-json\/wp\/v2\/product"}],"about":[{"href":"https:\/\/www.manluenpack.com\/pt\/wp-json\/wp\/v2\/types\/product"}],"wp:featuredmedia":[{"embeddable":true,"href":"https:\/\/www.manluenpack.com\/pt\/wp-json\/wp\/v2\/media\/3069"}],"wp:attachment":[{"href":"https:\/\/www.manluenpack.com\/pt\/wp-json\/wp\/v2\/media?parent=1744"}],"wp:term":[{"taxonomy":"product_brand","embeddable":true,"href":"https:\/\/www.manluenpack.com\/pt\/wp-json\/wp\/v2\/product_brand?post=1744"},{"taxonomy":"product_cat","embeddable":true,"href":"https:\/\/www.manluenpack.com\/pt\/wp-json\/wp\/v2\/product_cat?post=1744"},{"taxonomy":"product_tag","embeddable":true,"href":"https:\/\/www.manluenpack.com\/pt\/wp-json\/wp\/v2\/product_tag?post=1744"}],"curies":[{"name":"wp","href":"https:\/\/api.w.org\/{rel}","templated":true}]}}