{"id":1743,"date":"2025-03-14T23:54:15","date_gmt":"2025-03-14T15:54:15","guid":{"rendered":"https:\/\/www.manluenpack.com\/?post_type=product&#038;p=1743"},"modified":"2025-07-10T22:52:41","modified_gmt":"2025-07-10T14:52:41","slug":"wl-05-manluen-bagasse-sushi-tray","status":"publish","type":"product","link":"https:\/\/www.manluenpack.com\/pt\/products\/wl-05-manluen-bagasse-sushi-tray\/","title":{"rendered":"Bandeja de Sushi de Baga\u00e7o Manluen WL-05"},"content":{"rendered":"<p><span style=\"vertical-align: inherit;\"><span style=\"vertical-align: inherit;\">A Bandeja de Sushi de Bagasse WL-05 Manluen \u00e9 feita de materiais ecol\u00f3gicos e biodegrad\u00e1veis, com um design \u00fanico de 188*132*45 mm, que combina praticidade e est\u00e9tica. A sua propor\u00e7\u00e3o de tamanho cient\u00edfica e razo\u00e1vel encaixa-se perfeitamente nos v\u00e1rios m\u00e9todos de disposi\u00e7\u00e3o de sushi, proporcionando suporte est\u00e1vel enquanto real\u00e7a a sua textura natural. \u00c9 a combina\u00e7\u00e3o perfeita entre gastronomia de alta qualidade e conceitos ecol\u00f3gicos.<\/span><\/span><\/p>\n<ul>\n<li>Tipo de Embalagem<br \/>\nCaixa de cart\u00e3o<\/li>\n<li>Cor<br \/>\n<span style=\"vertical-align: inherit;\">Cor de madeira natural<\/span><\/li>\n<li>Quantidade por Caixa<br \/>\n400 conjuntos<\/li>\n<li>Material<br \/>\n<span style=\"vertical-align: inherit;\">Tampa: PET, Base: Bagasse<\/span><\/li>\n<li>Especifica\u00e7\u00f5es de Embalagem<br \/>\n0,066 metros c\u00fabicos<\/li>\n<\/ul>\n<p>&nbsp;<\/p>\n<ul>\n<li style=\"list-style-type: none;\">\n<table style=\"height: 160px;\" width=\"500\"><!-- \u8868\u683c\u7684\u8fb9\u6846\u4e3a1\u4e2a\u50cf\u7d20 --><!-- \u5355\u5143\u683c\u7684\u5185\u8fb9\u8ddd\u4e3a1\u50cf\u7d20 --><!-- \u5355\u5143\u683c\u4e4b\u95f4\u7684\u95f4\u8ddd\u4e3a0\u50cf\u7d20 --><!-- \u8fb9\u6846\u89c4\u5219\u4e3a\u4e24\u4fa7\u8fb9\u6846 --><\/p>\n<tbody>\n<tr>\n<td align=\"center\" bgcolor=\"EFEFEF\"><\/td>\n<td align=\"center\" bgcolor=\"EFEFEF\"><span style=\"vertical-align: inherit;\"><span style=\"vertical-align: inherit;\">Dimens\u00f5es do produto<\/span><\/span><\/td>\n<td align=\"center\" bgcolor=\"EFEFEF\"><span style=\"vertical-align: inherit;\"><span style=\"vertical-align: inherit;\">quantidade<\/span><\/span><\/td>\n<td align=\"center\" bgcolor=\"EFEFEF\"><span style=\"vertical-align: inherit;\"><span style=\"vertical-align: inherit;\">Tamanho da caixa<\/span><\/span><\/td>\n<\/tr>\n<tr>\n<td align=\"center\" bgcolor=\"EFEFEF\"><span style=\"vertical-align: inherit;\"><span style=\"vertical-align: inherit;\">WL-0,6<\/span><\/span><\/td>\n<td align=\"center\"><span style=\"vertical-align: inherit;\"><span style=\"vertical-align: inherit;\">167*92*45mm<\/span><\/span><\/td>\n<td align=\"center\"><span style=\"vertical-align: inherit;\"><span style=\"vertical-align: inherit;\">600<\/span><\/span><\/td>\n<td align=\"center\"><span style=\"vertical-align: inherit;\"><span style=\"vertical-align: inherit;\">525*325*400<\/span><\/span><\/td>\n<\/tr>\n<tr>\n<td align=\"center\" bgcolor=\"EFEFEF\"><span style=\"vertical-align: inherit;\"><span style=\"vertical-align: inherit;\">WL-01<\/span><\/span><\/td>\n<td align=\"center\"><span style=\"vertical-align: inherit;\"><span style=\"vertical-align: inherit;\">226*96*45mm<\/span><\/span><\/td>\n<td align=\"center\"><span style=\"vertical-align: inherit;\"><span style=\"vertical-align: inherit;\">400<\/span><\/span><\/td>\n<td align=\"center\"><span style=\"vertical-align: inherit;\"><span style=\"vertical-align: inherit;\">470*320*385<\/span><\/span><\/td>\n<\/tr>\n<tr>\n<td align=\"center\" bgcolor=\"EFEFEF\"><span style=\"vertical-align: inherit;\"><span style=\"vertical-align: inherit;\">WL-03<\/span><\/span><\/td>\n<td align=\"center\"><span style=\"vertical-align: inherit;\"><span style=\"vertical-align: inherit;\">168*118*45mm<\/span><\/span><\/td>\n<td align=\"center\"><span style=\"vertical-align: inherit;\"><span style=\"vertical-align: inherit;\">400<\/span><\/span><\/td>\n<td align=\"center\"><span style=\"vertical-align: inherit;\"><span style=\"vertical-align: inherit;\">505*305*365<\/span><\/span><\/td>\n<\/tr>\n<tr>\n<td align=\"center\" bgcolor=\"EFEFEF\"><span style=\"vertical-align: inherit;\"><span style=\"vertical-align: inherit;\">WL-05<\/span><\/span><\/td>\n<td align=\"center\"><span style=\"vertical-align: inherit;\"><span style=\"vertical-align: inherit;\">188*132*45mm<\/span><\/span><\/td>\n<td align=\"center\"><span style=\"vertical-align: inherit;\"><span style=\"vertical-align: inherit;\">400<\/span><\/span><\/td>\n<td align=\"center\"><span style=\"vertical-align: inherit;\"><span style=\"vertical-align: inherit;\">555*300*395<\/span><\/span><\/td>\n<\/tr>\n<tr>\n<td align=\"center\" bgcolor=\"EFEFEF\"><span style=\"vertical-align: inherit;\"><span style=\"vertical-align: inherit;\">WL-07<\/span><\/span><\/td>\n<td align=\"center\"><span style=\"vertical-align: inherit;\"><span style=\"vertical-align: inherit;\">219*139*45mm<\/span><\/span><\/td>\n<td align=\"center\"><span style=\"vertical-align: inherit;\"><span style=\"vertical-align: inherit;\">400<\/span><\/span><\/td>\n<td align=\"center\"><span style=\"vertical-align: inherit;\"><span style=\"vertical-align: inherit;\">580*310*455<\/span><\/span><\/td>\n<\/tr>\n<tr>\n<td align=\"center\" bgcolor=\"EFEFEF\"><span style=\"vertical-align: inherit;\"><span style=\"vertical-align: inherit;\">WL-09<\/span><\/span><\/td>\n<td align=\"center\"><span style=\"vertical-align: inherit;\"><span style=\"vertical-align: inherit;\">241*148*45mm<\/span><\/span><\/td>\n<td align=\"center\"><span style=\"vertical-align: inherit;\"><span style=\"vertical-align: inherit;\">300<\/span><\/span><\/td>\n<td align=\"center\"><span style=\"vertical-align: inherit;\"><span style=\"vertical-align: inherit;\">500*325*460<\/span><\/span><\/td>\n<\/tr>\n<tr>\n<td align=\"center\" bgcolor=\"EFEFEF\"><span style=\"vertical-align: inherit;\"><span style=\"vertical-align: inherit;\">WL-11<\/span><\/span><\/td>\n<td align=\"center\"><span style=\"vertical-align: inherit;\"><span style=\"vertical-align: inherit;\">260*188*45mm<\/span><\/span><\/td>\n<td align=\"center\"><span style=\"vertical-align: inherit;\"><span style=\"vertical-align: inherit;\">200<\/span><\/span><\/td>\n<td align=\"center\"><span style=\"vertical-align: inherit;\"><span style=\"vertical-align: inherit;\">540*360*395<\/span><\/span><\/td>\n<\/tr>\n<\/tbody>\n<\/table>\n<\/li>\n<li><a href=\"https:\/\/www.manluenpack.com\/pt\/products\/\"><span style=\"vertical-align: inherit;\"><span style=\"vertical-align: inherit;\">Mais Estilos Mais Estilos\u2026<\/span><\/span><\/a><\/li>\n<\/ul>\n<h3><strong><b><span style=\"vertical-align: inherit;\"><span style=\"vertical-align: inherit;\">Embalagem e entrega<\/span><\/span><\/b><\/strong><strong><b>\u00a0<\/b><\/strong><\/h3>\n<p><span style=\"vertical-align: inherit;\"><span style=\"vertical-align: inherit;\">A Bandeja de Sushi de Bagasse Descart\u00e1vel WL-05 Manluen foi concebida com embalagens ecol\u00f3gicas e eficientes para garantir limpeza e seguran\u00e7a durante o transporte. Cada produto \u00e9 cuidadosamente selado e protegido com m\u00faltiplas camadas de prote\u00e7\u00e3o para assegurar uma gest\u00e3o eficiente de armaz\u00e9m e log\u00edstica. Uma entrega pontual e fi\u00e1vel garante uma experi\u00eancia de servi\u00e7o cont\u00ednua com qualidade consistente desde a produ\u00e7\u00e3o at\u00e9 ao uso.<\/span><\/span><\/p>\n<h3><strong><b><span style=\"vertical-align: inherit;\"><span style=\"vertical-align: inherit;\">Cen\u00e1rios de uso<\/span><\/span><\/b><\/strong><strong><b>\u00a0\u00a0<\/b><\/strong><\/h3>\n<p><span style=\"vertical-align: inherit;\"><span style=\"vertical-align: inherit;\">Esta Bandeja de Sushi de Bagasse para Takeaway WL-05 Manluen com Tampa \u00e9 amplamente utilizada em diversos cen\u00e1rios de refei\u00e7\u00e3o, incluindo restaurantes japoneses de alta qualidade, takeaways de sushi, buffets, encontros familiares e piqueniques ao ar livre. A sua apar\u00eancia elegante e fun\u00e7\u00f5es pr\u00e1ticas atendem \u00e0s necessidades de exibi\u00e7\u00e3o e conserva\u00e7\u00e3o de alimentos em diferentes ambientes, garantindo que cada pe\u00e7a de sushi permane\u00e7a na melhor condi\u00e7\u00e3o para os clientes desfrutarem.<\/span><\/span><\/p>\n<h3><strong><b><span style=\"vertical-align: inherit;\"><span style=\"vertical-align: inherit;\">Design empilh\u00e1vel<\/span><\/span><\/b><\/strong><\/h3>\n<p><span style=\"vertical-align: inherit;\"><span style=\"vertical-align: inherit;\">A Bandeja de Sushi de Bagasse para Takeaway WL-05 Manluen com Tampa apresenta uma estrutura de empilhamento bem desenhada, com sulcos e protuber\u00e2ncias especiais na parte inferior e na tampa para uma fixa\u00e7\u00e3o segura. Isto garante que v\u00e1rias paletes possam ser empilhadas de forma est\u00e1vel, economizando espa\u00e7o de armazenamento e facilitando o transporte e transporte. Quer seja arrumada de forma ordenada numa cozinha de restaurante ou f\u00e1cil de levar, esta bandeja consegue lidar com isso com facilidade.<\/span><\/span><\/p>\n<h3><strong><b><span style=\"vertical-align: inherit;\"><span style=\"vertical-align: inherit;\">Design resistente a altas temperaturas e \u00e0 prova de vazamentos<\/span><\/span><\/b><\/strong><\/h3>\n<p><span style=\"vertical-align: inherit;\"><span style=\"vertical-align: inherit;\">A Bandeja de Sushi de Bagasse para Atacado WL-05 Manluen possui excelente resist\u00eancia a altas temperaturas e consegue suportar uma vasta gama de varia\u00e7\u00f5es t\u00e9rmicas sem comprometer o desempenho. Al\u00e9m disso, o seu design de veda\u00e7\u00e3o apertada impede eficazmente vazamentos de sucos de alimentos, mantendo o interior da bandeja limpo e evitando contamina\u00e7\u00f5es de outros itens.<\/span><\/span><\/p>\n<h3><strong><b><span style=\"vertical-align: inherit;\"><span style=\"vertical-align: inherit;\">Utilize materiais de forma segura<\/span><\/span><\/b><\/strong><\/h3>\n<p><span style=\"vertical-align: inherit;\"><span style=\"vertical-align: inherit;\">A Bandeja de Sushi de Bagasse WL-05 Manluen reconhece a import\u00e2ncia da seguran\u00e7a alimentar e cumpre rigorosamente as regulamenta\u00e7\u00f5es de seguran\u00e7a alimentar durante o processo de produ\u00e7\u00e3o para garantir que o produto seja n\u00e3o t\u00f3xico, inofensivo e inodoro. O produto \u00e9 feito de materiais pl\u00e1sticos de alta qualidade, de grau alimentar, seguros e n\u00e3o t\u00f3xicos, e cumpre os padr\u00f5es nacionais de seguran\u00e7a alimentar. O material possui boa resist\u00eancia ao calor e ao frio, mant\u00e9m-se est\u00e1vel dentro de uma determinada faixa de temperatura e n\u00e3o se deforma ou liberta subst\u00e2ncias nocivas devido \u00e0s flutua\u00e7\u00f5es de temperatura.<\/span><\/span><\/p>\n<p><a href=\"https:\/\/www.google.com\/search?q=manluenpack\" target=\"_blank\" rel=\"noopener\"><span style=\"vertical-align: inherit;\"><span style=\"vertical-align: inherit;\">Mais informa\u00e7\u00f5es\u2026<\/span><\/span><\/a><\/p>","protected":false},"excerpt":{"rendered":"<p>The WL-05 Manluen Bagasse Sushi Tray is made of eco-friendly and degradable materials, with a unique 188*132*45 mm design, which takes into account practicality and aesthetics. Its scientific and reasonable&hellip;<\/p>","protected":false},"featured_media":2985,"template":"","meta":{"_uag_custom_page_level_css":""},"product_brand":[],"product_cat":[23],"product_tag":[112,102],"class_list":{"0":"post-1743","1":"product","2":"type-product","3":"status-publish","4":"has-post-thumbnail","6":"product_cat-sushi-trays","7":"product_tag-bagasse","8":"product_tag-sushi","10":"first","11":"instock","12":"shipping-taxable","13":"purchasable","14":"product-type-simple"},"spectra_custom_meta":{"rank_math_internal_links_processed":["1","1","1","1","1","1","1","1","1","1","1"],"_sku":["WL-05-BAGASSE"],"_regular_price":["1"],"total_sales":["0"],"_tax_status":["taxable"],"_tax_class":[""],"_manage_stock":["no"],"_backorders":["no"],"_sold_individually":["no"],"_virtual":["no"],"_downloadable":["no"],"_product_image_gallery":["2988,2987,3063,3353"],"_download_limit":["0"],"_download_expiry":["0"],"_thumbnail_id":["2985"],"_stock":[null],"_stock_status":["instock"],"_wc_average_rating":["0"],"_wc_review_count":["0"],"_product_attributes":["a:2:{s:9:\"item-size\";a:6:{s:4:\"name\";s:9:\"Item Size\";s:5:\"value\";s:12:\"188*132*45mm\";s:8:\"position\";i:0;s:10:\"is_visible\";i:1;s:12:\"is_variation\";i:0;s:11:\"is_taxonomy\";i:0;}s:7:\"qty-ctn\";a:6:{s:4:\"name\";s:7:\"QTY\/CTN\";s:5:\"value\";s:3:\"400\";s:8:\"position\";i:1;s:10:\"is_visible\";i:1;s:12:\"is_variation\";i:0;s:11:\"is_taxonomy\";i:0;}}"],"_product_version":["9.4.2"],"_price":["1"],"_wp_old_date":["2024-11-26"],"rank_math_analytic_object_id":["24"],"classic-editor-remember":["classic-editor"],"rank_math_seo_score":["81"],"rank_math_contentai_score":["a:5:{s:8:\"keywords\";s:5:\"74.51\";s:9:\"wordCount\";s:1:\"0\";s:9:\"linkCount\";s:1:\"0\";s:12:\"headingCount\";s:1:\"0\";s:10:\"mediaCount\";s:1:\"0\";}"],"_jet_woo_template":[""],"_template_type":["default"],"rank_math_primary_product_cat":["23"],"_ywraq_hide_quote_button_check":[""],"_ywraq_hide_quote_button":["0"],"_edit_lock":["1752159088:1"],"_edit_last":["1"],"rank_math_focus_keyword":["Bagasse Sushi Tray"],"_wp_old_slug":["bagasse-sushi-tray-wl-05"],"_uag_css_file_name":["uag-css-1743.css"],"_uag_page_assets":["a:9:{s:3:\"css\";s:263:\".uag-blocks-common-selector{z-index:var(--z-index-desktop) !important}@media (max-width: 976px){.uag-blocks-common-selector{z-index:var(--z-index-tablet) !important}}@media (max-width: 767px){.uag-blocks-common-selector{z-index:var(--z-index-mobile) !important}}\n\";s:2:\"js\";s:0:\"\";s:18:\"current_block_list\";a:6:{i:0;s:10:\"core\/group\";i:1;s:12:\"core\/heading\";i:2;s:17:\"core\/latest-posts\";i:3;s:20:\"core\/latest-comments\";i:4;s:13:\"core\/archives\";i:5;s:15:\"core\/categories\";}s:8:\"uag_flag\";b:0;s:11:\"uag_version\";i:1777284877;s:6:\"gfonts\";a:0:{}s:10:\"gfonts_url\";s:0:\"\";s:12:\"gfonts_files\";a:0:{}s:14:\"uag_faq_layout\";b:0;}"]},"uagb_featured_image_src":{"full":["https:\/\/www.manluenpack.com\/wp-content\/uploads\/2025\/03\/WL-05-Manluen-Bagasse-Sushi-Tray.webp",1000,1000,false],"thumbnail":["https:\/\/www.manluenpack.com\/wp-content\/uploads\/2025\/03\/WL-05-Manluen-Bagasse-Sushi-Tray.webp",150,150,false],"medium":["https:\/\/www.manluenpack.com\/wp-content\/uploads\/2025\/03\/WL-05-Manluen-Bagasse-Sushi-Tray.webp",300,300,false],"medium_large":["https:\/\/www.manluenpack.com\/wp-content\/uploads\/2025\/03\/WL-05-Manluen-Bagasse-Sushi-Tray.webp",768,768,false],"large":["https:\/\/www.manluenpack.com\/wp-content\/uploads\/2025\/03\/WL-05-Manluen-Bagasse-Sushi-Tray.webp",1000,1000,false],"1536x1536":["https:\/\/www.manluenpack.com\/wp-content\/uploads\/2025\/03\/WL-05-Manluen-Bagasse-Sushi-Tray.webp",1000,1000,false],"2048x2048":["https:\/\/www.manluenpack.com\/wp-content\/uploads\/2025\/03\/WL-05-Manluen-Bagasse-Sushi-Tray.webp",1000,1000,false],"trp-custom-language-flag":["https:\/\/www.manluenpack.com\/wp-content\/uploads\/2025\/03\/WL-05-Manluen-Bagasse-Sushi-Tray.webp",12,12,false],"menu-24x24":["https:\/\/www.manluenpack.com\/wp-content\/uploads\/2025\/03\/WL-05-Manluen-Bagasse-Sushi-Tray.webp",24,24,false],"menu-36x36":["https:\/\/www.manluenpack.com\/wp-content\/uploads\/2025\/03\/WL-05-Manluen-Bagasse-Sushi-Tray.webp",36,36,false],"menu-48x48":["https:\/\/www.manluenpack.com\/wp-content\/uploads\/2025\/03\/WL-05-Manluen-Bagasse-Sushi-Tray.webp",48,48,false],"woocommerce_thumbnail":["https:\/\/www.manluenpack.com\/wp-content\/uploads\/2025\/03\/WL-05-Manluen-Bagasse-Sushi-Tray.webp",300,300,false],"woocommerce_single":["https:\/\/www.manluenpack.com\/wp-content\/uploads\/2025\/03\/WL-05-Manluen-Bagasse-Sushi-Tray.webp",600,600,false],"woocommerce_gallery_thumbnail":["https:\/\/www.manluenpack.com\/wp-content\/uploads\/2025\/03\/WL-05-Manluen-Bagasse-Sushi-Tray.webp",100,100,false]},"uagb_author_info":{"display_name":"ManLuenpack","author_link":"https:\/\/www.manluenpack.com\/pt\/author\/"},"uagb_comment_info":0,"uagb_excerpt":"The WL-05 Manluen Bagasse Sushi Tray is made of eco-friendly and degradable materials, with a unique 188*132*45 mm design, which takes into account practicality and aesthetics. Its scientific and reasonable&hellip;","_links":{"self":[{"href":"https:\/\/www.manluenpack.com\/pt\/wp-json\/wp\/v2\/product\/1743","targetHints":{"allow":["GET"]}}],"collection":[{"href":"https:\/\/www.manluenpack.com\/pt\/wp-json\/wp\/v2\/product"}],"about":[{"href":"https:\/\/www.manluenpack.com\/pt\/wp-json\/wp\/v2\/types\/product"}],"wp:featuredmedia":[{"embeddable":true,"href":"https:\/\/www.manluenpack.com\/pt\/wp-json\/wp\/v2\/media\/2985"}],"wp:attachment":[{"href":"https:\/\/www.manluenpack.com\/pt\/wp-json\/wp\/v2\/media?parent=1743"}],"wp:term":[{"taxonomy":"product_brand","embeddable":true,"href":"https:\/\/www.manluenpack.com\/pt\/wp-json\/wp\/v2\/product_brand?post=1743"},{"taxonomy":"product_cat","embeddable":true,"href":"https:\/\/www.manluenpack.com\/pt\/wp-json\/wp\/v2\/product_cat?post=1743"},{"taxonomy":"product_tag","embeddable":true,"href":"https:\/\/www.manluenpack.com\/pt\/wp-json\/wp\/v2\/product_tag?post=1743"}],"curies":[{"name":"wp","href":"https:\/\/api.w.org\/{rel}","templated":true}]}}