{"id":1741,"date":"2025-03-14T17:40:24","date_gmt":"2025-03-14T09:40:24","guid":{"rendered":"https:\/\/www.manluenpack.com\/?post_type=product&#038;p=1741"},"modified":"2025-07-10T23:08:42","modified_gmt":"2025-07-10T15:08:42","slug":"wl-01-manluen-bagasse-sushi-tray","status":"publish","type":"product","link":"https:\/\/www.manluenpack.com\/pt\/products\/wl-01-manluen-bagasse-sushi-tray\/","title":{"rendered":"Bandeja de Sushi de Baga\u00e7o WL-01 Manluen"},"content":{"rendered":"<p>A Bandeja de Sushi de Bagasse WL-01 Manluen apresenta um design de tamanho \u00fanico de 226*96*45 mm que combina perfeitamente com a forma do sushi, oferecendo capacidade moderada e durabilidade robusta. Feita de fibras vegetais naturais, \u00e9 ecol\u00f3gica e biodegrad\u00e1vel, incorporando valores sustent\u00e1veis. Leve, port\u00e1til, antiderrapante e resistente \u00e0 press\u00e3o, fornece uma solu\u00e7\u00e3o perfeita para transportar pratos delicados com charme natural e praticidade.<\/p>\n<ul>\n<li>Tipo de Embalagem<br \/>\nCaixa de cart\u00e3o<\/li>\n<li>Cor<br \/>\nCor de madeira natural<\/li>\n<li>Quantidade por Caixa<br \/>\n600 conjuntos<\/li>\n<li>Material<br \/>\nTampa: PET, Base: Bagasse<\/li>\n<li>Especifica\u00e7\u00f5es de Embalagem<br \/>\n0,088 metros c\u00fabicos<\/li>\n<\/ul>\n<p>&nbsp;<\/p>\n<ul>\n<li style=\"list-style-type: none;\">\n<table style=\"height: 160px;\" width=\"500\"><!-- \u8868\u683c\u7684\u8fb9\u6846\u4e3a1\u4e2a\u50cf\u7d20 --><!-- \u5355\u5143\u683c\u7684\u5185\u8fb9\u8ddd\u4e3a1\u50cf\u7d20 --><!-- \u5355\u5143\u683c\u4e4b\u95f4\u7684\u95f4\u8ddd\u4e3a0\u50cf\u7d20 --><!-- \u8fb9\u6846\u89c4\u5219\u4e3a\u4e24\u4fa7\u8fb9\u6846 --><\/p>\n<tbody>\n<tr>\n<td align=\"center\" bgcolor=\"EFEFEF\"><\/td>\n<td align=\"center\" bgcolor=\"EFEFEF\">Tamanho do Produto<\/td>\n<td align=\"center\" bgcolor=\"EFEFEF\">Quantidade<\/td>\n<td align=\"center\" bgcolor=\"EFEFEF\">Dimens\u00e3o da Caixa<\/td>\n<\/tr>\n<tr>\n<td align=\"center\" bgcolor=\"EFEFEF\">WL-0,6<\/td>\n<td align=\"center\">167*92*45mm<\/td>\n<td align=\"center\">600<\/td>\n<td align=\"center\">525*325*400<\/td>\n<\/tr>\n<tr>\n<td align=\"center\" bgcolor=\"EFEFEF\">WL-01<\/td>\n<td align=\"center\">226*96*45mm<\/td>\n<td align=\"center\">400<\/td>\n<td align=\"center\">470*320*385<\/td>\n<\/tr>\n<tr>\n<td align=\"center\" bgcolor=\"EFEFEF\">WL-03<\/td>\n<td align=\"center\">168*118*45mm<\/td>\n<td align=\"center\">400<\/td>\n<td align=\"center\">505*305*365<\/td>\n<\/tr>\n<tr>\n<td align=\"center\" bgcolor=\"EFEFEF\">WL-05<\/td>\n<td align=\"center\">188*132*45mm<\/td>\n<td align=\"center\">400<\/td>\n<td align=\"center\">555*300*395<\/td>\n<\/tr>\n<tr>\n<td align=\"center\" bgcolor=\"EFEFEF\">WL-07<\/td>\n<td align=\"center\">219*139*45mm<\/td>\n<td align=\"center\">400<\/td>\n<td align=\"center\">580*310*455<\/td>\n<\/tr>\n<tr>\n<td align=\"center\" bgcolor=\"EFEFEF\">WL-09<\/td>\n<td align=\"center\">241*148*45mm<\/td>\n<td align=\"center\">300<\/td>\n<td align=\"center\">500*325*460<\/td>\n<\/tr>\n<tr>\n<td align=\"center\" bgcolor=\"EFEFEF\">WL-11<\/td>\n<td align=\"center\">260*188*45mm<\/td>\n<td align=\"center\">200<\/td>\n<td align=\"center\">540*360*395<\/td>\n<\/tr>\n<\/tbody>\n<\/table>\n<\/li>\n<li><a href=\"https:\/\/www.manluenpack.com\/pt\/products\/\">Mais estilo, mais estilos\u2026<\/a><\/li>\n<\/ul>\n<h3><strong><b>Embalagem e entrega<\/b><\/strong><\/h3>\n<p>Esta Bandeja de Sushi de Bagasse Descart\u00e1vel WL-01 Manluen apresenta embalagem ecol\u00f3gica e minimalista, destacando sua textura natural. Um design seguro e \u00e0 prova de choque garante transporte sem preocupa\u00e7\u00f5es. Entrega r\u00e1pida e precisa, juntamente com um servi\u00e7o atencioso, economiza tempo e esfor\u00e7o, garantindo que cada promessa ecol\u00f3gica chegue intacta para iniciar uma experi\u00eancia sustent\u00e1vel e agrad\u00e1vel.<\/p>\n<h3><strong><b>Cen\u00e1rios de uso<\/b><\/strong><strong><b>\u00a0<\/b><\/strong><\/h3>\n<p>Quer seja para entrega para levar, mercados de alimentos frescos ou restaurantes com servi\u00e7o de mesa, a Bandeja de Sushi de Bagasse para Takeaway WL-01 Manluen com Tampa integra-se perfeitamente em qualquer ambiente. Seu material ecol\u00f3gico e design refinado acrescentam uma eleg\u00e2ncia natural ao sushi, sashimi e outras cozinhas japonesas, permitindo que cada mordida de sabor seja apresentada de forma elegante num contexto sustent\u00e1vel e bonito.<\/p>\n<h3><strong><b>Excelente Resist\u00eancia \u00e0 Temperatura <\/b><\/strong><\/h3>\n<p>A Bandeja de Sushi Retangular de Bagasse Cl\u00e1ssica WL-01 Manluen oferece excelente resist\u00eancia \u00e0 temperatura, capaz de suportar varia\u00e7\u00f5es de temperatura de alimentos frios a quentes dentro de uma certa faixa sem deformar ou liberar subst\u00e2ncias nocivas. Isso a torna adequada para servir sushi rec\u00e9m-refrigerado, bem como para uso como recipiente seguro para microondas.<\/p>\n<h3><strong><b>Design empilh\u00e1vel \u00a0<\/b><\/strong><\/h3>\n<p>Esta Pequena Bandeja de Sushi de Bagasse WL-01 Manluen apresenta um design inteligente empilh\u00e1vel, maximizando o espa\u00e7o de armazenamento e melhorando a efici\u00eancia de transporte e armazenamento. Sua empilhagem robusta minimiza o risco de tombar e previne danos de forma eficaz, adicionando conveni\u00eancia a uma experi\u00eancia de uso ecol\u00f3gica e pr\u00e1tica, facilitando o manuseio e tornando a organiza\u00e7\u00e3o dos alimentos mais f\u00e1cil.<\/p>\n<h3><strong><b>Ecol\u00f3gica e Segura para a Sa\u00fade <\/b><\/strong><\/h3>\n<p>A Bandeja de Sushi de Bagasse WL-01 Manluen \u00e9 feita de materiais biodegrad\u00e1veis provenientes de recursos renov\u00e1veis, que podem ser completamente decompostos por microrganismos em ambientes naturais, retornando \u00e0 natureza e reduzindo a polui\u00e7\u00e3o pl\u00e1stica. Todos os materiais utilizados nas nossas bandejas de embalagem de sushi compost\u00e1veis passam por rigorosos testes de seguran\u00e7a para garantir que sejam n\u00e3o t\u00f3xicos, inofensivos e livres de subst\u00e2ncias nocivas como BPA. S\u00e3o seguras para contato direto com alimentos, garantindo a sa\u00fade e seguran\u00e7a do consumidor.<\/p>\n<p><a href=\"https:\/\/www.google.com\/search?q=manluenpack\" target=\"_blank\" rel=\"noopener\">Mais informa\u00e7\u00f5es\u2026<\/a><\/p>","protected":false},"excerpt":{"rendered":"<p>The WL-01 Manluen Bagasse Sushi Tray features a unique 226*96*45 mm size design that perfectly matches the shape of sushi, offering moderate capacity and sturdy durability. Made from natural plant&hellip;<\/p>","protected":false},"featured_media":2966,"template":"","meta":{"_uag_custom_page_level_css":""},"product_brand":[],"product_cat":[23],"product_tag":[112,102],"class_list":{"0":"post-1741","1":"product","2":"type-product","3":"status-publish","4":"has-post-thumbnail","6":"product_cat-sushi-trays","7":"product_tag-bagasse","8":"product_tag-sushi","10":"first","11":"instock","12":"shipping-taxable","13":"purchasable","14":"product-type-simple"},"spectra_custom_meta":{"rank_math_internal_links_processed":["1","1","1","1","1","1","1","1","1"],"_sku":["WL-01-BAGASSE"],"_regular_price":["1"],"total_sales":["0"],"_tax_status":["taxable"],"_tax_class":[""],"_manage_stock":["no"],"_backorders":["no"],"_sold_individually":["no"],"_virtual":["no"],"_downloadable":["no"],"_product_image_gallery":["2968,2969,2965,3351"],"_download_limit":["0"],"_download_expiry":["0"],"_thumbnail_id":["2966"],"_stock":[null],"_stock_status":["instock"],"_wc_average_rating":["0"],"_wc_review_count":["0"],"_product_attributes":["a:2:{s:9:\"item-size\";a:6:{s:4:\"name\";s:9:\"Item Size\";s:5:\"value\";s:11:\"226*96*45mm\";s:8:\"position\";i:0;s:10:\"is_visible\";i:1;s:12:\"is_variation\";i:0;s:11:\"is_taxonomy\";i:0;}s:7:\"qty-ctn\";a:6:{s:4:\"name\";s:7:\"QTY\/CTN\";s:5:\"value\";s:3:\"600\";s:8:\"position\";i:1;s:10:\"is_visible\";i:1;s:12:\"is_variation\";i:0;s:11:\"is_taxonomy\";i:0;}}"],"_product_version":["9.4.2"],"_price":["1"],"_wp_old_date":["2024-11-26"],"rank_math_analytic_object_id":["24"],"classic-editor-remember":["classic-editor"],"rank_math_seo_score":["81"],"rank_math_contentai_score":["a:5:{s:8:\"keywords\";s:5:\"74.51\";s:9:\"wordCount\";s:1:\"0\";s:9:\"linkCount\";s:1:\"0\";s:12:\"headingCount\";s:1:\"0\";s:10:\"mediaCount\";s:1:\"0\";}"],"_jet_woo_template":[""],"_template_type":["default"],"rank_math_primary_product_cat":["23"],"_ywraq_hide_quote_button_check":[""],"_ywraq_hide_quote_button":["0"],"_edit_lock":["1752160028:1"],"_edit_last":["1"],"rank_math_focus_keyword":["Bagasse Sushi Tray"],"_uag_css_file_name":["uag-css-1741.css"],"_uag_page_assets":["a:9:{s:3:\"css\";s:0:\"\";s:2:\"js\";s:0:\"\";s:18:\"current_block_list\";a:6:{i:0;s:10:\"core\/group\";i:1;s:12:\"core\/heading\";i:2;s:17:\"core\/latest-posts\";i:3;s:20:\"core\/latest-comments\";i:4;s:13:\"core\/archives\";i:5;s:15:\"core\/categories\";}s:8:\"uag_flag\";b:0;s:11:\"uag_version\";i:1777284572;s:6:\"gfonts\";a:0:{}s:10:\"gfonts_url\";s:0:\"\";s:12:\"gfonts_files\";a:0:{}s:14:\"uag_faq_layout\";b:0;}"]},"uagb_featured_image_src":{"full":["https:\/\/www.manluenpack.com\/wp-content\/uploads\/2025\/03\/WL-01-Manluen-Bagasse-Sushi-Tray.webp",1000,1000,false],"thumbnail":["https:\/\/www.manluenpack.com\/wp-content\/uploads\/2025\/03\/WL-01-Manluen-Bagasse-Sushi-Tray.webp",150,150,false],"medium":["https:\/\/www.manluenpack.com\/wp-content\/uploads\/2025\/03\/WL-01-Manluen-Bagasse-Sushi-Tray.webp",300,300,false],"medium_large":["https:\/\/www.manluenpack.com\/wp-content\/uploads\/2025\/03\/WL-01-Manluen-Bagasse-Sushi-Tray.webp",768,768,false],"large":["https:\/\/www.manluenpack.com\/wp-content\/uploads\/2025\/03\/WL-01-Manluen-Bagasse-Sushi-Tray.webp",1000,1000,false],"1536x1536":["https:\/\/www.manluenpack.com\/wp-content\/uploads\/2025\/03\/WL-01-Manluen-Bagasse-Sushi-Tray.webp",1000,1000,false],"2048x2048":["https:\/\/www.manluenpack.com\/wp-content\/uploads\/2025\/03\/WL-01-Manluen-Bagasse-Sushi-Tray.webp",1000,1000,false],"trp-custom-language-flag":["https:\/\/www.manluenpack.com\/wp-content\/uploads\/2025\/03\/WL-01-Manluen-Bagasse-Sushi-Tray.webp",12,12,false],"menu-24x24":["https:\/\/www.manluenpack.com\/wp-content\/uploads\/2025\/03\/WL-01-Manluen-Bagasse-Sushi-Tray.webp",24,24,false],"menu-36x36":["https:\/\/www.manluenpack.com\/wp-content\/uploads\/2025\/03\/WL-01-Manluen-Bagasse-Sushi-Tray.webp",36,36,false],"menu-48x48":["https:\/\/www.manluenpack.com\/wp-content\/uploads\/2025\/03\/WL-01-Manluen-Bagasse-Sushi-Tray.webp",48,48,false],"woocommerce_thumbnail":["https:\/\/www.manluenpack.com\/wp-content\/uploads\/2025\/03\/WL-01-Manluen-Bagasse-Sushi-Tray.webp",300,300,false],"woocommerce_single":["https:\/\/www.manluenpack.com\/wp-content\/uploads\/2025\/03\/WL-01-Manluen-Bagasse-Sushi-Tray.webp",600,600,false],"woocommerce_gallery_thumbnail":["https:\/\/www.manluenpack.com\/wp-content\/uploads\/2025\/03\/WL-01-Manluen-Bagasse-Sushi-Tray.webp",100,100,false]},"uagb_author_info":{"display_name":"ManLuenpack","author_link":"https:\/\/www.manluenpack.com\/pt\/author\/"},"uagb_comment_info":0,"uagb_excerpt":"The WL-01 Manluen Bagasse Sushi Tray features a unique 226*96*45 mm size design that perfectly matches the shape of sushi, offering moderate capacity and sturdy durability. Made from natural plant&hellip;","_links":{"self":[{"href":"https:\/\/www.manluenpack.com\/pt\/wp-json\/wp\/v2\/product\/1741","targetHints":{"allow":["GET"]}}],"collection":[{"href":"https:\/\/www.manluenpack.com\/pt\/wp-json\/wp\/v2\/product"}],"about":[{"href":"https:\/\/www.manluenpack.com\/pt\/wp-json\/wp\/v2\/types\/product"}],"wp:featuredmedia":[{"embeddable":true,"href":"https:\/\/www.manluenpack.com\/pt\/wp-json\/wp\/v2\/media\/2966"}],"wp:attachment":[{"href":"https:\/\/www.manluenpack.com\/pt\/wp-json\/wp\/v2\/media?parent=1741"}],"wp:term":[{"taxonomy":"product_brand","embeddable":true,"href":"https:\/\/www.manluenpack.com\/pt\/wp-json\/wp\/v2\/product_brand?post=1741"},{"taxonomy":"product_cat","embeddable":true,"href":"https:\/\/www.manluenpack.com\/pt\/wp-json\/wp\/v2\/product_cat?post=1741"},{"taxonomy":"product_tag","embeddable":true,"href":"https:\/\/www.manluenpack.com\/pt\/wp-json\/wp\/v2\/product_tag?post=1741"}],"curies":[{"name":"wp","href":"https:\/\/api.w.org\/{rel}","templated":true}]}}