{"id":1736,"date":"2025-03-12T23:54:16","date_gmt":"2025-03-12T15:54:16","guid":{"rendered":"https:\/\/www.manluenpack.com\/?post_type=product&#038;p=1736"},"modified":"2025-07-10T23:29:32","modified_gmt":"2025-07-10T15:29:32","slug":"wl-09-manluen-bagasse-sushi-tray","status":"publish","type":"product","link":"https:\/\/www.manluenpack.com\/pt\/products\/wl-09-manluen-bagasse-sushi-tray\/","title":{"rendered":"Bandeja de Sushi de Baga\u00e7o Manluen WL-09"},"content":{"rendered":"<p>A Bandeja de Sushi de Bagasse Japonesa WL-09 Manluen \u00e9 feita de material ecol\u00f3gico e biodegrad\u00e1vel, apresentando um design de tamanho \u00fanico de 241*148*45 mm que oferece maior capacidade e suporte fi\u00e1vel. As suas dimens\u00f5es cientificamente proporcionadas acomodam perfeitamente v\u00e1rias disposi\u00e7\u00f5es de sushi, combinando praticidade com uma est\u00e9tica natural. Representa a integra\u00e7\u00e3o harmoniosa de uma gastronomia de alta qualidade e consci\u00eancia ambiental.<\/p>\n<ul>\n<li>Tipo de Embalagem<br \/>\nCaixa de cart\u00e3o<\/li>\n<li>Cor<br \/>\nCor de madeira natural<\/li>\n<li>Quantidade por Caixa<br \/>\nConjunto de 300 unidades<\/li>\n<li>Material<br \/>\nTampa: PET, Base: Bagasse<\/li>\n<li>Especifica\u00e7\u00f5es de Embalagem<br \/>\n0,073 metros c\u00fabicos<\/li>\n<\/ul>\n<p>&nbsp;<\/p>\n<ul>\n<li style=\"list-style-type: none;\">\n<table style=\"height: 160px;\" width=\"500\"><!-- \u8868\u683c\u7684\u8fb9\u6846\u4e3a1\u4e2a\u50cf\u7d20 --><!-- \u5355\u5143\u683c\u7684\u5185\u8fb9\u8ddd\u4e3a1\u50cf\u7d20 --><!-- \u5355\u5143\u683c\u4e4b\u95f4\u7684\u95f4\u8ddd\u4e3a0\u50cf\u7d20 --><!-- \u8fb9\u6846\u89c4\u5219\u4e3a\u4e24\u4fa7\u8fb9\u6846 --><\/p>\n<tbody>\n<tr>\n<td align=\"center\" bgcolor=\"EFEFEF\"><\/td>\n<td align=\"center\" bgcolor=\"EFEFEF\">Tamanho do Produto<\/td>\n<td align=\"center\" bgcolor=\"EFEFEF\">Quantidade<\/td>\n<td align=\"center\" bgcolor=\"EFEFEF\">Dimens\u00e3o da Caixa<\/td>\n<\/tr>\n<tr>\n<td align=\"center\" bgcolor=\"EFEFEF\">WL-0,6<\/td>\n<td align=\"center\">167*92*45mm<\/td>\n<td align=\"center\">600<\/td>\n<td align=\"center\">525*325*400<\/td>\n<\/tr>\n<tr>\n<td align=\"center\" bgcolor=\"EFEFEF\">WL-01<\/td>\n<td align=\"center\">226*96*45mm<\/td>\n<td align=\"center\">400<\/td>\n<td align=\"center\">470*320*385<\/td>\n<\/tr>\n<tr>\n<td align=\"center\" bgcolor=\"EFEFEF\">WL-03<\/td>\n<td align=\"center\">168*118*45mm<\/td>\n<td align=\"center\">400<\/td>\n<td align=\"center\">505*305*365<\/td>\n<\/tr>\n<tr>\n<td align=\"center\" bgcolor=\"EFEFEF\">WL-05<\/td>\n<td align=\"center\">188*132*45mm<\/td>\n<td align=\"center\">400<\/td>\n<td align=\"center\">555*300*395<\/td>\n<\/tr>\n<tr>\n<td align=\"center\" bgcolor=\"EFEFEF\">WL-07<\/td>\n<td align=\"center\">219*139*45mm<\/td>\n<td align=\"center\">400<\/td>\n<td align=\"center\">580*310*455<\/td>\n<\/tr>\n<tr>\n<td align=\"center\" bgcolor=\"EFEFEF\">WL-09<\/td>\n<td align=\"center\">241*148*45mm<\/td>\n<td align=\"center\">300<\/td>\n<td align=\"center\">500*325*460<\/td>\n<\/tr>\n<tr>\n<td align=\"center\" bgcolor=\"EFEFEF\">WL-11<\/td>\n<td align=\"center\">260*188*45mm<\/td>\n<td align=\"center\">200<\/td>\n<td align=\"center\">540*360*395<\/td>\n<\/tr>\n<\/tbody>\n<\/table>\n<\/li>\n<li><a href=\"https:\/\/www.manluenpack.com\/pt\/products\/\">Mais estilo, mais estilos\u2026<\/a><\/li>\n<\/ul>\n<h3><strong><b>Embalagem e entrega<\/b><\/strong><\/h3>\n<p>A Bandeja de Sushi de Bagasse Descart\u00e1vel WL-09 Manluen apresenta um design de embalagem ecol\u00f3gico e eficiente, garantindo limpeza e seguran\u00e7a durante o transporte. Cada produto \u00e9 cuidadosamente selado e empilhado de forma segura, minimizando o espa\u00e7o utilizado enquanto oferece prote\u00e7\u00e3o fi\u00e1vel. A entrega pontual e precisa garante conveni\u00eancia e fiabilidade, tornando a qualidade e o servi\u00e7o confi\u00e1veis.<\/p>\n<h3><strong><b>Cen\u00e1rios de uso<\/b><\/strong><\/h3>\n<p>A Bandeja de Sushi de Bagasse para Takeaway WL-09 Manluen com Tampa, com o seu design elegante, integra-se perfeitamente em restaurantes japoneses de alta gama, locais de gastronomia criativa e ambientes de banquetes. Seja para exibi\u00e7\u00f5es requintadas de sushi, servi\u00e7os de catering com tema ecol\u00f3gico ou entregas eficientes de takeout, a sua textura natural e desempenho pr\u00e1tico acrescentam um toque de sofistica\u00e7\u00e3o e estilo ecol\u00f3gico \u00e0s experi\u00eancias culin\u00e1rias.<\/p>\n<h3><strong><b>Seguran\u00e7a dos Materiais<\/b><\/strong><\/h3>\n<p>Todos os materiais utilizados na Bandeja de Sushi Cl\u00e1ssica de Bagasse WL-09 Manluen s\u00e3o provenientes de bagasse natural, processados rigorosamente para garantir que n\u00e3o restem aditivos qu\u00edmicos. Ecol\u00f3gica e segura para uso humano, \u00e9 a solu\u00e7\u00e3o preferida para uma gastronomia sustent\u00e1vel. Seguimos estritamente os padr\u00f5es de seguran\u00e7a alimentar, garantindo que todos os materiais sejam n\u00e3o t\u00f3xicos, inofensivos e isentos de odor, preservando a frescura e seguran\u00e7a dos alimentos. Isto proporciona tranquilidade aos consumidores ao usar e consumir alimentos servidos nestas bandejas.<\/p>\n<h3><strong><b>Design empilh\u00e1vel<\/b><\/strong><\/h3>\n<p>A Bandeja de Sushi Ecol\u00f3gica de Bagasse WL-09 Manluen apresenta uma estrutura empilh\u00e1vel cientificamente desenhada, maximizando a efici\u00eancia de armazenamento e transporte. A sua constru\u00e7\u00e3o robusta garante estabilidade e seguran\u00e7a durante a empilhagem em m\u00faltiplas camadas, prevenindo tombamentos ou danos, ao mesmo tempo que melhora a efici\u00eancia operacional. Combinando sustentabilidade com praticidade, acrescenta conveni\u00eancia e fiabilidade \u00e0s opera\u00e7\u00f5es de servi\u00e7o de alimentos.<\/p>\n<h3><strong><b>Transparente, \u00e0 prova de vazamentos e f\u00e1cil de limpar<\/b><\/strong><\/h3>\n<p>O design transparente da Bandeja de Sushi Ecol\u00f3gica de Bagasse WL-09 Manluen permite que os alimentos fiquem vis\u00edveis, aumentando o apetite. A sua caracter\u00edstica \u00e0 prova de vazamentos facilita a limpeza, sendo simples e r\u00e1pida \u2014 basta enxaguar ap\u00f3s o uso para restaurar \u00e0s condi\u00e7\u00f5es de novo, garantindo uma manuten\u00e7\u00e3o f\u00e1cil a longo prazo.<\/p>\n<p><a href=\"https:\/\/www.google.com\/search?q=manluenpack\" target=\"_blank\" rel=\"noopener\">Mais informa\u00e7\u00f5es\u2026<\/a><\/p>","protected":false},"excerpt":{"rendered":"<p>The WL-09 Manluen Japanese Bagasse Sushi Tray is made from eco-friendly, biodegradable material, featuring a unique 241*148*45 mm size design that offers greater capacity and reliable support. Its scientifically proportioned&hellip;<\/p>","protected":false},"featured_media":3065,"template":"","meta":{"_uag_custom_page_level_css":""},"product_brand":[],"product_cat":[23],"product_tag":[112,102],"class_list":{"0":"post-1736","1":"product","2":"type-product","3":"status-publish","4":"has-post-thumbnail","6":"product_cat-sushi-trays","7":"product_tag-bagasse","8":"product_tag-sushi","10":"first","11":"instock","12":"shipping-taxable","13":"purchasable","14":"product-type-simple"},"spectra_custom_meta":{"rank_math_internal_links_processed":["1","1","1"],"_sku":["WL-09-BAGASSE"],"_regular_price":["1"],"total_sales":["0"],"_tax_status":["taxable"],"_tax_class":[""],"_manage_stock":["no"],"_backorders":["no"],"_sold_individually":["no"],"_virtual":["no"],"_downloadable":["no"],"_download_limit":["0"],"_download_expiry":["0"],"_stock":[null],"_stock_status":["instock"],"_wc_average_rating":["0"],"_wc_review_count":["0"],"_product_attributes":["a:2:{s:9:\"item-size\";a:6:{s:4:\"name\";s:9:\"Item Size\";s:5:\"value\";s:12:\"241*148*45mm\";s:8:\"position\";i:0;s:10:\"is_visible\";i:1;s:12:\"is_variation\";i:0;s:11:\"is_taxonomy\";i:0;}s:7:\"qty-ctn\";a:6:{s:4:\"name\";s:7:\"QTY\/CTN\";s:5:\"value\";s:3:\"300\";s:8:\"position\";i:1;s:10:\"is_visible\";i:1;s:12:\"is_variation\";i:0;s:11:\"is_taxonomy\";i:0;}}"],"_product_version":["9.4.2"],"_price":["1"],"_wp_old_date":["2024-11-26"],"rank_math_analytic_object_id":["24"],"classic-editor-remember":["classic-editor"],"rank_math_seo_score":["81"],"rank_math_contentai_score":["a:5:{s:8:\"keywords\";s:5:\"74.51\";s:9:\"wordCount\";s:1:\"0\";s:9:\"linkCount\";s:1:\"0\";s:12:\"headingCount\";s:1:\"0\";s:10:\"mediaCount\";s:1:\"0\";}"],"_jet_woo_template":[""],"_template_type":["default"],"rank_math_primary_product_cat":["23"],"_ywraq_hide_quote_button_check":[""],"_ywraq_hide_quote_button":["0"],"_edit_lock":["1752161339:1"],"_edit_last":["1"],"rank_math_focus_keyword":["Bagasse Sushi Tray"],"_thumbnail_id":["3065"],"_product_image_gallery":["3066,3067,3068,3355"],"_uag_css_file_name":["uag-css-1736.css"],"_uag_page_assets":["a:9:{s:3:\"css\";s:263:\".uag-blocks-common-selector{z-index:var(--z-index-desktop) !important}@media (max-width: 976px){.uag-blocks-common-selector{z-index:var(--z-index-tablet) !important}}@media (max-width: 767px){.uag-blocks-common-selector{z-index:var(--z-index-mobile) !important}}\n\";s:2:\"js\";s:0:\"\";s:18:\"current_block_list\";a:6:{i:0;s:10:\"core\/group\";i:1;s:12:\"core\/heading\";i:2;s:17:\"core\/latest-posts\";i:3;s:20:\"core\/latest-comments\";i:4;s:13:\"core\/archives\";i:5;s:15:\"core\/categories\";}s:8:\"uag_flag\";b:0;s:11:\"uag_version\";i:1777304514;s:6:\"gfonts\";a:0:{}s:10:\"gfonts_url\";s:0:\"\";s:12:\"gfonts_files\";a:0:{}s:14:\"uag_faq_layout\";b:0;}"]},"uagb_featured_image_src":{"full":["https:\/\/www.manluenpack.com\/wp-content\/uploads\/2025\/03\/WL-09-Manluen-Bagasse-Sushi-Tray.webp",1000,1000,false],"thumbnail":["https:\/\/www.manluenpack.com\/wp-content\/uploads\/2025\/03\/WL-09-Manluen-Bagasse-Sushi-Tray.webp",150,150,false],"medium":["https:\/\/www.manluenpack.com\/wp-content\/uploads\/2025\/03\/WL-09-Manluen-Bagasse-Sushi-Tray.webp",300,300,false],"medium_large":["https:\/\/www.manluenpack.com\/wp-content\/uploads\/2025\/03\/WL-09-Manluen-Bagasse-Sushi-Tray.webp",768,768,false],"large":["https:\/\/www.manluenpack.com\/wp-content\/uploads\/2025\/03\/WL-09-Manluen-Bagasse-Sushi-Tray.webp",1000,1000,false],"1536x1536":["https:\/\/www.manluenpack.com\/wp-content\/uploads\/2025\/03\/WL-09-Manluen-Bagasse-Sushi-Tray.webp",1000,1000,false],"2048x2048":["https:\/\/www.manluenpack.com\/wp-content\/uploads\/2025\/03\/WL-09-Manluen-Bagasse-Sushi-Tray.webp",1000,1000,false],"trp-custom-language-flag":["https:\/\/www.manluenpack.com\/wp-content\/uploads\/2025\/03\/WL-09-Manluen-Bagasse-Sushi-Tray.webp",12,12,false],"menu-24x24":["https:\/\/www.manluenpack.com\/wp-content\/uploads\/2025\/03\/WL-09-Manluen-Bagasse-Sushi-Tray.webp",24,24,false],"menu-36x36":["https:\/\/www.manluenpack.com\/wp-content\/uploads\/2025\/03\/WL-09-Manluen-Bagasse-Sushi-Tray.webp",36,36,false],"menu-48x48":["https:\/\/www.manluenpack.com\/wp-content\/uploads\/2025\/03\/WL-09-Manluen-Bagasse-Sushi-Tray.webp",48,48,false],"woocommerce_thumbnail":["https:\/\/www.manluenpack.com\/wp-content\/uploads\/2025\/03\/WL-09-Manluen-Bagasse-Sushi-Tray.webp",300,300,false],"woocommerce_single":["https:\/\/www.manluenpack.com\/wp-content\/uploads\/2025\/03\/WL-09-Manluen-Bagasse-Sushi-Tray.webp",600,600,false],"woocommerce_gallery_thumbnail":["https:\/\/www.manluenpack.com\/wp-content\/uploads\/2025\/03\/WL-09-Manluen-Bagasse-Sushi-Tray.webp",100,100,false]},"uagb_author_info":{"display_name":"ManLuenpack","author_link":"https:\/\/www.manluenpack.com\/pt\/author\/"},"uagb_comment_info":0,"uagb_excerpt":"The WL-09 Manluen Japanese Bagasse Sushi Tray is made from eco-friendly, biodegradable material, featuring a unique 241*148*45 mm size design that offers greater capacity and reliable support. Its scientifically proportioned&hellip;","_links":{"self":[{"href":"https:\/\/www.manluenpack.com\/pt\/wp-json\/wp\/v2\/product\/1736","targetHints":{"allow":["GET"]}}],"collection":[{"href":"https:\/\/www.manluenpack.com\/pt\/wp-json\/wp\/v2\/product"}],"about":[{"href":"https:\/\/www.manluenpack.com\/pt\/wp-json\/wp\/v2\/types\/product"}],"wp:featuredmedia":[{"embeddable":true,"href":"https:\/\/www.manluenpack.com\/pt\/wp-json\/wp\/v2\/media\/3065"}],"wp:attachment":[{"href":"https:\/\/www.manluenpack.com\/pt\/wp-json\/wp\/v2\/media?parent=1736"}],"wp:term":[{"taxonomy":"product_brand","embeddable":true,"href":"https:\/\/www.manluenpack.com\/pt\/wp-json\/wp\/v2\/product_brand?post=1736"},{"taxonomy":"product_cat","embeddable":true,"href":"https:\/\/www.manluenpack.com\/pt\/wp-json\/wp\/v2\/product_cat?post=1736"},{"taxonomy":"product_tag","embeddable":true,"href":"https:\/\/www.manluenpack.com\/pt\/wp-json\/wp\/v2\/product_tag?post=1736"}],"curies":[{"name":"wp","href":"https:\/\/api.w.org\/{rel}","templated":true}]}}