{"id":1722,"date":"2025-03-06T21:24:17","date_gmt":"2025-03-06T13:24:17","guid":{"rendered":"https:\/\/www.manluenpack.com\/?post_type=product&#038;p=1722"},"modified":"2026-02-20T21:07:41","modified_gmt":"2026-02-20T13:07:41","slug":"wl-03-manluen-gold-sushi-box","status":"publish","type":"product","link":"https:\/\/www.manluenpack.com\/pt\/products\/wl-03-manluen-gold-sushi-box\/","title":{"rendered":"Caixa de Sushi de Ouro Manluen WL-03"},"content":{"rendered":"<p>A caixa de sushi WL-03 Manluen Gold apresenta um design \u00fanico de 168*118*45 mm, equilibrando perfeitamente portabilidade e funcionalidade. O seu espa\u00e7o compacto acomoda o sushi de forma impec\u00e1vel, preservando a integridade e frescura dos alimentos. As linhas minimalistas e fluidas combinadas com materiais de alta qualidade exalam uma eleg\u00e2ncia discreta.<\/p>\n<ul>\n<li>Embalagem<br \/>\nEmbalagem em cart\u00e3o<\/li>\n<li>Cor<br \/>\nOuro<\/li>\n<li>Quantidade por palete<br \/>\n400 conjuntos<\/li>\n<li>Material<br \/>\nTampa: OPS\/PET; Base: PS\/PP<\/li>\n<li>Especifica\u00e7\u00f5es de Embalagem<br \/>\n0,056 metros c\u00fabicos<\/li>\n<\/ul>\n<p>&nbsp;<\/p>\n<ul>\n<li style=\"list-style-type: none;\">\n<table style=\"height: 160px;\" width=\"500\"><!-- \u8868\u683c\u7684\u8fb9\u6846\u4e3a1\u4e2a\u50cf\u7d20 --><!-- \u5355\u5143\u683c\u7684\u5185\u8fb9\u8ddd\u4e3a1\u50cf\u7d20 --><!-- \u5355\u5143\u683c\u4e4b\u95f4\u7684\u95f4\u8ddd\u4e3a0\u50cf\u7d20 --><!-- \u8fb9\u6846\u89c4\u5219\u4e3a\u4e24\u4fa7\u8fb9\u6846 --><\/p>\n<tbody>\n<tr>\n<td align=\"center\" bgcolor=\"EFEFEF\"><\/td>\n<td align=\"center\" bgcolor=\"EFEFEF\">Tamanho do Produto<\/td>\n<td align=\"center\" bgcolor=\"EFEFEF\">Quantidade<\/td>\n<td align=\"center\" bgcolor=\"EFEFEF\">Dimens\u00e3o da Caixa<\/td>\n<\/tr>\n<tr>\n<td align=\"center\" bgcolor=\"EFEFEF\">WL-0.1<\/td>\n<td align=\"center\">111*101*45mm<\/td>\n<td align=\"center\">800<\/td>\n<td align=\"center\">462*330*442<\/td>\n<\/tr>\n<tr>\n<td align=\"center\" bgcolor=\"EFEFEF\">WL-00<\/td>\n<td align=\"center\">142*82*45mm<\/td>\n<td align=\"center\">600<\/td>\n<td align=\"center\">353*315*448<\/td>\n<\/tr>\n<tr>\n<td align=\"center\" bgcolor=\"EFEFEF\">WL-0,6<\/td>\n<td align=\"center\">167*92*45mm<\/td>\n<td align=\"center\">600<\/td>\n<td align=\"center\">525*325*400<\/td>\n<\/tr>\n<tr>\n<td align=\"center\" bgcolor=\"EFEFEF\">WL-01<\/td>\n<td align=\"center\">226*96*45mm<\/td>\n<td align=\"center\">400<\/td>\n<td align=\"center\">470*320*385<\/td>\n<\/tr>\n<tr>\n<td align=\"center\" bgcolor=\"EFEFEF\">WL-03<\/td>\n<td align=\"center\">168*118*45mm<\/td>\n<td align=\"center\">400<\/td>\n<td align=\"center\">505*305*365<\/td>\n<\/tr>\n<tr>\n<td align=\"center\" bgcolor=\"EFEFEF\">WL-05<\/td>\n<td align=\"center\">188*132*45mm<\/td>\n<td align=\"center\">400<\/td>\n<td align=\"center\">555*300*395<\/td>\n<\/tr>\n<tr>\n<td align=\"center\" bgcolor=\"EFEFEF\">WL-07<\/td>\n<td align=\"center\">219*139*45mm<\/td>\n<td align=\"center\">400<\/td>\n<td align=\"center\">580*310*455<\/td>\n<\/tr>\n<tr>\n<td align=\"center\" bgcolor=\"EFEFEF\">WL-09<\/td>\n<td align=\"center\">241*148*45mm<\/td>\n<td align=\"center\">300<\/td>\n<td align=\"center\">500*325*460<\/td>\n<\/tr>\n<tr>\n<td align=\"center\" bgcolor=\"EFEFEF\">WL-11<\/td>\n<td align=\"center\">260*188*45mm<\/td>\n<td align=\"center\">200<\/td>\n<td align=\"center\">540*360*395<\/td>\n<\/tr>\n<\/tbody>\n<\/table>\n<\/li>\n<\/ul>\n<ul>\n<li style=\"list-style-type: none;\"><\/li>\n<\/ul>\n<h3><strong><b>Embalagem e entrega<\/b><\/strong><\/h3>\n<p>A nossa caixa de sushi WL-03 Manluen Gold com tampa vem numa embalagem elegantemente simples, utilizando materiais ecol\u00f3gicos e uma artesania refinada para transmitir uma sensa\u00e7\u00e3o de qualidade. Cada detalhe \u00e9 cuidadosamente cuidado para garantir que o produto chegue em perfeitas condi\u00e7\u00f5es. Na entrega, ir\u00e1 experimentar um momento de desembrulhar cerimonial, onde a caixa de sushi e a sua embalagem complementam-se, embodying a est\u00e9tica minimalista japonesa. Isto acrescenta um toque de eleg\u00e2ncia e aten\u00e7\u00e3o, seja para uso pessoal ou como presente.<\/p>\n<h3><strong><b>Cen\u00e1rios de uso<\/b><\/strong><\/h3>\n<p>A bandeja da caixa de sushi WL-03 Manluen Gold integra-se perfeitamente em diversos ambientes com o seu design elegante. Seja para servir sushi caseiro no dia a dia familiar, mostrar estilo durante almo\u00e7os de escrit\u00f3rio ou transportar refei\u00e7\u00f5es deliciosas para piqueniques ao ar livre, ela destaca-se em todas as situa\u00e7\u00f5es. O seu tamanho \u00fanico garante portabilidade enquanto mant\u00e9m a comida apresentada de forma organizada, tornando cada refei\u00e7\u00e3o uma ocasi\u00e3o cerimonial e acrescentando um toque de simplicidade japonesa \u00e0 vida.<\/p>\n<h3><strong><b>Resistente \u00e0 Temperatura &amp; F\u00e1cil de Limpar <\/b><\/strong><\/h3>\n<p>A embalagem de luxo da caixa de sushi WL-03 Manluen \u00e9 feita de materiais resistentes \u00e0 temperatura, acomodando facilmente alimentos quentes e frios enquanto preserva o sabor e a seguran\u00e7a dos ingredientes. A sua superf\u00edcie lisa e fina \u00e9 resistente a manchas e f\u00e1cil de limpar, garantindo uma experi\u00eancia de lavagem sem complica\u00e7\u00f5es.<\/p>","protected":false},"excerpt":{"rendered":"<p>A caixa de sushi WL-03 Manluen Gold apresenta um design \u00fanico de 168*118*45 mm, equilibrando perfeitamente portabilidade e funcionalidade. O seu espa\u00e7o compacto acomoda o sushi de forma impec\u00e1vel, preservando a integridade e frescura dos alimentos. As linhas minimalistas e fluidas combinadas com materiais de alta qualidade exalam uma eleg\u00e2ncia discreta.<\/p>","protected":false},"featured_media":0,"template":"","meta":{"_uag_custom_page_level_css":""},"product_brand":[],"product_cat":[23],"product_tag":[102],"class_list":{"0":"post-1722","1":"product","2":"type-product","3":"status-publish","5":"product_cat-sushi-trays","6":"product_tag-sushi","8":"first","9":"instock","10":"shipping-taxable","11":"purchasable","12":"product-type-simple"},"spectra_custom_meta":{"rank_math_internal_links_processed":["1","1","1"],"_sku":["WL-03-GOLD"],"_regular_price":["1"],"total_sales":["0"],"_tax_status":["taxable"],"_tax_class":[""],"_manage_stock":["no"],"_backorders":["no"],"_sold_individually":["no"],"_virtual":["no"],"_downloadable":["no"],"_product_image_gallery":["3314,3312,3311,4752"],"_download_limit":["0"],"_download_expiry":["0"],"_stock":[null],"_stock_status":["instock"],"_wc_average_rating":["0"],"_wc_review_count":["0"],"_product_attributes":["a:2:{s:9:\"item-size\";a:6:{s:4:\"name\";s:9:\"Item Size\";s:5:\"value\";s:12:\"168*118*45mm\";s:8:\"position\";i:0;s:10:\"is_visible\";i:1;s:12:\"is_variation\";i:0;s:11:\"is_taxonomy\";i:0;}s:7:\"qty-ctn\";a:6:{s:4:\"name\";s:7:\"QTY\/CTN\";s:5:\"value\";s:3:\"600\";s:8:\"position\";i:1;s:10:\"is_visible\";i:1;s:12:\"is_variation\";i:0;s:11:\"is_taxonomy\";i:0;}}"],"_product_version":["10.5.2"],"_price":["1"],"_wp_old_date":["2024-11-26"],"rank_math_analytic_object_id":["24"],"classic-editor-remember":["classic-editor"],"rank_math_seo_score":["100"],"rank_math_contentai_score":["a:5:{s:8:\"keywords\";s:5:\"74.51\";s:9:\"wordCount\";s:1:\"0\";s:9:\"linkCount\";s:1:\"0\";s:12:\"headingCount\";s:1:\"0\";s:10:\"mediaCount\";s:1:\"0\";}"],"_jet_woo_template":[""],"_template_type":["default"],"rank_math_primary_product_cat":["23"],"_ywraq_hide_quote_button_check":[""],"_ywraq_hide_quote_button":["0"],"_edit_lock":["1771595154:1"],"_edit_last":["1"],"rank_math_focus_keyword":["Sushi Box,Gold Sushi Box"],"_wp_old_slug":["minimalist-aesthetic-sushi-box"],"_uag_css_file_name":["uag-css-1722.css"],"_uag_page_assets":["a:9:{s:3:\"css\";s:0:\"\";s:2:\"js\";s:0:\"\";s:18:\"current_block_list\";a:6:{i:0;s:10:\"core\/group\";i:1;s:12:\"core\/heading\";i:2;s:17:\"core\/latest-posts\";i:3;s:20:\"core\/latest-comments\";i:4;s:13:\"core\/archives\";i:5;s:15:\"core\/categories\";}s:8:\"uag_flag\";b:0;s:11:\"uag_version\";i:1777300730;s:6:\"gfonts\";a:0:{}s:10:\"gfonts_url\";s:0:\"\";s:12:\"gfonts_files\";a:0:{}s:14:\"uag_faq_layout\";b:0;}"]},"uagb_featured_image_src":{"full":false,"thumbnail":false,"medium":false,"medium_large":false,"large":false,"1536x1536":false,"2048x2048":false,"trp-custom-language-flag":false,"menu-24x24":false,"menu-36x36":false,"menu-48x48":false,"woocommerce_thumbnail":false,"woocommerce_single":false,"woocommerce_gallery_thumbnail":false},"uagb_author_info":{"display_name":"ManLuenpack","author_link":"https:\/\/www.manluenpack.com\/pt\/author\/"},"uagb_comment_info":0,"uagb_excerpt":"The WL-03 Manluen Gold Sushi Box features a unique 168*118*45 mm design, perfectly balancing portability and functionality. Its compact space accommodates sushi flawlessly, preserving the food's integrity and freshness. The minimalist, flowing lines paired with premium materials exude understated elegance.","_links":{"self":[{"href":"https:\/\/www.manluenpack.com\/pt\/wp-json\/wp\/v2\/product\/1722","targetHints":{"allow":["GET"]}}],"collection":[{"href":"https:\/\/www.manluenpack.com\/pt\/wp-json\/wp\/v2\/product"}],"about":[{"href":"https:\/\/www.manluenpack.com\/pt\/wp-json\/wp\/v2\/types\/product"}],"wp:attachment":[{"href":"https:\/\/www.manluenpack.com\/pt\/wp-json\/wp\/v2\/media?parent=1722"}],"wp:term":[{"taxonomy":"product_brand","embeddable":true,"href":"https:\/\/www.manluenpack.com\/pt\/wp-json\/wp\/v2\/product_brand?post=1722"},{"taxonomy":"product_cat","embeddable":true,"href":"https:\/\/www.manluenpack.com\/pt\/wp-json\/wp\/v2\/product_cat?post=1722"},{"taxonomy":"product_tag","embeddable":true,"href":"https:\/\/www.manluenpack.com\/pt\/wp-json\/wp\/v2\/product_tag?post=1722"}],"curies":[{"name":"wp","href":"https:\/\/api.w.org\/{rel}","templated":true}]}}