{"id":1719,"date":"2025-03-05T23:52:57","date_gmt":"2025-03-05T15:52:57","guid":{"rendered":"https:\/\/www.manluenpack.com\/?post_type=product&#038;p=1719"},"modified":"2025-07-12T00:04:20","modified_gmt":"2025-07-11T16:04:20","slug":"wl-0-1-manluen-sushi-tray","status":"publish","type":"product","link":"https:\/\/www.manluenpack.com\/pt\/products\/wl-0-1-manluen-sushi-tray\/","title":{"rendered":"Bandeja de Sushi Manluen WL-0.1"},"content":{"rendered":"<p>A Bandeja de Sushi Japonesa WL-0.1 Manluen \u00e9 fabricada com uma propor\u00e7\u00e3o \u00e1urea de 111*101*45 mm, oferecendo um design compacto e elegante. Seu contorno quadrado equilibra efici\u00eancia espacial e apelo visual, tornando-a leve e adapt\u00e1vel tanto para exibi\u00e7\u00e3o quanto para transporte. O design resistente e empilh\u00e1vel demonstra um artesanato cuidadoso, proporcionando uma experi\u00eancia simples, mas de alta qualidade ao transportar sushi.<\/p>\n<ul>\n<li>Embalagem<br \/>\nEmbalagem em cart\u00e3o<\/li>\n<li>Cor<br \/>\nPreto<\/li>\n<li>Quantidade por palete<br \/>\n800 conjuntos<\/li>\n<li>Material<br \/>\nTampa: OPS; Base: PS<\/li>\n<li>Especifica\u00e7\u00f5es de Embalagem<br \/>\n0,067 metros c\u00fabicos<\/li>\n<li style=\"list-style-type: none;\"><\/li>\n<\/ul>\n<p>&nbsp;<\/p>\n<ul>\n<li style=\"list-style-type: none;\">\n<table style=\"height: 160px;\" width=\"500\"><!-- \u8868\u683c\u7684\u8fb9\u6846\u4e3a1\u4e2a\u50cf\u7d20 --><!-- \u5355\u5143\u683c\u7684\u5185\u8fb9\u8ddd\u4e3a1\u50cf\u7d20 --><!-- \u5355\u5143\u683c\u4e4b\u95f4\u7684\u95f4\u8ddd\u4e3a0\u50cf\u7d20 --><!-- \u8fb9\u6846\u89c4\u5219\u4e3a\u4e24\u4fa7\u8fb9\u6846 --><\/p>\n<tbody>\n<tr>\n<td align=\"center\" bgcolor=\"EFEFEF\"><\/td>\n<td align=\"center\" bgcolor=\"EFEFEF\">Tamanho do Produto<\/td>\n<td align=\"center\" bgcolor=\"EFEFEF\">Quantidade<\/td>\n<td align=\"center\" bgcolor=\"EFEFEF\">Dimens\u00e3o da Caixa<\/td>\n<\/tr>\n<tr>\n<td align=\"center\" bgcolor=\"EFEFEF\"><a href=\"https:\/\/www.manluenpack.com\/pt\/Products\/wl-00-manluen-sushi-tray\/\">WL-0.1<\/a><\/td>\n<td align=\"center\">111*101*45mm<\/td>\n<td align=\"center\">800<\/td>\n<td align=\"center\">462*330*442<\/td>\n<\/tr>\n<tr>\n<td align=\"center\" bgcolor=\"EFEFEF\">WL-00<\/td>\n<td align=\"center\">142*82*45mm<\/td>\n<td align=\"center\">600<\/td>\n<td align=\"center\">353*315*448<\/td>\n<\/tr>\n<tr>\n<td align=\"center\" bgcolor=\"EFEFEF\">WL-0,6<\/td>\n<td align=\"center\">167*92*45mm<\/td>\n<td align=\"center\">600<\/td>\n<td align=\"center\">525*325*400<\/td>\n<\/tr>\n<tr>\n<td align=\"center\" bgcolor=\"EFEFEF\">WL-01<\/td>\n<td align=\"center\">226*96*45mm<\/td>\n<td align=\"center\">400<\/td>\n<td align=\"center\">470*320*385<\/td>\n<\/tr>\n<tr>\n<td align=\"center\" bgcolor=\"EFEFEF\">WL-03<\/td>\n<td align=\"center\">168*118*45mm<\/td>\n<td align=\"center\">400<\/td>\n<td align=\"center\">505*305*365<\/td>\n<\/tr>\n<tr>\n<td align=\"center\" bgcolor=\"EFEFEF\">WL-05<\/td>\n<td align=\"center\">188*132*45mm<\/td>\n<td align=\"center\">400<\/td>\n<td align=\"center\">555*300*395<\/td>\n<\/tr>\n<tr>\n<td align=\"center\" bgcolor=\"EFEFEF\">WL-07<\/td>\n<td align=\"center\">219*139*45mm<\/td>\n<td align=\"center\">400<\/td>\n<td align=\"center\">580*310*455<\/td>\n<\/tr>\n<tr>\n<td align=\"center\" bgcolor=\"EFEFEF\">WL-09<\/td>\n<td align=\"center\">241*148*45mm<\/td>\n<td align=\"center\">300<\/td>\n<td align=\"center\">500*325*460<\/td>\n<\/tr>\n<tr>\n<td align=\"center\" bgcolor=\"EFEFEF\">WL-11<\/td>\n<td align=\"center\">260*188*45mm<\/td>\n<td align=\"center\">200<\/td>\n<td align=\"center\">540*360*395<\/td>\n<\/tr>\n<\/tbody>\n<\/table>\n<\/li>\n<li><a href=\"https:\/\/www.manluenpack.com\/pt\/products\/\">Mais estilo, mais estilos\u2026<\/a><\/li>\n<\/ul>\n<ul>\n<li style=\"list-style-type: none;\">\n<h3><strong><b>Embalagem e entrega<\/b><\/strong><\/h3>\n<p>A Bandeja de Sushi com Tampa WL-0.1 Manluen Black Sakura apresenta uma tampa transparente e \u00e9 embalada com encapsulamento modular. A caixa ecol\u00f3gica leve, por\u00e9m resistente \u00e0 press\u00e3o, inclui forros \u00e0 prova de choque personalizados, precisamente ajustados \u00e0s dimens\u00f5es compactas de 111*101*45 mm, garantindo transporte seguro e protegido. O processo de veda\u00e7\u00e3o e a log\u00edstica padronizada asseguram tanto uma f\u00e1cil desembrulhar quanto uma entrega eficiente, protegendo cada chegada fresca desde a linha de produ\u00e7\u00e3o at\u00e9 \u00e0 mesa de jantar com cuidado meticuloso.<\/p>\n<h3><strong><b>Cen\u00e1rios de uso<\/b><\/strong><\/h3>\n<p>Esta Bandeja de Sushi Cl\u00e1ssica Preta WL-0.1 Manluen combina materiais de alta qualidade e um design requintado, atendendo \u00e0s v\u00e1rias necessidades de takeout enquanto melhora a apresenta\u00e7\u00e3o dos alimentos e a experi\u00eancia de jantar dos clientes. \u00c9 uma escolha indispens\u00e1vel para as ind\u00fastrias modernas de fast food e takeout.<\/p>\n<ul>\n<li>Restaurantes japoneses de alta gama<\/li>\n<li>Reuni\u00f5es familiares<\/li>\n<li>Piqueniques ao ar livre<\/li>\n<li>Lojas de sushi<\/li>\n<li>Estabelecimentos de fast food<\/li>\n<li>Lojas de conveni\u00eancia<\/li>\n<li>Supermercados<\/li>\n<\/ul>\n<h3><strong><b>Design empilh\u00e1vel<\/b><\/strong><\/h3>\n<p>A Bandeja de Sushi Descart\u00e1vel WL-0.1 Manluen apresenta um design inteligente empilh\u00e1vel. Sua forma quadrada n\u00e3o s\u00f3 economiza espa\u00e7o de armazenamento, mas tamb\u00e9m facilita a organiza\u00e7\u00e3o e o transporte. A estrutura de empilhamento est\u00e1vel garante que as bandejas permane\u00e7am seguras ao serem empilhadas, trazendo conveni\u00eancia e organiza\u00e7\u00e3o tanto para cozinhas quanto para mesas de jantar.<\/li>\n<\/ul>\n<p><a href=\"https:\/\/www.google.com\/search?q=manluenpack\" target=\"_blank\" rel=\"noopener\">Mais informa\u00e7\u00f5es\u2026<\/a><\/p>","protected":false},"excerpt":{"rendered":"<p>The WL-0.1 Manluen Japanese Sushi Tray is crafted with a golden ratio of 111*101*45 mm, offering a compact yet elegant design. Its square contour balances spatial efficiency and visual appeal,&hellip;<\/p>","protected":false},"featured_media":3284,"template":"","meta":{"_uag_custom_page_level_css":""},"product_brand":[],"product_cat":[23],"product_tag":[106,107,102],"class_list":{"0":"post-1719","1":"product","2":"type-product","3":"status-publish","4":"has-post-thumbnail","6":"product_cat-sushi-trays","7":"product_tag-maple-leaf-print","8":"product_tag-square-shape","9":"product_tag-sushi","11":"first","12":"instock","13":"shipping-taxable","14":"purchasable","15":"product-type-simple"},"spectra_custom_meta":{"rank_math_internal_links_processed":["1","1","1"],"_sku":["WL-0.1"],"_regular_price":["1"],"total_sales":["0"],"_tax_status":["taxable"],"_tax_class":[""],"_manage_stock":["no"],"_backorders":["no"],"_sold_individually":["no"],"_virtual":["no"],"_downloadable":["no"],"_product_image_gallery":["3288,3287,3286,3285"],"_download_limit":["0"],"_download_expiry":["0"],"_thumbnail_id":["3284"],"_stock":[null],"_stock_status":["instock"],"_wc_average_rating":["0"],"_wc_review_count":["0"],"_product_attributes":["a:2:{s:9:\"item-size\";a:6:{s:4:\"name\";s:9:\"Item Size\";s:5:\"value\";s:12:\"111*101*45mm\";s:8:\"position\";i:0;s:10:\"is_visible\";i:1;s:12:\"is_variation\";i:0;s:11:\"is_taxonomy\";i:0;}s:7:\"qty-ctn\";a:6:{s:4:\"name\";s:7:\"QTY\/CTN\";s:5:\"value\";s:3:\"800\";s:8:\"position\";i:1;s:10:\"is_visible\";i:1;s:12:\"is_variation\";i:0;s:11:\"is_taxonomy\";i:0;}}"],"_product_version":["9.4.2"],"_price":["1"],"_wp_old_date":["2024-11-26"],"rank_math_analytic_object_id":["24"],"classic-editor-remember":["classic-editor"],"rank_math_seo_score":["76"],"rank_math_contentai_score":["a:5:{s:8:\"keywords\";s:5:\"74.51\";s:9:\"wordCount\";s:1:\"0\";s:9:\"linkCount\";s:1:\"0\";s:12:\"headingCount\";s:1:\"0\";s:10:\"mediaCount\";s:1:\"0\";}"],"_jet_woo_template":[""],"_template_type":["default"],"rank_math_primary_product_cat":["23"],"_ywraq_hide_quote_button_check":[""],"_ywraq_hide_quote_button":["0"],"_edit_lock":["1752249808:1"],"_edit_last":["1"],"rank_math_focus_keyword":["sushi tray"],"_wp_old_slug":["small-square-sushi-takeout-box"],"rank_math_title":["WL-0.1 Manluen Sushi Tray"],"_uag_css_file_name":["uag-css-1719.css"],"_uag_page_assets":["a:9:{s:3:\"css\";s:0:\"\";s:2:\"js\";s:0:\"\";s:18:\"current_block_list\";a:6:{i:0;s:10:\"core\/group\";i:1;s:12:\"core\/heading\";i:2;s:17:\"core\/latest-posts\";i:3;s:20:\"core\/latest-comments\";i:4;s:13:\"core\/archives\";i:5;s:15:\"core\/categories\";}s:8:\"uag_flag\";b:0;s:11:\"uag_version\";i:1777292105;s:6:\"gfonts\";a:0:{}s:10:\"gfonts_url\";s:0:\"\";s:12:\"gfonts_files\";a:0:{}s:14:\"uag_faq_layout\";b:0;}"]},"uagb_featured_image_src":{"full":["https:\/\/www.manluenpack.com\/wp-content\/uploads\/2025\/03\/WL-0.1-manluen-sushi-box.webp",1100,1100,false],"thumbnail":["https:\/\/www.manluenpack.com\/wp-content\/uploads\/2025\/03\/WL-0.1-manluen-sushi-box.webp",150,150,false],"medium":["https:\/\/www.manluenpack.com\/wp-content\/uploads\/2025\/03\/WL-0.1-manluen-sushi-box.webp",300,300,false],"medium_large":["https:\/\/www.manluenpack.com\/wp-content\/uploads\/2025\/03\/WL-0.1-manluen-sushi-box.webp",768,768,false],"large":["https:\/\/www.manluenpack.com\/wp-content\/uploads\/2025\/03\/WL-0.1-manluen-sushi-box.webp",1024,1024,false],"1536x1536":["https:\/\/www.manluenpack.com\/wp-content\/uploads\/2025\/03\/WL-0.1-manluen-sushi-box.webp",1100,1100,false],"2048x2048":["https:\/\/www.manluenpack.com\/wp-content\/uploads\/2025\/03\/WL-0.1-manluen-sushi-box.webp",1100,1100,false],"trp-custom-language-flag":["https:\/\/www.manluenpack.com\/wp-content\/uploads\/2025\/03\/WL-0.1-manluen-sushi-box.webp",12,12,false],"menu-24x24":["https:\/\/www.manluenpack.com\/wp-content\/uploads\/2025\/03\/WL-0.1-manluen-sushi-box.webp",24,24,false],"menu-36x36":["https:\/\/www.manluenpack.com\/wp-content\/uploads\/2025\/03\/WL-0.1-manluen-sushi-box.webp",36,36,false],"menu-48x48":["https:\/\/www.manluenpack.com\/wp-content\/uploads\/2025\/03\/WL-0.1-manluen-sushi-box.webp",48,48,false],"woocommerce_thumbnail":["https:\/\/www.manluenpack.com\/wp-content\/uploads\/2025\/03\/WL-0.1-manluen-sushi-box.webp",300,300,false],"woocommerce_single":["https:\/\/www.manluenpack.com\/wp-content\/uploads\/2025\/03\/WL-0.1-manluen-sushi-box.webp",600,600,false],"woocommerce_gallery_thumbnail":["https:\/\/www.manluenpack.com\/wp-content\/uploads\/2025\/03\/WL-0.1-manluen-sushi-box.webp",100,100,false]},"uagb_author_info":{"display_name":"ManLuenpack","author_link":"https:\/\/www.manluenpack.com\/pt\/author\/"},"uagb_comment_info":0,"uagb_excerpt":"The WL-0.1 Manluen Japanese Sushi Tray is crafted with a golden ratio of 111*101*45 mm, offering a compact yet elegant design. Its square contour balances spatial efficiency and visual appeal,&hellip;","_links":{"self":[{"href":"https:\/\/www.manluenpack.com\/pt\/wp-json\/wp\/v2\/product\/1719","targetHints":{"allow":["GET"]}}],"collection":[{"href":"https:\/\/www.manluenpack.com\/pt\/wp-json\/wp\/v2\/product"}],"about":[{"href":"https:\/\/www.manluenpack.com\/pt\/wp-json\/wp\/v2\/types\/product"}],"wp:featuredmedia":[{"embeddable":true,"href":"https:\/\/www.manluenpack.com\/pt\/wp-json\/wp\/v2\/media\/3284"}],"wp:attachment":[{"href":"https:\/\/www.manluenpack.com\/pt\/wp-json\/wp\/v2\/media?parent=1719"}],"wp:term":[{"taxonomy":"product_brand","embeddable":true,"href":"https:\/\/www.manluenpack.com\/pt\/wp-json\/wp\/v2\/product_brand?post=1719"},{"taxonomy":"product_cat","embeddable":true,"href":"https:\/\/www.manluenpack.com\/pt\/wp-json\/wp\/v2\/product_cat?post=1719"},{"taxonomy":"product_tag","embeddable":true,"href":"https:\/\/www.manluenpack.com\/pt\/wp-json\/wp\/v2\/product_tag?post=1719"}],"curies":[{"name":"wp","href":"https:\/\/api.w.org\/{rel}","templated":true}]}}