{"id":1715,"date":"2025-02-19T21:26:24","date_gmt":"2025-02-19T13:26:24","guid":{"rendered":"https:\/\/www.manluenpack.com\/?post_type=product&#038;p=1715"},"modified":"2025-07-12T11:27:05","modified_gmt":"2025-07-12T03:27:05","slug":"wl-0-6-manluen-sushi-tray","status":"publish","type":"product","link":"https:\/\/www.manluenpack.com\/pt\/products\/wl-0-6-manluen-sushi-tray\/","title":{"rendered":"Bandeja de Sushi Manluen WL-0.6"},"content":{"rendered":"<p>Quando as papilas gustativas encontram a est\u00e9tica, e a cozinha entrela\u00e7a-se com a arte, a Bandeja de Sushi WL-0.6 Manluen revela a frescura e delicadeza do sushi atrav\u00e9s do seu design simples mas elegante. As suas dimens\u00f5es espec\u00edficas de 167*92*45 mm n\u00e3o s\u00f3 acomodam perfeitamente a disposi\u00e7\u00e3o do sushi, como tamb\u00e9m proporcionam espa\u00e7o amplo para acompanhamentos e guarni\u00e7\u00f5es, real\u00e7ando o apelo visual geral.<\/p>\n<ul>\n<li>Embalagem<br \/>\nEmbalagem em cart\u00e3o<\/li>\n<li>Cor<br \/>\nPreto<\/li>\n<li>Quantidade por palete<br \/>\n600 conjuntos<\/li>\n<li>Material<br \/>\nOPS\/ PS\/ PET<\/li>\n<li>Especifica\u00e7\u00f5es de Embalagem<br \/>\n0,067 metros c\u00fabicos<\/li>\n<\/ul>\n<p>&nbsp;<\/p>\n<ul>\n<li style=\"list-style-type: none;\">\n<table style=\"height: 160px;\" width=\"500\"><!-- \u8868\u683c\u7684\u8fb9\u6846\u4e3a1\u4e2a\u50cf\u7d20 --><!-- \u5355\u5143\u683c\u7684\u5185\u8fb9\u8ddd\u4e3a1\u50cf\u7d20 --><!-- \u5355\u5143\u683c\u4e4b\u95f4\u7684\u95f4\u8ddd\u4e3a0\u50cf\u7d20 --><!-- \u8fb9\u6846\u89c4\u5219\u4e3a\u4e24\u4fa7\u8fb9\u6846 --><\/p>\n<tbody>\n<tr>\n<td align=\"center\" bgcolor=\"EFEFEF\"><\/td>\n<td align=\"center\" bgcolor=\"EFEFEF\">Tamanho do Produto<\/td>\n<td align=\"center\" bgcolor=\"EFEFEF\">Quantidade<\/td>\n<td align=\"center\" bgcolor=\"EFEFEF\">Dimens\u00e3o da Caixa<\/td>\n<\/tr>\n<tr>\n<td align=\"center\" bgcolor=\"EFEFEF\"><a href=\"https:\/\/www.manluenpack.com\/pt\/Products\/wl-0-1-manluen-sushi-tray\/\">WL-0.1<\/a><\/td>\n<td align=\"center\">111*101*45mm<\/td>\n<td align=\"center\">800<\/td>\n<td align=\"center\">462*330*442<\/td>\n<\/tr>\n<tr>\n<td align=\"center\" bgcolor=\"EFEFEF\">WL-00<\/td>\n<td align=\"center\">142*82*45mm<\/td>\n<td align=\"center\">600<\/td>\n<td align=\"center\">353*315*448<\/td>\n<\/tr>\n<tr>\n<td align=\"center\" bgcolor=\"EFEFEF\">WL-0,6<\/td>\n<td align=\"center\">167*92*45mm<\/td>\n<td align=\"center\">600<\/td>\n<td align=\"center\">525*325*400<\/td>\n<\/tr>\n<tr>\n<td align=\"center\" bgcolor=\"EFEFEF\">WL-01<\/td>\n<td align=\"center\">226*96*45mm<\/td>\n<td align=\"center\">400<\/td>\n<td align=\"center\">470*320*385<\/td>\n<\/tr>\n<tr>\n<td align=\"center\" bgcolor=\"EFEFEF\">WL-03<\/td>\n<td align=\"center\">168*118*45mm<\/td>\n<td align=\"center\">400<\/td>\n<td align=\"center\">505*305*365<\/td>\n<\/tr>\n<tr>\n<td align=\"center\" bgcolor=\"EFEFEF\">WL-05<\/td>\n<td align=\"center\">188*132*45mm<\/td>\n<td align=\"center\">400<\/td>\n<td align=\"center\">555*300*395<\/td>\n<\/tr>\n<tr>\n<td align=\"center\" bgcolor=\"EFEFEF\">WL-07<\/td>\n<td align=\"center\">219*139*45mm<\/td>\n<td align=\"center\">400<\/td>\n<td align=\"center\">580*310*455<\/td>\n<\/tr>\n<tr>\n<td align=\"center\" bgcolor=\"EFEFEF\">WL-09<\/td>\n<td align=\"center\">241*148*45mm<\/td>\n<td align=\"center\">300<\/td>\n<td align=\"center\">500*325*460<\/td>\n<\/tr>\n<tr>\n<td align=\"center\" bgcolor=\"EFEFEF\">WL-11<\/td>\n<td align=\"center\">260*188*45mm<\/td>\n<td align=\"center\">200<\/td>\n<td align=\"center\">540*360*395<\/td>\n<\/tr>\n<\/tbody>\n<\/table>\n<\/li>\n<li><a href=\"https:\/\/www.manluenpack.com\/pt\/products\/\">Mais estilo, mais variedades\u2026<\/a><\/li>\n<\/ul>\n<h3><strong><b>Embalagem e entrega<\/b><\/strong><\/h3>\n<p>A embalagem e entrega da Bandeja de Sushi Japonesa WL-0.6 Manluen representam uma combina\u00e7\u00e3o perfeita de artesanato e eleg\u00e2ncia. Cada Bandeja de Sushi WL-0.6 Manluen \u00e9 cuidadosamente fabricada com materiais exclusivos, alojada numa embalagem exterior ecol\u00f3gica com uma textura refinada. O design minimalista mas estiloso reflete tanto sofistica\u00e7\u00e3o tecnol\u00f3gica como consci\u00eancia ambiental. Na entrega, a bandeja de sushi WL-0.6 apresenta-se com gra\u00e7a, com cada detalhe a embodyar um compromisso com a qualidade e o cuidado do utilizador. Seja no momento de abrir ou na cerim\u00f3nia de entrega, a Bandeja de Sushi WL-0.6 Manluen promete uma experi\u00eancia repleta de calor e prazer.<\/p>\n<h3><strong><b>Cen\u00e1rios de uso<\/b><\/strong><\/h3>\n<p>Com o seu design requintado e funcionalidade excecional, a Bandeja de Sushi com Tampa WL-0.6 Manluen Black Sakura \u00e9 uma escolha ideal para v\u00e1rias ocasi\u00f5es. A sua textura delicada e forma elegante acrescentam um toque art\u00edstico a cada pe\u00e7a de sushi, oferecendo aos comensais uma experi\u00eancia sensorial dupla de sabor e vis\u00e3o. Seja para banquetes formais ou encontros informais, a caixa de sushi WL-0.6 integra-se perfeitamente em qualquer ambiente, servindo como uma liga\u00e7\u00e3o elegante entre comida e emo\u00e7\u00e3o, transformando cada refei\u00e7\u00e3o numa experi\u00eancia inesquec\u00edvel.<\/p>\n<ul>\n<li>Restaurantes japoneses de alta gama<\/li>\n<li>Reuni\u00f5es familiares<\/li>\n<li>Piqueniques ao ar livre<\/li>\n<li>Festas de eventos<\/li>\n<\/ul>\n<h3><strong><b>Design empilh\u00e1vel<\/b><\/strong><\/h3>\n<p>A Bandeja de Sushi Cl\u00e1ssica Negra WL-0.6 apresenta um design inteligente empilh\u00e1vel, que n\u00e3o s\u00f3 economiza espa\u00e7o de armazenamento, como tamb\u00e9m facilita a organiza\u00e7\u00e3o e transporte. A sua estrutura de empilhamento est\u00e1vel garante que as bandejas permane\u00e7am seguras ao serem empilhadas, combinando praticidade e efici\u00eancia para trazer mais conveni\u00eancia e organiza\u00e7\u00e3o \u00e0s cozinhas e mesas de jantar.<\/p>\n<p><a href=\"https:\/\/www.google.com\/search?q=manluenpack\" target=\"_blank\" rel=\"noopener\">Mais informa\u00e7\u00f5es\u2026<\/a><\/p>","protected":false},"excerpt":{"rendered":"<p>When taste buds meet aesthetics, and cuisine intertwines with craftsmanship, the WL-0.6 Manluen Sushi Tray showcases the freshness and delicacy of sushi through its simple yet elegant design. Its specific&hellip;<\/p>","protected":false},"featured_media":2910,"template":"","meta":{"_uag_custom_page_level_css":""},"product_brand":[],"product_cat":[23],"product_tag":[104,102],"class_list":{"0":"post-1715","1":"product","2":"type-product","3":"status-publish","4":"has-post-thumbnail","6":"product_cat-sushi-trays","7":"product_tag-black-sakura","8":"product_tag-sushi","10":"first","11":"instock","12":"shipping-taxable","13":"purchasable","14":"product-type-simple"},"spectra_custom_meta":{"rank_math_internal_links_processed":["1","1","1"],"_sku":["WL-0.6"],"_regular_price":["1"],"total_sales":["0"],"_tax_status":["taxable"],"_tax_class":[""],"_manage_stock":["no"],"_backorders":["no"],"_sold_individually":["no"],"_virtual":["no"],"_downloadable":["no"],"_product_image_gallery":["2908,2907,2909,2911"],"_download_limit":["0"],"_download_expiry":["0"],"_thumbnail_id":["2910"],"_stock":[null],"_stock_status":["instock"],"_wc_average_rating":["0"],"_wc_review_count":["0"],"_product_attributes":["a:2:{s:9:\"item-size\";a:6:{s:4:\"name\";s:9:\"Item Size\";s:5:\"value\";s:12:\"167*92*45 mm\";s:8:\"position\";i:0;s:10:\"is_visible\";i:1;s:12:\"is_variation\";i:0;s:11:\"is_taxonomy\";i:0;}s:7:\"qty-ctn\";a:6:{s:4:\"name\";s:7:\"QTY\/CTN\";s:5:\"value\";s:3:\"600\";s:8:\"position\";i:2;s:10:\"is_visible\";i:1;s:12:\"is_variation\";i:0;s:11:\"is_taxonomy\";i:0;}}"],"_product_version":["9.4.2"],"_price":["1"],"_wp_old_date":["2024-11-26"],"rank_math_analytic_object_id":["24"],"classic-editor-remember":["classic-editor"],"rank_math_seo_score":["81"],"rank_math_contentai_score":["a:5:{s:8:\"keywords\";s:5:\"74.51\";s:9:\"wordCount\";s:1:\"0\";s:9:\"linkCount\";s:1:\"0\";s:12:\"headingCount\";s:1:\"0\";s:10:\"mediaCount\";s:1:\"0\";}"],"_jet_woo_template":[""],"_template_type":["default"],"rank_math_primary_product_cat":["23"],"_ywraq_hide_quote_button_check":[""],"_ywraq_hide_quote_button":["0"],"_edit_lock":["1752291199:1"],"_edit_last":["1"],"_wp_old_slug":["classic-black-sakura-salmon-sashimi-sushi-plate"],"rank_math_focus_keyword":["sushi tray"],"_uag_css_file_name":["uag-css-1715.css"],"_uag_page_assets":["a:9:{s:3:\"css\";s:0:\"\";s:2:\"js\";s:0:\"\";s:18:\"current_block_list\";a:6:{i:0;s:10:\"core\/group\";i:1;s:12:\"core\/heading\";i:2;s:17:\"core\/latest-posts\";i:3;s:20:\"core\/latest-comments\";i:4;s:13:\"core\/archives\";i:5;s:15:\"core\/categories\";}s:8:\"uag_flag\";b:0;s:11:\"uag_version\";i:1777284572;s:6:\"gfonts\";a:0:{}s:10:\"gfonts_url\";s:0:\"\";s:12:\"gfonts_files\";a:0:{}s:14:\"uag_faq_layout\";b:0;}"]},"uagb_featured_image_src":{"full":["https:\/\/www.manluenpack.com\/wp-content\/uploads\/2025\/02\/WL-0.6-manluen-sushi-tray.webp",1100,1100,false],"thumbnail":["https:\/\/www.manluenpack.com\/wp-content\/uploads\/2025\/02\/WL-0.6-manluen-sushi-tray.webp",150,150,false],"medium":["https:\/\/www.manluenpack.com\/wp-content\/uploads\/2025\/02\/WL-0.6-manluen-sushi-tray.webp",300,300,false],"medium_large":["https:\/\/www.manluenpack.com\/wp-content\/uploads\/2025\/02\/WL-0.6-manluen-sushi-tray.webp",768,768,false],"large":["https:\/\/www.manluenpack.com\/wp-content\/uploads\/2025\/02\/WL-0.6-manluen-sushi-tray.webp",1024,1024,false],"1536x1536":["https:\/\/www.manluenpack.com\/wp-content\/uploads\/2025\/02\/WL-0.6-manluen-sushi-tray.webp",1100,1100,false],"2048x2048":["https:\/\/www.manluenpack.com\/wp-content\/uploads\/2025\/02\/WL-0.6-manluen-sushi-tray.webp",1100,1100,false],"trp-custom-language-flag":["https:\/\/www.manluenpack.com\/wp-content\/uploads\/2025\/02\/WL-0.6-manluen-sushi-tray.webp",12,12,false],"menu-24x24":["https:\/\/www.manluenpack.com\/wp-content\/uploads\/2025\/02\/WL-0.6-manluen-sushi-tray.webp",24,24,false],"menu-36x36":["https:\/\/www.manluenpack.com\/wp-content\/uploads\/2025\/02\/WL-0.6-manluen-sushi-tray.webp",36,36,false],"menu-48x48":["https:\/\/www.manluenpack.com\/wp-content\/uploads\/2025\/02\/WL-0.6-manluen-sushi-tray.webp",48,48,false],"woocommerce_thumbnail":["https:\/\/www.manluenpack.com\/wp-content\/uploads\/2025\/02\/WL-0.6-manluen-sushi-tray.webp",300,300,false],"woocommerce_single":["https:\/\/www.manluenpack.com\/wp-content\/uploads\/2025\/02\/WL-0.6-manluen-sushi-tray.webp",600,600,false],"woocommerce_gallery_thumbnail":["https:\/\/www.manluenpack.com\/wp-content\/uploads\/2025\/02\/WL-0.6-manluen-sushi-tray.webp",100,100,false]},"uagb_author_info":{"display_name":"ManLuenpack","author_link":"https:\/\/www.manluenpack.com\/pt\/author\/"},"uagb_comment_info":0,"uagb_excerpt":"When taste buds meet aesthetics, and cuisine intertwines with craftsmanship, the WL-0.6 Manluen Sushi Tray showcases the freshness and delicacy of sushi through its simple yet elegant design. Its specific&hellip;","_links":{"self":[{"href":"https:\/\/www.manluenpack.com\/pt\/wp-json\/wp\/v2\/product\/1715","targetHints":{"allow":["GET"]}}],"collection":[{"href":"https:\/\/www.manluenpack.com\/pt\/wp-json\/wp\/v2\/product"}],"about":[{"href":"https:\/\/www.manluenpack.com\/pt\/wp-json\/wp\/v2\/types\/product"}],"wp:featuredmedia":[{"embeddable":true,"href":"https:\/\/www.manluenpack.com\/pt\/wp-json\/wp\/v2\/media\/2910"}],"wp:attachment":[{"href":"https:\/\/www.manluenpack.com\/pt\/wp-json\/wp\/v2\/media?parent=1715"}],"wp:term":[{"taxonomy":"product_brand","embeddable":true,"href":"https:\/\/www.manluenpack.com\/pt\/wp-json\/wp\/v2\/product_brand?post=1715"},{"taxonomy":"product_cat","embeddable":true,"href":"https:\/\/www.manluenpack.com\/pt\/wp-json\/wp\/v2\/product_cat?post=1715"},{"taxonomy":"product_tag","embeddable":true,"href":"https:\/\/www.manluenpack.com\/pt\/wp-json\/wp\/v2\/product_tag?post=1715"}],"curies":[{"name":"wp","href":"https:\/\/api.w.org\/{rel}","templated":true}]}}