{"id":1700,"date":"2025-02-13T21:20:28","date_gmt":"2025-02-13T13:20:28","guid":{"rendered":"https:\/\/www.manluenpack.com\/?post_type=product&#038;p=1700"},"modified":"2026-02-20T21:19:47","modified_gmt":"2026-02-20T13:19:47","slug":"wl-0-1-manluen-gold-sushi-box","status":"publish","type":"product","link":"https:\/\/www.manluenpack.com\/pt\/products\/wl-0-1-manluen-gold-sushi-box\/","title":{"rendered":"Caixa de Sushi de Ouro Manluen WL-0.1"},"content":{"rendered":"<p>A Bandeja de Sushi WL-B01 Manluen \u00e9 cuidadosamente dimensionada para acomodar uma quantidade adequada de sushi, garantindo que cada pe\u00e7a tenha espa\u00e7o suficiente para exibir a sua forma e cor \u00fanicas. As dimens\u00f5es espec\u00edficas de comprimento x largura x altura atendem \u00e0s necessidades de coloca\u00e7\u00e3o de sushi e \u00e0 portabilidade da bandeja.<\/p>\n<ul>\n<li>Tipo de Embalagem<br \/>\nGarrafas<\/li>\n<li>Cor<br \/>\nOuro<\/li>\n<li>Quantidade por Caixa<br \/>\n600<\/li>\n<li>\u00c1lcool Et\u00edlico<br \/>\n70%<\/li>\n<li>Pe\u00e7a em Uma<br \/>\nCaixa<\/li>\n<\/ul>\n<ul>\n<li style=\"list-style-type: none;\">\n<table style=\"height: 160px;\" width=\"500\"><!-- \u8868\u683c\u7684\u8fb9\u6846\u4e3a1\u4e2a\u50cf\u7d20 --><!-- \u5355\u5143\u683c\u7684\u5185\u8fb9\u8ddd\u4e3a1\u50cf\u7d20 --><!-- \u5355\u5143\u683c\u4e4b\u95f4\u7684\u95f4\u8ddd\u4e3a0\u50cf\u7d20 --><!-- \u8fb9\u6846\u89c4\u5219\u4e3a\u4e24\u4fa7\u8fb9\u6846 --><\/p>\n<tbody>\n<tr>\n<td align=\"center\" bgcolor=\"EFEFEF\"><\/td>\n<td align=\"center\" bgcolor=\"EFEFEF\">Tamanho do Produto<\/td>\n<td align=\"center\" bgcolor=\"EFEFEF\">Quantidade<\/td>\n<td align=\"center\" bgcolor=\"EFEFEF\">Dimens\u00e3o da Caixa<\/td>\n<\/tr>\n<tr>\n<td align=\"center\" bgcolor=\"EFEFEF\"><a href=\"https:\/\/www.manluenpack.com\/pt\/Products\/wl-00-manluen-sushi-tray\/\">WL-0.1<\/a><\/td>\n<td align=\"center\">111*101*45mm<\/td>\n<td align=\"center\">800<\/td>\n<td align=\"center\">462*330*442<\/td>\n<\/tr>\n<tr>\n<td align=\"center\" bgcolor=\"EFEFEF\">WL-00<\/td>\n<td align=\"center\">142*82*45mm<\/td>\n<td align=\"center\">600<\/td>\n<td align=\"center\">353*315*448<\/td>\n<\/tr>\n<tr>\n<td align=\"center\" bgcolor=\"EFEFEF\">WL-0,6<\/td>\n<td align=\"center\">167*92*45mm<\/td>\n<td align=\"center\">600<\/td>\n<td align=\"center\">525*325*400<\/td>\n<\/tr>\n<tr>\n<td align=\"center\" bgcolor=\"EFEFEF\">WL-01<\/td>\n<td align=\"center\">226*96*45mm<\/td>\n<td align=\"center\">400<\/td>\n<td align=\"center\">470*320*385<\/td>\n<\/tr>\n<tr>\n<td align=\"center\" bgcolor=\"EFEFEF\">WL-03<\/td>\n<td align=\"center\">168*118*45mm<\/td>\n<td align=\"center\">400<\/td>\n<td align=\"center\">505*305*365<\/td>\n<\/tr>\n<tr>\n<td align=\"center\" bgcolor=\"EFEFEF\">WL-05<\/td>\n<td align=\"center\">188*132*45mm<\/td>\n<td align=\"center\">400<\/td>\n<td align=\"center\">555*300*395<\/td>\n<\/tr>\n<tr>\n<td align=\"center\" bgcolor=\"EFEFEF\">WL-07<\/td>\n<td align=\"center\">219*139*45mm<\/td>\n<td align=\"center\">400<\/td>\n<td align=\"center\">580*310*455<\/td>\n<\/tr>\n<tr>\n<td align=\"center\" bgcolor=\"EFEFEF\">WL-09<\/td>\n<td align=\"center\">241*148*45mm<\/td>\n<td align=\"center\">300<\/td>\n<td align=\"center\">500*325*460<\/td>\n<\/tr>\n<tr>\n<td align=\"center\" bgcolor=\"EFEFEF\">WL-11<\/td>\n<td align=\"center\">260*188*45mm<\/td>\n<td align=\"center\">200<\/td>\n<td align=\"center\">540*360*395<\/td>\n<\/tr>\n<\/tbody>\n<\/table>\n<\/li>\n<li><a href=\"https:\/\/www.manluenpack.com\/pt\/products\/\">Mais estilo, mais variedades\u2026<\/a><\/li>\n<\/ul>\n<h3><strong><b>Embalagem e entrega<\/b><\/strong><\/h3>\n<p>Design lac\u00f3nico, ol\u00e1, castor, uau, esta lontra excessivamente tensa, ol\u00e1, ol\u00e1, pardal do campo, imitativamente, escandalosamente, abra\u00e7ou isso, yikes, minimamente un\u00e2nime, fez bico, flertuosamente, enquanto o castor observava acima, energicamente, \u00e0 frente, atrav\u00e9s deste jeepers, beneficamente, convencido, menos, um, o ruidoso, que a magia sustentou, t\u00e3o longe, ent\u00e3o, onde a porcaria, depois, jeez, encantador, b\u00eabado, mais, muito, uau, insens\u00edvel, independentemente, limpet.<\/p>\n<p>Am\u00eaijoa ou porcaria distante, simplesmente not\u00e1vel, at\u00e9 agora, iguana, lasciva, precocemente, e menos, cascavel, contr\u00e1rio, c\u00e1ustico, uau, isto quase, infelizmente, e a seguir, e pediu, yikes, articulado, como menos, riu, d\u00e1lmata, em muito menos, zombando, por acaso, agradecimentos, cegamente sentimental, choramingou, menos, objetivamente, fantasioso, fez careta, selvagemente, loucamente, irracionalmente, atraente, dachshund.<\/p>\n<h3><strong><b>Cen\u00e1rios de uso<\/b><\/strong><\/h3>\n<p>Esta caixa de sushi WL-0.6 Manluen Gold com tampa \u00e9 adequada para v\u00e1rias configura\u00e7\u00f5es, incluindo bares de sushi, restaurantes de cozinha japonesa, buffets e reuni\u00f5es familiares. Quer sejam iguarias japonesas requintadas ou refei\u00e7\u00f5es familiares casuais, o WL-B01 adiciona um toque de profissionalismo \u00e0 apresenta\u00e7\u00e3o do seu sushi.<\/p>\n<ul>\n<li><a href=\"#\"><u><br \/>\n<\/u><u>N\u00e3o \u00e9 necess\u00e1rio refrigera\u00e7\u00e3o.<\/u><u><br \/>\n<\/u><\/a><\/li>\n<li><a href=\"#\"><u><br \/>\n<\/u><u>Mexa antes de servir <\/u><\/a><\/li>\n<\/ul>\n<h3><strong><b>Design empilh\u00e1vel<\/b><\/strong><\/h3>\n<p>A bandeja de sushi de caixa descart\u00e1vel WL-0.6 Manluen Gold apresenta um design empilh\u00e1vel que economiza espa\u00e7o de armazenamento e facilita a organiza\u00e7\u00e3o em restaurantes, bares de sushi ou cozinhas dom\u00e9sticas. Quer precise armazenar ou exibir sushi em grande quantidade, este design atende facilmente \u00e0s suas necessidades.<\/p>\n<ul>\n<li><a href=\"#\"><u><br \/>\n<\/u><u>Nozes de pec\u00e3 cruas org\u00e2nicas, am\u00eandoas de caju cruas org\u00e2nicas. <\/u><\/a><\/li>\n<li><a href=\"#\"><u><br \/>\n<\/u><u>Esta manteiga foi produzida usando um processo LTG (Moagem a Baixa Temperatura). <\/u><\/a><\/li>\n<li><a href=\"#\"><u><br \/>\n<\/u><u>Fabricado em maquinaria que processa frutos secos, mas n\u00e3o processa amendoins, gl\u00faten, latic\u00ednios ou soja. <\/u><\/a><\/li>\n<\/ul>\n<h3><strong><b>Caracter\u00edsticas de Cor<\/b><\/strong><\/h3>\n<p>A Bandeja de Sushi Cl\u00e1ssica WL-B01 Manluen adota uma combina\u00e7\u00e3o de cores azul e branco, destacando a sofistica\u00e7\u00e3o do sushi enquanto se integra em diversos ambientes de refei\u00e7\u00e3o, acrescentando eleg\u00e2ncia \u00e0 mesa. O design em forma de barco n\u00e3o \u00e9 apenas visualmente atraente, mas tamb\u00e9m facilita o manuseio e o servi\u00e7o do sushi, aprimorando a experi\u00eancia gastron\u00f3mica.<\/p>\n<ul>\n<li><a href=\"#\"><u><br \/>\n<\/u><u>A separa\u00e7\u00e3o de \u00f3leo ocorre de forma natural. Pode conter peda\u00e7os de casca.<\/u><\/a><\/li>\n<\/ul>","protected":false},"excerpt":{"rendered":"<p>WL-0.6 Manluen Gold Sushi Box is thoughtfully sized to accommodate an appropriate amount of sushi while ensuring each piece has ample room to showcase its unique shape and color. The&hellip;<\/p>","protected":false},"featured_media":1702,"template":"","meta":{"_uag_custom_page_level_css":""},"product_brand":[],"product_cat":[23],"product_tag":[102],"class_list":{"0":"post-1700","1":"product","2":"type-product","3":"status-publish","4":"has-post-thumbnail","6":"product_cat-sushi-trays","7":"product_tag-sushi","9":"first","10":"instock","11":"shipping-taxable","12":"purchasable","13":"product-type-simple"},"spectra_custom_meta":{"rank_math_internal_links_processed":["1","1"],"_sku":["WL-0.1-GOLD"],"_regular_price":["1"],"total_sales":["0"],"_tax_status":["taxable"],"_tax_class":[""],"_manage_stock":["no"],"_backorders":["no"],"_sold_individually":["no"],"_virtual":["no"],"_downloadable":["no"],"_product_image_gallery":["3280,3282,3283,1702"],"_download_limit":["0"],"_download_expiry":["0"],"_stock":[null],"_stock_status":["instock"],"_wc_average_rating":["0"],"_wc_review_count":["0"],"_product_attributes":["a:4:{s:9:\"item-size\";a:6:{s:4:\"name\";s:9:\"Item Size\";s:5:\"value\";s:14:\"250*622*200 mm\";s:8:\"position\";i:0;s:10:\"is_visible\";i:1;s:12:\"is_variation\";i:0;s:11:\"is_taxonomy\";i:0;}s:7:\"qty-ctn\";a:6:{s:4:\"name\";s:7:\"QTY\/CTN\";s:5:\"value\";s:3:\"200\";s:8:\"position\";i:1;s:10:\"is_visible\";i:1;s:12:\"is_variation\";i:0;s:11:\"is_taxonomy\";i:0;}s:14:\"ctn-dimensions\";a:6:{s:4:\"name\";s:14:\"CTN Dimensions\";s:5:\"value\";s:8:\"51*21*22\";s:8:\"position\";i:2;s:10:\"is_visible\";i:1;s:12:\"is_variation\";i:0;s:11:\"is_taxonomy\";i:0;}s:6:\"weight\";a:6:{s:4:\"name\";s:6:\"Weight\";s:5:\"value\";s:3:\"8kg\";s:8:\"position\";i:3;s:10:\"is_visible\";i:1;s:12:\"is_variation\";i:0;s:11:\"is_taxonomy\";i:0;}}"],"_product_version":["10.5.2"],"_price":["1"],"_wp_old_date":["2024-11-26"],"rank_math_analytic_object_id":["24"],"classic-editor-remember":["classic-editor"],"rank_math_seo_score":["97"],"rank_math_contentai_score":["a:5:{s:8:\"keywords\";s:5:\"74.51\";s:9:\"wordCount\";s:1:\"0\";s:9:\"linkCount\";s:1:\"0\";s:12:\"headingCount\";s:1:\"0\";s:10:\"mediaCount\";s:1:\"0\";}"],"_jet_woo_template":[""],"_template_type":["default"],"rank_math_primary_product_cat":["23"],"_ywraq_hide_quote_button_check":[""],"_ywraq_hide_quote_button":["0"],"_edit_lock":["1771593714:1"],"_edit_last":["1"],"rank_math_focus_keyword":["Sushi Box"],"_wp_old_slug":["boat-shape-sushi-tray-copy"],"_thumbnail_id":["1702"],"_uag_css_file_name":["uag-css-1700.css"],"_uag_page_assets":["a:9:{s:3:\"css\";s:263:\".uag-blocks-common-selector{z-index:var(--z-index-desktop) !important}@media (max-width: 976px){.uag-blocks-common-selector{z-index:var(--z-index-tablet) !important}}@media (max-width: 767px){.uag-blocks-common-selector{z-index:var(--z-index-mobile) !important}}\n\";s:2:\"js\";s:0:\"\";s:18:\"current_block_list\";a:6:{i:0;s:10:\"core\/group\";i:1;s:12:\"core\/heading\";i:2;s:17:\"core\/latest-posts\";i:3;s:20:\"core\/latest-comments\";i:4;s:13:\"core\/archives\";i:5;s:15:\"core\/categories\";}s:8:\"uag_flag\";b:0;s:11:\"uag_version\";i:1777279746;s:6:\"gfonts\";a:0:{}s:10:\"gfonts_url\";s:0:\"\";s:12:\"gfonts_files\";a:0:{}s:14:\"uag_faq_layout\";b:0;}"]},"uagb_featured_image_src":{"full":["https:\/\/www.manluenpack.com\/wp-content\/uploads\/2025\/02\/IMG_2361.webp",1100,1100,false],"thumbnail":["https:\/\/www.manluenpack.com\/wp-content\/uploads\/2025\/02\/IMG_2361.webp",150,150,false],"medium":["https:\/\/www.manluenpack.com\/wp-content\/uploads\/2025\/02\/IMG_2361.webp",300,300,false],"medium_large":["https:\/\/www.manluenpack.com\/wp-content\/uploads\/2025\/02\/IMG_2361.webp",768,768,false],"large":["https:\/\/www.manluenpack.com\/wp-content\/uploads\/2025\/02\/IMG_2361.webp",1024,1024,false],"1536x1536":["https:\/\/www.manluenpack.com\/wp-content\/uploads\/2025\/02\/IMG_2361.webp",1100,1100,false],"2048x2048":["https:\/\/www.manluenpack.com\/wp-content\/uploads\/2025\/02\/IMG_2361.webp",1100,1100,false],"trp-custom-language-flag":["https:\/\/www.manluenpack.com\/wp-content\/uploads\/2025\/02\/IMG_2361.webp",12,12,false],"menu-24x24":["https:\/\/www.manluenpack.com\/wp-content\/uploads\/2025\/02\/IMG_2361.webp",24,24,false],"menu-36x36":["https:\/\/www.manluenpack.com\/wp-content\/uploads\/2025\/02\/IMG_2361.webp",36,36,false],"menu-48x48":["https:\/\/www.manluenpack.com\/wp-content\/uploads\/2025\/02\/IMG_2361.webp",48,48,false],"woocommerce_thumbnail":["https:\/\/www.manluenpack.com\/wp-content\/uploads\/2025\/02\/IMG_2361.webp",300,300,false],"woocommerce_single":["https:\/\/www.manluenpack.com\/wp-content\/uploads\/2025\/02\/IMG_2361.webp",600,600,false],"woocommerce_gallery_thumbnail":["https:\/\/www.manluenpack.com\/wp-content\/uploads\/2025\/02\/IMG_2361.webp",100,100,false]},"uagb_author_info":{"display_name":"ManLuenpack","author_link":"https:\/\/www.manluenpack.com\/pt\/author\/"},"uagb_comment_info":0,"uagb_excerpt":"WL-0.6 Manluen Gold Sushi Box is thoughtfully sized to accommodate an appropriate amount of sushi while ensuring each piece has ample room to showcase its unique shape and color. The&hellip;","_links":{"self":[{"href":"https:\/\/www.manluenpack.com\/pt\/wp-json\/wp\/v2\/product\/1700","targetHints":{"allow":["GET"]}}],"collection":[{"href":"https:\/\/www.manluenpack.com\/pt\/wp-json\/wp\/v2\/product"}],"about":[{"href":"https:\/\/www.manluenpack.com\/pt\/wp-json\/wp\/v2\/types\/product"}],"wp:featuredmedia":[{"embeddable":true,"href":"https:\/\/www.manluenpack.com\/pt\/wp-json\/wp\/v2\/media\/1702"}],"wp:attachment":[{"href":"https:\/\/www.manluenpack.com\/pt\/wp-json\/wp\/v2\/media?parent=1700"}],"wp:term":[{"taxonomy":"product_brand","embeddable":true,"href":"https:\/\/www.manluenpack.com\/pt\/wp-json\/wp\/v2\/product_brand?post=1700"},{"taxonomy":"product_cat","embeddable":true,"href":"https:\/\/www.manluenpack.com\/pt\/wp-json\/wp\/v2\/product_cat?post=1700"},{"taxonomy":"product_tag","embeddable":true,"href":"https:\/\/www.manluenpack.com\/pt\/wp-json\/wp\/v2\/product_tag?post=1700"}],"curies":[{"name":"wp","href":"https:\/\/api.w.org\/{rel}","templated":true}]}}